{"id":593,"date":"2021-06-25T20:20:21","date_gmt":"2021-06-25T20:20:21","guid":{"rendered":"http:\/\/localhost\/cubaweddingpackages.com\/kuba-hochzeitspakete-kontakt\/"},"modified":"2024-10-30T15:08:23","modified_gmt":"2024-10-30T15:08:23","slug":"kuba-hochzeitspakete-kontakt","status":"publish","type":"page","link":"https:\/\/cubaweddingpackages.com\/de\/kuba-hochzeitspakete-kontakt\/","title":{"rendered":"Kuba Hochzeitspakete Kontakt"},"content":{"rendered":"<div class=\"wpb-content-wrapper\"><p>[vc_row full_width=&#8221;stretch_row&#8221; css=&#8221;.vc_custom_1555664963336{margin-top: -50px !important;background-color: #f5f5f5 !important;}&#8221;][vc_column css=&#8221;.vc_custom_1555664781539{padding-right: 0px !important;padding-left: 0px !important;}&#8221;][vc_row_inner css=&#8221;.vc_custom_1555664968490{padding-top: 100px !important;padding-bottom: 70px !important;}&#8221;][vc_column_inner width=&#8221;1\/3&#8243;]<div class=\"cb-container cb-cont-left\" style=\"background-color:#fff;\" ><a href=\"https:\/\/cubaweddingpackages.com\/de\/hochzeitsveranstalter-in-kuba\/\" target=\"\"><div class=\"cb-img-area\"><\/div><div class=\"cb-text-area\">\n                    <h4 class=\"cb-heading \" >Wir stehen Ihnen zu Verf\u00fcgung<\/h4><p >Schreiben Sie uns und stellen Sie Ihre Fragen, wir werden uns in k\u00fcrzester Zeit bei Ihnen melden.<\/p><\/div><\/a><\/div>[\/vc_column_inner][vc_column_inner width=&#8221;1\/3&#8243;]<div class=\"cb-container cb-cont-left\" style=\"background-color:#fff;\" ><a href=\"https:\/\/cubaweddingpackages.com\/de\/hochzeitsveranstalter-in-kuba\/\" target=\"\"><div class=\"cb-img-area\"><\/div><div class=\"cb-text-area\">\n                    <h4 class=\"cb-heading \" >Nutzen Sie das Kontaktformular<\/h4><p >Geben Sie alle notwendigen Informationen in unseren Kontaktformularen an.<\/p><\/div><\/a><\/div>[\/vc_column_inner][vc_column_inner width=&#8221;1\/3&#8243;]<div class=\"cb-container cb-cont-left\" style=\"background-color:#fff;\" ><a href=\"https:\/\/cubaweddingpackages.com\/de\/hochzeitsveranstalter-in-kuba\/\" target=\"\"><div class=\"cb-img-area\"><\/div><div class=\"cb-text-area\">\n                    <h4 class=\"cb-heading \" >\u00dcber unsere Dienstleistungen<\/h4><p >F\u00fcgen Sie die Dienste hinzu, die Sie m\u00f6chten und ben\u00f6tigen, um ein einzigartiges Erlebnis zu haben.<\/p><\/div><\/a><\/div>[\/vc_column_inner][\/vc_row_inner][\/vc_column][\/vc_row][vc_row full_width=&#8221;stretch_row&#8221;][vc_column css=&#8221;.vc_custom_1516095665984{padding-right: 0px !important;padding-left: 0px !important;}&#8221;][vc_row_inner css=&#8221;.vc_custom_1556019873852{padding-bottom: 0px !important;}&#8221;][vc_column_inner css=&#8221;.vc_custom_1666565095455{padding-bottom: 100px !important;padding-left: 15px !important;}&#8221; offset=&#8221;vc_col-lg-12 vc_col-md-12&#8243;]<header class=\"kd-section-title col-lg-12 text-left    \" ><h2 class=\"separator_off\" >Kontaktiere uns<\/h2><h6 class=\"subtitle \" >\u00dcber das Kontaktformular k\u00f6nnen Sie das gew\u00fcnschte Hochzeitspaket in Kuba mit den Dienstleistungen nach Ihrem Bedarf bestellen.<\/h6><\/header>[vc_empty_space height=&#8221;10px&#8221;]<div class=\"kd-contact-form full-width-cf white-input-bg\" >\n<div class=\"wpcf7 no-js\" id=\"wpcf7-f2656-o1\" lang=\"en-US\" dir=\"ltr\" data-wpcf7-id=\"2656\">\n<div class=\"screen-reader-response\"><p role=\"status\" aria-live=\"polite\" aria-atomic=\"true\"><\/p> <ul><\/ul><\/div>\n<form action=\"\/de\/wp-json\/wp\/v2\/pages\/593#wpcf7-f2656-o1\" method=\"post\" class=\"wpcf7-form init cf7mls-no-scroll cf7mls-auto-return-first-step cf7mls-no-moving-animation\" aria-label=\"Contact form\" novalidate=\"novalidate\" data-status=\"init\">\n<fieldset class=\"hidden-fields-container\"><input type=\"hidden\" name=\"_wpcf7\" value=\"2656\" \/><input type=\"hidden\" name=\"_wpcf7_version\" value=\"6.1.5\" \/><input type=\"hidden\" name=\"_wpcf7_locale\" value=\"en_US\" \/><input type=\"hidden\" name=\"_wpcf7_unit_tag\" value=\"wpcf7-f2656-o1\" \/><input type=\"hidden\" name=\"_wpcf7_container_post\" value=\"0\" \/><input type=\"hidden\" name=\"_wpcf7_posted_data_hash\" value=\"\" \/><input type=\"hidden\" name=\"_wpcf7cf_hidden_group_fields\" value=\"[]\" \/><input type=\"hidden\" name=\"_wpcf7cf_hidden_groups\" value=\"[]\" \/><input type=\"hidden\" name=\"_wpcf7cf_visible_groups\" value=\"[]\" \/><input type=\"hidden\" name=\"_wpcf7cf_repeaters\" value=\"[]\" \/><input type=\"hidden\" name=\"_wpcf7cf_steps\" value=\"{}\" \/><input type=\"hidden\" name=\"_wpcf7cf_options\" value=\"{&quot;form_id&quot;:2656,&quot;conditions&quot;:[{&quot;then_field&quot;:&quot;group-135&quot;,&quot;and_rules&quot;:[{&quot;if_field&quot;:&quot;menu-54&quot;,&quot;operator&quot;:&quot;equals&quot;,&quot;if_value&quot;:&quot;Yes&quot;}]}],&quot;settings&quot;:{&quot;animation&quot;:&quot;yes&quot;,&quot;animation_intime&quot;:&quot;200&quot;,&quot;animation_outtime&quot;:&quot;200&quot;,&quot;conditions_ui&quot;:&quot;normal&quot;,&quot;notice_dismissed&quot;:&quot;&quot;}}\" \/>\n<\/fieldset>\n<p><span class=\"wpcf7-form-control-wrap\" data-name=\"your-name\"><input size=\"40\" maxlength=\"400\" class=\"wpcf7-form-control wpcf7-text wpcf7-validates-as-required\" aria-required=\"true\" aria-invalid=\"false\" placeholder=\"Vollst\u00e4ndiger Name\" value=\"\" type=\"text\" name=\"your-name\" \/><\/span><br \/>\n<span class=\"wpcf7-form-control-wrap\" data-name=\"your-email\"><input size=\"40\" maxlength=\"400\" class=\"wpcf7-form-control wpcf7-email wpcf7-validates-as-required wpcf7-text wpcf7-validates-as-email\" aria-required=\"true\" aria-invalid=\"false\" placeholder=\"Ihre E-Mail\" value=\"\" type=\"email\" name=\"your-email\" \/><\/span><br \/>\n<Label><b>Land<\/b><\/label><br \/>\n<span class=\"wpcf7-form-control-wrap\" data-name=\"countrytext-708\"><input size=\"40\" class=\"wpcf7-form-control wpcf7-countrytext wpcf7-validates-as-required wpcf7-text wpcf7-validates-as-countrytext\" aria-required=\"true\" aria-invalid=\"false\" placeholder=\"Pa\u00eds\" value=\"\" type=\"text\" name=\"countrytext-708\" \/><\/span><br \/>\n<Label><b>Telefon<\/b><\/label><br \/>\n<span class=\"wpcf7-form-control-wrap\" data-name=\"phonetext-824\"><input size=\"40\" class=\"wpcf7-form-control wpcf7-phonetext wpcf7-validates-as-required wpcf7-text wpcf7-validates-as-phonetext\" aria-required=\"true\" aria-invalid=\"false\" placeholder=\"\" value=\"\" type=\"text\" name=\"phonetext-824\" \/><input type=\"hidden\" name=\"phonetext-824-country-code\" class=\"wpcf7-phonetext-country-code\" \/><\/span><br \/>\n<Label> <\/label>\n<\/p>\n<p><span class=\"wpcf7-form-control-wrap\" data-name=\"menu-97\"><select class=\"wpcf7-form-control wpcf7-select wpcf7-validates-as-required\" aria-required=\"true\" aria-invalid=\"false\" name=\"menu-97\"><option value=\"Eventtyp:\">Eventtyp:<\/option><option value=\"Hochzeit\">Hochzeit<\/option><option value=\"Stimmenrenovierung\">Stimmenrenovierung<\/option><option value=\"Business\">Business<\/option><option value=\"Private Event - Party\">Private Event - Party<\/option><option value=\"Business Event\">Business Event<\/option><option value=\"Kindergeburtstag\">Kindergeburtstag<\/option><option value=\"15. Geburtstagsfeier\">15. Geburtstagsfeier<\/option><\/select><\/span><br \/>\n<span class=\"wpcf7-form-control-wrap\" data-name=\"AnzahlderKunden\"><input class=\"wpcf7-form-control wpcf7-number wpcf7-validates-as-required wpcf7-validates-as-number\" aria-required=\"true\" aria-invalid=\"false\" placeholder=\"Anzahl der Kunden\" value=\"\" type=\"number\" name=\"AnzahlderKunden\" \/><\/span><br \/>\n<span class=\"wpcf7-form-control-wrap\" data-name=\"date-827\"><input class=\"wpcf7-form-control wpcf7-date wpcf7-validates-as-required wpcf7-validates-as-date\" aria-required=\"true\" aria-invalid=\"false\" placeholder=\"Datum\" value=\"\" type=\"date\" name=\"date-827\" \/><\/span>\n<\/p>\n<p><span id=\"wpcf7-69e643e7b7763-wrapper\" class=\"wpcf7-form-control-wrap honeypot-835-wrap\" style=\"display:none !important; visibility:hidden !important;\"><label for=\"wpcf7-69e643e7b7763-field\" class=\"hp-message\">Please leave this field empty.<\/label><input id=\"wpcf7-69e643e7b7763-field\"  class=\"wpcf7-form-control wpcf7-text\" type=\"text\" name=\"honeypot-835\" value=\"\" size=\"40\" tabindex=\"-1\" autocomplete=\"new-password\" \/><\/span>\n<\/p>\n<h6> Bevorzugter Ort f\u00fcr die Veranstaltung:\n<\/h6>\n<p><span class=\"wpcf7-form-control-wrap\" data-name=\"radio-644\"><span class=\"wpcf7-form-control wpcf7-radio\"><span class=\"wpcf7-list-item first\"><label><input type=\"radio\" name=\"radio-644\" value=\"Hotel\" \/><span class=\"wpcf7-list-item-label\">Hotel<\/span><\/label><\/span><span class=\"wpcf7-list-item\"><label><input type=\"radio\" name=\"radio-644\" value=\"Privathaus oder Villa\" \/><span class=\"wpcf7-list-item-label\">Privathaus oder Villa<\/span><\/label><\/span><span class=\"wpcf7-list-item\"><label><input type=\"radio\" name=\"radio-644\" value=\"Hof\" \/><span class=\"wpcf7-list-item-label\">Hof<\/span><\/label><\/span><span class=\"wpcf7-list-item\"><label><input type=\"radio\" name=\"radio-644\" value=\"Salon f\u00fcr Veranstaltungen\" \/><span class=\"wpcf7-list-item-label\">Salon f\u00fcr Veranstaltungen<\/span><\/label><\/span><span class=\"wpcf7-list-item\"><label><input type=\"radio\" name=\"radio-644\" value=\"Strand\" \/><span class=\"wpcf7-list-item-label\">Strand<\/span><\/label><\/span><span class=\"wpcf7-list-item\"><label><input type=\"radio\" name=\"radio-644\" value=\"Restaurant\" \/><span class=\"wpcf7-list-item-label\">Restaurant<\/span><\/label><\/span><span class=\"wpcf7-list-item last\"><label><input type=\"radio\" name=\"radio-644\" value=\"Kirche\" \/><span class=\"wpcf7-list-item-label\">Kirche<\/span><\/label><\/span><\/span><\/span>\n<\/p>\n<p><span class=\"wpcf7-form-control-wrap\" data-name=\"menu-959\"><select class=\"wpcf7-form-control wpcf7-select wpcf7-validates-as-required\" aria-required=\"true\" aria-invalid=\"false\" name=\"menu-959\"><option value=\"Event-Stil:\">Event-Stil:<\/option><option value=\"Klassisch\">Klassisch<\/option><option value=\"Romantisch\">Romantisch<\/option><option value=\"Vintage\">Vintage<\/option><option value=\"Land - Rustikal\">Land - Rustikal<\/option><option value=\"Shabby Chic\">Shabby Chic<\/option><option value=\"Boho-Chic\">Boho-Chic<\/option><option value=\"Eklektisch\">Eklektisch<\/option><option value=\"! Hilf mir! Ich habe keinen Stil\">! Hilf mir! Ich habe keinen Stil<\/option><\/select><\/span>\n<\/p>\n<h6> Veranstaltungsdienste:\n<\/h6>\n<p><span class=\"wpcf7-form-control-wrap\" data-name=\"checkbox-721\"><span class=\"wpcf7-form-control wpcf7-checkbox wpcf7-validates-as-required\"><span class=\"wpcf7-list-item first\"><label><input type=\"checkbox\" name=\"checkbox-721[]\" value=\"Dekor\" \/><span class=\"wpcf7-list-item-label\">Dekor<\/span><\/label><\/span><span class=\"wpcf7-list-item\"><label><input type=\"checkbox\" name=\"checkbox-721[]\" value=\"Organisation\" \/><span class=\"wpcf7-list-item-label\">Organisation<\/span><\/label><\/span><span class=\"wpcf7-list-item\"><label><input type=\"checkbox\" name=\"checkbox-721[]\" value=\"Gastronomie\" \/><span class=\"wpcf7-list-item-label\">Gastronomie<\/span><\/label><\/span><span class=\"wpcf7-list-item\"><label><input type=\"checkbox\" name=\"checkbox-721[]\" value=\"Konditorei\" \/><span class=\"wpcf7-list-item-label\">Konditorei<\/span><\/label><\/span><span class=\"wpcf7-list-item\"><label><input type=\"checkbox\" name=\"checkbox-721[]\" value=\"Fotografie\" \/><span class=\"wpcf7-list-item-label\">Fotografie<\/span><\/label><\/span><span class=\"wpcf7-list-item\"><label><input type=\"checkbox\" name=\"checkbox-721[]\" value=\"Video\" \/><span class=\"wpcf7-list-item-label\">Video<\/span><\/label><\/span><span class=\"wpcf7-list-item\"><label><input type=\"checkbox\" name=\"checkbox-721[]\" value=\"Zeremonienmeister\" \/><span class=\"wpcf7-list-item-label\">Zeremonienmeister<\/span><\/label><\/span><span class=\"wpcf7-list-item\"><label><input type=\"checkbox\" name=\"checkbox-721[]\" value=\"Notar\" \/><span class=\"wpcf7-list-item-label\">Notar<\/span><\/label><\/span><span class=\"wpcf7-list-item\"><label><input type=\"checkbox\" name=\"checkbox-721[]\" value=\"Make up und Frisur\" \/><span class=\"wpcf7-list-item-label\">Make up und Frisur<\/span><\/label><\/span><span class=\"wpcf7-list-item\"><label><input type=\"checkbox\" name=\"checkbox-721[]\" value=\"Musikaufnahme, DJ\" \/><span class=\"wpcf7-list-item-label\">Musikaufnahme, DJ<\/span><\/label><\/span><span class=\"wpcf7-list-item\"><label><input type=\"checkbox\" name=\"checkbox-721[]\" value=\"Verlobungsringe\" \/><span class=\"wpcf7-list-item-label\">Verlobungsringe<\/span><\/label><\/span><span class=\"wpcf7-list-item\"><label><input type=\"checkbox\" name=\"checkbox-721[]\" value=\"Anz\u00fcge\" \/><span class=\"wpcf7-list-item-label\">Anz\u00fcge<\/span><\/label><\/span><span class=\"wpcf7-list-item\"><label><input type=\"checkbox\" name=\"checkbox-721[]\" value=\"Band\" \/><span class=\"wpcf7-list-item-label\">Band<\/span><\/label><\/span><span class=\"wpcf7-list-item\"><label><input type=\"checkbox\" name=\"checkbox-721[]\" value=\"Mietwagen\" \/><span class=\"wpcf7-list-item-label\">Mietwagen<\/span><\/label><\/span><span class=\"wpcf7-list-item last\"><label><input type=\"checkbox\" name=\"checkbox-721[]\" value=\"Tour\" \/><span class=\"wpcf7-list-item-label\">Tour<\/span><\/label><\/span><\/span><\/span>\n<\/p>\n<p><span class=\"wpcf7-form-control-wrap\" data-name=\"menu-54\"><select class=\"wpcf7-form-control wpcf7-select\" aria-invalid=\"false\" name=\"menu-54\"><option value=\"M\u00f6chten Sie eine Unterkunft?\">M\u00f6chten Sie eine Unterkunft?<\/option><option value=\"Ja\">Ja<\/option><option value=\"Nein\">Nein<\/option><\/select><\/span><br \/>\n<span data-id=\"group-135\" data-orig_data_id=\"group-135\"  class=\"\" data-class=\"wpcf7cf_group\"><br \/>\n<span class=\"wpcf7-form-control-wrap\" data-name=\"text-827\"><input size=\"40\" maxlength=\"400\" class=\"wpcf7-form-control wpcf7-text\" aria-invalid=\"false\" placeholder=\"Anzahl der Personen:\" value=\"\" type=\"text\" name=\"text-827\" \/><\/span><br \/>\n<span class=\"wpcf7-form-control-wrap\" data-name=\"text-827\"><input size=\"40\" maxlength=\"400\" class=\"wpcf7-form-control wpcf7-text\" aria-invalid=\"false\" placeholder=\"Anzahl der R\u00e4ume:\" value=\"\" type=\"text\" name=\"text-827\" \/><\/span><br \/>\nDatum der Einreise in die Unterkunft:<br \/>\n<span class=\"wpcf7-form-control-wrap\" data-name=\"date-787\"><input class=\"wpcf7-form-control wpcf7-date wpcf7-validates-as-date\" aria-invalid=\"false\" value=\"\" type=\"date\" name=\"date-787\" \/><\/span><br \/>\nAbreisedatum der Unterkunft:<br \/>\n<span class=\"wpcf7-form-control-wrap\" data-name=\"date-787\"><input class=\"wpcf7-form-control wpcf7-date wpcf7-validates-as-date\" aria-invalid=\"false\" value=\"\" type=\"date\" name=\"date-787\" \/><\/span><br \/>\n<\/span>\n<\/p>\n<p><span class=\"wpcf7-form-control-wrap\" data-name=\"menu-492\"><select class=\"wpcf7-form-control wpcf7-select wpcf7-validates-as-required\" aria-required=\"true\" aria-invalid=\"false\" name=\"menu-492\"><option value=\"Eventbudget:\">Eventbudget:<\/option><option value=\"100 \u00f7 350 USD\">100 \u00f7 350 USD<\/option><option value=\"350 \u00f7 600 USD\">350 \u00f7 600 USD<\/option><option value=\"600 \u00f7 1 000 USD\">600 \u00f7 1 000 USD<\/option><option value=\"1 000 \u00f7 2 500 USD\">1 000 \u00f7 2 500 USD<\/option><option value=\"2 500 \u00f7 5 000 USD\">2 500 \u00f7 5 000 USD<\/option><option value=\"5 000 \u00f7 10 $ 1.000\">5 000 \u00f7 10 $ 1.000<\/option><option value=\"$ 10.000 bis $ 20.000\">$ 10.000 bis $ 20.000<\/option><option value=\"$ 20.000 bis $ 50.000\">$ 20.000 bis $ 50.000<\/option><option value=\"$ 50.000 bis $ 100.000\">$ 50.000 bis $ 100.000<\/option><option value=\"Unbegrenzt\">Unbegrenzt<\/option><\/select><\/span>\n<\/p>\n<p><input class=\"wpcf7-form-control wpcf7-submit has-spinner\" type=\"submit\" value=\"Nachricht senden\" \/>\n<\/p><div class=\"wpcf7-response-output\" aria-hidden=\"true\"><\/div>\n<\/form>\n<\/div>\n<\/div>[\/vc_column_inner][\/vc_row_inner][\/vc_column][\/vc_row]<\/p>\n<\/div>","protected":false},"excerpt":{"rendered":"<p>[vc_row full_width=&#8221;stretch_row&#8221; css=&#8221;.vc_custom_1555664963336{margin-top: -50px !important;background-color: #f5f5f5 !important;}&#8221;][vc_column css=&#8221;.vc_custom_1555664781539{padding-right: 0px !important;padding-left: 0px !important;}&#8221;][vc_row_inner css=&#8221;.vc_custom_1555664968490{padding-top: 100px !important;padding-bottom: 70px !important;}&#8221;][vc_column_inner width=&#8221;1\/3&#8243;][\/vc_column_inner][vc_column_inner width=&#8221;1\/3&#8243;][\/vc_column_inner][vc_column_inner width=&#8221;1\/3&#8243;][\/vc_column_inner][\/vc_row_inner][\/vc_column][\/vc_row][vc_row [&hellip;]<\/p>\n","protected":false},"author":2,"featured_media":0,"parent":0,"menu_order":0,"comment_status":"closed","ping_status":"closed","template":"","meta":{"_joinchat":[],"footnotes":""},"class_list":["post-593","page","type-page","status-publish","hentry"],"yoast_head":"<!-- This site is optimized with the Yoast SEO plugin v27.3 - https:\/\/yoast.com\/product\/yoast-seo-wordpress\/ -->\n<title>Kuba Hochzeitspakete Kontakt<\/title>\n<meta name=\"robots\" content=\"index, follow, max-snippet:-1, max-image-preview:large, max-video-preview:-1\" \/>\n<link rel=\"canonical\" href=\"https:\/\/cubaweddingpackages.com\/de\/kuba-hochzeitspakete-kontakt\/\" \/>\n<meta property=\"og:locale\" content=\"de_DE\" \/>\n<meta property=\"og:type\" content=\"article\" \/>\n<meta property=\"og:title\" content=\"Kuba Hochzeitspakete Kontakt\" \/>\n<meta property=\"og:description\" content=\"[vc_row full_width=&#8221;stretch_row&#8221; css=&#8221;.vc_custom_1555664963336{margin-top: -50px !important;background-color: #f5f5f5 !important;}&#8221;][vc_column css=&#8221;.vc_custom_1555664781539{padding-right: 0px !important;padding-left: 0px !important;}&#8221;][vc_row_inner css=&#8221;.vc_custom_1555664968490{padding-top: 100px !important;padding-bottom: 70px !important;}&#8221;][vc_column_inner width=&#8221;1\/3&#8243;][\/vc_column_inner][vc_column_inner width=&#8221;1\/3&#8243;][\/vc_column_inner][vc_column_inner width=&#8221;1\/3&#8243;][\/vc_column_inner][\/vc_row_inner][\/vc_column][\/vc_row][vc_row [&hellip;]\" \/>\n<meta property=\"og:url\" content=\"https:\/\/cubaweddingpackages.com\/de\/kuba-hochzeitspakete-kontakt\/\" \/>\n<meta property=\"og:site_name\" content=\"Wedding Packages in Cuba\" \/>\n<meta property=\"article:publisher\" content=\"https:\/\/www.facebook.com\/BodasEnCubaV\" \/>\n<meta property=\"article:modified_time\" content=\"2024-10-30T15:08:23+00:00\" \/>\n<meta name=\"twitter:label1\" content=\"Gesch\u00e4tzte Lesezeit\" \/>\n\t<meta name=\"twitter:data1\" content=\"1\u00a0Minute\" \/>\n<script type=\"application\/ld+json\" class=\"yoast-schema-graph\">{\"@context\":\"https:\\\/\\\/schema.org\",\"@graph\":[{\"@type\":\"WebPage\",\"@id\":\"https:\\\/\\\/cubaweddingpackages.com\\\/de\\\/kuba-hochzeitspakete-kontakt\\\/\",\"url\":\"https:\\\/\\\/cubaweddingpackages.com\\\/de\\\/kuba-hochzeitspakete-kontakt\\\/\",\"name\":\"Kuba Hochzeitspakete Kontakt\",\"isPartOf\":{\"@id\":\"https:\\\/\\\/cubaweddingpackages.com\\\/de\\\/#website\"},\"datePublished\":\"2021-06-25T20:20:21+00:00\",\"dateModified\":\"2024-10-30T15:08:23+00:00\",\"breadcrumb\":{\"@id\":\"https:\\\/\\\/cubaweddingpackages.com\\\/de\\\/kuba-hochzeitspakete-kontakt\\\/#breadcrumb\"},\"inLanguage\":\"de\",\"potentialAction\":[{\"@type\":\"ReadAction\",\"target\":[\"https:\\\/\\\/cubaweddingpackages.com\\\/de\\\/kuba-hochzeitspakete-kontakt\\\/\"]}]},{\"@type\":\"BreadcrumbList\",\"@id\":\"https:\\\/\\\/cubaweddingpackages.com\\\/de\\\/kuba-hochzeitspakete-kontakt\\\/#breadcrumb\",\"itemListElement\":[{\"@type\":\"ListItem\",\"position\":1,\"name\":\"Home\",\"item\":\"https:\\\/\\\/cubaweddingpackages.com\\\/de\\\/\"},{\"@type\":\"ListItem\",\"position\":2,\"name\":\"Kuba Hochzeitspakete Kontakt\"}]},{\"@type\":\"WebSite\",\"@id\":\"https:\\\/\\\/cubaweddingpackages.com\\\/de\\\/#website\",\"url\":\"https:\\\/\\\/cubaweddingpackages.com\\\/de\\\/\",\"name\":\"Wedding Packages in Cuba\",\"description\":\"Best Wedding Packages\",\"potentialAction\":[{\"@type\":\"SearchAction\",\"target\":{\"@type\":\"EntryPoint\",\"urlTemplate\":\"https:\\\/\\\/cubaweddingpackages.com\\\/de\\\/?s={search_term_string}\"},\"query-input\":{\"@type\":\"PropertyValueSpecification\",\"valueRequired\":true,\"valueName\":\"search_term_string\"}}],\"inLanguage\":\"de\"}]}<\/script>\n<!-- \/ Yoast SEO plugin. -->","yoast_head_json":{"title":"Kuba Hochzeitspakete Kontakt","robots":{"index":"index","follow":"follow","max-snippet":"max-snippet:-1","max-image-preview":"max-image-preview:large","max-video-preview":"max-video-preview:-1"},"canonical":"https:\/\/cubaweddingpackages.com\/de\/kuba-hochzeitspakete-kontakt\/","og_locale":"de_DE","og_type":"article","og_title":"Kuba Hochzeitspakete Kontakt","og_description":"[vc_row full_width=&#8221;stretch_row&#8221; css=&#8221;.vc_custom_1555664963336{margin-top: -50px !important;background-color: #f5f5f5 !important;}&#8221;][vc_column css=&#8221;.vc_custom_1555664781539{padding-right: 0px !important;padding-left: 0px !important;}&#8221;][vc_row_inner css=&#8221;.vc_custom_1555664968490{padding-top: 100px !important;padding-bottom: 70px !important;}&#8221;][vc_column_inner width=&#8221;1\/3&#8243;][\/vc_column_inner][vc_column_inner width=&#8221;1\/3&#8243;][\/vc_column_inner][vc_column_inner width=&#8221;1\/3&#8243;][\/vc_column_inner][\/vc_row_inner][\/vc_column][\/vc_row][vc_row [&hellip;]","og_url":"https:\/\/cubaweddingpackages.com\/de\/kuba-hochzeitspakete-kontakt\/","og_site_name":"Wedding Packages in Cuba","article_publisher":"https:\/\/www.facebook.com\/BodasEnCubaV","article_modified_time":"2024-10-30T15:08:23+00:00","twitter_misc":{"Gesch\u00e4tzte Lesezeit":"1\u00a0Minute"},"schema":{"@context":"https:\/\/schema.org","@graph":[{"@type":"WebPage","@id":"https:\/\/cubaweddingpackages.com\/de\/kuba-hochzeitspakete-kontakt\/","url":"https:\/\/cubaweddingpackages.com\/de\/kuba-hochzeitspakete-kontakt\/","name":"Kuba Hochzeitspakete Kontakt","isPartOf":{"@id":"https:\/\/cubaweddingpackages.com\/de\/#website"},"datePublished":"2021-06-25T20:20:21+00:00","dateModified":"2024-10-30T15:08:23+00:00","breadcrumb":{"@id":"https:\/\/cubaweddingpackages.com\/de\/kuba-hochzeitspakete-kontakt\/#breadcrumb"},"inLanguage":"de","potentialAction":[{"@type":"ReadAction","target":["https:\/\/cubaweddingpackages.com\/de\/kuba-hochzeitspakete-kontakt\/"]}]},{"@type":"BreadcrumbList","@id":"https:\/\/cubaweddingpackages.com\/de\/kuba-hochzeitspakete-kontakt\/#breadcrumb","itemListElement":[{"@type":"ListItem","position":1,"name":"Home","item":"https:\/\/cubaweddingpackages.com\/de\/"},{"@type":"ListItem","position":2,"name":"Kuba Hochzeitspakete Kontakt"}]},{"@type":"WebSite","@id":"https:\/\/cubaweddingpackages.com\/de\/#website","url":"https:\/\/cubaweddingpackages.com\/de\/","name":"Wedding Packages in Cuba","description":"Best Wedding Packages","potentialAction":[{"@type":"SearchAction","target":{"@type":"EntryPoint","urlTemplate":"https:\/\/cubaweddingpackages.com\/de\/?s={search_term_string}"},"query-input":{"@type":"PropertyValueSpecification","valueRequired":true,"valueName":"search_term_string"}}],"inLanguage":"de"}]}},"_links":{"self":[{"href":"https:\/\/cubaweddingpackages.com\/de\/wp-json\/wp\/v2\/pages\/593","targetHints":{"allow":["GET"]}}],"collection":[{"href":"https:\/\/cubaweddingpackages.com\/de\/wp-json\/wp\/v2\/pages"}],"about":[{"href":"https:\/\/cubaweddingpackages.com\/de\/wp-json\/wp\/v2\/types\/page"}],"author":[{"embeddable":true,"href":"https:\/\/cubaweddingpackages.com\/de\/wp-json\/wp\/v2\/users\/2"}],"replies":[{"embeddable":true,"href":"https:\/\/cubaweddingpackages.com\/de\/wp-json\/wp\/v2\/comments?post=593"}],"version-history":[{"count":2,"href":"https:\/\/cubaweddingpackages.com\/de\/wp-json\/wp\/v2\/pages\/593\/revisions"}],"predecessor-version":[{"id":11372,"href":"https:\/\/cubaweddingpackages.com\/de\/wp-json\/wp\/v2\/pages\/593\/revisions\/11372"}],"wp:attachment":[{"href":"https:\/\/cubaweddingpackages.com\/de\/wp-json\/wp\/v2\/media?parent=593"}],"curies":[{"name":"wp","href":"https:\/\/api.w.org\/{rel}","templated":true}]}}