{"id":8373,"date":"2024-10-28T01:39:08","date_gmt":"2024-10-28T01:39:08","guid":{"rendered":"https:\/\/cubaweddingpackages.com\/?page_id=8373"},"modified":"2024-10-28T01:39:08","modified_gmt":"2024-10-28T01:39:08","slug":"heiraten-in-havanna-ein-leitfaden-fuer-spanische-staatsbuerger-und-gemischte-paare","status":"publish","type":"page","link":"https:\/\/cubaweddingpackages.com\/de\/heiraten-in-havanna-ein-leitfaden-fuer-spanische-staatsbuerger-und-gemischte-paare\/","title":{"rendered":"Heiraten in Havanna: Ein Leitfaden f\u00fcr spanische Staatsb\u00fcrger und gemischte Paare"},"content":{"rendered":"<div class=\"wpb-content-wrapper\"><p>[vc_row][vc_column][vc_column_text]Willkommen zu unserem Leitfaden f\u00fcr eine legale Eheschlie\u00dfung in Havanna, der sich insbesondere an spanische Staatsb\u00fcrger und gemischte Paare richtet. Die Hauptstadt Kubas ist ein magischer und romantischer Ort, um eine Hochzeit zu feiern. Egal, ob Sie planen, einen kubanischen Mann oder eine kubanische Frau zu heiraten, oder ob Sie Spanier sind und an diesem wundersch\u00f6nen Reiseziel heiraten m\u00f6chten, hier finden Sie alle Informationen, die Sie ben\u00f6tigen, um dies legal zu tun.<\/p>\n<h2>Voraussetzungen zum Heiraten in Havanna<\/h2>\n<p>Bevor Sie mit der Planung Ihrer Hochzeit in Havanna beginnen, ist es wichtig, die rechtlichen Voraussetzungen f\u00fcr eine Hochzeit in Kuba zu kennen. Nachfolgend stellen wir die allgemeinen Anforderungen f\u00fcr spanische Staatsb\u00fcrger und f\u00fcr gemischte Paare vor:<\/p>\n<p><a href=\"https:\/\/cubaweddingpackages.com\/de\/hochzeitsveranstalter-in-kuba\/\"><img decoding=\"async\" class=\"aligncenter wp-image-8201 size-full\" src=\"http:\/\/cubaweddingpackages.com\/wp-content\/uploads\/2024\/03\/Boda-tematica.jpg\" alt=\"Motto-Hochzeit\" width=\"1024\" height=\"730\" srcset=\"https:\/\/cubaweddingpackages.com\/wp-content\/uploads\/2024\/03\/Boda-tematica.jpg 1024w, https:\/\/cubaweddingpackages.com\/wp-content\/uploads\/2024\/03\/Boda-tematica-300x214.jpg 300w, https:\/\/cubaweddingpackages.com\/wp-content\/uploads\/2024\/03\/Boda-tematica-768x548.jpg 768w\" sizes=\"(max-width: 1024px) 100vw, 1024px\" \/><\/a>[\/vc_column_text][vc_column_text]<\/p>\n<h2>Anforderungen f\u00fcr spanische Staatsb\u00fcrger<\/h2>\n<p>Wenn Sie spanischer Staatsb\u00fcrger sind und in Havanna heiraten m\u00f6chten, m\u00fcssen Sie folgende Voraussetzungen ber\u00fccksichtigen:<\/p>\n<ul>\n<li>Sie m\u00fcssen \u00fcber 18 Jahre alt sein. Wenn Sie unter 18 Jahre alt sind, ben\u00f6tigen Sie die Zustimmung Ihrer Eltern oder Erziehungsberechtigten.<\/li>\n<li>Sie m\u00fcssen einen g\u00fcltigen und aktuellen Reisepass vorlegen.<\/li>\n<li>Sie m\u00fcssen eine vom spanischen Konsulat in Havanna ausgestellte<\/li>\n<li>Bescheinigung \u00fcber die Ehef\u00e4higkeit erhalten. Mit dieser<\/li>\n<li>Bescheinigung wird bescheinigt, dass keine rechtlichen<\/li>\n<li>Heiratshindernisse vorliegen.<\/li>\n<li>Sie m\u00fcssen eine Geburtsurkunde vorlegen, die von einem offiziellen \u00dcbersetzer ins Spanische \u00fcbersetzt wurde.<\/li>\n<li>Wenn Sie bereits verheiratet waren, m\u00fcssen Sie eine Scheidungs- oder Sterbeurkunde vorlegen.<\/li>\n<li>Sie m\u00fcssen eine Melde- oder Aufenthaltsbescheinigung vorlegen.<\/li>\n<\/ul>\n<p>Es ist wichtig zu beachten, dass diese Anforderungen variieren k\u00f6nnen. Wir empfehlen daher, sich an das spanische Konsulat in Havanna zu wenden, um die aktuellsten Informationen zu erhalten.[\/vc_column_text][vc_column_text]<\/p>\n<h3>Anforderungen f\u00fcr gemischte Paare<\/h3>\n<p>Wenn Sie einen kubanischen Mann oder eine kubanische Frau in Havanna heiraten m\u00f6chten, k\u00f6nnen die Anforderungen unterschiedlich sein. Hier stellen wir einige der h\u00e4ufigsten Anforderungen vor:<\/p>\n<ul>\n<li>Sie m\u00fcssen einen g\u00fcltigen und aktuellen Reisepass vorlegen.<\/li>\n<li>Sie m\u00fcssen eine von Ihrer Botschaft oder Ihrem Konsulat in Havanna ausgestellte Bescheinigung \u00fcber die Ehef\u00e4higkeit erhalten. Mit dieser Bescheinigung wird bescheinigt, dass keine rechtlichen<\/li>\n<li>Heiratshindernisse vorliegen.<\/li>\n<li>Sie m\u00fcssen eine Geburtsurkunde vorlegen, die von einem offiziellen \u00dcbersetzer ins Spanische \u00fcbersetzt wurde.<\/li>\n<li>Wenn Sie bereits verheiratet waren, m\u00fcssen Sie eine Scheidungs- oder Sterbeurkunde vorlegen.<\/li>\n<li>Sie m\u00fcssen eine Melde- oder Aufenthaltsbescheinigung vorlegen.<\/li>\n<li>M\u00f6glicherweise ist eine eidesstattliche Erkl\u00e4rung \u00fcber den Single-Status erforderlich.<\/li>\n<\/ul>\n<p>Bedenken Sie, dass diese Anforderungen je nach Ihrer Nationalit\u00e4t und der Ihres Partners variieren k\u00f6nnen. Wir empfehlen Ihnen daher, sich an Ihre Botschaft oder Ihr Konsulat in Havanna zu wenden, um detaillierte und aktuelle Informationen zu erhalten.[\/vc_column_text][vc_column_text]<\/p>\n<h2><strong><a href=\"https:\/\/cubaweddingpackages.com\/de\/hochzeitsveranstalter-in-kuba\/\"><img decoding=\"async\" class=\"aligncenter wp-image-8165 size-full\" src=\"http:\/\/cubaweddingpackages.com\/wp-content\/uploads\/2024\/03\/Boda-tema-habana.jpg\" alt=\"Hochzeit zum Thema Havanna\" width=\"1024\" height=\"730\" srcset=\"https:\/\/cubaweddingpackages.com\/wp-content\/uploads\/2024\/03\/Boda-tema-habana.jpg 1024w, https:\/\/cubaweddingpackages.com\/wp-content\/uploads\/2024\/03\/Boda-tema-habana-300x214.jpg 300w, https:\/\/cubaweddingpackages.com\/wp-content\/uploads\/2024\/03\/Boda-tema-habana-768x548.jpg 768w\" sizes=\"(max-width: 1024px) 100vw, 1024px\" \/><\/a><\/strong><\/h2>\n<h2>Hochzeitsprozess in Havanna<\/h2>\n<p>Sobald Sie die gesetzlichen Anforderungen erf\u00fcllt haben, kann der Heiratsvorgang in Havanna je nach Ort, an dem Sie heiraten m\u00f6chten, unterschiedlich sein. Hier stellen wir die allgemeinen Schritte zum Heiraten in Havanna vor:<\/p>\n<ol>\n<li>W\u00e4hlen Sie Ihren Hochzeitsort: Havanna bietet eine gro\u00dfe Vielfalt an M\u00f6glichkeiten, von wundersch\u00f6nen Str\u00e4nden bis hin zu charmanten Kolonialkirchen.<\/li>\n<li>Reservieren Sie Datum und Veranstaltungsort: Wenn Sie sich f\u00fcr den Veranstaltungsort entschieden haben, sollten Sie Datum und Veranstaltungsort rechtzeitig reservieren.<\/li>\n<li>Notwendige Genehmigung einholen: Je nach Ort der Zeremonie ben\u00f6tigen Sie m\u00f6glicherweise eine Sondergenehmigung.<\/li>\n<li>Finden Sie einen Trauungsbeamten: Sie m\u00fcssen einen Trauungsbeamten finden, der befugt ist, die Zeremonie durchzuf\u00fchren.<\/li>\n<li>F\u00fchren Sie die Zeremonie durch: Es ist der gro\u00dfe Tag! Genie\u00dfen Sie Ihre Hochzeit in Havanna und feiern Sie die Liebe.<\/li>\n<li>Registrieren Sie Ihre Eheschlie\u00dfung: Nach der Trauung sollten Sie Ihre Eheschlie\u00dfung unbedingt bei den kubanischen Beh\u00f6rden und ggf. in Ihrem Heimatland anmelden.<\/li>\n<\/ol>\n<p>Denken Sie daran, dass diese Schritte nur eine allgemeine Anleitung sind und je nach Ihren Bed\u00fcrfnissen und Vorlieben variieren k\u00f6nnen. Wir empfehlen Ihnen, sich f\u00fcr detailliertere und aktuellere Informationen an die kubanischen Beh\u00f6rden und Ihre Botschaft oder Ihr Konsulat zu wenden.<\/p>\n<h2><strong>\u00a0<\/strong><\/h2>\n<p>[\/vc_column_text][vc_column_text]<\/p>\n<h2>Genie\u00dfen Sie Ihre Hochzeit in Havanna<\/h2>\n<p>Havanna ist ein magischer und bezaubernder Ort, um Ihre Hochzeit zu feiern. Zus\u00e4tzlich zu den rechtlichen Anforderungen und dem Heiratsprozess empfehlen wir Ihnen, Ihren Aufenthalt in Havanna optimal zu nutzen. Hier k\u00f6nnen Sie wundersch\u00f6ne Str\u00e4nde, k\u00f6stliches kubanisches Essen, lebendige Musik und eine reiche und vielf\u00e4ltige Kultur genie\u00dfen.<\/p>\n<p>Vergessen Sie nicht, alle notwendigen Unterlagen inklusive Zeugnisse und \u00dcbersetzungen mitzubringen! Um sicherzustellen, dass alles korrekt und gesetzeskonform abgewickelt wird, ist es au\u00dferdem ratsam, den Rat eines Anwalts oder Experten f\u00fcr internationales Eherecht einzuholen.<\/p>\n<p>In Havanna zu heiraten kann f\u00fcr spanische Staatsb\u00fcrger und gemischte Paare ein unvergessliches Erlebnis sein. Wenn Sie die rechtlichen Anforderungen kennen und den richtigen Prozess befolgen, k\u00f6nnen Sie Ihre Liebe an einem der romantischsten Reiseziele der Welt feiern. Herzlichen Gl\u00fcckwunsch und eine wundervolle Hochzeit in Havanna![\/vc_column_text][\/vc_column][\/vc_row]<\/p>\n<\/div>","protected":false},"excerpt":{"rendered":"<p>[vc_row][vc_column][vc_column_text]Willkommen zu unserem Leitfaden f\u00fcr eine legale Eheschlie\u00dfung in Havanna, der sich insbesondere an spanische Staatsb\u00fcrger und gemischte Paare richtet. [&hellip;]<\/p>\n","protected":false},"author":5,"featured_media":8363,"parent":0,"menu_order":0,"comment_status":"closed","ping_status":"closed","template":"","meta":{"_joinchat":[],"footnotes":""},"class_list":["post-8373","page","type-page","status-publish","has-post-thumbnail","hentry"],"yoast_head":"<!-- This site is optimized with the Yoast SEO plugin v27.3 - https:\/\/yoast.com\/product\/yoast-seo-wordpress\/ -->\n<title>Heiraten in Havanna: Ein Leitfaden f\u00fcr spanische Staatsb\u00fcrger und gemischte Paare<\/title>\n<meta name=\"description\" content=\"Entdecken Sie den Charme einer Hochzeit in Havanna. Vollst\u00e4ndige rechtliche Informationen f\u00fcr Spanier und internationale Paare\" \/>\n<meta name=\"robots\" content=\"index, follow, max-snippet:-1, max-image-preview:large, max-video-preview:-1\" \/>\n<link rel=\"canonical\" href=\"https:\/\/cubaweddingpackages.com\/de\/heiraten-in-havanna-ein-leitfaden-fuer-spanische-staatsbuerger-und-gemischte-paare\/\" \/>\n<meta property=\"og:locale\" content=\"de_DE\" \/>\n<meta property=\"og:type\" content=\"article\" \/>\n<meta property=\"og:title\" content=\"Heiraten in Havanna: Ein Leitfaden f\u00fcr spanische Staatsb\u00fcrger und gemischte Paare\" \/>\n<meta property=\"og:description\" content=\"Entdecken Sie den Charme einer Hochzeit in Havanna. Vollst\u00e4ndige rechtliche Informationen f\u00fcr Spanier und internationale Paare\" \/>\n<meta property=\"og:url\" content=\"https:\/\/cubaweddingpackages.com\/de\/heiraten-in-havanna-ein-leitfaden-fuer-spanische-staatsbuerger-und-gemischte-paare\/\" \/>\n<meta property=\"og:site_name\" content=\"Wedding Packages in Cuba\" \/>\n<meta property=\"article:publisher\" content=\"https:\/\/www.facebook.com\/BodasEnCubaV\" \/>\n<meta property=\"og:image\" content=\"https:\/\/cubaweddingpackages.com\/wp-content\/uploads\/2024\/03\/Casarse-en-La-habana.jpg\" \/>\n\t<meta property=\"og:image:width\" content=\"740\" \/>\n\t<meta property=\"og:image:height\" content=\"482\" \/>\n\t<meta property=\"og:image:type\" content=\"image\/jpeg\" \/>\n<meta name=\"twitter:label1\" content=\"Gesch\u00e4tzte Lesezeit\" \/>\n\t<meta name=\"twitter:data1\" content=\"4\u00a0Minuten\" \/>\n<script type=\"application\/ld+json\" class=\"yoast-schema-graph\">{\"@context\":\"https:\\\/\\\/schema.org\",\"@graph\":[{\"@type\":\"WebPage\",\"@id\":\"https:\\\/\\\/cubaweddingpackages.com\\\/de\\\/heiraten-in-havanna-ein-leitfaden-fuer-spanische-staatsbuerger-und-gemischte-paare\\\/\",\"url\":\"https:\\\/\\\/cubaweddingpackages.com\\\/de\\\/heiraten-in-havanna-ein-leitfaden-fuer-spanische-staatsbuerger-und-gemischte-paare\\\/\",\"name\":\"Heiraten in Havanna: Ein Leitfaden f\u00fcr spanische Staatsb\u00fcrger und gemischte Paare\",\"isPartOf\":{\"@id\":\"https:\\\/\\\/cubaweddingpackages.com\\\/de\\\/#website\"},\"primaryImageOfPage\":{\"@id\":\"https:\\\/\\\/cubaweddingpackages.com\\\/de\\\/heiraten-in-havanna-ein-leitfaden-fuer-spanische-staatsbuerger-und-gemischte-paare\\\/#primaryimage\"},\"image\":{\"@id\":\"https:\\\/\\\/cubaweddingpackages.com\\\/de\\\/heiraten-in-havanna-ein-leitfaden-fuer-spanische-staatsbuerger-und-gemischte-paare\\\/#primaryimage\"},\"thumbnailUrl\":\"https:\\\/\\\/cubaweddingpackages.com\\\/wp-content\\\/uploads\\\/2024\\\/03\\\/Casarse-en-La-habana.jpg\",\"datePublished\":\"2024-10-28T01:39:08+00:00\",\"description\":\"Entdecken Sie den Charme einer Hochzeit in Havanna. Vollst\u00e4ndige rechtliche Informationen f\u00fcr Spanier und internationale Paare\",\"breadcrumb\":{\"@id\":\"https:\\\/\\\/cubaweddingpackages.com\\\/de\\\/heiraten-in-havanna-ein-leitfaden-fuer-spanische-staatsbuerger-und-gemischte-paare\\\/#breadcrumb\"},\"inLanguage\":\"de\",\"potentialAction\":[{\"@type\":\"ReadAction\",\"target\":[\"https:\\\/\\\/cubaweddingpackages.com\\\/de\\\/heiraten-in-havanna-ein-leitfaden-fuer-spanische-staatsbuerger-und-gemischte-paare\\\/\"]}]},{\"@type\":\"ImageObject\",\"inLanguage\":\"de\",\"@id\":\"https:\\\/\\\/cubaweddingpackages.com\\\/de\\\/heiraten-in-havanna-ein-leitfaden-fuer-spanische-staatsbuerger-und-gemischte-paare\\\/#primaryimage\",\"url\":\"https:\\\/\\\/cubaweddingpackages.com\\\/wp-content\\\/uploads\\\/2024\\\/03\\\/Casarse-en-La-habana.jpg\",\"contentUrl\":\"https:\\\/\\\/cubaweddingpackages.com\\\/wp-content\\\/uploads\\\/2024\\\/03\\\/Casarse-en-La-habana.jpg\",\"width\":740,\"height\":482,\"caption\":\"Flitterwochen in Kuba\"},{\"@type\":\"BreadcrumbList\",\"@id\":\"https:\\\/\\\/cubaweddingpackages.com\\\/de\\\/heiraten-in-havanna-ein-leitfaden-fuer-spanische-staatsbuerger-und-gemischte-paare\\\/#breadcrumb\",\"itemListElement\":[{\"@type\":\"ListItem\",\"position\":1,\"name\":\"Home\",\"item\":\"https:\\\/\\\/cubaweddingpackages.com\\\/de\\\/\"},{\"@type\":\"ListItem\",\"position\":2,\"name\":\"Heiraten in Havanna: Ein Leitfaden f\u00fcr spanische Staatsb\u00fcrger und gemischte Paare\"}]},{\"@type\":\"WebSite\",\"@id\":\"https:\\\/\\\/cubaweddingpackages.com\\\/de\\\/#website\",\"url\":\"https:\\\/\\\/cubaweddingpackages.com\\\/de\\\/\",\"name\":\"Wedding Packages in Cuba\",\"description\":\"Best Wedding Packages\",\"potentialAction\":[{\"@type\":\"SearchAction\",\"target\":{\"@type\":\"EntryPoint\",\"urlTemplate\":\"https:\\\/\\\/cubaweddingpackages.com\\\/de\\\/?s={search_term_string}\"},\"query-input\":{\"@type\":\"PropertyValueSpecification\",\"valueRequired\":true,\"valueName\":\"search_term_string\"}}],\"inLanguage\":\"de\"}]}<\/script>\n<!-- \/ Yoast SEO plugin. -->","yoast_head_json":{"title":"Heiraten in Havanna: Ein Leitfaden f\u00fcr spanische Staatsb\u00fcrger und gemischte Paare","description":"Entdecken Sie den Charme einer Hochzeit in Havanna. Vollst\u00e4ndige rechtliche Informationen f\u00fcr Spanier und internationale Paare","robots":{"index":"index","follow":"follow","max-snippet":"max-snippet:-1","max-image-preview":"max-image-preview:large","max-video-preview":"max-video-preview:-1"},"canonical":"https:\/\/cubaweddingpackages.com\/de\/heiraten-in-havanna-ein-leitfaden-fuer-spanische-staatsbuerger-und-gemischte-paare\/","og_locale":"de_DE","og_type":"article","og_title":"Heiraten in Havanna: Ein Leitfaden f\u00fcr spanische Staatsb\u00fcrger und gemischte Paare","og_description":"Entdecken Sie den Charme einer Hochzeit in Havanna. Vollst\u00e4ndige rechtliche Informationen f\u00fcr Spanier und internationale Paare","og_url":"https:\/\/cubaweddingpackages.com\/de\/heiraten-in-havanna-ein-leitfaden-fuer-spanische-staatsbuerger-und-gemischte-paare\/","og_site_name":"Wedding Packages in Cuba","article_publisher":"https:\/\/www.facebook.com\/BodasEnCubaV","og_image":[{"width":740,"height":482,"url":"https:\/\/cubaweddingpackages.com\/wp-content\/uploads\/2024\/03\/Casarse-en-La-habana.jpg","type":"image\/jpeg"}],"twitter_misc":{"Gesch\u00e4tzte Lesezeit":"4\u00a0Minuten"},"schema":{"@context":"https:\/\/schema.org","@graph":[{"@type":"WebPage","@id":"https:\/\/cubaweddingpackages.com\/de\/heiraten-in-havanna-ein-leitfaden-fuer-spanische-staatsbuerger-und-gemischte-paare\/","url":"https:\/\/cubaweddingpackages.com\/de\/heiraten-in-havanna-ein-leitfaden-fuer-spanische-staatsbuerger-und-gemischte-paare\/","name":"Heiraten in Havanna: Ein Leitfaden f\u00fcr spanische Staatsb\u00fcrger und gemischte Paare","isPartOf":{"@id":"https:\/\/cubaweddingpackages.com\/de\/#website"},"primaryImageOfPage":{"@id":"https:\/\/cubaweddingpackages.com\/de\/heiraten-in-havanna-ein-leitfaden-fuer-spanische-staatsbuerger-und-gemischte-paare\/#primaryimage"},"image":{"@id":"https:\/\/cubaweddingpackages.com\/de\/heiraten-in-havanna-ein-leitfaden-fuer-spanische-staatsbuerger-und-gemischte-paare\/#primaryimage"},"thumbnailUrl":"https:\/\/cubaweddingpackages.com\/wp-content\/uploads\/2024\/03\/Casarse-en-La-habana.jpg","datePublished":"2024-10-28T01:39:08+00:00","description":"Entdecken Sie den Charme einer Hochzeit in Havanna. Vollst\u00e4ndige rechtliche Informationen f\u00fcr Spanier und internationale Paare","breadcrumb":{"@id":"https:\/\/cubaweddingpackages.com\/de\/heiraten-in-havanna-ein-leitfaden-fuer-spanische-staatsbuerger-und-gemischte-paare\/#breadcrumb"},"inLanguage":"de","potentialAction":[{"@type":"ReadAction","target":["https:\/\/cubaweddingpackages.com\/de\/heiraten-in-havanna-ein-leitfaden-fuer-spanische-staatsbuerger-und-gemischte-paare\/"]}]},{"@type":"ImageObject","inLanguage":"de","@id":"https:\/\/cubaweddingpackages.com\/de\/heiraten-in-havanna-ein-leitfaden-fuer-spanische-staatsbuerger-und-gemischte-paare\/#primaryimage","url":"https:\/\/cubaweddingpackages.com\/wp-content\/uploads\/2024\/03\/Casarse-en-La-habana.jpg","contentUrl":"https:\/\/cubaweddingpackages.com\/wp-content\/uploads\/2024\/03\/Casarse-en-La-habana.jpg","width":740,"height":482,"caption":"Flitterwochen in Kuba"},{"@type":"BreadcrumbList","@id":"https:\/\/cubaweddingpackages.com\/de\/heiraten-in-havanna-ein-leitfaden-fuer-spanische-staatsbuerger-und-gemischte-paare\/#breadcrumb","itemListElement":[{"@type":"ListItem","position":1,"name":"Home","item":"https:\/\/cubaweddingpackages.com\/de\/"},{"@type":"ListItem","position":2,"name":"Heiraten in Havanna: Ein Leitfaden f\u00fcr spanische Staatsb\u00fcrger und gemischte Paare"}]},{"@type":"WebSite","@id":"https:\/\/cubaweddingpackages.com\/de\/#website","url":"https:\/\/cubaweddingpackages.com\/de\/","name":"Wedding Packages in Cuba","description":"Best Wedding Packages","potentialAction":[{"@type":"SearchAction","target":{"@type":"EntryPoint","urlTemplate":"https:\/\/cubaweddingpackages.com\/de\/?s={search_term_string}"},"query-input":{"@type":"PropertyValueSpecification","valueRequired":true,"valueName":"search_term_string"}}],"inLanguage":"de"}]}},"_links":{"self":[{"href":"https:\/\/cubaweddingpackages.com\/de\/wp-json\/wp\/v2\/pages\/8373","targetHints":{"allow":["GET"]}}],"collection":[{"href":"https:\/\/cubaweddingpackages.com\/de\/wp-json\/wp\/v2\/pages"}],"about":[{"href":"https:\/\/cubaweddingpackages.com\/de\/wp-json\/wp\/v2\/types\/page"}],"author":[{"embeddable":true,"href":"https:\/\/cubaweddingpackages.com\/de\/wp-json\/wp\/v2\/users\/5"}],"replies":[{"embeddable":true,"href":"https:\/\/cubaweddingpackages.com\/de\/wp-json\/wp\/v2\/comments?post=8373"}],"version-history":[{"count":1,"href":"https:\/\/cubaweddingpackages.com\/de\/wp-json\/wp\/v2\/pages\/8373\/revisions"}],"predecessor-version":[{"id":8380,"href":"https:\/\/cubaweddingpackages.com\/de\/wp-json\/wp\/v2\/pages\/8373\/revisions\/8380"}],"wp:featuredmedia":[{"embeddable":true,"href":"https:\/\/cubaweddingpackages.com\/de\/wp-json\/wp\/v2\/media\/8363"}],"wp:attachment":[{"href":"https:\/\/cubaweddingpackages.com\/de\/wp-json\/wp\/v2\/media?parent=8373"}],"curies":[{"name":"wp","href":"https:\/\/api.w.org\/{rel}","templated":true}]}}