{"id":8422,"date":"2024-03-21T20:04:09","date_gmt":"2024-03-21T20:04:09","guid":{"rendered":"https:\/\/cubaweddingpackages.com\/?page_id=8422"},"modified":"2024-03-21T20:04:09","modified_gmt":"2024-03-21T20:04:09","slug":"hochzeitsplanung-in-havanna-kuba","status":"publish","type":"page","link":"https:\/\/cubaweddingpackages.com\/de\/hochzeitsplanung-in-havanna-kuba\/","title":{"rendered":"Hochzeitsplanung in Havanna, Kuba"},"content":{"rendered":"<div class=\"wpb-content-wrapper\"><p>[vc_row][vc_column][vc_column_text]Wenn Sie auf der Suche nach dem perfekten Ort f\u00fcr die Feier Ihrer Hochzeit in Havanna, Kuba sind, sind Sie bei uns genau richtig. Ganz gleich, ob Sie einen umfassenden Veranstaltungsplanungsservice w\u00fcnschen oder einfach nur nach einem geeigneten Veranstaltungsort f\u00fcr Zeremonien und Empf\u00e4nge suchen, hier finden Sie alle Optionen, die Sie ben\u00f6tigen, um Ihren besonderen Tag unvergesslich zu machen.<\/p>\n<h2><strong><a href=\"https:\/\/cubaweddingpackages.com\/de\/hochzeitsveranstalter-in-kuba\/\"><img decoding=\"async\" class=\"aligncenter wp-image-8405 size-full\" src=\"http:\/\/cubaweddingpackages.com\/wp-content\/uploads\/2024\/03\/Servicio-de-planificacion-de-bodas.jpg\" alt=\"Hochzeitsplanungsservice\" width=\"744\" height=\"498\" srcset=\"https:\/\/cubaweddingpackages.com\/wp-content\/uploads\/2024\/03\/Servicio-de-planificacion-de-bodas.jpg 744w, https:\/\/cubaweddingpackages.com\/wp-content\/uploads\/2024\/03\/Servicio-de-planificacion-de-bodas-300x201.jpg 300w\" sizes=\"(max-width: 744px) 100vw, 744px\" \/><\/a><\/strong><\/h2>\n<h2>Full-Service-Hochzeitsplanung<\/h2>\n<p>Wenn Sie lieber alle Details in die H\u00e4nde von Profis legen und einen umfassenden Hochzeitsplanungsservice in Anspruch nehmen m\u00f6chten, gibt es in Havanna mehrere Unternehmen, die Ihnen helfen k\u00f6nnen. Diese Veranstaltungsexperten k\u00fcmmern sich um jeden Aspekt Ihrer Hochzeit, von der Auswahl des Veranstaltungsortes bis hin zu Dekoration, Musik, Catering und mehr.<\/p>\n<p>Wenn Sie einen umfassenden Hochzeitsplanungsservice beauftragen, k\u00f6nnen Sie sich entspannen und jeden Moment Ihres besonderen Tages genie\u00dfen, in der Gewissheit, dass alles in den H\u00e4nden von Profis liegt. Sie sorgen daf\u00fcr, dass jedes Detail perfekt ist und Ihrem Geschmack und Ihren Vorlieben entspricht.<\/p>\n<h2><strong>\u00a0<\/strong><\/h2>\n<p>[\/vc_column_text][vc_column_text]<\/p>\n<h2>Finden Sie einen geeigneten Ort<\/h2>\n<p>Wenn Sie lieber mehr Kontrolle \u00fcber die Details Ihrer Hochzeit haben m\u00f6chten und auf der Suche nach einem geeigneten Ort f\u00fcr Zeremonie und Empfang sind, bietet Havanna eine gro\u00dfe Auswahl an M\u00f6glichkeiten. Von wundersch\u00f6nen Str\u00e4nden bis hin zu eleganten Balls\u00e4len ist f\u00fcr jedes Paar und jede Art von Hochzeit etwas dabei.<\/p>\n<p>Wenn Sie von einer Strandhochzeit tr\u00e4umen, k\u00f6nnen Sie Orte wie Varadero, Cayo Santa Mar\u00eda oder Guardalavaca in Betracht ziehen. Diese paradiesischen Str\u00e4nde bieten atemberaubende Kulissen f\u00fcr eine romantische Zeremonie am Meer. Dar\u00fcber hinaus bieten viele Hotels und Resorts in diesen Gegenden spezielle Hochzeitspakete an, die Planungs- und Unterkunftsdienste f\u00fcr Sie und Ihre G\u00e4ste umfassen.<\/p>\n<p>Wenn Sie eine urbanere und anspruchsvollere Hochzeit bevorzugen, verf\u00fcgt Havanna \u00fcber eine gro\u00dfe Anzahl an Veranstaltungshallen und Boutique-Hotels, die den perfekten Rahmen f\u00fcr Ihre Hochzeit bieten k\u00f6nnen. Diese Veranstaltungsorte bieten eine einzigartige Mischung aus Eleganz und karibischem Charme, und viele von ihnen verf\u00fcgen \u00fcber einen hauseigenen Hochzeitsplanungsservice, sodass Sie sich nicht um die Details k\u00fcmmern m\u00fcssen.<\/p>\n<p><a href=\"https:\/\/cubaweddingpackages.com\/de\/hochzeitsveranstalter-in-kuba\/\"><img decoding=\"async\" class=\"aligncenter wp-image-8387 size-full\" src=\"http:\/\/cubaweddingpackages.com\/wp-content\/uploads\/2024\/03\/lugar-para-bodas.jpg\" alt=\"Hochzeitsort\" width=\"731\" height=\"485\" srcset=\"https:\/\/cubaweddingpackages.com\/wp-content\/uploads\/2024\/03\/lugar-para-bodas.jpg 731w, https:\/\/cubaweddingpackages.com\/wp-content\/uploads\/2024\/03\/lugar-para-bodas-300x199.jpg 300w\" sizes=\"(max-width: 731px) 100vw, 731px\" \/><\/a>[\/vc_column_text][vc_column_text]<\/p>\n<h2>Der Zauber von Hochzeiten in Havanna, Kuba<\/h2>\n<p>Havanna, Kuba, ist ein magischer Ort, um Ihre Hochzeit zu feiern. Mit ihrer Kolonialarchitektur, den Kopfsteinpflasterstra\u00dfen und dem Vintage-Charme wird Sie diese Stadt in eine andere Zeit entf\u00fchren und Ihrer Hochzeit einen Hauch von Romantik und Nostalgie verleihen.<\/p>\n<p>Zus\u00e4tzlich zu seiner historischen Sch\u00f6nheit bietet Havanna eine lebendige Kulturszene mit Live-Musik, traditionellen T\u00e4nzen und k\u00f6stlicher K\u00fcche. Ihre G\u00e4ste werden das authentische kubanische Erlebnis genie\u00dfen und gleichzeitig Ihre Liebe feiern.<\/p>\n<p>Dar\u00fcber hinaus bietet die Stadt eine gro\u00dfe Auswahl an Aktivit\u00e4ten f\u00fcr Sie und Ihre G\u00e4ste, von Oldtimerfahrten entlang des Malec\u00f3n bis hin zu Besuchen in Museen und Kunstgalerien. Ihre G\u00e4ste werden sich nie langweilen und unvergessliche Erinnerungen an Ihre Hochzeit in Havanna, Kuba, haben.<\/p>\n<p>Wenn Sie nach M\u00f6glichkeiten suchen, Ihre Hochzeit in Havanna, Kuba, zu feiern, stehen Ihnen mehrere Optionen zur Verf\u00fcgung. Ganz gleich, ob Sie sich f\u00fcr einen umfassenden Veranstaltungsplanungsservice entscheiden oder nach einem geeigneten Veranstaltungsort f\u00fcr Zeremonien und Empf\u00e4nge suchen: Havanna bietet eine einzigartige Kombination aus Sch\u00f6nheit, Charme und Kultur, um Ihre Hochzeit zu einem unvergesslichen Ereignis zu machen.<\/p>\n<p>[\/vc_column_text][\/vc_column][\/vc_row]<\/p>\n<\/div>","protected":false},"excerpt":{"rendered":"<p>[vc_row][vc_column][vc_column_text]Wenn Sie auf der Suche nach dem perfekten Ort f\u00fcr die Feier Ihrer Hochzeit in Havanna, Kuba sind, sind Sie [&hellip;]<\/p>\n","protected":false},"author":5,"featured_media":8400,"parent":0,"menu_order":0,"comment_status":"closed","ping_status":"closed","template":"","meta":{"_joinchat":{"telephone":"+5355396525"},"footnotes":""},"class_list":["post-8422","page","type-page","status-publish","has-post-thumbnail","hentry"],"yoast_head":"<!-- This site is optimized with the Yoast SEO plugin v27.3 - https:\/\/yoast.com\/product\/yoast-seo-wordpress\/ -->\n<title>Hochzeitsplanung in Havanna, Kuba<\/title>\n<meta name=\"description\" content=\"Feiern Sie Ihre Hochzeit in Havanna mit umfassenden Planungsleistungen f\u00fcr einen magischen, stressfreien Tag. klicken Sie hier\" \/>\n<meta name=\"robots\" content=\"index, follow, max-snippet:-1, max-image-preview:large, max-video-preview:-1\" \/>\n<link rel=\"canonical\" href=\"https:\/\/cubaweddingpackages.com\/de\/hochzeitsplanung-in-havanna-kuba\/\" \/>\n<meta property=\"og:locale\" content=\"de_DE\" \/>\n<meta property=\"og:type\" content=\"article\" \/>\n<meta property=\"og:title\" content=\"Hochzeitsplanung in Havanna, Kuba\" \/>\n<meta property=\"og:description\" content=\"Feiern Sie Ihre Hochzeit in Havanna mit umfassenden Planungsleistungen f\u00fcr einen magischen, stressfreien Tag. klicken Sie hier\" \/>\n<meta property=\"og:url\" content=\"https:\/\/cubaweddingpackages.com\/de\/hochzeitsplanung-in-havanna-kuba\/\" \/>\n<meta property=\"og:site_name\" content=\"Wedding Packages in Cuba\" \/>\n<meta property=\"article:publisher\" content=\"https:\/\/www.facebook.com\/BodasEnCubaV\" \/>\n<meta property=\"og:image\" content=\"https:\/\/cubaweddingpackages.com\/wp-content\/uploads\/2024\/03\/Planificacion-de-bodas.jpg\" \/>\n\t<meta property=\"og:image:width\" content=\"741\" \/>\n\t<meta property=\"og:image:height\" content=\"489\" \/>\n\t<meta property=\"og:image:type\" content=\"image\/jpeg\" \/>\n<meta name=\"twitter:label1\" content=\"Gesch\u00e4tzte Lesezeit\" \/>\n\t<meta name=\"twitter:data1\" content=\"3\u00a0Minuten\" \/>\n<script type=\"application\/ld+json\" class=\"yoast-schema-graph\">{\"@context\":\"https:\\\/\\\/schema.org\",\"@graph\":[{\"@type\":\"WebPage\",\"@id\":\"https:\\\/\\\/cubaweddingpackages.com\\\/de\\\/hochzeitsplanung-in-havanna-kuba\\\/\",\"url\":\"https:\\\/\\\/cubaweddingpackages.com\\\/de\\\/hochzeitsplanung-in-havanna-kuba\\\/\",\"name\":\"Hochzeitsplanung in Havanna, Kuba\",\"isPartOf\":{\"@id\":\"https:\\\/\\\/cubaweddingpackages.com\\\/de\\\/#website\"},\"primaryImageOfPage\":{\"@id\":\"https:\\\/\\\/cubaweddingpackages.com\\\/de\\\/hochzeitsplanung-in-havanna-kuba\\\/#primaryimage\"},\"image\":{\"@id\":\"https:\\\/\\\/cubaweddingpackages.com\\\/de\\\/hochzeitsplanung-in-havanna-kuba\\\/#primaryimage\"},\"thumbnailUrl\":\"https:\\\/\\\/cubaweddingpackages.com\\\/wp-content\\\/uploads\\\/2024\\\/03\\\/Planificacion-de-bodas.jpg\",\"datePublished\":\"2024-03-21T20:04:09+00:00\",\"description\":\"Feiern Sie Ihre Hochzeit in Havanna mit umfassenden Planungsleistungen f\u00fcr einen magischen, stressfreien Tag. klicken Sie hier\",\"breadcrumb\":{\"@id\":\"https:\\\/\\\/cubaweddingpackages.com\\\/de\\\/hochzeitsplanung-in-havanna-kuba\\\/#breadcrumb\"},\"inLanguage\":\"de\",\"potentialAction\":[{\"@type\":\"ReadAction\",\"target\":[\"https:\\\/\\\/cubaweddingpackages.com\\\/de\\\/hochzeitsplanung-in-havanna-kuba\\\/\"]}]},{\"@type\":\"ImageObject\",\"inLanguage\":\"de\",\"@id\":\"https:\\\/\\\/cubaweddingpackages.com\\\/de\\\/hochzeitsplanung-in-havanna-kuba\\\/#primaryimage\",\"url\":\"https:\\\/\\\/cubaweddingpackages.com\\\/wp-content\\\/uploads\\\/2024\\\/03\\\/Planificacion-de-bodas.jpg\",\"contentUrl\":\"https:\\\/\\\/cubaweddingpackages.com\\\/wp-content\\\/uploads\\\/2024\\\/03\\\/Planificacion-de-bodas.jpg\",\"width\":741,\"height\":489,\"caption\":\"Hochzeitsplanung in Havanna\"},{\"@type\":\"BreadcrumbList\",\"@id\":\"https:\\\/\\\/cubaweddingpackages.com\\\/de\\\/hochzeitsplanung-in-havanna-kuba\\\/#breadcrumb\",\"itemListElement\":[{\"@type\":\"ListItem\",\"position\":1,\"name\":\"Home\",\"item\":\"https:\\\/\\\/cubaweddingpackages.com\\\/de\\\/\"},{\"@type\":\"ListItem\",\"position\":2,\"name\":\"Hochzeitsplanung in Havanna, Kuba\"}]},{\"@type\":\"WebSite\",\"@id\":\"https:\\\/\\\/cubaweddingpackages.com\\\/de\\\/#website\",\"url\":\"https:\\\/\\\/cubaweddingpackages.com\\\/de\\\/\",\"name\":\"Wedding Packages in Cuba\",\"description\":\"Best Wedding Packages\",\"potentialAction\":[{\"@type\":\"SearchAction\",\"target\":{\"@type\":\"EntryPoint\",\"urlTemplate\":\"https:\\\/\\\/cubaweddingpackages.com\\\/de\\\/?s={search_term_string}\"},\"query-input\":{\"@type\":\"PropertyValueSpecification\",\"valueRequired\":true,\"valueName\":\"search_term_string\"}}],\"inLanguage\":\"de\"}]}<\/script>\n<!-- \/ Yoast SEO plugin. -->","yoast_head_json":{"title":"Hochzeitsplanung in Havanna, Kuba","description":"Feiern Sie Ihre Hochzeit in Havanna mit umfassenden Planungsleistungen f\u00fcr einen magischen, stressfreien Tag. klicken Sie hier","robots":{"index":"index","follow":"follow","max-snippet":"max-snippet:-1","max-image-preview":"max-image-preview:large","max-video-preview":"max-video-preview:-1"},"canonical":"https:\/\/cubaweddingpackages.com\/de\/hochzeitsplanung-in-havanna-kuba\/","og_locale":"de_DE","og_type":"article","og_title":"Hochzeitsplanung in Havanna, Kuba","og_description":"Feiern Sie Ihre Hochzeit in Havanna mit umfassenden Planungsleistungen f\u00fcr einen magischen, stressfreien Tag. klicken Sie hier","og_url":"https:\/\/cubaweddingpackages.com\/de\/hochzeitsplanung-in-havanna-kuba\/","og_site_name":"Wedding Packages in Cuba","article_publisher":"https:\/\/www.facebook.com\/BodasEnCubaV","og_image":[{"width":741,"height":489,"url":"https:\/\/cubaweddingpackages.com\/wp-content\/uploads\/2024\/03\/Planificacion-de-bodas.jpg","type":"image\/jpeg"}],"twitter_misc":{"Gesch\u00e4tzte Lesezeit":"3\u00a0Minuten"},"schema":{"@context":"https:\/\/schema.org","@graph":[{"@type":"WebPage","@id":"https:\/\/cubaweddingpackages.com\/de\/hochzeitsplanung-in-havanna-kuba\/","url":"https:\/\/cubaweddingpackages.com\/de\/hochzeitsplanung-in-havanna-kuba\/","name":"Hochzeitsplanung in Havanna, Kuba","isPartOf":{"@id":"https:\/\/cubaweddingpackages.com\/de\/#website"},"primaryImageOfPage":{"@id":"https:\/\/cubaweddingpackages.com\/de\/hochzeitsplanung-in-havanna-kuba\/#primaryimage"},"image":{"@id":"https:\/\/cubaweddingpackages.com\/de\/hochzeitsplanung-in-havanna-kuba\/#primaryimage"},"thumbnailUrl":"https:\/\/cubaweddingpackages.com\/wp-content\/uploads\/2024\/03\/Planificacion-de-bodas.jpg","datePublished":"2024-03-21T20:04:09+00:00","description":"Feiern Sie Ihre Hochzeit in Havanna mit umfassenden Planungsleistungen f\u00fcr einen magischen, stressfreien Tag. klicken Sie hier","breadcrumb":{"@id":"https:\/\/cubaweddingpackages.com\/de\/hochzeitsplanung-in-havanna-kuba\/#breadcrumb"},"inLanguage":"de","potentialAction":[{"@type":"ReadAction","target":["https:\/\/cubaweddingpackages.com\/de\/hochzeitsplanung-in-havanna-kuba\/"]}]},{"@type":"ImageObject","inLanguage":"de","@id":"https:\/\/cubaweddingpackages.com\/de\/hochzeitsplanung-in-havanna-kuba\/#primaryimage","url":"https:\/\/cubaweddingpackages.com\/wp-content\/uploads\/2024\/03\/Planificacion-de-bodas.jpg","contentUrl":"https:\/\/cubaweddingpackages.com\/wp-content\/uploads\/2024\/03\/Planificacion-de-bodas.jpg","width":741,"height":489,"caption":"Hochzeitsplanung in Havanna"},{"@type":"BreadcrumbList","@id":"https:\/\/cubaweddingpackages.com\/de\/hochzeitsplanung-in-havanna-kuba\/#breadcrumb","itemListElement":[{"@type":"ListItem","position":1,"name":"Home","item":"https:\/\/cubaweddingpackages.com\/de\/"},{"@type":"ListItem","position":2,"name":"Hochzeitsplanung in Havanna, Kuba"}]},{"@type":"WebSite","@id":"https:\/\/cubaweddingpackages.com\/de\/#website","url":"https:\/\/cubaweddingpackages.com\/de\/","name":"Wedding Packages in Cuba","description":"Best Wedding Packages","potentialAction":[{"@type":"SearchAction","target":{"@type":"EntryPoint","urlTemplate":"https:\/\/cubaweddingpackages.com\/de\/?s={search_term_string}"},"query-input":{"@type":"PropertyValueSpecification","valueRequired":true,"valueName":"search_term_string"}}],"inLanguage":"de"}]}},"_links":{"self":[{"href":"https:\/\/cubaweddingpackages.com\/de\/wp-json\/wp\/v2\/pages\/8422","targetHints":{"allow":["GET"]}}],"collection":[{"href":"https:\/\/cubaweddingpackages.com\/de\/wp-json\/wp\/v2\/pages"}],"about":[{"href":"https:\/\/cubaweddingpackages.com\/de\/wp-json\/wp\/v2\/types\/page"}],"author":[{"embeddable":true,"href":"https:\/\/cubaweddingpackages.com\/de\/wp-json\/wp\/v2\/users\/5"}],"replies":[{"embeddable":true,"href":"https:\/\/cubaweddingpackages.com\/de\/wp-json\/wp\/v2\/comments?post=8422"}],"version-history":[{"count":2,"href":"https:\/\/cubaweddingpackages.com\/de\/wp-json\/wp\/v2\/pages\/8422\/revisions"}],"predecessor-version":[{"id":8437,"href":"https:\/\/cubaweddingpackages.com\/de\/wp-json\/wp\/v2\/pages\/8422\/revisions\/8437"}],"wp:featuredmedia":[{"embeddable":true,"href":"https:\/\/cubaweddingpackages.com\/de\/wp-json\/wp\/v2\/media\/8400"}],"wp:attachment":[{"href":"https:\/\/cubaweddingpackages.com\/de\/wp-json\/wp\/v2\/media?parent=8422"}],"curies":[{"name":"wp","href":"https:\/\/api.w.org\/{rel}","templated":true}]}}