{"id":8477,"date":"2024-03-25T12:56:47","date_gmt":"2024-03-25T12:56:47","guid":{"rendered":"https:\/\/cubaweddingpackages.com\/?page_id=8477"},"modified":"2024-03-25T12:56:47","modified_gmt":"2024-03-25T12:56:47","slug":"feiern-sie-ihre-hochzeit-in-den-naechten-von-havanna","status":"publish","type":"page","link":"https:\/\/cubaweddingpackages.com\/de\/feiern-sie-ihre-hochzeit-in-den-naechten-von-havanna\/","title":{"rendered":"Feiern Sie Ihre Hochzeit in den N\u00e4chten von Havanna!"},"content":{"rendered":"<div class=\"wpb-content-wrapper\"><p>[vc_row][vc_column][vc_column_text]Sie suchen ein einzigartiges und glamour\u00f6ses Erlebnis f\u00fcr Ihre Hochzeit? M\u00f6chten Sie, dass Ihr gro\u00dfer Tag unvergesslich und voller Charme wird? Schau nicht weiter! Wir pr\u00e4sentieren Ihnen n\u00e4chtliche Hochzeiten in Havanna, bei denen Sie exklusive und stilvolle Veranstaltungen in dieser wundersch\u00f6nen Stadt genie\u00dfen k\u00f6nnen.<\/p>\n<h2><strong><a href=\"https:\/\/cubaweddingpackages.com\/de\/hochzeitsveranstalter-in-kuba\/\"><img decoding=\"async\" class=\"aligncenter wp-image-8463 size-large\" src=\"http:\/\/cubaweddingpackages.com\/wp-content\/uploads\/2024\/03\/boda-en-las-noches-de-La-Habana-1024x602.jpg\" alt=\"Hochzeit in den N\u00e4chten von Havanna\" width=\"1024\" height=\"602\" srcset=\"https:\/\/cubaweddingpackages.com\/wp-content\/uploads\/2024\/03\/boda-en-las-noches-de-La-Habana-1024x602.jpg 1024w, https:\/\/cubaweddingpackages.com\/wp-content\/uploads\/2024\/03\/boda-en-las-noches-de-La-Habana-300x176.jpg 300w, https:\/\/cubaweddingpackages.com\/wp-content\/uploads\/2024\/03\/boda-en-las-noches-de-La-Habana-768x451.jpg 768w, https:\/\/cubaweddingpackages.com\/wp-content\/uploads\/2024\/03\/boda-en-las-noches-de-La-Habana.jpg 1239w\" sizes=\"(max-width: 1024px) 100vw, 1024px\" \/><\/a><\/strong><\/h2>\n<h2>Ein Hauch von Glamour in jedem Detail<\/h2>\n<p>N\u00e4chtliche Hochzeiten in Havanna sind f\u00fcr ihre Eleganz und Raffinesse bekannt. Jedes Detail ist sorgf\u00e4ltig geplant, um sowohl f\u00fcr das Brautpaar als auch f\u00fcr seine G\u00e4ste ein unvergessliches Erlebnis zu schaffen. Von der Einrichtung bis zur Speisekarte ist alles so gestaltet, dass es den Charme und die Sch\u00f6nheit dieser Stadt widerspiegelt.<\/p>\n<p>Stellen Sie sich vor, Sie feiern Ihre Vorhochzeit im legend\u00e4ren Tropicana Cabaret, umgeben von hellen Lichtern, Live-Musik und einer energiegeladenen Atmosph\u00e4re. Dieser symboltr\u00e4chtige Ort wird Ihnen ein einzigartiges Erlebnis voller Spa\u00df und Freude bieten. Ihre G\u00e4ste werden sich freuen, Teil dieser besonderen Feier zu sein.<\/p>\n<h2><strong>\u00a0<\/strong><\/h2>\n<p>[\/vc_column_text][vc_column_text]<\/p>\n<h2>Ein historischer Rahmen f\u00fcr Ihre Zeremonie<\/h2>\n<p>Havanna ist voller historischer und symboltr\u00e4chtiger Orte, die den perfekten Rahmen f\u00fcr Ihre Hochzeitszeremonie bilden k\u00f6nnen. Die majest\u00e4tische Kathedrale von Havanna ist einer dieser Orte, die Ihnen den Atem rauben werden. Seine beeindruckenden B\u00f6gen und die Kolonialarchitektur versetzen Sie in eine andere Zeit und schaffen eine romantische und magische Atmosph\u00e4re f\u00fcr Ihre Hochzeit.<\/p>\n<p>Stellen Sie sich vor, Sie gehen durch das Seitenschiff der Kathedrale, w\u00e4hrend Kerzenlicht Ihren Weg erhellt und sanfte Musik die Luft erf\u00fcllt. Ihre Lieben werden begeistert sein, diesen besonderen Moment an einem so bedeutungsvollen Ort zu erleben.<\/p>\n<p><a href=\"https:\/\/cubaweddingpackages.com\/de\/hochzeitsveranstalter-in-kuba\/\"><img decoding=\"async\" class=\"aligncenter wp-image-8454 size-full\" src=\"http:\/\/cubaweddingpackages.com\/wp-content\/uploads\/2024\/03\/boda-en-las-noches-de-La-Habana-pareja.jpg\" alt=\"Hochzeit in den N\u00e4chten von Havanna\" width=\"982\" height=\"643\" srcset=\"https:\/\/cubaweddingpackages.com\/wp-content\/uploads\/2024\/03\/boda-en-las-noches-de-La-Habana-pareja.jpg 982w, https:\/\/cubaweddingpackages.com\/wp-content\/uploads\/2024\/03\/boda-en-las-noches-de-La-Habana-pareja-300x196.jpg 300w, https:\/\/cubaweddingpackages.com\/wp-content\/uploads\/2024\/03\/boda-en-las-noches-de-La-Habana-pareja-768x503.jpg 768w\" sizes=\"(max-width: 982px) 100vw, 982px\" \/><\/a>[\/vc_column_text][vc_column_text]<\/p>\n<h2>F\u00fcr jeden ein unvergessliches Erlebnis<\/h2>\n<p>N\u00e4chtliche Hochzeiten in Havanna bieten nicht nur eine glamour\u00f6se und exklusive Atmosph\u00e4re, sondern auch ein unvergessliches Erlebnis f\u00fcr alle G\u00e4ste. Die Stadt ist voller Charme und Kultur, sodass Ihre Lieben w\u00e4hrend ihres Aufenthalts alles genie\u00dfen k\u00f6nnen, was Havanna zu bieten hat.<\/p>\n<p>Ob Sie durch die farbenfrohen Stra\u00dfen der Altstadt schlendern oder das pulsierende Nachtleben genie\u00dfen \u2013 Ihre G\u00e4ste werden begeistert sein, den Charme dieser einzigartigen Stadt zu entdecken. Dar\u00fcber hinaus k\u00f6nnen sie k\u00f6stliches kubanisches Essen genie\u00dfen und in den ber\u00fchmten Salsa-Clubs zum Rhythmus traditioneller Musik tanzen.<\/p>\n<p>Verpassen Sie nicht die Gelegenheit, Ihre Hochzeit nachts in Havanna zu feiern! Es wird ein einzigartiges und magisches Erlebnis sein, an das Sie sich f\u00fcr immer erinnern werden. Kontaktieren Sie uns und wir helfen Ihnen bei der Planung der Veranstaltung Ihrer Tr\u00e4ume in dieser wundersch\u00f6nen Stadt voller Charme und Glamour.<\/p>\n<p>[\/vc_column_text][\/vc_column][\/vc_row]<\/p>\n<\/div>","protected":false},"excerpt":{"rendered":"<p>[vc_row][vc_column][vc_column_text]Sie suchen ein einzigartiges und glamour\u00f6ses Erlebnis f\u00fcr Ihre Hochzeit? M\u00f6chten Sie, dass Ihr gro\u00dfer Tag unvergesslich und voller Charme [&hellip;]<\/p>\n","protected":false},"author":5,"featured_media":8449,"parent":0,"menu_order":0,"comment_status":"closed","ping_status":"closed","template":"","meta":{"_joinchat":{"telephone":"55396525"},"footnotes":""},"class_list":["post-8477","page","type-page","status-publish","has-post-thumbnail","hentry"],"yoast_head":"<!-- This site is optimized with the Yoast SEO plugin v27.2 - https:\/\/yoast.com\/product\/yoast-seo-wordpress\/ -->\n<title>Feiern Sie Ihre Hochzeit in den N\u00e4chten von Havanna!<\/title>\n<meta name=\"description\" content=\"Feiern Sie Ihre Liebe mit einer einzigartigen Hochzeit in Havanna. Eleganz und Spa\u00df an einem historischen Reiseziel. Planen Sie Ihre magische Nacht!\" \/>\n<meta name=\"robots\" content=\"index, follow, max-snippet:-1, max-image-preview:large, max-video-preview:-1\" \/>\n<link rel=\"canonical\" href=\"https:\/\/cubaweddingpackages.com\/de\/feiern-sie-ihre-hochzeit-in-den-naechten-von-havanna\/\" \/>\n<meta property=\"og:locale\" content=\"de_DE\" \/>\n<meta property=\"og:type\" content=\"article\" \/>\n<meta property=\"og:title\" content=\"Feiern Sie Ihre Hochzeit in den N\u00e4chten von Havanna!\" \/>\n<meta property=\"og:description\" content=\"Feiern Sie Ihre Liebe mit einer einzigartigen Hochzeit in Havanna. Eleganz und Spa\u00df an einem historischen Reiseziel. Planen Sie Ihre magische Nacht!\" \/>\n<meta property=\"og:url\" content=\"https:\/\/cubaweddingpackages.com\/de\/feiern-sie-ihre-hochzeit-in-den-naechten-von-havanna\/\" \/>\n<meta property=\"og:site_name\" content=\"Wedding Packages in Cuba\" \/>\n<meta property=\"article:publisher\" content=\"https:\/\/www.facebook.com\/BodasEnCubaV\" \/>\n<meta property=\"og:image\" content=\"https:\/\/cubaweddingpackages.com\/wp-content\/uploads\/2024\/03\/boda-en-las-noches-de-La-Habana-fiesta.jpg\" \/>\n\t<meta property=\"og:image:width\" content=\"1096\" \/>\n\t<meta property=\"og:image:height\" content=\"663\" \/>\n\t<meta property=\"og:image:type\" content=\"image\/jpeg\" \/>\n<meta name=\"twitter:label1\" content=\"Gesch\u00e4tzte Lesezeit\" \/>\n\t<meta name=\"twitter:data1\" content=\"3\u00a0Minuten\" \/>\n<script type=\"application\/ld+json\" class=\"yoast-schema-graph\">{\"@context\":\"https:\/\/schema.org\",\"@graph\":[{\"@type\":\"WebPage\",\"@id\":\"https:\/\/cubaweddingpackages.com\/de\/feiern-sie-ihre-hochzeit-in-den-naechten-von-havanna\/\",\"url\":\"https:\/\/cubaweddingpackages.com\/de\/feiern-sie-ihre-hochzeit-in-den-naechten-von-havanna\/\",\"name\":\"Feiern Sie Ihre Hochzeit in den N\u00e4chten von Havanna!\",\"isPartOf\":{\"@id\":\"https:\/\/cubaweddingpackages.com\/de\/#website\"},\"primaryImageOfPage\":{\"@id\":\"https:\/\/cubaweddingpackages.com\/de\/feiern-sie-ihre-hochzeit-in-den-naechten-von-havanna\/#primaryimage\"},\"image\":{\"@id\":\"https:\/\/cubaweddingpackages.com\/de\/feiern-sie-ihre-hochzeit-in-den-naechten-von-havanna\/#primaryimage\"},\"thumbnailUrl\":\"https:\/\/cubaweddingpackages.com\/wp-content\/uploads\/2024\/03\/boda-en-las-noches-de-La-Habana-fiesta.jpg\",\"datePublished\":\"2024-03-25T12:56:47+00:00\",\"description\":\"Feiern Sie Ihre Liebe mit einer einzigartigen Hochzeit in Havanna. Eleganz und Spa\u00df an einem historischen Reiseziel. Planen Sie Ihre magische Nacht!\",\"breadcrumb\":{\"@id\":\"https:\/\/cubaweddingpackages.com\/de\/feiern-sie-ihre-hochzeit-in-den-naechten-von-havanna\/#breadcrumb\"},\"inLanguage\":\"de\",\"potentialAction\":[{\"@type\":\"ReadAction\",\"target\":[\"https:\/\/cubaweddingpackages.com\/de\/feiern-sie-ihre-hochzeit-in-den-naechten-von-havanna\/\"]}]},{\"@type\":\"ImageObject\",\"inLanguage\":\"de\",\"@id\":\"https:\/\/cubaweddingpackages.com\/de\/feiern-sie-ihre-hochzeit-in-den-naechten-von-havanna\/#primaryimage\",\"url\":\"https:\/\/cubaweddingpackages.com\/wp-content\/uploads\/2024\/03\/boda-en-las-noches-de-La-Habana-fiesta.jpg\",\"contentUrl\":\"https:\/\/cubaweddingpackages.com\/wp-content\/uploads\/2024\/03\/boda-en-las-noches-de-La-Habana-fiesta.jpg\",\"width\":1096,\"height\":663,\"caption\":\"Hochzeitsbankette in Kuba\"},{\"@type\":\"BreadcrumbList\",\"@id\":\"https:\/\/cubaweddingpackages.com\/de\/feiern-sie-ihre-hochzeit-in-den-naechten-von-havanna\/#breadcrumb\",\"itemListElement\":[{\"@type\":\"ListItem\",\"position\":1,\"name\":\"Home\",\"item\":\"https:\/\/cubaweddingpackages.com\/de\/\"},{\"@type\":\"ListItem\",\"position\":2,\"name\":\"Feiern Sie Ihre Hochzeit in den N\u00e4chten von Havanna!\"}]},{\"@type\":\"WebSite\",\"@id\":\"https:\/\/cubaweddingpackages.com\/de\/#website\",\"url\":\"https:\/\/cubaweddingpackages.com\/de\/\",\"name\":\"Wedding Packages in Cuba\",\"description\":\"Best Wedding Packages\",\"potentialAction\":[{\"@type\":\"SearchAction\",\"target\":{\"@type\":\"EntryPoint\",\"urlTemplate\":\"https:\/\/cubaweddingpackages.com\/de\/?s={search_term_string}\"},\"query-input\":{\"@type\":\"PropertyValueSpecification\",\"valueRequired\":true,\"valueName\":\"search_term_string\"}}],\"inLanguage\":\"de\"}]}<\/script>\n<!-- \/ Yoast SEO plugin. -->","yoast_head_json":{"title":"Feiern Sie Ihre Hochzeit in den N\u00e4chten von Havanna!","description":"Feiern Sie Ihre Liebe mit einer einzigartigen Hochzeit in Havanna. Eleganz und Spa\u00df an einem historischen Reiseziel. Planen Sie Ihre magische Nacht!","robots":{"index":"index","follow":"follow","max-snippet":"max-snippet:-1","max-image-preview":"max-image-preview:large","max-video-preview":"max-video-preview:-1"},"canonical":"https:\/\/cubaweddingpackages.com\/de\/feiern-sie-ihre-hochzeit-in-den-naechten-von-havanna\/","og_locale":"de_DE","og_type":"article","og_title":"Feiern Sie Ihre Hochzeit in den N\u00e4chten von Havanna!","og_description":"Feiern Sie Ihre Liebe mit einer einzigartigen Hochzeit in Havanna. Eleganz und Spa\u00df an einem historischen Reiseziel. Planen Sie Ihre magische Nacht!","og_url":"https:\/\/cubaweddingpackages.com\/de\/feiern-sie-ihre-hochzeit-in-den-naechten-von-havanna\/","og_site_name":"Wedding Packages in Cuba","article_publisher":"https:\/\/www.facebook.com\/BodasEnCubaV","og_image":[{"width":1096,"height":663,"url":"https:\/\/cubaweddingpackages.com\/wp-content\/uploads\/2024\/03\/boda-en-las-noches-de-La-Habana-fiesta.jpg","type":"image\/jpeg"}],"twitter_misc":{"Gesch\u00e4tzte Lesezeit":"3\u00a0Minuten"},"schema":{"@context":"https:\/\/schema.org","@graph":[{"@type":"WebPage","@id":"https:\/\/cubaweddingpackages.com\/de\/feiern-sie-ihre-hochzeit-in-den-naechten-von-havanna\/","url":"https:\/\/cubaweddingpackages.com\/de\/feiern-sie-ihre-hochzeit-in-den-naechten-von-havanna\/","name":"Feiern Sie Ihre Hochzeit in den N\u00e4chten von Havanna!","isPartOf":{"@id":"https:\/\/cubaweddingpackages.com\/de\/#website"},"primaryImageOfPage":{"@id":"https:\/\/cubaweddingpackages.com\/de\/feiern-sie-ihre-hochzeit-in-den-naechten-von-havanna\/#primaryimage"},"image":{"@id":"https:\/\/cubaweddingpackages.com\/de\/feiern-sie-ihre-hochzeit-in-den-naechten-von-havanna\/#primaryimage"},"thumbnailUrl":"https:\/\/cubaweddingpackages.com\/wp-content\/uploads\/2024\/03\/boda-en-las-noches-de-La-Habana-fiesta.jpg","datePublished":"2024-03-25T12:56:47+00:00","description":"Feiern Sie Ihre Liebe mit einer einzigartigen Hochzeit in Havanna. Eleganz und Spa\u00df an einem historischen Reiseziel. Planen Sie Ihre magische Nacht!","breadcrumb":{"@id":"https:\/\/cubaweddingpackages.com\/de\/feiern-sie-ihre-hochzeit-in-den-naechten-von-havanna\/#breadcrumb"},"inLanguage":"de","potentialAction":[{"@type":"ReadAction","target":["https:\/\/cubaweddingpackages.com\/de\/feiern-sie-ihre-hochzeit-in-den-naechten-von-havanna\/"]}]},{"@type":"ImageObject","inLanguage":"de","@id":"https:\/\/cubaweddingpackages.com\/de\/feiern-sie-ihre-hochzeit-in-den-naechten-von-havanna\/#primaryimage","url":"https:\/\/cubaweddingpackages.com\/wp-content\/uploads\/2024\/03\/boda-en-las-noches-de-La-Habana-fiesta.jpg","contentUrl":"https:\/\/cubaweddingpackages.com\/wp-content\/uploads\/2024\/03\/boda-en-las-noches-de-La-Habana-fiesta.jpg","width":1096,"height":663,"caption":"Hochzeitsbankette in Kuba"},{"@type":"BreadcrumbList","@id":"https:\/\/cubaweddingpackages.com\/de\/feiern-sie-ihre-hochzeit-in-den-naechten-von-havanna\/#breadcrumb","itemListElement":[{"@type":"ListItem","position":1,"name":"Home","item":"https:\/\/cubaweddingpackages.com\/de\/"},{"@type":"ListItem","position":2,"name":"Feiern Sie Ihre Hochzeit in den N\u00e4chten von Havanna!"}]},{"@type":"WebSite","@id":"https:\/\/cubaweddingpackages.com\/de\/#website","url":"https:\/\/cubaweddingpackages.com\/de\/","name":"Wedding Packages in Cuba","description":"Best Wedding Packages","potentialAction":[{"@type":"SearchAction","target":{"@type":"EntryPoint","urlTemplate":"https:\/\/cubaweddingpackages.com\/de\/?s={search_term_string}"},"query-input":{"@type":"PropertyValueSpecification","valueRequired":true,"valueName":"search_term_string"}}],"inLanguage":"de"}]}},"_links":{"self":[{"href":"https:\/\/cubaweddingpackages.com\/de\/wp-json\/wp\/v2\/pages\/8477","targetHints":{"allow":["GET"]}}],"collection":[{"href":"https:\/\/cubaweddingpackages.com\/de\/wp-json\/wp\/v2\/pages"}],"about":[{"href":"https:\/\/cubaweddingpackages.com\/de\/wp-json\/wp\/v2\/types\/page"}],"author":[{"embeddable":true,"href":"https:\/\/cubaweddingpackages.com\/de\/wp-json\/wp\/v2\/users\/5"}],"replies":[{"embeddable":true,"href":"https:\/\/cubaweddingpackages.com\/de\/wp-json\/wp\/v2\/comments?post=8477"}],"version-history":[{"count":1,"href":"https:\/\/cubaweddingpackages.com\/de\/wp-json\/wp\/v2\/pages\/8477\/revisions"}],"predecessor-version":[{"id":8484,"href":"https:\/\/cubaweddingpackages.com\/de\/wp-json\/wp\/v2\/pages\/8477\/revisions\/8484"}],"wp:featuredmedia":[{"embeddable":true,"href":"https:\/\/cubaweddingpackages.com\/de\/wp-json\/wp\/v2\/media\/8449"}],"wp:attachment":[{"href":"https:\/\/cubaweddingpackages.com\/de\/wp-json\/wp\/v2\/media?parent=8477"}],"curies":[{"name":"wp","href":"https:\/\/api.w.org\/{rel}","templated":true}]}}