{"id":8567,"date":"2024-03-26T13:37:45","date_gmt":"2024-03-26T13:37:45","guid":{"rendered":"https:\/\/cubaweddingpackages.com\/?page_id=8567"},"modified":"2024-03-26T13:37:45","modified_gmt":"2024-03-26T13:37:45","slug":"die-besten-hochzeitspakete-in-havanna-kuba","status":"publish","type":"page","link":"https:\/\/cubaweddingpackages.com\/de\/die-besten-hochzeitspakete-in-havanna-kuba\/","title":{"rendered":"Die besten Hochzeitspakete in Havanna, Kuba"},"content":{"rendered":"<div class=\"wpb-content-wrapper\"><p>[vc_row][vc_column][vc_column_text]<\/p>\n<h2>Entdecken Sie die besten Hochzeitspakete in Havanna, Kuba<\/h2>\n<p>Neben seiner reichen Geschichte und lebendigen Kultur bietet Havanna eine gro\u00dfe Vielfalt an M\u00f6glichkeiten, Ihre Hochzeit zu feiern. Ob Sie eine intime Zeremonie an einem wei\u00dfen Sandstrand oder einen eleganten Empfang in einem alten Kolonialpalast suchen, hier finden Sie das perfekte Paket f\u00fcr Sie.<\/p>\n<p><a href=\"https:\/\/cubaweddingpackages.com\/de\/hochzeitsveranstalter-in-kuba\/\"><img decoding=\"async\" class=\"aligncenter wp-image-8554 size-large\" src=\"http:\/\/cubaweddingpackages.com\/wp-content\/uploads\/2024\/03\/Paquetes-de-bodas-1024x579.jpg\" alt=\"Hochzeitspakete\" width=\"1024\" height=\"579\" srcset=\"https:\/\/cubaweddingpackages.com\/wp-content\/uploads\/2024\/03\/Paquetes-de-bodas-1024x579.jpg 1024w, https:\/\/cubaweddingpackages.com\/wp-content\/uploads\/2024\/03\/Paquetes-de-bodas-300x170.jpg 300w, https:\/\/cubaweddingpackages.com\/wp-content\/uploads\/2024\/03\/Paquetes-de-bodas-768x434.jpg 768w, https:\/\/cubaweddingpackages.com\/wp-content\/uploads\/2024\/03\/Paquetes-de-bodas.jpg 1333w\" sizes=\"(max-width: 1024px) 100vw, 1024px\" \/><\/a><\/p>\n<p>Eine der beliebtesten Optionen f\u00fcr Hochzeiten in Havanna ist die Durchf\u00fchrung der Zeremonie in einem der vielen Boutique-Hotels der Stadt. Diese Hotels bieten eine exklusive und romantische Atmosph\u00e4re mit wundersch\u00f6nen G\u00e4rten und Panoramablick auf die Stadt.<\/p>\n<p>Neben den Locations bieten wir auch ein breites Spektrum an Dienstleistungen an, um Ihre Hochzeit in jeder Hinsicht perfekt zu machen. Von der Organisation der Zeremonie und des Empfangs bis hin zur Beauftragung professioneller Fotografen und Musiker k\u00fcmmern wir uns um alle Details, damit Sie und Ihre Lieben diesen besonderen Tag in vollen Z\u00fcgen genie\u00dfen k\u00f6nnen.<\/p>\n<p>Verschwenden Sie also keine Zeit mehr mit der Suche, entdecken Sie die besten Hochzeitspakete in Havanna, Kuba und beginnen Sie mit der Planung der Hochzeit Ihrer Tr\u00e4ume an diesem wundersch\u00f6nen Reiseziel. Wir garantieren, dass es ein unvergessliches Erlebnis wird![\/vc_column_text][vc_column_text]<\/p>\n<h2>Die besten Hochzeitspakete in Havanna<\/h2>\n<p>Bei unserer Auswahl an Hochzeitspaketen in Havanna haben wir die besten Anbieter und Dienstleistungen herausgesucht, um sicherzustellen, dass Ihre Hochzeit in jeder Hinsicht perfekt wird. Von der Zeremonie bis zum Empfang bieten wir Ihnen umfassende Optionen, die Ihren Bed\u00fcrfnissen und Vorlieben entsprechen.<\/p>\n<h3>Paket \u201eKubanische Romantik\u201c.<\/h3>\n<p>Wenn Sie von einer intimen und romantischen Hochzeit in Havanna tr\u00e4umen, ist das Paket \u201eCuban Romance\u201c genau das Richtige f\u00fcr Sie. Dieses Paket beinhaltet eine Zeremonie an einem wundersch\u00f6nen Privatstrand, geschm\u00fcckt mit tropischen Blumen und Kerzen. Nach der Zeremonie k\u00f6nnen Sie ein romantisches Abendessen unter dem Sternenhimmel genie\u00dfen, begleitet von Live-Musik und Tanz.<\/p>\n<p>Dar\u00fcber hinaus beinhaltet das Paket \u201eCuban Romance\u201c auch ein professionelles Fotoshooting, um alle besonderen Momente Ihrer Hochzeit festzuhalten. Sie k\u00f6nnen zwischen verschiedenen Schaupl\u00e4tzen w\u00e4hlen, beispielsweise dem Malec\u00f3n in Havanna oder den ber\u00fchmten Kolonialgeb\u00e4uden der Stadt.<\/p>\n<p><a href=\"https:\/\/cubaweddingpackages.com\/de\/hochzeitsveranstalter-in-kuba\/\"><img decoding=\"async\" class=\"aligncenter wp-image-8332 size-full\" src=\"http:\/\/cubaweddingpackages.com\/wp-content\/uploads\/2024\/03\/Bodas-exclusivas.jpg\" alt=\"Exklusive Hochzeiten\" width=\"733\" height=\"493\" srcset=\"https:\/\/cubaweddingpackages.com\/wp-content\/uploads\/2024\/03\/Bodas-exclusivas.jpg 733w, https:\/\/cubaweddingpackages.com\/wp-content\/uploads\/2024\/03\/Bodas-exclusivas-300x202.jpg 300w\" sizes=\"(max-width: 733px) 100vw, 733px\" \/><\/a><\/p>\n<h3>Paket \u201eHavanna Eleganz\u201c.<\/h3>\n<p>Wenn Sie eine elegantere und anspruchsvollere Hochzeit bevorzugen, ist das Paket \u201eHabanera Elegance\u201c die perfekte Wahl. Dieses Paket beinhaltet eine Zeremonie in einem der beeindruckenden S\u00e4le Havannas, geschm\u00fcckt mit exquisiten Blumen und sorgf\u00e4ltig ausgew\u00e4hlten Details. Nach der Zeremonie k\u00f6nnen Sie einen glamour\u00f6sen Empfang mit einem individuellen Men\u00fc und einer lebhaften Tanzfl\u00e4che genie\u00dfen.<\/p>\n<p>Dar\u00fcber hinaus beinhaltet das \u201eHabanera Elegance\u201c-Paket auch luxuri\u00f6se Transportdienstleistungen f\u00fcr Sie und Ihre G\u00e4ste, die daf\u00fcr sorgen, dass alle p\u00fcnktlich ankommen und sich wie echte Filmstars f\u00fchlen.[\/vc_column_text][vc_column_text]<\/p>\n<h3>Paket \u201eKubanische Natur\u201c.<\/h3>\n<p>Wenn Sie ein Naturliebhaber sind und von einer Hochzeit im Freien tr\u00e4umen, ist das Paket \u201eKubanische Natur\u201c ideal f\u00fcr Sie. Dieses Paket bietet Ihnen die M\u00f6glichkeit, Ihre Hochzeit in einem wundersch\u00f6nen tropischen Garten zu feiern, umgeben von \u00fcppiger Vegetation und nat\u00fcrlichen Wasserf\u00e4llen.<\/p>\n<p>Das Paket \u201eKubanische Natur\u201c beinhaltet eine Zeremonie im Garten, geschm\u00fcckt mit tropischen Blumen und nat\u00fcrlichen Elementen. Nach der Zeremonie k\u00f6nnen Sie einen Empfang im Freien mit einem k\u00f6stlichen, von der kubanischen K\u00fcche inspirierten Men\u00fc und Live-Musik genie\u00dfen, um die Party zu beleben.<\/p>\n<p>Wenn es um die Planung und Koordination Ihrer Hochzeit geht, steht Ihnen unser Expertenteam bei jedem Schritt zur Seite. Von der Auswahl des Veranstaltungsortes bis hin zur Auswahl des Men\u00fcs und der Dekoration k\u00fcmmern wir uns um alle Details, damit Sie und Ihre Lieben einen unvergesslichen Tag in Havanna genie\u00dfen k\u00f6nnen.<\/p>\n<p>Die Buchung Ihres Hochzeitspakets in Havanna ist ganz einfach. Kontaktieren Sie uns einfach \u00fcber unsere Website oder telefonisch und einer unserer Hochzeitsspezialisten wird sich mit Ihnen in Verbindung setzen, um Ihre Vorlieben und Optionen zu besprechen. Wir sind hier, um Ihre Tr\u00e4ume wahr werden zu lassen und Erinnerungen zu schaffen, die ein Leben lang anhalten.[\/vc_column_text][\/vc_column][\/vc_row]<\/p>\n<\/div>","protected":false},"excerpt":{"rendered":"<p>[vc_row][vc_column][vc_column_text] Entdecken Sie die besten Hochzeitspakete in Havanna, Kuba Neben seiner reichen Geschichte und lebendigen Kultur bietet Havanna eine gro\u00dfe [&hellip;]<\/p>\n","protected":false},"author":5,"featured_media":8549,"parent":0,"menu_order":0,"comment_status":"closed","ping_status":"closed","template":"","meta":{"_joinchat":[],"footnotes":""},"class_list":["post-8567","page","type-page","status-publish","has-post-thumbnail","hentry"],"yoast_head":"<!-- This site is optimized with the Yoast SEO plugin v27.3 - https:\/\/yoast.com\/product\/yoast-seo-wordpress\/ -->\n<title>Die besten Hochzeitspakete in Havanna, Kuba<\/title>\n<meta name=\"description\" content=\"Entdecken Sie den Zauber des Heiratens in Havanna: intime Zeremonien an Privatstr\u00e4nden und elegante Empf\u00e4nge in Kolonialpal\u00e4sten\" \/>\n<meta name=\"robots\" content=\"index, follow, max-snippet:-1, max-image-preview:large, max-video-preview:-1\" \/>\n<link rel=\"canonical\" href=\"https:\/\/cubaweddingpackages.com\/de\/die-besten-hochzeitspakete-in-havanna-kuba\/\" \/>\n<meta property=\"og:locale\" content=\"de_DE\" \/>\n<meta property=\"og:type\" content=\"article\" \/>\n<meta property=\"og:title\" content=\"Die besten Hochzeitspakete in Havanna, Kuba\" \/>\n<meta property=\"og:description\" content=\"Entdecken Sie den Zauber des Heiratens in Havanna: intime Zeremonien an Privatstr\u00e4nden und elegante Empf\u00e4nge in Kolonialpal\u00e4sten\" \/>\n<meta property=\"og:url\" content=\"https:\/\/cubaweddingpackages.com\/de\/die-besten-hochzeitspakete-in-havanna-kuba\/\" \/>\n<meta property=\"og:site_name\" content=\"Wedding Packages in Cuba\" \/>\n<meta property=\"article:publisher\" content=\"https:\/\/www.facebook.com\/BodasEnCubaV\" \/>\n<meta property=\"og:image\" content=\"https:\/\/cubaweddingpackages.com\/wp-content\/uploads\/2024\/03\/Paquetes-de-bodas-en-la-Habana.jpg\" \/>\n\t<meta property=\"og:image:width\" content=\"702\" \/>\n\t<meta property=\"og:image:height\" content=\"753\" \/>\n\t<meta property=\"og:image:type\" content=\"image\/jpeg\" \/>\n<meta name=\"twitter:label1\" content=\"Gesch\u00e4tzte Lesezeit\" \/>\n\t<meta name=\"twitter:data1\" content=\"4\u00a0Minuten\" \/>\n<script type=\"application\/ld+json\" class=\"yoast-schema-graph\">{\"@context\":\"https:\\\/\\\/schema.org\",\"@graph\":[{\"@type\":\"WebPage\",\"@id\":\"https:\\\/\\\/cubaweddingpackages.com\\\/de\\\/die-besten-hochzeitspakete-in-havanna-kuba\\\/\",\"url\":\"https:\\\/\\\/cubaweddingpackages.com\\\/de\\\/die-besten-hochzeitspakete-in-havanna-kuba\\\/\",\"name\":\"Die besten Hochzeitspakete in Havanna, Kuba\",\"isPartOf\":{\"@id\":\"https:\\\/\\\/cubaweddingpackages.com\\\/de\\\/#website\"},\"primaryImageOfPage\":{\"@id\":\"https:\\\/\\\/cubaweddingpackages.com\\\/de\\\/die-besten-hochzeitspakete-in-havanna-kuba\\\/#primaryimage\"},\"image\":{\"@id\":\"https:\\\/\\\/cubaweddingpackages.com\\\/de\\\/die-besten-hochzeitspakete-in-havanna-kuba\\\/#primaryimage\"},\"thumbnailUrl\":\"https:\\\/\\\/cubaweddingpackages.com\\\/wp-content\\\/uploads\\\/2024\\\/03\\\/Paquetes-de-bodas-en-la-Habana.jpg\",\"datePublished\":\"2024-03-26T13:37:45+00:00\",\"description\":\"Entdecken Sie den Zauber des Heiratens in Havanna: intime Zeremonien an Privatstr\u00e4nden und elegante Empf\u00e4nge in Kolonialpal\u00e4sten\",\"breadcrumb\":{\"@id\":\"https:\\\/\\\/cubaweddingpackages.com\\\/de\\\/die-besten-hochzeitspakete-in-havanna-kuba\\\/#breadcrumb\"},\"inLanguage\":\"de\",\"potentialAction\":[{\"@type\":\"ReadAction\",\"target\":[\"https:\\\/\\\/cubaweddingpackages.com\\\/de\\\/die-besten-hochzeitspakete-in-havanna-kuba\\\/\"]}]},{\"@type\":\"ImageObject\",\"inLanguage\":\"de\",\"@id\":\"https:\\\/\\\/cubaweddingpackages.com\\\/de\\\/die-besten-hochzeitspakete-in-havanna-kuba\\\/#primaryimage\",\"url\":\"https:\\\/\\\/cubaweddingpackages.com\\\/wp-content\\\/uploads\\\/2024\\\/03\\\/Paquetes-de-bodas-en-la-Habana.jpg\",\"contentUrl\":\"https:\\\/\\\/cubaweddingpackages.com\\\/wp-content\\\/uploads\\\/2024\\\/03\\\/Paquetes-de-bodas-en-la-Habana.jpg\",\"width\":702,\"height\":753,\"caption\":\"Resort in Kuba f\u00fcr Paare\"},{\"@type\":\"BreadcrumbList\",\"@id\":\"https:\\\/\\\/cubaweddingpackages.com\\\/de\\\/die-besten-hochzeitspakete-in-havanna-kuba\\\/#breadcrumb\",\"itemListElement\":[{\"@type\":\"ListItem\",\"position\":1,\"name\":\"Home\",\"item\":\"https:\\\/\\\/cubaweddingpackages.com\\\/de\\\/\"},{\"@type\":\"ListItem\",\"position\":2,\"name\":\"Die besten Hochzeitspakete in Havanna, Kuba\"}]},{\"@type\":\"WebSite\",\"@id\":\"https:\\\/\\\/cubaweddingpackages.com\\\/de\\\/#website\",\"url\":\"https:\\\/\\\/cubaweddingpackages.com\\\/de\\\/\",\"name\":\"Wedding Packages in Cuba\",\"description\":\"Best Wedding Packages\",\"potentialAction\":[{\"@type\":\"SearchAction\",\"target\":{\"@type\":\"EntryPoint\",\"urlTemplate\":\"https:\\\/\\\/cubaweddingpackages.com\\\/de\\\/?s={search_term_string}\"},\"query-input\":{\"@type\":\"PropertyValueSpecification\",\"valueRequired\":true,\"valueName\":\"search_term_string\"}}],\"inLanguage\":\"de\"}]}<\/script>\n<!-- \/ Yoast SEO plugin. -->","yoast_head_json":{"title":"Die besten Hochzeitspakete in Havanna, Kuba","description":"Entdecken Sie den Zauber des Heiratens in Havanna: intime Zeremonien an Privatstr\u00e4nden und elegante Empf\u00e4nge in Kolonialpal\u00e4sten","robots":{"index":"index","follow":"follow","max-snippet":"max-snippet:-1","max-image-preview":"max-image-preview:large","max-video-preview":"max-video-preview:-1"},"canonical":"https:\/\/cubaweddingpackages.com\/de\/die-besten-hochzeitspakete-in-havanna-kuba\/","og_locale":"de_DE","og_type":"article","og_title":"Die besten Hochzeitspakete in Havanna, Kuba","og_description":"Entdecken Sie den Zauber des Heiratens in Havanna: intime Zeremonien an Privatstr\u00e4nden und elegante Empf\u00e4nge in Kolonialpal\u00e4sten","og_url":"https:\/\/cubaweddingpackages.com\/de\/die-besten-hochzeitspakete-in-havanna-kuba\/","og_site_name":"Wedding Packages in Cuba","article_publisher":"https:\/\/www.facebook.com\/BodasEnCubaV","og_image":[{"width":702,"height":753,"url":"https:\/\/cubaweddingpackages.com\/wp-content\/uploads\/2024\/03\/Paquetes-de-bodas-en-la-Habana.jpg","type":"image\/jpeg"}],"twitter_misc":{"Gesch\u00e4tzte Lesezeit":"4\u00a0Minuten"},"schema":{"@context":"https:\/\/schema.org","@graph":[{"@type":"WebPage","@id":"https:\/\/cubaweddingpackages.com\/de\/die-besten-hochzeitspakete-in-havanna-kuba\/","url":"https:\/\/cubaweddingpackages.com\/de\/die-besten-hochzeitspakete-in-havanna-kuba\/","name":"Die besten Hochzeitspakete in Havanna, Kuba","isPartOf":{"@id":"https:\/\/cubaweddingpackages.com\/de\/#website"},"primaryImageOfPage":{"@id":"https:\/\/cubaweddingpackages.com\/de\/die-besten-hochzeitspakete-in-havanna-kuba\/#primaryimage"},"image":{"@id":"https:\/\/cubaweddingpackages.com\/de\/die-besten-hochzeitspakete-in-havanna-kuba\/#primaryimage"},"thumbnailUrl":"https:\/\/cubaweddingpackages.com\/wp-content\/uploads\/2024\/03\/Paquetes-de-bodas-en-la-Habana.jpg","datePublished":"2024-03-26T13:37:45+00:00","description":"Entdecken Sie den Zauber des Heiratens in Havanna: intime Zeremonien an Privatstr\u00e4nden und elegante Empf\u00e4nge in Kolonialpal\u00e4sten","breadcrumb":{"@id":"https:\/\/cubaweddingpackages.com\/de\/die-besten-hochzeitspakete-in-havanna-kuba\/#breadcrumb"},"inLanguage":"de","potentialAction":[{"@type":"ReadAction","target":["https:\/\/cubaweddingpackages.com\/de\/die-besten-hochzeitspakete-in-havanna-kuba\/"]}]},{"@type":"ImageObject","inLanguage":"de","@id":"https:\/\/cubaweddingpackages.com\/de\/die-besten-hochzeitspakete-in-havanna-kuba\/#primaryimage","url":"https:\/\/cubaweddingpackages.com\/wp-content\/uploads\/2024\/03\/Paquetes-de-bodas-en-la-Habana.jpg","contentUrl":"https:\/\/cubaweddingpackages.com\/wp-content\/uploads\/2024\/03\/Paquetes-de-bodas-en-la-Habana.jpg","width":702,"height":753,"caption":"Resort in Kuba f\u00fcr Paare"},{"@type":"BreadcrumbList","@id":"https:\/\/cubaweddingpackages.com\/de\/die-besten-hochzeitspakete-in-havanna-kuba\/#breadcrumb","itemListElement":[{"@type":"ListItem","position":1,"name":"Home","item":"https:\/\/cubaweddingpackages.com\/de\/"},{"@type":"ListItem","position":2,"name":"Die besten Hochzeitspakete in Havanna, Kuba"}]},{"@type":"WebSite","@id":"https:\/\/cubaweddingpackages.com\/de\/#website","url":"https:\/\/cubaweddingpackages.com\/de\/","name":"Wedding Packages in Cuba","description":"Best Wedding Packages","potentialAction":[{"@type":"SearchAction","target":{"@type":"EntryPoint","urlTemplate":"https:\/\/cubaweddingpackages.com\/de\/?s={search_term_string}"},"query-input":{"@type":"PropertyValueSpecification","valueRequired":true,"valueName":"search_term_string"}}],"inLanguage":"de"}]}},"_links":{"self":[{"href":"https:\/\/cubaweddingpackages.com\/de\/wp-json\/wp\/v2\/pages\/8567","targetHints":{"allow":["GET"]}}],"collection":[{"href":"https:\/\/cubaweddingpackages.com\/de\/wp-json\/wp\/v2\/pages"}],"about":[{"href":"https:\/\/cubaweddingpackages.com\/de\/wp-json\/wp\/v2\/types\/page"}],"author":[{"embeddable":true,"href":"https:\/\/cubaweddingpackages.com\/de\/wp-json\/wp\/v2\/users\/5"}],"replies":[{"embeddable":true,"href":"https:\/\/cubaweddingpackages.com\/de\/wp-json\/wp\/v2\/comments?post=8567"}],"version-history":[{"count":2,"href":"https:\/\/cubaweddingpackages.com\/de\/wp-json\/wp\/v2\/pages\/8567\/revisions"}],"predecessor-version":[{"id":8582,"href":"https:\/\/cubaweddingpackages.com\/de\/wp-json\/wp\/v2\/pages\/8567\/revisions\/8582"}],"wp:featuredmedia":[{"embeddable":true,"href":"https:\/\/cubaweddingpackages.com\/de\/wp-json\/wp\/v2\/media\/8549"}],"wp:attachment":[{"href":"https:\/\/cubaweddingpackages.com\/de\/wp-json\/wp\/v2\/media?parent=8567"}],"curies":[{"name":"wp","href":"https:\/\/api.w.org\/{rel}","templated":true}]}}