{"id":8604,"date":"2024-03-26T15:31:09","date_gmt":"2024-03-26T15:31:09","guid":{"rendered":"https:\/\/cubaweddingpackages.com\/?page_id=8604"},"modified":"2024-03-26T15:31:09","modified_gmt":"2024-03-26T15:31:09","slug":"perfekte-orte-fuer-ihre-hochzeit-in-havanna-kuba","status":"publish","type":"page","link":"https:\/\/cubaweddingpackages.com\/de\/perfekte-orte-fuer-ihre-hochzeit-in-havanna-kuba\/","title":{"rendered":"Perfekte Orte f\u00fcr Ihre Hochzeit in Havanna, Kuba"},"content":{"rendered":"<div class=\"wpb-content-wrapper\"><p>[vc_row][vc_column][vc_column_text]<\/p>\n<h2>Finden Sie die perfekten Orte f\u00fcr Ihre Hochzeit in Havanna, Kuba<\/h2>\n<p>Havanna, die wundersch\u00f6ne Hauptstadt Kubas, ist ein magischer Ort, um Ihre Hochzeit zu feiern. Mit seinem kolonialen Charme, den gepflasterten Stra\u00dfen und der reichen Kultur bietet Havanna eine gro\u00dfe Auswahl an geeigneten Veranstaltungsorten und Hochzeitsplanungsdiensten, um Ihren besonderen Tag perfekt zu machen.<\/p>\n<p><a href=\"https:\/\/cubaweddingpackages.com\/de\/hochzeitsveranstalter-in-kuba\/\"><img decoding=\"async\" class=\"aligncenter wp-image-8201 size-full\" src=\"http:\/\/cubaweddingpackages.com\/wp-content\/uploads\/2024\/03\/Boda-tematica.jpg\" alt=\"Motto-Hochzeit\" width=\"1024\" height=\"730\" srcset=\"https:\/\/cubaweddingpackages.com\/wp-content\/uploads\/2024\/03\/Boda-tematica.jpg 1024w, https:\/\/cubaweddingpackages.com\/wp-content\/uploads\/2024\/03\/Boda-tematica-300x214.jpg 300w, https:\/\/cubaweddingpackages.com\/wp-content\/uploads\/2024\/03\/Boda-tematica-768x548.jpg 768w\" sizes=\"(max-width: 1024px) 100vw, 1024px\" \/><\/a>[\/vc_column_text][vc_column_text]<\/p>\n<h2>Charmante Hotels f\u00fcr unvergessliche Hochzeiten<\/h2>\n<p>Wenn Sie auf der Suche nach einem einzigartigen und eleganten Ort f\u00fcr Ihre Hochzeit sind, sind charmante Hotels in Havanna eine ausgezeichnete Wahl. Diese Hotels bieten wundersch\u00f6ne G\u00e4rten, Terrassen mit Panoramablick und pr\u00e4chtige Banketts\u00e4le, in denen Sie Ihre Zeremonie und Ihren Empfang ausrichten k\u00f6nnen.<\/p>\n<p>Einige Hotels bieten sogar die M\u00f6glichkeit, Strandhochzeiten auszurichten, f\u00fcr diejenigen, die von einer romantischen Hochzeit am Meer tr\u00e4umen. Stellen Sie sich vor, Sie sagen \u201eJa\u201c, w\u00e4hrend die Sonne \u00fcber dem Meer untergeht und die Meeresbrise Ihre Haut streichelt.[\/vc_column_text][vc_column_text]<\/p>\n<h2>Historische Orte f\u00fcr eine Hochzeit mit kolonialem Charme<\/h2>\n<p>Havanna ist voller historischer Orte, die den perfekten Rahmen f\u00fcr Ihre Hochzeit bilden k\u00f6nnen. Von alten Herrenh\u00e4usern aus der Kolonialzeit bis hin zu Festungen und Schl\u00f6ssern \u2013 diese Orte werden Sie in eine andere Zeit entf\u00fchren und Ihrer Feier einen Hauch von Charme und Eleganz verleihen.<\/p>\n<p>Stellen Sie sich vor, Sie w\u00fcrden in einer wundersch\u00f6nen Kolonialkirche heiraten, umgeben von alter Architektur und \u00fcppigen G\u00e4rten. Oder vielleicht bevorzugen Sie eine Hochzeit im Freien im Garten eines alten Herrenhauses, umgeben von Geschichte und Sch\u00f6nheit.<\/p>\n<p><a href=\"https:\/\/cubaweddingpackages.com\/de\/hochzeitsveranstalter-in-kuba\/\"><img decoding=\"async\" class=\"aligncenter wp-image-8590 size-full\" src=\"http:\/\/cubaweddingpackages.com\/wp-content\/uploads\/2024\/03\/Locaciones-de-bodas.jpg\" alt=\"Hochzeitsorte\" width=\"589\" height=\"509\" srcset=\"https:\/\/cubaweddingpackages.com\/wp-content\/uploads\/2024\/03\/Locaciones-de-bodas.jpg 589w, https:\/\/cubaweddingpackages.com\/wp-content\/uploads\/2024\/03\/Locaciones-de-bodas-300x259.jpg 300w\" sizes=\"(max-width: 589px) 100vw, 589px\" \/><\/a>[\/vc_column_text][vc_column_text]<\/p>\n<h2>Restaurants mit exquisiter K\u00fcche f\u00fcr eine Gourmet-Hochzeit<\/h2>\n<p>Wenn Sie gutes Essen lieben, bietet Havanna eine gro\u00dfe Auswahl an Restaurants mit exquisiter K\u00fcche, die den perfekten Rahmen f\u00fcr Ihre Hochzeit bilden k\u00f6nnen. Diese Restaurants bieten personalisierte Men\u00fcs, Qualit\u00e4tsweine und eine elegante Atmosph\u00e4re, damit Sie an Ihrem besonderen Tag ein unvergessliches kulinarisches Erlebnis genie\u00dfen k\u00f6nnen.<\/p>\n<p>Stellen Sie sich vor, Sie feiern Ihre Hochzeit in einem Restaurant mit Meerblick und genie\u00dfen k\u00f6stliche kubanische Gerichte und perfekte Kombinationen. Oder vielleicht bevorzugen Sie ein Restaurant im Herzen der Stadt, umgeben von der Energie und Freude Havannas.[\/vc_column_text][vc_column_text]<\/p>\n<h2>Finden Sie Hochzeitsplanungsdienste in Havanna<\/h2>\n<p>Neben der Suche nach dem perfekten Ort f\u00fcr Ihre Hochzeit in Havanna ist es auch wichtig, \u00fcber zuverl\u00e4ssige und professionelle Hochzeitsplanungsdienste zu verf\u00fcgen. Diese Dienste helfen Ihnen bei der Planung und Koordinierung aller Details Ihrer Hochzeit, damit Sie einen Tag ohne Stress und Sorgen genie\u00dfen k\u00f6nnen.<\/p>\n<p>Von der Auswahl der Lieferanten bis hin zu Dekoration, Musik und Transport k\u00fcmmern sich die Hochzeitsplanungsdienste in Havanna um alles, damit Sie und Ihre Lieben einen unvergesslichen Tag genie\u00dfen k\u00f6nnen.<\/p>\n<p>Dar\u00fcber hinaus k\u00f6nnen diese Dienste Ihnen dabei helfen, die rechtlichen und b\u00fcrokratischen Anforderungen f\u00fcr eine Heirat in Kuba zu erf\u00fcllen, sicherzustellen, dass alles in Ordnung ist und R\u00fcckschl\u00e4ge vermieden werden.[\/vc_column_text][\/vc_column][\/vc_row]<\/p>\n<\/div>","protected":false},"excerpt":{"rendered":"<p>[vc_row][vc_column][vc_column_text] Finden Sie die perfekten Orte f\u00fcr Ihre Hochzeit in Havanna, Kuba Havanna, die wundersch\u00f6ne Hauptstadt Kubas, ist ein magischer [&hellip;]<\/p>\n","protected":false},"author":5,"featured_media":5321,"parent":0,"menu_order":0,"comment_status":"closed","ping_status":"closed","template":"","meta":{"_joinchat":[],"footnotes":""},"class_list":["post-8604","page","type-page","status-publish","has-post-thumbnail","hentry"],"yoast_head":"<!-- This site is optimized with the Yoast SEO plugin v27.3 - https:\/\/yoast.com\/product\/yoast-seo-wordpress\/ -->\n<title>Perfekte Orte f\u00fcr Ihre Hochzeit in Havanna, Kuba<\/title>\n<meta name=\"description\" content=\"Havanna erwartet Sie: Feiern Sie Ihre Hochzeit in Hotels mit Aussicht und Gourmetrestaurants f\u00fcr unvergessliche Hochzeiten. klicken Sie hier\" \/>\n<meta name=\"robots\" content=\"index, follow, max-snippet:-1, max-image-preview:large, max-video-preview:-1\" \/>\n<link rel=\"canonical\" href=\"https:\/\/cubaweddingpackages.com\/de\/perfekte-orte-fuer-ihre-hochzeit-in-havanna-kuba\/\" \/>\n<meta property=\"og:locale\" content=\"de_DE\" \/>\n<meta property=\"og:type\" content=\"article\" \/>\n<meta property=\"og:title\" content=\"Perfekte Orte f\u00fcr Ihre Hochzeit in Havanna, Kuba\" \/>\n<meta property=\"og:description\" content=\"Havanna erwartet Sie: Feiern Sie Ihre Hochzeit in Hotels mit Aussicht und Gourmetrestaurants f\u00fcr unvergessliche Hochzeiten. klicken Sie hier\" \/>\n<meta property=\"og:url\" content=\"https:\/\/cubaweddingpackages.com\/de\/perfekte-orte-fuer-ihre-hochzeit-in-havanna-kuba\/\" \/>\n<meta property=\"og:site_name\" content=\"Wedding Packages in Cuba\" \/>\n<meta property=\"article:publisher\" content=\"https:\/\/www.facebook.com\/BodasEnCubaV\" \/>\n<meta property=\"og:image\" content=\"https:\/\/cubaweddingpackages.com\/wp-content\/uploads\/2023\/11\/Matrimonio-Boda-en-el-Hotel-Nacional-de-Cuba.jpg\" \/>\n\t<meta property=\"og:image:width\" content=\"1080\" \/>\n\t<meta property=\"og:image:height\" content=\"1440\" \/>\n\t<meta property=\"og:image:type\" content=\"image\/jpeg\" \/>\n<meta name=\"twitter:label1\" content=\"Gesch\u00e4tzte Lesezeit\" \/>\n\t<meta name=\"twitter:data1\" content=\"3\u00a0Minuten\" \/>\n<script type=\"application\/ld+json\" class=\"yoast-schema-graph\">{\"@context\":\"https:\\\/\\\/schema.org\",\"@graph\":[{\"@type\":\"WebPage\",\"@id\":\"https:\\\/\\\/cubaweddingpackages.com\\\/de\\\/perfekte-orte-fuer-ihre-hochzeit-in-havanna-kuba\\\/\",\"url\":\"https:\\\/\\\/cubaweddingpackages.com\\\/de\\\/perfekte-orte-fuer-ihre-hochzeit-in-havanna-kuba\\\/\",\"name\":\"Perfekte Orte f\u00fcr Ihre Hochzeit in Havanna, Kuba\",\"isPartOf\":{\"@id\":\"https:\\\/\\\/cubaweddingpackages.com\\\/de\\\/#website\"},\"primaryImageOfPage\":{\"@id\":\"https:\\\/\\\/cubaweddingpackages.com\\\/de\\\/perfekte-orte-fuer-ihre-hochzeit-in-havanna-kuba\\\/#primaryimage\"},\"image\":{\"@id\":\"https:\\\/\\\/cubaweddingpackages.com\\\/de\\\/perfekte-orte-fuer-ihre-hochzeit-in-havanna-kuba\\\/#primaryimage\"},\"thumbnailUrl\":\"https:\\\/\\\/cubaweddingpackages.com\\\/wp-content\\\/uploads\\\/2023\\\/11\\\/Matrimonio-Boda-en-el-Hotel-Nacional-de-Cuba.jpg\",\"datePublished\":\"2024-03-26T15:31:09+00:00\",\"description\":\"Havanna erwartet Sie: Feiern Sie Ihre Hochzeit in Hotels mit Aussicht und Gourmetrestaurants f\u00fcr unvergessliche Hochzeiten. klicken Sie hier\",\"breadcrumb\":{\"@id\":\"https:\\\/\\\/cubaweddingpackages.com\\\/de\\\/perfekte-orte-fuer-ihre-hochzeit-in-havanna-kuba\\\/#breadcrumb\"},\"inLanguage\":\"de\",\"potentialAction\":[{\"@type\":\"ReadAction\",\"target\":[\"https:\\\/\\\/cubaweddingpackages.com\\\/de\\\/perfekte-orte-fuer-ihre-hochzeit-in-havanna-kuba\\\/\"]}]},{\"@type\":\"ImageObject\",\"inLanguage\":\"de\",\"@id\":\"https:\\\/\\\/cubaweddingpackages.com\\\/de\\\/perfekte-orte-fuer-ihre-hochzeit-in-havanna-kuba\\\/#primaryimage\",\"url\":\"https:\\\/\\\/cubaweddingpackages.com\\\/wp-content\\\/uploads\\\/2023\\\/11\\\/Matrimonio-Boda-en-el-Hotel-Nacional-de-Cuba.jpg\",\"contentUrl\":\"https:\\\/\\\/cubaweddingpackages.com\\\/wp-content\\\/uploads\\\/2023\\\/11\\\/Matrimonio-Boda-en-el-Hotel-Nacional-de-Cuba.jpg\",\"width\":1080,\"height\":1440,\"caption\":\"perfekte Orte f\u00fcr Ihre Hochzeit\"},{\"@type\":\"BreadcrumbList\",\"@id\":\"https:\\\/\\\/cubaweddingpackages.com\\\/de\\\/perfekte-orte-fuer-ihre-hochzeit-in-havanna-kuba\\\/#breadcrumb\",\"itemListElement\":[{\"@type\":\"ListItem\",\"position\":1,\"name\":\"Home\",\"item\":\"https:\\\/\\\/cubaweddingpackages.com\\\/de\\\/\"},{\"@type\":\"ListItem\",\"position\":2,\"name\":\"Perfekte Orte f\u00fcr Ihre Hochzeit in Havanna, Kuba\"}]},{\"@type\":\"WebSite\",\"@id\":\"https:\\\/\\\/cubaweddingpackages.com\\\/de\\\/#website\",\"url\":\"https:\\\/\\\/cubaweddingpackages.com\\\/de\\\/\",\"name\":\"Wedding Packages in Cuba\",\"description\":\"Best Wedding Packages\",\"potentialAction\":[{\"@type\":\"SearchAction\",\"target\":{\"@type\":\"EntryPoint\",\"urlTemplate\":\"https:\\\/\\\/cubaweddingpackages.com\\\/de\\\/?s={search_term_string}\"},\"query-input\":{\"@type\":\"PropertyValueSpecification\",\"valueRequired\":true,\"valueName\":\"search_term_string\"}}],\"inLanguage\":\"de\"}]}<\/script>\n<!-- \/ Yoast SEO plugin. -->","yoast_head_json":{"title":"Perfekte Orte f\u00fcr Ihre Hochzeit in Havanna, Kuba","description":"Havanna erwartet Sie: Feiern Sie Ihre Hochzeit in Hotels mit Aussicht und Gourmetrestaurants f\u00fcr unvergessliche Hochzeiten. klicken Sie hier","robots":{"index":"index","follow":"follow","max-snippet":"max-snippet:-1","max-image-preview":"max-image-preview:large","max-video-preview":"max-video-preview:-1"},"canonical":"https:\/\/cubaweddingpackages.com\/de\/perfekte-orte-fuer-ihre-hochzeit-in-havanna-kuba\/","og_locale":"de_DE","og_type":"article","og_title":"Perfekte Orte f\u00fcr Ihre Hochzeit in Havanna, Kuba","og_description":"Havanna erwartet Sie: Feiern Sie Ihre Hochzeit in Hotels mit Aussicht und Gourmetrestaurants f\u00fcr unvergessliche Hochzeiten. klicken Sie hier","og_url":"https:\/\/cubaweddingpackages.com\/de\/perfekte-orte-fuer-ihre-hochzeit-in-havanna-kuba\/","og_site_name":"Wedding Packages in Cuba","article_publisher":"https:\/\/www.facebook.com\/BodasEnCubaV","og_image":[{"width":1080,"height":1440,"url":"https:\/\/cubaweddingpackages.com\/wp-content\/uploads\/2023\/11\/Matrimonio-Boda-en-el-Hotel-Nacional-de-Cuba.jpg","type":"image\/jpeg"}],"twitter_misc":{"Gesch\u00e4tzte Lesezeit":"3\u00a0Minuten"},"schema":{"@context":"https:\/\/schema.org","@graph":[{"@type":"WebPage","@id":"https:\/\/cubaweddingpackages.com\/de\/perfekte-orte-fuer-ihre-hochzeit-in-havanna-kuba\/","url":"https:\/\/cubaweddingpackages.com\/de\/perfekte-orte-fuer-ihre-hochzeit-in-havanna-kuba\/","name":"Perfekte Orte f\u00fcr Ihre Hochzeit in Havanna, Kuba","isPartOf":{"@id":"https:\/\/cubaweddingpackages.com\/de\/#website"},"primaryImageOfPage":{"@id":"https:\/\/cubaweddingpackages.com\/de\/perfekte-orte-fuer-ihre-hochzeit-in-havanna-kuba\/#primaryimage"},"image":{"@id":"https:\/\/cubaweddingpackages.com\/de\/perfekte-orte-fuer-ihre-hochzeit-in-havanna-kuba\/#primaryimage"},"thumbnailUrl":"https:\/\/cubaweddingpackages.com\/wp-content\/uploads\/2023\/11\/Matrimonio-Boda-en-el-Hotel-Nacional-de-Cuba.jpg","datePublished":"2024-03-26T15:31:09+00:00","description":"Havanna erwartet Sie: Feiern Sie Ihre Hochzeit in Hotels mit Aussicht und Gourmetrestaurants f\u00fcr unvergessliche Hochzeiten. klicken Sie hier","breadcrumb":{"@id":"https:\/\/cubaweddingpackages.com\/de\/perfekte-orte-fuer-ihre-hochzeit-in-havanna-kuba\/#breadcrumb"},"inLanguage":"de","potentialAction":[{"@type":"ReadAction","target":["https:\/\/cubaweddingpackages.com\/de\/perfekte-orte-fuer-ihre-hochzeit-in-havanna-kuba\/"]}]},{"@type":"ImageObject","inLanguage":"de","@id":"https:\/\/cubaweddingpackages.com\/de\/perfekte-orte-fuer-ihre-hochzeit-in-havanna-kuba\/#primaryimage","url":"https:\/\/cubaweddingpackages.com\/wp-content\/uploads\/2023\/11\/Matrimonio-Boda-en-el-Hotel-Nacional-de-Cuba.jpg","contentUrl":"https:\/\/cubaweddingpackages.com\/wp-content\/uploads\/2023\/11\/Matrimonio-Boda-en-el-Hotel-Nacional-de-Cuba.jpg","width":1080,"height":1440,"caption":"perfekte Orte f\u00fcr Ihre Hochzeit"},{"@type":"BreadcrumbList","@id":"https:\/\/cubaweddingpackages.com\/de\/perfekte-orte-fuer-ihre-hochzeit-in-havanna-kuba\/#breadcrumb","itemListElement":[{"@type":"ListItem","position":1,"name":"Home","item":"https:\/\/cubaweddingpackages.com\/de\/"},{"@type":"ListItem","position":2,"name":"Perfekte Orte f\u00fcr Ihre Hochzeit in Havanna, Kuba"}]},{"@type":"WebSite","@id":"https:\/\/cubaweddingpackages.com\/de\/#website","url":"https:\/\/cubaweddingpackages.com\/de\/","name":"Wedding Packages in Cuba","description":"Best Wedding Packages","potentialAction":[{"@type":"SearchAction","target":{"@type":"EntryPoint","urlTemplate":"https:\/\/cubaweddingpackages.com\/de\/?s={search_term_string}"},"query-input":{"@type":"PropertyValueSpecification","valueRequired":true,"valueName":"search_term_string"}}],"inLanguage":"de"}]}},"_links":{"self":[{"href":"https:\/\/cubaweddingpackages.com\/de\/wp-json\/wp\/v2\/pages\/8604","targetHints":{"allow":["GET"]}}],"collection":[{"href":"https:\/\/cubaweddingpackages.com\/de\/wp-json\/wp\/v2\/pages"}],"about":[{"href":"https:\/\/cubaweddingpackages.com\/de\/wp-json\/wp\/v2\/types\/page"}],"author":[{"embeddable":true,"href":"https:\/\/cubaweddingpackages.com\/de\/wp-json\/wp\/v2\/users\/5"}],"replies":[{"embeddable":true,"href":"https:\/\/cubaweddingpackages.com\/de\/wp-json\/wp\/v2\/comments?post=8604"}],"version-history":[{"count":2,"href":"https:\/\/cubaweddingpackages.com\/de\/wp-json\/wp\/v2\/pages\/8604\/revisions"}],"predecessor-version":[{"id":8619,"href":"https:\/\/cubaweddingpackages.com\/de\/wp-json\/wp\/v2\/pages\/8604\/revisions\/8619"}],"wp:featuredmedia":[{"embeddable":true,"href":"https:\/\/cubaweddingpackages.com\/de\/wp-json\/wp\/v2\/media\/5321"}],"wp:attachment":[{"href":"https:\/\/cubaweddingpackages.com\/de\/wp-json\/wp\/v2\/media?parent=8604"}],"curies":[{"name":"wp","href":"https:\/\/api.w.org\/{rel}","templated":true}]}}