{"id":590,"date":"2021-06-25T20:17:31","date_gmt":"2021-06-25T20:17:31","guid":{"rendered":"http:\/\/localhost\/cubaweddingpackages.com\/contact-forfaits-mariage-a-cuba\/"},"modified":"2024-10-30T15:04:46","modified_gmt":"2024-10-30T15:04:46","slug":"contact-forfaits-mariage-a-cuba","status":"publish","type":"page","link":"https:\/\/cubaweddingpackages.com\/fr\/contact-forfaits-mariage-a-cuba\/","title":{"rendered":"Contact Forfaits mariage \u00e0 Cuba"},"content":{"rendered":"<div class=\"wpb-content-wrapper\"><p>[vc_row full_width=&#8221;stretch_row&#8221; css=&#8221;.vc_custom_1555664963336{margin-top: -50px !important;background-color: #f5f5f5 !important;}&#8221;][vc_column css=&#8221;.vc_custom_1555664781539{padding-right: 0px !important;padding-left: 0px !important;}&#8221;][vc_row_inner css=&#8221;.vc_custom_1555664968490{padding-top: 100px !important;padding-bottom: 70px !important;}&#8221;][vc_column_inner width=&#8221;1\/3&#8243;]<div class=\"cb-container cb-cont-left\" style=\"background-color:#fff;\" ><a href=\"https:\/\/cubaweddingpackages.com\/fr\/organisateurs-de-mariage-a-cuba\/\" target=\"\"><div class=\"cb-img-area\"><\/div><div class=\"cb-text-area\">\n                    <h4 class=\"cb-heading \" >Nous sommes \u00e0 votre service<\/h4><p >\u00c9crivez-nous et posez vos questions, nous vous contacterons dans les plus brefs d\u00e9lais.<\/p><\/div><\/a><\/div>[\/vc_column_inner][vc_column_inner width=&#8221;1\/3&#8243;]<div class=\"cb-container cb-cont-left\" style=\"background-color:#fff;\" ><a href=\"https:\/\/cubaweddingpackages.com\/fr\/organisateurs-de-mariage-a-cuba\/\" target=\"\"><div class=\"cb-img-area\"><\/div><div class=\"cb-text-area\">\n                    <h4 class=\"cb-heading \" >Utilisez le formulaire de contact<\/h4><p >Fournissez toutes les informations n\u00e9cessaires dans nos formulaires de contact.<\/p><\/div><\/a><\/div>[\/vc_column_inner][vc_column_inner width=&#8221;1\/3&#8243;]<div class=\"cb-container cb-cont-left\" style=\"background-color:#fff;\" ><a href=\"https:\/\/cubaweddingpackages.com\/fr\/organisateurs-de-mariage-a-cuba\/\" target=\"\"><div class=\"cb-img-area\"><\/div><div class=\"cb-text-area\">\n                    <h4 class=\"cb-heading \" >\u00c0 propos de nos services<\/h4><p >Ajoutez les services que vous souhaitez et dont vous avez besoin pour vivre une exp\u00e9rience unique.<\/p><\/div><\/a><\/div>[\/vc_column_inner][\/vc_row_inner][\/vc_column][\/vc_row][vc_row full_width=&#8221;stretch_row&#8221;][vc_column css=&#8221;.vc_custom_1516095665984{padding-right: 0px !important;padding-left: 0px !important;}&#8221;][vc_row_inner css=&#8221;.vc_custom_1556019873852{padding-bottom: 0px !important;}&#8221;][vc_column_inner css=&#8221;.vc_custom_1666565011749{padding-bottom: 100px !important;padding-left: 15px !important;}&#8221; offset=&#8221;vc_col-lg-12 vc_col-md-12&#8243;]<header class=\"kd-section-title col-lg-12 text-left    \" ><h2 class=\"separator_off\" >Contactez-nous<\/h2><h6 class=\"subtitle \" >Gr\u00e2ce au formulaire de contact, vous pouvez commander le forfait mariage \u00e0 Cuba que vous souhaitez avec les services en fonction de vos besoins.<\/h6><\/header>[vc_empty_space height=&#8221;10px&#8221;]<div class=\"kd-contact-form full-width-cf white-input-bg\" >\n<div class=\"wpcf7 no-js\" id=\"wpcf7-f2567-o1\" lang=\"en-US\" dir=\"ltr\" data-wpcf7-id=\"2567\">\n<div class=\"screen-reader-response\"><p role=\"status\" aria-live=\"polite\" aria-atomic=\"true\"><\/p> <ul><\/ul><\/div>\n<form action=\"\/fr\/wp-json\/wp\/v2\/pages\/590#wpcf7-f2567-o1\" method=\"post\" class=\"wpcf7-form init cf7mls-no-scroll cf7mls-auto-return-first-step cf7mls-no-moving-animation\" aria-label=\"Contact form\" novalidate=\"novalidate\" data-status=\"init\">\n<fieldset class=\"hidden-fields-container\"><input type=\"hidden\" name=\"_wpcf7\" value=\"2567\" \/><input type=\"hidden\" name=\"_wpcf7_version\" value=\"6.1.5\" \/><input type=\"hidden\" name=\"_wpcf7_locale\" value=\"en_US\" \/><input type=\"hidden\" name=\"_wpcf7_unit_tag\" value=\"wpcf7-f2567-o1\" \/><input type=\"hidden\" name=\"_wpcf7_container_post\" value=\"0\" \/><input type=\"hidden\" name=\"_wpcf7_posted_data_hash\" value=\"\" \/><input type=\"hidden\" name=\"_wpcf7cf_hidden_group_fields\" value=\"[]\" \/><input type=\"hidden\" name=\"_wpcf7cf_hidden_groups\" value=\"[]\" \/><input type=\"hidden\" name=\"_wpcf7cf_visible_groups\" value=\"[]\" \/><input type=\"hidden\" name=\"_wpcf7cf_repeaters\" value=\"[]\" \/><input type=\"hidden\" name=\"_wpcf7cf_steps\" value=\"{}\" \/><input type=\"hidden\" name=\"_wpcf7cf_options\" value=\"{&quot;form_id&quot;:2567,&quot;conditions&quot;:[{&quot;then_field&quot;:&quot;group-135&quot;,&quot;and_rules&quot;:[{&quot;if_field&quot;:&quot;menu-54&quot;,&quot;operator&quot;:&quot;equals&quot;,&quot;if_value&quot;:&quot;Yes&quot;}]}],&quot;settings&quot;:{&quot;animation&quot;:&quot;yes&quot;,&quot;animation_intime&quot;:&quot;200&quot;,&quot;animation_outtime&quot;:&quot;200&quot;,&quot;conditions_ui&quot;:&quot;normal&quot;,&quot;notice_dismissed&quot;:&quot;&quot;}}\" \/>\n<\/fieldset>\n<p><span class=\"wpcf7-form-control-wrap\" data-name=\"your-name\"><input size=\"40\" maxlength=\"400\" class=\"wpcf7-form-control wpcf7-text wpcf7-validates-as-required\" aria-required=\"true\" aria-invalid=\"false\" placeholder=\"Nom complet\" value=\"\" type=\"text\" name=\"your-name\" \/><\/span><br \/>\n<span class=\"wpcf7-form-control-wrap\" data-name=\"your-email\"><input size=\"40\" maxlength=\"400\" class=\"wpcf7-form-control wpcf7-email wpcf7-validates-as-required wpcf7-text wpcf7-validates-as-email\" aria-required=\"true\" aria-invalid=\"false\" placeholder=\"Votre email\" value=\"\" type=\"email\" name=\"your-email\" \/><\/span><br \/>\n<Label><b>Pay<\/b><\/label><br \/>\n<span class=\"wpcf7-form-control-wrap\" data-name=\"countrytext-708\"><input size=\"40\" class=\"wpcf7-form-control wpcf7-countrytext wpcf7-validates-as-required wpcf7-text wpcf7-validates-as-countrytext\" aria-required=\"true\" aria-invalid=\"false\" placeholder=\"\" value=\"\" type=\"text\" name=\"countrytext-708\" \/><\/span><br \/>\n<Label><b>T\u00e9l\u00e9phone<\/b><\/label><br \/>\n<span class=\"wpcf7-form-control-wrap\" data-name=\"phonetext-824\"><input size=\"40\" class=\"wpcf7-form-control wpcf7-phonetext wpcf7-validates-as-required wpcf7-text wpcf7-validates-as-phonetext\" aria-required=\"true\" aria-invalid=\"false\" placeholder=\"\" value=\"\" type=\"text\" name=\"phonetext-824\" \/><input type=\"hidden\" name=\"phonetext-824-country-code\" class=\"wpcf7-phonetext-country-code\" \/><\/span><br \/>\n<Label> <\/label>\n<\/p>\n<p><span class=\"wpcf7-form-control-wrap\" data-name=\"menu-97\"><select class=\"wpcf7-form-control wpcf7-select wpcf7-validates-as-required\" aria-required=\"true\" aria-invalid=\"false\" name=\"menu-97\"><option value=\"Type d&#039;\u00e9v\u00e9nement :\">Type d&#039;\u00e9v\u00e9nement :<\/option><option value=\"Mariage\">Mariage<\/option><option value=\"R\u00e9novation des votes\">R\u00e9novation des votes<\/option><option value=\"Entreprise\">Entreprise<\/option><option value=\"\u00c9v\u00e9nement priv\u00e9 - F\u00eate\">\u00c9v\u00e9nement priv\u00e9 - F\u00eate<\/option><option value=\"\u00c9v\u00e9nement professionnel\">\u00c9v\u00e9nement professionnel<\/option><option value=\"Anniversaire des enfants\">Anniversaire des enfants<\/option><option value=\"F\u00eate du 15e anniversaire\">F\u00eate du 15e anniversaire<\/option><\/select><\/span><br \/>\n<span class=\"wpcf7-form-control-wrap\" data-name=\"Nombredeclients\"><input class=\"wpcf7-form-control wpcf7-number wpcf7-validates-as-required wpcf7-validates-as-number\" aria-required=\"true\" aria-invalid=\"false\" placeholder=\"Nombre de clients\" value=\"\" type=\"number\" name=\"Nombredeclients\" \/><\/span><br \/>\n<span class=\"wpcf7-form-control-wrap\" data-name=\"date-827\"><input class=\"wpcf7-form-control wpcf7-date wpcf7-validates-as-required wpcf7-validates-as-date\" aria-required=\"true\" aria-invalid=\"false\" placeholder=\"Date\" value=\"\" type=\"date\" name=\"date-827\" \/><\/span>\n<\/p>\n<p><span id=\"wpcf7-69f44c53dc212-wrapper\" class=\"wpcf7-form-control-wrap honeypot-352-wrap\" style=\"display:none !important; visibility:hidden !important;\"><label for=\"wpcf7-69f44c53dc212-field\" class=\"hp-message\">Please leave this field empty.<\/label><input id=\"wpcf7-69f44c53dc212-field\"  class=\"wpcf7-form-control wpcf7-text\" type=\"text\" name=\"honeypot-352\" value=\"\" size=\"40\" tabindex=\"-1\" autocomplete=\"new-password\" \/><\/span>\n<\/p>\n<h6> Lieu pr\u00e9f\u00e9r\u00e9 pour l'\u00e9v\u00e9nement\u00a0:\n<\/h6>\n<p><span class=\"wpcf7-form-control-wrap\" data-name=\"radio-644\"><span class=\"wpcf7-form-control wpcf7-radio\"><span class=\"wpcf7-list-item first\"><label><input type=\"radio\" name=\"radio-644\" value=\"H\u00f4tel\" \/><span class=\"wpcf7-list-item-label\">H\u00f4tel<\/span><\/label><\/span><span class=\"wpcf7-list-item\"><label><input type=\"radio\" name=\"radio-644\" value=\"Maison ou villa priv\u00e9e\" \/><span class=\"wpcf7-list-item-label\">Maison ou villa priv\u00e9e<\/span><\/label><\/span><span class=\"wpcf7-list-item\"><label><input type=\"radio\" name=\"radio-644\" value=\"Cour\" \/><span class=\"wpcf7-list-item-label\">Cour<\/span><\/label><\/span><span class=\"wpcf7-list-item\"><label><input type=\"radio\" name=\"radio-644\" value=\"Salon pour \u00e9v\u00e9nements\" \/><span class=\"wpcf7-list-item-label\">Salon pour \u00e9v\u00e9nements<\/span><\/label><\/span><span class=\"wpcf7-list-item\"><label><input type=\"radio\" name=\"radio-644\" value=\"Plage\" \/><span class=\"wpcf7-list-item-label\">Plage<\/span><\/label><\/span><span class=\"wpcf7-list-item\"><label><input type=\"radio\" name=\"radio-644\" value=\"Restaurant\" \/><span class=\"wpcf7-list-item-label\">Restaurant<\/span><\/label><\/span><span class=\"wpcf7-list-item last\"><label><input type=\"radio\" name=\"radio-644\" value=\"\u00c9glise\" \/><span class=\"wpcf7-list-item-label\">\u00c9glise<\/span><\/label><\/span><\/span><\/span>\n<\/p>\n<p><span class=\"wpcf7-form-control-wrap\" data-name=\"menu-959\"><select class=\"wpcf7-form-control wpcf7-select wpcf7-validates-as-required\" aria-required=\"true\" aria-invalid=\"false\" name=\"menu-959\"><option value=\"Style d&#039;\u00e9v\u00e9nement :\">Style d&#039;\u00e9v\u00e9nement :<\/option><option value=\"Classique\">Classique<\/option><option value=\"Romantique\">Romantique<\/option><option value=\"Vintage\">Vintage<\/option><option value=\"Campagne - Rustique\">Campagne - Rustique<\/option><option value=\"Shabby chic\">Shabby chic<\/option><option value=\"Boho chic\">Boho chic<\/option><option value=\"\u00c9clectique\">\u00c9clectique<\/option><option value=\"! Aidez-moi! Je n&#039;ai pas de style\">! Aidez-moi! Je n&#039;ai pas de style<\/option><\/select><\/span>\n<\/p>\n<h6> Services \u00e9v\u00e9nementiels\u00a0:\n<\/h6>\n<p><span class=\"wpcf7-form-control-wrap\" data-name=\"checkbox-721\"><span class=\"wpcf7-form-control wpcf7-checkbox\"><span class=\"wpcf7-list-item first\"><label><input type=\"checkbox\" name=\"checkbox-721[]\" value=\"D\u00e9coration\" \/><span class=\"wpcf7-list-item-label\">D\u00e9coration<\/span><\/label><\/span><span class=\"wpcf7-list-item\"><label><input type=\"checkbox\" name=\"checkbox-721[]\" value=\"Organisation\" \/><span class=\"wpcf7-list-item-label\">Organisation<\/span><\/label><\/span><span class=\"wpcf7-list-item\"><label><input type=\"checkbox\" name=\"checkbox-721[]\" value=\"Traiteur\" \/><span class=\"wpcf7-list-item-label\">Traiteur<\/span><\/label><\/span><span class=\"wpcf7-list-item\"><label><input type=\"checkbox\" name=\"checkbox-721[]\" value=\"P\u00e2tisserie\" \/><span class=\"wpcf7-list-item-label\">P\u00e2tisserie<\/span><\/label><\/span><span class=\"wpcf7-list-item\"><label><input type=\"checkbox\" name=\"checkbox-721[]\" value=\"Photographie\" \/><span class=\"wpcf7-list-item-label\">Photographie<\/span><\/label><\/span><span class=\"wpcf7-list-item\"><label><input type=\"checkbox\" name=\"checkbox-721[]\" value=\"Vid\u00e9o\" \/><span class=\"wpcf7-list-item-label\">Vid\u00e9o<\/span><\/label><\/span><span class=\"wpcf7-list-item\"><label><input type=\"checkbox\" name=\"checkbox-721[]\" value=\"Ma\u00eetre de c\u00e9r\u00e9monie\" \/><span class=\"wpcf7-list-item-label\">Ma\u00eetre de c\u00e9r\u00e9monie<\/span><\/label><\/span><span class=\"wpcf7-list-item\"><label><input type=\"checkbox\" name=\"checkbox-721[]\" value=\"Notaire\" \/><span class=\"wpcf7-list-item-label\">Notaire<\/span><\/label><\/span><span class=\"wpcf7-list-item\"><label><input type=\"checkbox\" name=\"checkbox-721[]\" value=\"Maquillage et coiffure\" \/><span class=\"wpcf7-list-item-label\">Maquillage et coiffure<\/span><\/label><\/span><span class=\"wpcf7-list-item\"><label><input type=\"checkbox\" name=\"checkbox-721[]\" value=\"Musique enregistr\u00e9e, DJ\" \/><span class=\"wpcf7-list-item-label\">Musique enregistr\u00e9e, DJ<\/span><\/label><\/span><span class=\"wpcf7-list-item\"><label><input type=\"checkbox\" name=\"checkbox-721[]\" value=\"Anneaux de fian\u00e7ailles\" \/><span class=\"wpcf7-list-item-label\">Anneaux de fian\u00e7ailles<\/span><\/label><\/span><span class=\"wpcf7-list-item\"><label><input type=\"checkbox\" name=\"checkbox-721[]\" value=\"Costumes\" \/><span class=\"wpcf7-list-item-label\">Costumes<\/span><\/label><\/span><span class=\"wpcf7-list-item\"><label><input type=\"checkbox\" name=\"checkbox-721[]\" value=\"Band\" \/><span class=\"wpcf7-list-item-label\">Band<\/span><\/label><\/span><span class=\"wpcf7-list-item\"><label><input type=\"checkbox\" name=\"checkbox-721[]\" value=\"Voitures de location\" \/><span class=\"wpcf7-list-item-label\">Voitures de location<\/span><\/label><\/span><span class=\"wpcf7-list-item last\"><label><input type=\"checkbox\" name=\"checkbox-721[]\" value=\"Tour\" \/><span class=\"wpcf7-list-item-label\">Tour<\/span><\/label><\/span><\/span><\/span><br \/>\n<span class=\"wpcf7-form-control-wrap\" data-name=\"menu-54\"><select class=\"wpcf7-form-control wpcf7-select wpcf7-validates-as-required\" aria-required=\"true\" aria-invalid=\"false\" name=\"menu-54\"><option value=\"Voulez-vous un h\u00e9bergement ?\">Voulez-vous un h\u00e9bergement ?<\/option><option value=\"Yes\">Yes<\/option><option value=\"No\">No<\/option><\/select><\/span>\n<\/p>\n<div data-id=\"group-135\" data-orig_data_id=\"group-135\"  class=\"\" data-class=\"wpcf7cf_group\">\n\t<p><span class=\"wpcf7-form-control-wrap\" data-name=\"text-827\"><input size=\"40\" maxlength=\"400\" class=\"wpcf7-form-control wpcf7-text\" aria-invalid=\"false\" placeholder=\"Nombre de pi\u00e8ces :\" value=\"\" type=\"text\" name=\"text-827\" \/><\/span><br \/>\nDate d'entr\u00e9e dans le logement :<br \/>\n<span class=\"wpcf7-form-control-wrap\" data-name=\"date-787\"><input class=\"wpcf7-form-control wpcf7-date wpcf7-validates-as-date\" aria-invalid=\"false\" value=\"\" type=\"date\" name=\"date-787\" \/><\/span><br \/>\nDate de d\u00e9part de l'h\u00e9bergement :<br \/>\n<span class=\"wpcf7-form-control-wrap\" data-name=\"date-787\"><input class=\"wpcf7-form-control wpcf7-date wpcf7-validates-as-date\" aria-invalid=\"false\" value=\"\" type=\"date\" name=\"date-787\" \/><\/span>\n\t<\/p>\n<\/div>\n<p><span class=\"wpcf7-form-control-wrap\" data-name=\"menu-492\"><select class=\"wpcf7-form-control wpcf7-select wpcf7-validates-as-required\" aria-required=\"true\" aria-invalid=\"false\" name=\"menu-492\"><option value=\"Budget de l&#039;\u00e9v\u00e9nement :\">Budget de l&#039;\u00e9v\u00e9nement :<\/option><option value=\"100 \u00e0 350 USD\">100 \u00e0 350 USD<\/option><option value=\"350 \u00e0 600 USD\">350 \u00e0 600 USD<\/option><option value=\"600 \u00e0 1000 USD\">600 \u00e0 1000 USD<\/option><option value=\"1000 \u00e0 2500 USD\">1000 \u00e0 2500 USD<\/option><option value=\"2500 \u00e0 5000 USD\">2500 \u00e0 5000 USD<\/option><option value=\"5000 \u00e0 10000 $\">5000 \u00e0 10000 $<\/option><option value=\"10000 \u00e0 20 000 $\">10000 \u00e0 20 000 $<\/option><option value=\"20000 \u00e0 50000 $\">20000 \u00e0 50000 $<\/option><option value=\"50000 \u00e0 100000 $\">50000 \u00e0 100000 $<\/option><option value=\"Illimit\u00e9\">Illimit\u00e9<\/option><\/select><\/span>\n<\/p>\n<p><input class=\"wpcf7-form-control wpcf7-submit has-spinner\" type=\"submit\" value=\"Envoyer un message\" \/>\n<\/p><div class=\"wpcf7-response-output\" aria-hidden=\"true\"><\/div>\n<\/form>\n<\/div>\n<\/div>[\/vc_column_inner][\/vc_row_inner][\/vc_column][\/vc_row]<\/p>\n<\/div>","protected":false},"excerpt":{"rendered":"<p>[vc_row full_width=&#8221;stretch_row&#8221; css=&#8221;.vc_custom_1555664963336{margin-top: -50px !important;background-color: #f5f5f5 !important;}&#8221;][vc_column css=&#8221;.vc_custom_1555664781539{padding-right: 0px !important;padding-left: 0px !important;}&#8221;][vc_row_inner css=&#8221;.vc_custom_1555664968490{padding-top: 100px !important;padding-bottom: 70px !important;}&#8221;][vc_column_inner width=&#8221;1\/3&#8243;][\/vc_column_inner][vc_column_inner width=&#8221;1\/3&#8243;][\/vc_column_inner][vc_column_inner width=&#8221;1\/3&#8243;][\/vc_column_inner][\/vc_row_inner][\/vc_column][\/vc_row][vc_row [&hellip;]<\/p>\n","protected":false},"author":2,"featured_media":0,"parent":0,"menu_order":0,"comment_status":"closed","ping_status":"closed","template":"","meta":{"_joinchat":[],"footnotes":""},"class_list":["post-590","page","type-page","status-publish","hentry"],"yoast_head":"<!-- This site is optimized with the Yoast SEO plugin v27.3 - https:\/\/yoast.com\/product\/yoast-seo-wordpress\/ -->\n<title>Contact Forfaits mariage \u00e0 Cuba<\/title>\n<meta name=\"robots\" content=\"index, follow, max-snippet:-1, max-image-preview:large, max-video-preview:-1\" \/>\n<link rel=\"canonical\" href=\"https:\/\/cubaweddingpackages.com\/fr\/contact-forfaits-mariage-a-cuba\/\" \/>\n<meta property=\"og:locale\" content=\"fr_FR\" \/>\n<meta property=\"og:type\" content=\"article\" \/>\n<meta property=\"og:title\" content=\"Contact Forfaits mariage \u00e0 Cuba\" \/>\n<meta property=\"og:description\" content=\"[vc_row full_width=&#8221;stretch_row&#8221; css=&#8221;.vc_custom_1555664963336{margin-top: -50px !important;background-color: #f5f5f5 !important;}&#8221;][vc_column css=&#8221;.vc_custom_1555664781539{padding-right: 0px !important;padding-left: 0px !important;}&#8221;][vc_row_inner css=&#8221;.vc_custom_1555664968490{padding-top: 100px !important;padding-bottom: 70px !important;}&#8221;][vc_column_inner width=&#8221;1\/3&#8243;][\/vc_column_inner][vc_column_inner width=&#8221;1\/3&#8243;][\/vc_column_inner][vc_column_inner width=&#8221;1\/3&#8243;][\/vc_column_inner][\/vc_row_inner][\/vc_column][\/vc_row][vc_row [&hellip;]\" \/>\n<meta property=\"og:url\" content=\"https:\/\/cubaweddingpackages.com\/fr\/contact-forfaits-mariage-a-cuba\/\" \/>\n<meta property=\"og:site_name\" content=\"Wedding Packages in Cuba\" \/>\n<meta property=\"article:publisher\" content=\"https:\/\/www.facebook.com\/BodasEnCubaV\" \/>\n<meta property=\"article:modified_time\" content=\"2024-10-30T15:04:46+00:00\" \/>\n<meta name=\"twitter:label1\" content=\"Dur\u00e9e de lecture estim\u00e9e\" \/>\n\t<meta name=\"twitter:data1\" content=\"1 minute\" \/>\n<script type=\"application\/ld+json\" class=\"yoast-schema-graph\">{\"@context\":\"https:\\\/\\\/schema.org\",\"@graph\":[{\"@type\":\"WebPage\",\"@id\":\"https:\\\/\\\/cubaweddingpackages.com\\\/fr\\\/contact-forfaits-mariage-a-cuba\\\/\",\"url\":\"https:\\\/\\\/cubaweddingpackages.com\\\/fr\\\/contact-forfaits-mariage-a-cuba\\\/\",\"name\":\"Contact Forfaits mariage \u00e0 Cuba\",\"isPartOf\":{\"@id\":\"https:\\\/\\\/cubaweddingpackages.com\\\/fr\\\/#website\"},\"datePublished\":\"2021-06-25T20:17:31+00:00\",\"dateModified\":\"2024-10-30T15:04:46+00:00\",\"breadcrumb\":{\"@id\":\"https:\\\/\\\/cubaweddingpackages.com\\\/fr\\\/contact-forfaits-mariage-a-cuba\\\/#breadcrumb\"},\"inLanguage\":\"fr-FR\",\"potentialAction\":[{\"@type\":\"ReadAction\",\"target\":[\"https:\\\/\\\/cubaweddingpackages.com\\\/fr\\\/contact-forfaits-mariage-a-cuba\\\/\"]}]},{\"@type\":\"BreadcrumbList\",\"@id\":\"https:\\\/\\\/cubaweddingpackages.com\\\/fr\\\/contact-forfaits-mariage-a-cuba\\\/#breadcrumb\",\"itemListElement\":[{\"@type\":\"ListItem\",\"position\":1,\"name\":\"Home\",\"item\":\"https:\\\/\\\/cubaweddingpackages.com\\\/fr\\\/\"},{\"@type\":\"ListItem\",\"position\":2,\"name\":\"Contact Forfaits mariage \u00e0 Cuba\"}]},{\"@type\":\"WebSite\",\"@id\":\"https:\\\/\\\/cubaweddingpackages.com\\\/fr\\\/#website\",\"url\":\"https:\\\/\\\/cubaweddingpackages.com\\\/fr\\\/\",\"name\":\"Wedding Packages in Cuba\",\"description\":\"Best Wedding Packages\",\"potentialAction\":[{\"@type\":\"SearchAction\",\"target\":{\"@type\":\"EntryPoint\",\"urlTemplate\":\"https:\\\/\\\/cubaweddingpackages.com\\\/fr\\\/?s={search_term_string}\"},\"query-input\":{\"@type\":\"PropertyValueSpecification\",\"valueRequired\":true,\"valueName\":\"search_term_string\"}}],\"inLanguage\":\"fr-FR\"}]}<\/script>\n<!-- \/ Yoast SEO plugin. -->","yoast_head_json":{"title":"Contact Forfaits mariage \u00e0 Cuba","robots":{"index":"index","follow":"follow","max-snippet":"max-snippet:-1","max-image-preview":"max-image-preview:large","max-video-preview":"max-video-preview:-1"},"canonical":"https:\/\/cubaweddingpackages.com\/fr\/contact-forfaits-mariage-a-cuba\/","og_locale":"fr_FR","og_type":"article","og_title":"Contact Forfaits mariage \u00e0 Cuba","og_description":"[vc_row full_width=&#8221;stretch_row&#8221; css=&#8221;.vc_custom_1555664963336{margin-top: -50px !important;background-color: #f5f5f5 !important;}&#8221;][vc_column css=&#8221;.vc_custom_1555664781539{padding-right: 0px !important;padding-left: 0px !important;}&#8221;][vc_row_inner css=&#8221;.vc_custom_1555664968490{padding-top: 100px !important;padding-bottom: 70px !important;}&#8221;][vc_column_inner width=&#8221;1\/3&#8243;][\/vc_column_inner][vc_column_inner width=&#8221;1\/3&#8243;][\/vc_column_inner][vc_column_inner width=&#8221;1\/3&#8243;][\/vc_column_inner][\/vc_row_inner][\/vc_column][\/vc_row][vc_row [&hellip;]","og_url":"https:\/\/cubaweddingpackages.com\/fr\/contact-forfaits-mariage-a-cuba\/","og_site_name":"Wedding Packages in Cuba","article_publisher":"https:\/\/www.facebook.com\/BodasEnCubaV","article_modified_time":"2024-10-30T15:04:46+00:00","twitter_misc":{"Dur\u00e9e de lecture estim\u00e9e":"1 minute"},"schema":{"@context":"https:\/\/schema.org","@graph":[{"@type":"WebPage","@id":"https:\/\/cubaweddingpackages.com\/fr\/contact-forfaits-mariage-a-cuba\/","url":"https:\/\/cubaweddingpackages.com\/fr\/contact-forfaits-mariage-a-cuba\/","name":"Contact Forfaits mariage \u00e0 Cuba","isPartOf":{"@id":"https:\/\/cubaweddingpackages.com\/fr\/#website"},"datePublished":"2021-06-25T20:17:31+00:00","dateModified":"2024-10-30T15:04:46+00:00","breadcrumb":{"@id":"https:\/\/cubaweddingpackages.com\/fr\/contact-forfaits-mariage-a-cuba\/#breadcrumb"},"inLanguage":"fr-FR","potentialAction":[{"@type":"ReadAction","target":["https:\/\/cubaweddingpackages.com\/fr\/contact-forfaits-mariage-a-cuba\/"]}]},{"@type":"BreadcrumbList","@id":"https:\/\/cubaweddingpackages.com\/fr\/contact-forfaits-mariage-a-cuba\/#breadcrumb","itemListElement":[{"@type":"ListItem","position":1,"name":"Home","item":"https:\/\/cubaweddingpackages.com\/fr\/"},{"@type":"ListItem","position":2,"name":"Contact Forfaits mariage \u00e0 Cuba"}]},{"@type":"WebSite","@id":"https:\/\/cubaweddingpackages.com\/fr\/#website","url":"https:\/\/cubaweddingpackages.com\/fr\/","name":"Wedding Packages in Cuba","description":"Best Wedding Packages","potentialAction":[{"@type":"SearchAction","target":{"@type":"EntryPoint","urlTemplate":"https:\/\/cubaweddingpackages.com\/fr\/?s={search_term_string}"},"query-input":{"@type":"PropertyValueSpecification","valueRequired":true,"valueName":"search_term_string"}}],"inLanguage":"fr-FR"}]}},"_links":{"self":[{"href":"https:\/\/cubaweddingpackages.com\/fr\/wp-json\/wp\/v2\/pages\/590","targetHints":{"allow":["GET"]}}],"collection":[{"href":"https:\/\/cubaweddingpackages.com\/fr\/wp-json\/wp\/v2\/pages"}],"about":[{"href":"https:\/\/cubaweddingpackages.com\/fr\/wp-json\/wp\/v2\/types\/page"}],"author":[{"embeddable":true,"href":"https:\/\/cubaweddingpackages.com\/fr\/wp-json\/wp\/v2\/users\/2"}],"replies":[{"embeddable":true,"href":"https:\/\/cubaweddingpackages.com\/fr\/wp-json\/wp\/v2\/comments?post=590"}],"version-history":[{"count":2,"href":"https:\/\/cubaweddingpackages.com\/fr\/wp-json\/wp\/v2\/pages\/590\/revisions"}],"predecessor-version":[{"id":11370,"href":"https:\/\/cubaweddingpackages.com\/fr\/wp-json\/wp\/v2\/pages\/590\/revisions\/11370"}],"wp:attachment":[{"href":"https:\/\/cubaweddingpackages.com\/fr\/wp-json\/wp\/v2\/media?parent=590"}],"curies":[{"name":"wp","href":"https:\/\/api.w.org\/{rel}","templated":true}]}}