{"id":8344,"date":"2024-03-21T13:41:01","date_gmt":"2024-03-21T13:41:01","guid":{"rendered":"https:\/\/cubaweddingpackages.com\/?page_id=8344"},"modified":"2024-08-30T17:12:15","modified_gmt":"2024-08-30T17:12:15","slug":"mariages-exclusifs-et-glamour-a-la-havane","status":"publish","type":"page","link":"https:\/\/cubaweddingpackages.com\/fr\/mariages-exclusifs-et-glamour-a-la-havane\/","title":{"rendered":"Mariages exclusifs et glamour \u00e0 La Havane"},"content":{"rendered":"<div class=\"wpb-content-wrapper\"><p>[vc_row][vc_column width=&#8221;2\/3&#8243;][vc_column_text]Lorsque vous pensez \u00e0 l&#8217;id\u00e9al pour un mariage unique et glamour, La Havane est l&#8217;endroit id\u00e9al pour c\u00e9l\u00e9brer votre mariage. Cette belle ville cubaine offre une grande vari\u00e9t\u00e9 d&#8217;options de mariage exclusives qui vous permettront de cr\u00e9er des souvenirs inoubliables.<\/p>\n<h2>Un mariage sur le th\u00e8me de La Havane<\/h2>\n<p><a href=\"https:\/\/cubaweddingpackages.com\/fr\/forfaits-mariage-a-la-havane\/\"><img decoding=\"async\" class=\"aligncenter wp-image-8278 size-full\" src=\"http:\/\/cubaweddingpackages.com\/wp-content\/uploads\/2024\/03\/Fotografos-en-Cuba.jpg\" alt=\"Mariage sur le th\u00e8me de La Havane\" width=\"880\" height=\"498\" srcset=\"https:\/\/cubaweddingpackages.com\/wp-content\/uploads\/2024\/03\/Fotografos-en-Cuba.jpg 880w, https:\/\/cubaweddingpackages.com\/wp-content\/uploads\/2024\/03\/Fotografos-en-Cuba-300x170.jpg 300w, https:\/\/cubaweddingpackages.com\/wp-content\/uploads\/2024\/03\/Fotografos-en-Cuba-768x435.jpg 768w\" sizes=\"(max-width: 880px) 100vw, 880px\" \/><\/a><\/p>\n<p>L\u2019une des options les plus populaires pour un mariage exclusif \u00e0 La Havane est un mariage sur le th\u00e8me de La Havane. Ce style de mariage vous permettra de vous immerger dans la riche culture et les traditions de Cuba tout en c\u00e9l\u00e9brant votre amour.<\/p>\n<p>Imaginez une c\u00e9r\u00e9monie en plein air, entour\u00e9e de l&#8217;architecture coloniale de la ville, avec de la musique cubaine en direct et une d\u00e9coration inspir\u00e9e des couleurs vibrantes de La Havane. Vous pouvez inclure des articles comme des cigares cubains, des mojitos et des plats cubains traditionnels dans votre menu pour donner une touche authentique \u00e0 votre mariage sur le th\u00e8me de La Havane.[\/vc_column_text][vc_column_text]<\/p>\n<h2>Traditions et services li\u00e9s aux mariages \u00e0 Cuba<\/h2>\n<p>En plus des mariages sur le th\u00e8me de La Havane, il existe d&#8217;autres traditions et services li\u00e9s aux mariages \u00e0 Cuba qui peuvent faire de votre mariage une exp\u00e9rience unique.<\/p>\n<h3>musique cubaine en direct<\/h3>\n<p>La musique est un \u00e9l\u00e9ment fondamental de la culture cubaine et ne peut manquer lors d&#8217;un mariage \u00e0 La Havane. Embaucher un groupe de musique cubaine live pour votre r\u00e9ception donnera \u00e0 votre mariage une atmosph\u00e8re festive et joyeuse. Les rythmes de salsa, cubains et rumba feront danser et profiter de la f\u00eate tous vos invit\u00e9s.<\/p>\n<h3>Danse salsa<\/h3>\n<p>Si vous souhaitez surprendre vos invit\u00e9s et ajouter une touche de fun \u00e0 votre mariage, pensez \u00e0 faire appel \u00e0 des professionnels pour apprendre \u00e0 vos invit\u00e9s \u00e0 danser la salsa. Que vos invit\u00e9s soient des danseurs experts ou d\u00e9butants, la salsa est une fa\u00e7on amusante de rassembler tout le monde sur la piste de danse.<\/p>\n<h3>Restauration cubaine<\/h3>\n<p>La cuisine cubaine est connue pour sa saveur et sa vari\u00e9t\u00e9. Inclure des plats traditionnels cubains dans votre menu de mariage est un excellent moyen de surprendre vos invit\u00e9s et de leur offrir une exp\u00e9rience culinaire unique. Des fameux haricots noirs et riz au d\u00e9licieux cochon de lait r\u00f4ti, la restauration cubaine ravira toutes les personnes pr\u00e9sentes.<\/p>\n<h3>rhum cubain<\/h3>\n<p>Vous ne pouvez pas c\u00e9l\u00e9brer un mariage \u00e0 La Havane sans trinquer avec du rhum cubain. Le rhum fait partie int\u00e9grante de la culture cubaine et est consid\u00e9r\u00e9 comme l&#8217;un des meilleurs au monde. Inclure une station de rhum \u00e0 votre mariage, o\u00f9 les invit\u00e9s pourront d\u00e9guster diff\u00e9rentes vari\u00e9t\u00e9s de rhum cubain, ajoutera une touche d&#8217;\u00e9l\u00e9gance et de sophistication \u00e0 votre c\u00e9l\u00e9bration.[\/vc_column_text][vc_column_text]<\/p>\n<h2><strong><a href=\"https:\/\/cubaweddingpackages.com\/fr\/forfaits-mariage-a-la-havane\/\"><img decoding=\"async\" class=\"aligncenter wp-image-8323 size-full\" src=\"http:\/\/cubaweddingpackages.com\/wp-content\/uploads\/2024\/03\/Boda-tematica-1.jpg\" alt=\"mariage \u00e0 th\u00e8me\" width=\"743\" height=\"494\" srcset=\"https:\/\/cubaweddingpackages.com\/wp-content\/uploads\/2024\/03\/Boda-tematica-1.jpg 743w, https:\/\/cubaweddingpackages.com\/wp-content\/uploads\/2024\/03\/Boda-tematica-1-300x199.jpg 300w\" sizes=\"(max-width: 743px) 100vw, 743px\" \/><\/a><\/strong><\/h2>\n<h2>La Havane : la destination id\u00e9ale pour votre mariage exclusif<\/h2>\n<p>La Havane offre une combinaison unique d&#8217;histoire, de culture et de beaut\u00e9 naturelle qui en fait la destination id\u00e9ale pour un mariage exclusif et glamour. Des vues imprenables sur l&#8217;oc\u00e9an \u00e0 l&#8217;architecture coloniale et aux charmantes ruelles pav\u00e9es, La Havane offre un cadre romantique et pittoresque pour votre mariage.<\/p>\n<p>En plus des services et des traditions mentionn\u00e9s ci-dessus, La Havane dispose d&#8217;une grande vari\u00e9t\u00e9 d&#8217;h\u00f4tels et de complexes h\u00f4teliers de luxe proposant des forfaits mariage exclusifs. Ces forfaits comprennent des services de planification de mariage, un h\u00e9bergement de luxe, des menus personnalis\u00e9s et bien plus encore.<\/p>\n<p>Si vous r\u00eavez d&#8217;un mariage exclusif et glamour \u00e0 La Havane, n&#8217;h\u00e9sitez pas \u00e0 explorer toutes les options que cette belle ville cubaine a \u00e0 offrir. Des mariages sur le th\u00e8me de La Havane aux services et traditions uniques, La Havane vous offre l&#8217;opportunit\u00e9 de cr\u00e9er un mariage inoubliable qui refl\u00e8te votre style et votre personnalit\u00e9.<\/p>\n<h2><strong>\u00a0<\/strong><\/h2>\n<p>[\/vc_column_text][\/vc_column][vc_column width=&#8221;1\/3&#8243;][vc_wp_search][vc_wp_posts title=&#8221;Messages r\u00e9cents&#8221; number=&#8221;8&#8243;][\/vc_column][\/vc_row]<\/p>\n<\/div>","protected":false},"excerpt":{"rendered":"<p>[vc_row][vc_column width=&#8221;2\/3&#8243;][vc_column_text]Lorsque vous pensez \u00e0 l&#8217;id\u00e9al pour un mariage unique et glamour, La Havane est l&#8217;endroit id\u00e9al pour c\u00e9l\u00e9brer votre [&hellip;]<\/p>\n","protected":false},"author":5,"featured_media":8335,"parent":0,"menu_order":0,"comment_status":"closed","ping_status":"closed","template":"","meta":{"_joinchat":{"telephone":"+5355396525"},"footnotes":""},"class_list":["post-8344","page","type-page","status-publish","has-post-thumbnail","hentry"],"yoast_head":"<!-- This site is optimized with the Yoast SEO plugin v27.2 - https:\/\/yoast.com\/product\/yoast-seo-wordpress\/ -->\n<title>Mariages exclusifs et glamour \u00e0 La Havane<\/title>\n<meta name=\"description\" content=\"C\u00e9l\u00e9brez votre mariage avec style \u00e0 La Havane, o\u00f9 culture et glamour se r\u00e9unissent pour une journ\u00e9e inoubliable. Cliquez ici.\" \/>\n<meta name=\"robots\" content=\"index, follow, max-snippet:-1, max-image-preview:large, max-video-preview:-1\" \/>\n<link rel=\"canonical\" href=\"https:\/\/cubaweddingpackages.com\/fr\/mariages-exclusifs-et-glamour-a-la-havane\/\" \/>\n<meta property=\"og:locale\" content=\"fr_FR\" \/>\n<meta property=\"og:type\" content=\"article\" \/>\n<meta property=\"og:title\" content=\"Mariages exclusifs et glamour \u00e0 La Havane\" \/>\n<meta property=\"og:description\" content=\"C\u00e9l\u00e9brez votre mariage avec style \u00e0 La Havane, o\u00f9 culture et glamour se r\u00e9unissent pour une journ\u00e9e inoubliable. Cliquez ici.\" \/>\n<meta property=\"og:url\" content=\"https:\/\/cubaweddingpackages.com\/fr\/mariages-exclusifs-et-glamour-a-la-havane\/\" \/>\n<meta property=\"og:site_name\" content=\"Wedding Packages in Cuba\" \/>\n<meta property=\"article:publisher\" content=\"https:\/\/www.facebook.com\/BodasEnCubaV\" \/>\n<meta property=\"article:modified_time\" content=\"2024-08-30T17:12:15+00:00\" \/>\n<meta property=\"og:image\" content=\"https:\/\/cubaweddingpackages.com\/wp-content\/uploads\/2024\/03\/Bodas-exclusivas.jpg\" \/>\n\t<meta property=\"og:image:width\" content=\"733\" \/>\n\t<meta property=\"og:image:height\" content=\"493\" \/>\n\t<meta property=\"og:image:type\" content=\"image\/jpeg\" \/>\n<meta name=\"twitter:label1\" content=\"Dur\u00e9e de lecture estim\u00e9e\" \/>\n\t<meta name=\"twitter:data1\" content=\"4 minutes\" \/>\n<script type=\"application\/ld+json\" class=\"yoast-schema-graph\">{\"@context\":\"https:\/\/schema.org\",\"@graph\":[{\"@type\":\"WebPage\",\"@id\":\"https:\/\/cubaweddingpackages.com\/fr\/mariages-exclusifs-et-glamour-a-la-havane\/\",\"url\":\"https:\/\/cubaweddingpackages.com\/fr\/mariages-exclusifs-et-glamour-a-la-havane\/\",\"name\":\"Mariages exclusifs et glamour \u00e0 La Havane\",\"isPartOf\":{\"@id\":\"https:\/\/cubaweddingpackages.com\/fr\/#website\"},\"primaryImageOfPage\":{\"@id\":\"https:\/\/cubaweddingpackages.com\/fr\/mariages-exclusifs-et-glamour-a-la-havane\/#primaryimage\"},\"image\":{\"@id\":\"https:\/\/cubaweddingpackages.com\/fr\/mariages-exclusifs-et-glamour-a-la-havane\/#primaryimage\"},\"thumbnailUrl\":\"https:\/\/cubaweddingpackages.com\/wp-content\/uploads\/2024\/03\/Bodas-exclusivas.jpg\",\"datePublished\":\"2024-03-21T13:41:01+00:00\",\"dateModified\":\"2024-08-30T17:12:15+00:00\",\"description\":\"C\u00e9l\u00e9brez votre mariage avec style \u00e0 La Havane, o\u00f9 culture et glamour se r\u00e9unissent pour une journ\u00e9e inoubliable. Cliquez ici.\",\"breadcrumb\":{\"@id\":\"https:\/\/cubaweddingpackages.com\/fr\/mariages-exclusifs-et-glamour-a-la-havane\/#breadcrumb\"},\"inLanguage\":\"fr-FR\",\"potentialAction\":[{\"@type\":\"ReadAction\",\"target\":[\"https:\/\/cubaweddingpackages.com\/fr\/mariages-exclusifs-et-glamour-a-la-havane\/\"]}]},{\"@type\":\"ImageObject\",\"inLanguage\":\"fr-FR\",\"@id\":\"https:\/\/cubaweddingpackages.com\/fr\/mariages-exclusifs-et-glamour-a-la-havane\/#primaryimage\",\"url\":\"https:\/\/cubaweddingpackages.com\/wp-content\/uploads\/2024\/03\/Bodas-exclusivas.jpg\",\"contentUrl\":\"https:\/\/cubaweddingpackages.com\/wp-content\/uploads\/2024\/03\/Bodas-exclusivas.jpg\",\"width\":733,\"height\":493,\"caption\":\"Mariages exclusifs et glamour\"},{\"@type\":\"BreadcrumbList\",\"@id\":\"https:\/\/cubaweddingpackages.com\/fr\/mariages-exclusifs-et-glamour-a-la-havane\/#breadcrumb\",\"itemListElement\":[{\"@type\":\"ListItem\",\"position\":1,\"name\":\"Home\",\"item\":\"https:\/\/cubaweddingpackages.com\/fr\/\"},{\"@type\":\"ListItem\",\"position\":2,\"name\":\"Mariages exclusifs et glamour \u00e0 La Havane\"}]},{\"@type\":\"WebSite\",\"@id\":\"https:\/\/cubaweddingpackages.com\/fr\/#website\",\"url\":\"https:\/\/cubaweddingpackages.com\/fr\/\",\"name\":\"Wedding Packages in Cuba\",\"description\":\"Best Wedding Packages\",\"potentialAction\":[{\"@type\":\"SearchAction\",\"target\":{\"@type\":\"EntryPoint\",\"urlTemplate\":\"https:\/\/cubaweddingpackages.com\/fr\/?s={search_term_string}\"},\"query-input\":{\"@type\":\"PropertyValueSpecification\",\"valueRequired\":true,\"valueName\":\"search_term_string\"}}],\"inLanguage\":\"fr-FR\"}]}<\/script>\n<!-- \/ Yoast SEO plugin. -->","yoast_head_json":{"title":"Mariages exclusifs et glamour \u00e0 La Havane","description":"C\u00e9l\u00e9brez votre mariage avec style \u00e0 La Havane, o\u00f9 culture et glamour se r\u00e9unissent pour une journ\u00e9e inoubliable. Cliquez ici.","robots":{"index":"index","follow":"follow","max-snippet":"max-snippet:-1","max-image-preview":"max-image-preview:large","max-video-preview":"max-video-preview:-1"},"canonical":"https:\/\/cubaweddingpackages.com\/fr\/mariages-exclusifs-et-glamour-a-la-havane\/","og_locale":"fr_FR","og_type":"article","og_title":"Mariages exclusifs et glamour \u00e0 La Havane","og_description":"C\u00e9l\u00e9brez votre mariage avec style \u00e0 La Havane, o\u00f9 culture et glamour se r\u00e9unissent pour une journ\u00e9e inoubliable. Cliquez ici.","og_url":"https:\/\/cubaweddingpackages.com\/fr\/mariages-exclusifs-et-glamour-a-la-havane\/","og_site_name":"Wedding Packages in Cuba","article_publisher":"https:\/\/www.facebook.com\/BodasEnCubaV","article_modified_time":"2024-08-30T17:12:15+00:00","og_image":[{"width":733,"height":493,"url":"https:\/\/cubaweddingpackages.com\/wp-content\/uploads\/2024\/03\/Bodas-exclusivas.jpg","type":"image\/jpeg"}],"twitter_misc":{"Dur\u00e9e de lecture estim\u00e9e":"4 minutes"},"schema":{"@context":"https:\/\/schema.org","@graph":[{"@type":"WebPage","@id":"https:\/\/cubaweddingpackages.com\/fr\/mariages-exclusifs-et-glamour-a-la-havane\/","url":"https:\/\/cubaweddingpackages.com\/fr\/mariages-exclusifs-et-glamour-a-la-havane\/","name":"Mariages exclusifs et glamour \u00e0 La Havane","isPartOf":{"@id":"https:\/\/cubaweddingpackages.com\/fr\/#website"},"primaryImageOfPage":{"@id":"https:\/\/cubaweddingpackages.com\/fr\/mariages-exclusifs-et-glamour-a-la-havane\/#primaryimage"},"image":{"@id":"https:\/\/cubaweddingpackages.com\/fr\/mariages-exclusifs-et-glamour-a-la-havane\/#primaryimage"},"thumbnailUrl":"https:\/\/cubaweddingpackages.com\/wp-content\/uploads\/2024\/03\/Bodas-exclusivas.jpg","datePublished":"2024-03-21T13:41:01+00:00","dateModified":"2024-08-30T17:12:15+00:00","description":"C\u00e9l\u00e9brez votre mariage avec style \u00e0 La Havane, o\u00f9 culture et glamour se r\u00e9unissent pour une journ\u00e9e inoubliable. Cliquez ici.","breadcrumb":{"@id":"https:\/\/cubaweddingpackages.com\/fr\/mariages-exclusifs-et-glamour-a-la-havane\/#breadcrumb"},"inLanguage":"fr-FR","potentialAction":[{"@type":"ReadAction","target":["https:\/\/cubaweddingpackages.com\/fr\/mariages-exclusifs-et-glamour-a-la-havane\/"]}]},{"@type":"ImageObject","inLanguage":"fr-FR","@id":"https:\/\/cubaweddingpackages.com\/fr\/mariages-exclusifs-et-glamour-a-la-havane\/#primaryimage","url":"https:\/\/cubaweddingpackages.com\/wp-content\/uploads\/2024\/03\/Bodas-exclusivas.jpg","contentUrl":"https:\/\/cubaweddingpackages.com\/wp-content\/uploads\/2024\/03\/Bodas-exclusivas.jpg","width":733,"height":493,"caption":"Mariages exclusifs et glamour"},{"@type":"BreadcrumbList","@id":"https:\/\/cubaweddingpackages.com\/fr\/mariages-exclusifs-et-glamour-a-la-havane\/#breadcrumb","itemListElement":[{"@type":"ListItem","position":1,"name":"Home","item":"https:\/\/cubaweddingpackages.com\/fr\/"},{"@type":"ListItem","position":2,"name":"Mariages exclusifs et glamour \u00e0 La Havane"}]},{"@type":"WebSite","@id":"https:\/\/cubaweddingpackages.com\/fr\/#website","url":"https:\/\/cubaweddingpackages.com\/fr\/","name":"Wedding Packages in Cuba","description":"Best Wedding Packages","potentialAction":[{"@type":"SearchAction","target":{"@type":"EntryPoint","urlTemplate":"https:\/\/cubaweddingpackages.com\/fr\/?s={search_term_string}"},"query-input":{"@type":"PropertyValueSpecification","valueRequired":true,"valueName":"search_term_string"}}],"inLanguage":"fr-FR"}]}},"_links":{"self":[{"href":"https:\/\/cubaweddingpackages.com\/fr\/wp-json\/wp\/v2\/pages\/8344","targetHints":{"allow":["GET"]}}],"collection":[{"href":"https:\/\/cubaweddingpackages.com\/fr\/wp-json\/wp\/v2\/pages"}],"about":[{"href":"https:\/\/cubaweddingpackages.com\/fr\/wp-json\/wp\/v2\/types\/page"}],"author":[{"embeddable":true,"href":"https:\/\/cubaweddingpackages.com\/fr\/wp-json\/wp\/v2\/users\/5"}],"replies":[{"embeddable":true,"href":"https:\/\/cubaweddingpackages.com\/fr\/wp-json\/wp\/v2\/comments?post=8344"}],"version-history":[{"count":2,"href":"https:\/\/cubaweddingpackages.com\/fr\/wp-json\/wp\/v2\/pages\/8344\/revisions"}],"predecessor-version":[{"id":11028,"href":"https:\/\/cubaweddingpackages.com\/fr\/wp-json\/wp\/v2\/pages\/8344\/revisions\/11028"}],"wp:featuredmedia":[{"embeddable":true,"href":"https:\/\/cubaweddingpackages.com\/fr\/wp-json\/wp\/v2\/media\/8335"}],"wp:attachment":[{"href":"https:\/\/cubaweddingpackages.com\/fr\/wp-json\/wp\/v2\/media?parent=8344"}],"curies":[{"name":"wp","href":"https:\/\/api.w.org\/{rel}","templated":true}]}}