{"id":8421,"date":"2024-03-21T20:04:19","date_gmt":"2024-03-21T20:04:19","guid":{"rendered":"https:\/\/cubaweddingpackages.com\/?page_id=8421"},"modified":"2024-03-21T20:04:19","modified_gmt":"2024-03-21T20:04:19","slug":"planification-de-mariage-a-la-havane-cuba","status":"publish","type":"page","link":"https:\/\/cubaweddingpackages.com\/fr\/planification-de-mariage-a-la-havane-cuba\/","title":{"rendered":"Planification de mariage \u00e0 La Havane, Cuba"},"content":{"rendered":"<div class=\"wpb-content-wrapper\"><p>[vc_row][vc_column][vc_column_text]Si vous recherchez l&#8217;endroit id\u00e9al pour c\u00e9l\u00e9brer votre mariage \u00e0 La Havane, Cuba, vous \u00eates au bon endroit. Que vous souhaitiez un service complet d&#8217;organisation d&#8217;\u00e9v\u00e9nements ou que vous recherchiez simplement un lieu de c\u00e9r\u00e9monie et de r\u00e9ception adapt\u00e9, vous trouverez ici toutes les options dont vous avez besoin pour rendre votre journ\u00e9e sp\u00e9ciale inoubliable.<\/p>\n<h2><strong><a href=\"https:\/\/cubaweddingpackages.com\/fr\/organisateurs-de-mariage-a-cuba\/\"><img decoding=\"async\" class=\"aligncenter wp-image-8405 size-full\" src=\"http:\/\/cubaweddingpackages.com\/wp-content\/uploads\/2024\/03\/Servicio-de-planificacion-de-bodas.jpg\" alt=\"Service de planification de mariage\" width=\"744\" height=\"498\" srcset=\"https:\/\/cubaweddingpackages.com\/wp-content\/uploads\/2024\/03\/Servicio-de-planificacion-de-bodas.jpg 744w, https:\/\/cubaweddingpackages.com\/wp-content\/uploads\/2024\/03\/Servicio-de-planificacion-de-bodas-300x201.jpg 300w\" sizes=\"(max-width: 744px) 100vw, 744px\" \/><\/a><\/strong><\/h2>\n<h2>Service complet de planification de mariage<\/h2>\n<p>Si vous pr\u00e9f\u00e9rez laisser tous les d\u00e9tails entre les mains de professionnels et b\u00e9n\u00e9ficier d&#8217;un service complet d&#8217;organisation de mariage, plusieurs entreprises \u00e0 La Havane peuvent vous aider. Ces experts en \u00e9v\u00e9nements s&#8217;occuperont de tous les aspects de votre mariage, de la s\u00e9lection du lieu \u00e0 la d\u00e9coration, en passant par la musique, la restauration et bien plus encore.<\/p>\n<p>En faisant appel \u00e0 un service complet d\u2019organisation de mariage, vous pourrez vous d\u00e9tendre et profiter de chaque instant de votre journ\u00e9e sp\u00e9ciale, sachant que tout est entre les mains de professionnels. Ils veilleront \u00e0 ce que chaque d\u00e9tail soit parfait et corresponde \u00e0 vos go\u00fbts et pr\u00e9f\u00e9rences.<\/p>\n<h2><strong>\u00a0<\/strong><\/h2>\n<p>[\/vc_column_text][vc_column_text]<\/p>\n<h2>Trouver un endroit appropri\u00e9<\/h2>\n<p>Si vous pr\u00e9f\u00e9rez avoir plus de contr\u00f4le sur les d\u00e9tails de votre mariage et recherchez un lieu de c\u00e9r\u00e9monie et de r\u00e9ception appropri\u00e9, La Havane offre une grande vari\u00e9t\u00e9 d&#8217;options. Des belles plages aux \u00e9l\u00e9gantes salles de bal, il y en a pour tous les couples et tous les types de mariage.<\/p>\n<p>Si vous r\u00eavez d&#8217;un mariage sur la plage, vous pouvez envisager des endroits comme Varadero, Cayo Santa Mar\u00eda ou Guardalavaca. Ces plages paradisiaques offrent un cadre \u00e9poustouflant pour une c\u00e9r\u00e9monie romantique en bord de mer. De plus, de nombreux h\u00f4tels et centres de vill\u00e9giature dans ces r\u00e9gions proposent des forfaits mariage sp\u00e9ciaux comprenant des services de planification et d&#8217;h\u00e9bergement pour vous et vos invit\u00e9s.<\/p>\n<p>Si vous pr\u00e9f\u00e9rez un mariage plus urbain et sophistiqu\u00e9, La Havane dispose d&#8217;un grand nombre de salles \u00e9v\u00e9nementielles et d&#8217;h\u00f4tels-boutiques qui peuvent constituer le cadre id\u00e9al pour votre mariage. Ces lieux offrent un m\u00e9lange unique d&#8217;\u00e9l\u00e9gance et de charme carib\u00e9en, et beaucoup d&#8217;entre eux disposent de services internes d&#8217;organisation de mariage afin que vous n&#8217;ayez pas \u00e0 vous soucier des d\u00e9tails.<\/p>\n<p><a href=\"https:\/\/cubaweddingpackages.com\/fr\/organisateurs-de-mariage-a-cuba\/\"><img decoding=\"async\" class=\"aligncenter wp-image-8387 size-full\" src=\"http:\/\/cubaweddingpackages.com\/wp-content\/uploads\/2024\/03\/lugar-para-bodas.jpg\" alt=\"salle de mariage\" width=\"731\" height=\"485\" srcset=\"https:\/\/cubaweddingpackages.com\/wp-content\/uploads\/2024\/03\/lugar-para-bodas.jpg 731w, https:\/\/cubaweddingpackages.com\/wp-content\/uploads\/2024\/03\/lugar-para-bodas-300x199.jpg 300w\" sizes=\"(max-width: 731px) 100vw, 731px\" \/><\/a>[\/vc_column_text][vc_column_text]<\/p>\n<h2>La magie des mariages \u00e0 La Havane, Cuba<\/h2>\n<p>La Havane, Cuba, est un endroit magique pour c\u00e9l\u00e9brer votre mariage. Avec son architecture coloniale, ses rues pav\u00e9es et son charme vintage, cette ville vous transportera dans une autre \u00e9poque et donnera \u00e0 votre mariage une touche de romantisme et de nostalgie.<\/p>\n<p>En plus de sa beaut\u00e9 historique, La Havane offre une sc\u00e8ne culturelle dynamique, avec de la musique live, des danses traditionnelles et une cuisine d\u00e9licieuse. Vos invit\u00e9s profiteront de l\u2019exp\u00e9rience cubaine authentique tout en c\u00e9l\u00e9brant votre amour.<\/p>\n<p>La ville propose \u00e9galement un large \u00e9ventail d&#8217;activit\u00e9s pour vous et vos invit\u00e9s, des promenades en voiture classique le long du Malec\u00f3n aux visites de mus\u00e9es et de galeries d&#8217;art. Vos invit\u00e9s ne s&#8217;ennuieront jamais et garderont des souvenirs inoubliables de votre mariage \u00e0 La Havane, Cuba.<\/p>\n<p>Si vous recherchez des options pour c\u00e9l\u00e9brer votre mariage \u00e0 La Havane, Cuba, plusieurs options s&#8217;offrent \u00e0 vous. Que vous choisissiez un service complet de planification d&#8217;\u00e9v\u00e9nements ou recherchiez un lieu de c\u00e9r\u00e9monie et de r\u00e9ception appropri\u00e9, La Havane offre une combinaison unique de beaut\u00e9, de charme et de culture pour faire de votre mariage un \u00e9v\u00e9nement inoubliable.<\/p>\n<p>[\/vc_column_text][\/vc_column][\/vc_row]<\/p>\n<\/div>","protected":false},"excerpt":{"rendered":"<p>[vc_row][vc_column][vc_column_text]Si vous recherchez l&#8217;endroit id\u00e9al pour c\u00e9l\u00e9brer votre mariage \u00e0 La Havane, Cuba, vous \u00eates au bon endroit. Que vous [&hellip;]<\/p>\n","protected":false},"author":5,"featured_media":8399,"parent":0,"menu_order":0,"comment_status":"closed","ping_status":"closed","template":"","meta":{"_joinchat":{"telephone":"+5355396525"},"footnotes":""},"class_list":["post-8421","page","type-page","status-publish","has-post-thumbnail","hentry"],"yoast_head":"<!-- This site is optimized with the Yoast SEO plugin v27.3 - https:\/\/yoast.com\/product\/yoast-seo-wordpress\/ -->\n<title>Planification de mariage \u00e0 La Havane, Cuba<\/title>\n<meta name=\"description\" content=\"C\u00e9l\u00e9brez votre mariage \u00e0 La Havane avec des services de planification complets pour une journ\u00e9e magique et sans stress. Cliquez ici\" \/>\n<meta name=\"robots\" content=\"index, follow, max-snippet:-1, max-image-preview:large, max-video-preview:-1\" \/>\n<link rel=\"canonical\" href=\"https:\/\/cubaweddingpackages.com\/fr\/planification-de-mariage-a-la-havane-cuba\/\" \/>\n<meta property=\"og:locale\" content=\"fr_FR\" \/>\n<meta property=\"og:type\" content=\"article\" \/>\n<meta property=\"og:title\" content=\"Planification de mariage \u00e0 La Havane, Cuba\" \/>\n<meta property=\"og:description\" content=\"C\u00e9l\u00e9brez votre mariage \u00e0 La Havane avec des services de planification complets pour une journ\u00e9e magique et sans stress. Cliquez ici\" \/>\n<meta property=\"og:url\" content=\"https:\/\/cubaweddingpackages.com\/fr\/planification-de-mariage-a-la-havane-cuba\/\" \/>\n<meta property=\"og:site_name\" content=\"Wedding Packages in Cuba\" \/>\n<meta property=\"article:publisher\" content=\"https:\/\/www.facebook.com\/BodasEnCubaV\" \/>\n<meta property=\"og:image\" content=\"https:\/\/cubaweddingpackages.com\/wp-content\/uploads\/2024\/03\/Planificacion-de-bodas.jpg\" \/>\n\t<meta property=\"og:image:width\" content=\"741\" \/>\n\t<meta property=\"og:image:height\" content=\"489\" \/>\n\t<meta property=\"og:image:type\" content=\"image\/jpeg\" \/>\n<meta name=\"twitter:label1\" content=\"Dur\u00e9e de lecture estim\u00e9e\" \/>\n\t<meta name=\"twitter:data1\" content=\"4 minutes\" \/>\n<script type=\"application\/ld+json\" class=\"yoast-schema-graph\">{\"@context\":\"https:\\\/\\\/schema.org\",\"@graph\":[{\"@type\":\"WebPage\",\"@id\":\"https:\\\/\\\/cubaweddingpackages.com\\\/fr\\\/planification-de-mariage-a-la-havane-cuba\\\/\",\"url\":\"https:\\\/\\\/cubaweddingpackages.com\\\/fr\\\/planification-de-mariage-a-la-havane-cuba\\\/\",\"name\":\"Planification de mariage \u00e0 La Havane, Cuba\",\"isPartOf\":{\"@id\":\"https:\\\/\\\/cubaweddingpackages.com\\\/fr\\\/#website\"},\"primaryImageOfPage\":{\"@id\":\"https:\\\/\\\/cubaweddingpackages.com\\\/fr\\\/planification-de-mariage-a-la-havane-cuba\\\/#primaryimage\"},\"image\":{\"@id\":\"https:\\\/\\\/cubaweddingpackages.com\\\/fr\\\/planification-de-mariage-a-la-havane-cuba\\\/#primaryimage\"},\"thumbnailUrl\":\"https:\\\/\\\/cubaweddingpackages.com\\\/wp-content\\\/uploads\\\/2024\\\/03\\\/Planificacion-de-bodas.jpg\",\"datePublished\":\"2024-03-21T20:04:19+00:00\",\"description\":\"C\u00e9l\u00e9brez votre mariage \u00e0 La Havane avec des services de planification complets pour une journ\u00e9e magique et sans stress. Cliquez ici\",\"breadcrumb\":{\"@id\":\"https:\\\/\\\/cubaweddingpackages.com\\\/fr\\\/planification-de-mariage-a-la-havane-cuba\\\/#breadcrumb\"},\"inLanguage\":\"fr-FR\",\"potentialAction\":[{\"@type\":\"ReadAction\",\"target\":[\"https:\\\/\\\/cubaweddingpackages.com\\\/fr\\\/planification-de-mariage-a-la-havane-cuba\\\/\"]}]},{\"@type\":\"ImageObject\",\"inLanguage\":\"fr-FR\",\"@id\":\"https:\\\/\\\/cubaweddingpackages.com\\\/fr\\\/planification-de-mariage-a-la-havane-cuba\\\/#primaryimage\",\"url\":\"https:\\\/\\\/cubaweddingpackages.com\\\/wp-content\\\/uploads\\\/2024\\\/03\\\/Planificacion-de-bodas.jpg\",\"contentUrl\":\"https:\\\/\\\/cubaweddingpackages.com\\\/wp-content\\\/uploads\\\/2024\\\/03\\\/Planificacion-de-bodas.jpg\",\"width\":741,\"height\":489,\"caption\":\"Planification de mariage \u00e0 La Havane\"},{\"@type\":\"BreadcrumbList\",\"@id\":\"https:\\\/\\\/cubaweddingpackages.com\\\/fr\\\/planification-de-mariage-a-la-havane-cuba\\\/#breadcrumb\",\"itemListElement\":[{\"@type\":\"ListItem\",\"position\":1,\"name\":\"Home\",\"item\":\"https:\\\/\\\/cubaweddingpackages.com\\\/fr\\\/\"},{\"@type\":\"ListItem\",\"position\":2,\"name\":\"Planification de mariage \u00e0 La Havane, Cuba\"}]},{\"@type\":\"WebSite\",\"@id\":\"https:\\\/\\\/cubaweddingpackages.com\\\/fr\\\/#website\",\"url\":\"https:\\\/\\\/cubaweddingpackages.com\\\/fr\\\/\",\"name\":\"Wedding Packages in Cuba\",\"description\":\"Best Wedding Packages\",\"potentialAction\":[{\"@type\":\"SearchAction\",\"target\":{\"@type\":\"EntryPoint\",\"urlTemplate\":\"https:\\\/\\\/cubaweddingpackages.com\\\/fr\\\/?s={search_term_string}\"},\"query-input\":{\"@type\":\"PropertyValueSpecification\",\"valueRequired\":true,\"valueName\":\"search_term_string\"}}],\"inLanguage\":\"fr-FR\"}]}<\/script>\n<!-- \/ Yoast SEO plugin. -->","yoast_head_json":{"title":"Planification de mariage \u00e0 La Havane, Cuba","description":"C\u00e9l\u00e9brez votre mariage \u00e0 La Havane avec des services de planification complets pour une journ\u00e9e magique et sans stress. Cliquez ici","robots":{"index":"index","follow":"follow","max-snippet":"max-snippet:-1","max-image-preview":"max-image-preview:large","max-video-preview":"max-video-preview:-1"},"canonical":"https:\/\/cubaweddingpackages.com\/fr\/planification-de-mariage-a-la-havane-cuba\/","og_locale":"fr_FR","og_type":"article","og_title":"Planification de mariage \u00e0 La Havane, Cuba","og_description":"C\u00e9l\u00e9brez votre mariage \u00e0 La Havane avec des services de planification complets pour une journ\u00e9e magique et sans stress. Cliquez ici","og_url":"https:\/\/cubaweddingpackages.com\/fr\/planification-de-mariage-a-la-havane-cuba\/","og_site_name":"Wedding Packages in Cuba","article_publisher":"https:\/\/www.facebook.com\/BodasEnCubaV","og_image":[{"width":741,"height":489,"url":"https:\/\/cubaweddingpackages.com\/wp-content\/uploads\/2024\/03\/Planificacion-de-bodas.jpg","type":"image\/jpeg"}],"twitter_misc":{"Dur\u00e9e de lecture estim\u00e9e":"4 minutes"},"schema":{"@context":"https:\/\/schema.org","@graph":[{"@type":"WebPage","@id":"https:\/\/cubaweddingpackages.com\/fr\/planification-de-mariage-a-la-havane-cuba\/","url":"https:\/\/cubaweddingpackages.com\/fr\/planification-de-mariage-a-la-havane-cuba\/","name":"Planification de mariage \u00e0 La Havane, Cuba","isPartOf":{"@id":"https:\/\/cubaweddingpackages.com\/fr\/#website"},"primaryImageOfPage":{"@id":"https:\/\/cubaweddingpackages.com\/fr\/planification-de-mariage-a-la-havane-cuba\/#primaryimage"},"image":{"@id":"https:\/\/cubaweddingpackages.com\/fr\/planification-de-mariage-a-la-havane-cuba\/#primaryimage"},"thumbnailUrl":"https:\/\/cubaweddingpackages.com\/wp-content\/uploads\/2024\/03\/Planificacion-de-bodas.jpg","datePublished":"2024-03-21T20:04:19+00:00","description":"C\u00e9l\u00e9brez votre mariage \u00e0 La Havane avec des services de planification complets pour une journ\u00e9e magique et sans stress. Cliquez ici","breadcrumb":{"@id":"https:\/\/cubaweddingpackages.com\/fr\/planification-de-mariage-a-la-havane-cuba\/#breadcrumb"},"inLanguage":"fr-FR","potentialAction":[{"@type":"ReadAction","target":["https:\/\/cubaweddingpackages.com\/fr\/planification-de-mariage-a-la-havane-cuba\/"]}]},{"@type":"ImageObject","inLanguage":"fr-FR","@id":"https:\/\/cubaweddingpackages.com\/fr\/planification-de-mariage-a-la-havane-cuba\/#primaryimage","url":"https:\/\/cubaweddingpackages.com\/wp-content\/uploads\/2024\/03\/Planificacion-de-bodas.jpg","contentUrl":"https:\/\/cubaweddingpackages.com\/wp-content\/uploads\/2024\/03\/Planificacion-de-bodas.jpg","width":741,"height":489,"caption":"Planification de mariage \u00e0 La Havane"},{"@type":"BreadcrumbList","@id":"https:\/\/cubaweddingpackages.com\/fr\/planification-de-mariage-a-la-havane-cuba\/#breadcrumb","itemListElement":[{"@type":"ListItem","position":1,"name":"Home","item":"https:\/\/cubaweddingpackages.com\/fr\/"},{"@type":"ListItem","position":2,"name":"Planification de mariage \u00e0 La Havane, Cuba"}]},{"@type":"WebSite","@id":"https:\/\/cubaweddingpackages.com\/fr\/#website","url":"https:\/\/cubaweddingpackages.com\/fr\/","name":"Wedding Packages in Cuba","description":"Best Wedding Packages","potentialAction":[{"@type":"SearchAction","target":{"@type":"EntryPoint","urlTemplate":"https:\/\/cubaweddingpackages.com\/fr\/?s={search_term_string}"},"query-input":{"@type":"PropertyValueSpecification","valueRequired":true,"valueName":"search_term_string"}}],"inLanguage":"fr-FR"}]}},"_links":{"self":[{"href":"https:\/\/cubaweddingpackages.com\/fr\/wp-json\/wp\/v2\/pages\/8421","targetHints":{"allow":["GET"]}}],"collection":[{"href":"https:\/\/cubaweddingpackages.com\/fr\/wp-json\/wp\/v2\/pages"}],"about":[{"href":"https:\/\/cubaweddingpackages.com\/fr\/wp-json\/wp\/v2\/types\/page"}],"author":[{"embeddable":true,"href":"https:\/\/cubaweddingpackages.com\/fr\/wp-json\/wp\/v2\/users\/5"}],"replies":[{"embeddable":true,"href":"https:\/\/cubaweddingpackages.com\/fr\/wp-json\/wp\/v2\/comments?post=8421"}],"version-history":[{"count":2,"href":"https:\/\/cubaweddingpackages.com\/fr\/wp-json\/wp\/v2\/pages\/8421\/revisions"}],"predecessor-version":[{"id":8436,"href":"https:\/\/cubaweddingpackages.com\/fr\/wp-json\/wp\/v2\/pages\/8421\/revisions\/8436"}],"wp:featuredmedia":[{"embeddable":true,"href":"https:\/\/cubaweddingpackages.com\/fr\/wp-json\/wp\/v2\/media\/8399"}],"wp:attachment":[{"href":"https:\/\/cubaweddingpackages.com\/fr\/wp-json\/wp\/v2\/media?parent=8421"}],"curies":[{"name":"wp","href":"https:\/\/api.w.org\/{rel}","templated":true}]}}