{"id":8476,"date":"2024-03-25T12:59:17","date_gmt":"2024-03-25T12:59:17","guid":{"rendered":"https:\/\/cubaweddingpackages.com\/?page_id=8476"},"modified":"2024-03-25T12:59:17","modified_gmt":"2024-03-25T12:59:17","slug":"celebrez-votre-mariage-dans-les-nuits-de-la-havane","status":"publish","type":"page","link":"https:\/\/cubaweddingpackages.com\/fr\/celebrez-votre-mariage-dans-les-nuits-de-la-havane\/","title":{"rendered":"C\u00e9l\u00e9brez votre mariage dans les nuits de La Havane !"},"content":{"rendered":"<div class=\"wpb-content-wrapper\"><p>[vc_row][vc_column][vc_column_text]Vous recherchez une exp\u00e9rience unique et glamour pour votre mariage ? Vous souhaitez que votre grand jour soit inoubliable et plein de charme ? Ne regarde pas plus loin! Nous vous pr\u00e9sentons des mariages nocturnes \u00e0 La Havane, o\u00f9 vous pourrez profiter d&#8217;\u00e9v\u00e9nements exclusifs et \u00e9l\u00e9gants dans cette belle ville.<\/p>\n<h2><strong><a href=\"https:\/\/cubaweddingpackages.com\/fr\/organisateurs-de-mariage-a-cuba\/\"><img decoding=\"async\" class=\"aligncenter wp-image-8463 size-large\" src=\"http:\/\/cubaweddingpackages.com\/wp-content\/uploads\/2024\/03\/boda-en-las-noches-de-La-Habana-1024x602.jpg\" alt=\"mariage dans les nuits de La Havane\" width=\"1024\" height=\"602\" srcset=\"https:\/\/cubaweddingpackages.com\/wp-content\/uploads\/2024\/03\/boda-en-las-noches-de-La-Habana-1024x602.jpg 1024w, https:\/\/cubaweddingpackages.com\/wp-content\/uploads\/2024\/03\/boda-en-las-noches-de-La-Habana-300x176.jpg 300w, https:\/\/cubaweddingpackages.com\/wp-content\/uploads\/2024\/03\/boda-en-las-noches-de-La-Habana-768x451.jpg 768w, https:\/\/cubaweddingpackages.com\/wp-content\/uploads\/2024\/03\/boda-en-las-noches-de-La-Habana.jpg 1239w\" sizes=\"(max-width: 1024px) 100vw, 1024px\" \/><\/a><\/strong><\/h2>\n<h2>Une touche de glamour dans chaque d\u00e9tail<\/h2>\n<p>Les mariages nocturnes \u00e0 La Havane sont connus pour leur \u00e9l\u00e9gance et leur sophistication. Chaque d\u00e9tail est soigneusement planifi\u00e9 pour cr\u00e9er une exp\u00e9rience inoubliable tant pour les mari\u00e9s que pour leurs invit\u00e9s. De la d\u00e9coration au menu, tout est con\u00e7u pour refl\u00e9ter le charme et la beaut\u00e9 de cette ville.<\/p>\n<p>Imaginez c\u00e9l\u00e9brer votre pr\u00e9-mariage au c\u00e9l\u00e8bre cabaret Tropicana, entour\u00e9 de lumi\u00e8res vives, de musique live et d&#8217;une atmosph\u00e8re \u00e9nergique. Ce lieu embl\u00e9matique vous fera vivre une exp\u00e9rience unique pleine de plaisir et de joie. Vos invit\u00e9s seront ravis de participer \u00e0 cette c\u00e9l\u00e9bration sp\u00e9ciale.<\/p>\n<h2><strong>\u00a0<\/strong><\/h2>\n<p>[\/vc_column_text][vc_column_text]<\/p>\n<h2>Un cadre historique pour votre c\u00e9r\u00e9monie<\/h2>\n<p>La Havane regorge de lieux historiques et embl\u00e9matiques qui peuvent devenir le cadre id\u00e9al pour votre c\u00e9r\u00e9monie de mariage. La majestueuse cath\u00e9drale de La Havane fait partie de ces endroits qui vous couperont le souffle. Ses arches impressionnantes et son architecture coloniale vous transporteront dans une autre \u00e9poque, cr\u00e9ant une atmosph\u00e8re romantique et magique pour votre mariage.<\/p>\n<p>Imaginez-vous en train de marcher dans l&#8217;all\u00e9e de la cath\u00e9drale, tandis que les chandelles illuminent votre chemin et qu&#8217;une musique douce remplit l&#8217;air. Vos proches seront ravis d\u2019assister \u00e0 ce moment privil\u00e9gi\u00e9 dans un lieu aussi significatif.<\/p>\n<p><a href=\"https:\/\/cubaweddingpackages.com\/fr\/organisateurs-de-mariage-a-cuba\/\"><img decoding=\"async\" class=\"aligncenter wp-image-8454 size-full\" src=\"http:\/\/cubaweddingpackages.com\/wp-content\/uploads\/2024\/03\/boda-en-las-noches-de-La-Habana-pareja.jpg\" alt=\"mariage dans les nuits de La Havane\" width=\"982\" height=\"643\" srcset=\"https:\/\/cubaweddingpackages.com\/wp-content\/uploads\/2024\/03\/boda-en-las-noches-de-La-Habana-pareja.jpg 982w, https:\/\/cubaweddingpackages.com\/wp-content\/uploads\/2024\/03\/boda-en-las-noches-de-La-Habana-pareja-300x196.jpg 300w, https:\/\/cubaweddingpackages.com\/wp-content\/uploads\/2024\/03\/boda-en-las-noches-de-La-Habana-pareja-768x503.jpg 768w\" sizes=\"(max-width: 982px) 100vw, 982px\" \/><\/a>[\/vc_column_text][vc_column_text]<\/p>\n<h2>Une exp\u00e9rience inoubliable pour tous<\/h2>\n<p>Les mariages nocturnes \u00e0 La Havane offrent non seulement une atmosph\u00e8re glamour et exclusive, mais aussi une exp\u00e9rience inoubliable pour tous les invit\u00e9s. La ville est pleine de charme et de culture, vos proches pourront donc profiter de tout ce que La Havane a \u00e0 offrir pendant leur s\u00e9jour.<\/p>\n<p>De la fl\u00e2nerie dans les rues color\u00e9es de la vieille ville \u00e0 la vie nocturne anim\u00e9e, vos invit\u00e9s seront ravis de d\u00e9couvrir les charmes de cette ville unique. De plus, ils pourront savourer de d\u00e9licieux plats cubains et danser au rythme de la musique traditionnelle dans les c\u00e9l\u00e8bres clubs de salsa.<\/p>\n<p>Ne manquez pas l&#8217;occasion de c\u00e9l\u00e9brer votre mariage la nuit \u00e0 La Havane ! Ce sera une exp\u00e9rience unique et magique dont vous vous souviendrez pour toujours. Contactez-nous et nous vous aiderons \u00e0 planifier l&#8217;\u00e9v\u00e9nement de vos r\u00eaves dans cette belle ville pleine de charme et de glamour.<\/p>\n<p>[\/vc_column_text][\/vc_column][\/vc_row]<\/p>\n<\/div>","protected":false},"excerpt":{"rendered":"<p>[vc_row][vc_column][vc_column_text]Vous recherchez une exp\u00e9rience unique et glamour pour votre mariage ? Vous souhaitez que votre grand jour soit inoubliable et [&hellip;]<\/p>\n","protected":false},"author":5,"featured_media":8448,"parent":0,"menu_order":0,"comment_status":"closed","ping_status":"closed","template":"","meta":{"_joinchat":{"telephone":"55396525"},"footnotes":""},"class_list":["post-8476","page","type-page","status-publish","has-post-thumbnail","hentry"],"yoast_head":"<!-- This site is optimized with the Yoast SEO plugin v27.3 - https:\/\/yoast.com\/product\/yoast-seo-wordpress\/ -->\n<title>C\u00e9l\u00e9brez votre mariage dans les nuits de La Havane !<\/title>\n<meta name=\"description\" content=\"C\u00e9l\u00e9brez votre amour avec un mariage unique \u00e0 La Havane. \u00c9l\u00e9gance et plaisir dans une destination historique. Planifiez votre nuit magique!\" \/>\n<meta name=\"robots\" content=\"index, follow, max-snippet:-1, max-image-preview:large, max-video-preview:-1\" \/>\n<link rel=\"canonical\" href=\"https:\/\/cubaweddingpackages.com\/fr\/celebrez-votre-mariage-dans-les-nuits-de-la-havane\/\" \/>\n<meta property=\"og:locale\" content=\"fr_FR\" \/>\n<meta property=\"og:type\" content=\"article\" \/>\n<meta property=\"og:title\" content=\"C\u00e9l\u00e9brez votre mariage dans les nuits de La Havane !\" \/>\n<meta property=\"og:description\" content=\"C\u00e9l\u00e9brez votre amour avec un mariage unique \u00e0 La Havane. \u00c9l\u00e9gance et plaisir dans une destination historique. Planifiez votre nuit magique!\" \/>\n<meta property=\"og:url\" content=\"https:\/\/cubaweddingpackages.com\/fr\/celebrez-votre-mariage-dans-les-nuits-de-la-havane\/\" \/>\n<meta property=\"og:site_name\" content=\"Wedding Packages in Cuba\" \/>\n<meta property=\"article:publisher\" content=\"https:\/\/www.facebook.com\/BodasEnCubaV\" \/>\n<meta property=\"og:image\" content=\"https:\/\/cubaweddingpackages.com\/wp-content\/uploads\/2024\/03\/boda-en-las-noches-de-La-Habana-fiesta.jpg\" \/>\n\t<meta property=\"og:image:width\" content=\"1096\" \/>\n\t<meta property=\"og:image:height\" content=\"663\" \/>\n\t<meta property=\"og:image:type\" content=\"image\/jpeg\" \/>\n<meta name=\"twitter:label1\" content=\"Dur\u00e9e de lecture estim\u00e9e\" \/>\n\t<meta name=\"twitter:data1\" content=\"3 minutes\" \/>\n<script type=\"application\/ld+json\" class=\"yoast-schema-graph\">{\"@context\":\"https:\\\/\\\/schema.org\",\"@graph\":[{\"@type\":\"WebPage\",\"@id\":\"https:\\\/\\\/cubaweddingpackages.com\\\/fr\\\/celebrez-votre-mariage-dans-les-nuits-de-la-havane\\\/\",\"url\":\"https:\\\/\\\/cubaweddingpackages.com\\\/fr\\\/celebrez-votre-mariage-dans-les-nuits-de-la-havane\\\/\",\"name\":\"C\u00e9l\u00e9brez votre mariage dans les nuits de La Havane !\",\"isPartOf\":{\"@id\":\"https:\\\/\\\/cubaweddingpackages.com\\\/fr\\\/#website\"},\"primaryImageOfPage\":{\"@id\":\"https:\\\/\\\/cubaweddingpackages.com\\\/fr\\\/celebrez-votre-mariage-dans-les-nuits-de-la-havane\\\/#primaryimage\"},\"image\":{\"@id\":\"https:\\\/\\\/cubaweddingpackages.com\\\/fr\\\/celebrez-votre-mariage-dans-les-nuits-de-la-havane\\\/#primaryimage\"},\"thumbnailUrl\":\"https:\\\/\\\/cubaweddingpackages.com\\\/wp-content\\\/uploads\\\/2024\\\/03\\\/boda-en-las-noches-de-La-Habana-fiesta.jpg\",\"datePublished\":\"2024-03-25T12:59:17+00:00\",\"description\":\"C\u00e9l\u00e9brez votre amour avec un mariage unique \u00e0 La Havane. \u00c9l\u00e9gance et plaisir dans une destination historique. Planifiez votre nuit magique!\",\"breadcrumb\":{\"@id\":\"https:\\\/\\\/cubaweddingpackages.com\\\/fr\\\/celebrez-votre-mariage-dans-les-nuits-de-la-havane\\\/#breadcrumb\"},\"inLanguage\":\"fr-FR\",\"potentialAction\":[{\"@type\":\"ReadAction\",\"target\":[\"https:\\\/\\\/cubaweddingpackages.com\\\/fr\\\/celebrez-votre-mariage-dans-les-nuits-de-la-havane\\\/\"]}]},{\"@type\":\"ImageObject\",\"inLanguage\":\"fr-FR\",\"@id\":\"https:\\\/\\\/cubaweddingpackages.com\\\/fr\\\/celebrez-votre-mariage-dans-les-nuits-de-la-havane\\\/#primaryimage\",\"url\":\"https:\\\/\\\/cubaweddingpackages.com\\\/wp-content\\\/uploads\\\/2024\\\/03\\\/boda-en-las-noches-de-La-Habana-fiesta.jpg\",\"contentUrl\":\"https:\\\/\\\/cubaweddingpackages.com\\\/wp-content\\\/uploads\\\/2024\\\/03\\\/boda-en-las-noches-de-La-Habana-fiesta.jpg\",\"width\":1096,\"height\":663,\"caption\":\"Banquets de mariage \u00e0 Cuba\"},{\"@type\":\"BreadcrumbList\",\"@id\":\"https:\\\/\\\/cubaweddingpackages.com\\\/fr\\\/celebrez-votre-mariage-dans-les-nuits-de-la-havane\\\/#breadcrumb\",\"itemListElement\":[{\"@type\":\"ListItem\",\"position\":1,\"name\":\"Home\",\"item\":\"https:\\\/\\\/cubaweddingpackages.com\\\/fr\\\/\"},{\"@type\":\"ListItem\",\"position\":2,\"name\":\"C\u00e9l\u00e9brez votre mariage dans les nuits de La Havane !\"}]},{\"@type\":\"WebSite\",\"@id\":\"https:\\\/\\\/cubaweddingpackages.com\\\/fr\\\/#website\",\"url\":\"https:\\\/\\\/cubaweddingpackages.com\\\/fr\\\/\",\"name\":\"Wedding Packages in Cuba\",\"description\":\"Best Wedding Packages\",\"potentialAction\":[{\"@type\":\"SearchAction\",\"target\":{\"@type\":\"EntryPoint\",\"urlTemplate\":\"https:\\\/\\\/cubaweddingpackages.com\\\/fr\\\/?s={search_term_string}\"},\"query-input\":{\"@type\":\"PropertyValueSpecification\",\"valueRequired\":true,\"valueName\":\"search_term_string\"}}],\"inLanguage\":\"fr-FR\"}]}<\/script>\n<!-- \/ Yoast SEO plugin. -->","yoast_head_json":{"title":"C\u00e9l\u00e9brez votre mariage dans les nuits de La Havane !","description":"C\u00e9l\u00e9brez votre amour avec un mariage unique \u00e0 La Havane. \u00c9l\u00e9gance et plaisir dans une destination historique. Planifiez votre nuit magique!","robots":{"index":"index","follow":"follow","max-snippet":"max-snippet:-1","max-image-preview":"max-image-preview:large","max-video-preview":"max-video-preview:-1"},"canonical":"https:\/\/cubaweddingpackages.com\/fr\/celebrez-votre-mariage-dans-les-nuits-de-la-havane\/","og_locale":"fr_FR","og_type":"article","og_title":"C\u00e9l\u00e9brez votre mariage dans les nuits de La Havane !","og_description":"C\u00e9l\u00e9brez votre amour avec un mariage unique \u00e0 La Havane. \u00c9l\u00e9gance et plaisir dans une destination historique. Planifiez votre nuit magique!","og_url":"https:\/\/cubaweddingpackages.com\/fr\/celebrez-votre-mariage-dans-les-nuits-de-la-havane\/","og_site_name":"Wedding Packages in Cuba","article_publisher":"https:\/\/www.facebook.com\/BodasEnCubaV","og_image":[{"width":1096,"height":663,"url":"https:\/\/cubaweddingpackages.com\/wp-content\/uploads\/2024\/03\/boda-en-las-noches-de-La-Habana-fiesta.jpg","type":"image\/jpeg"}],"twitter_misc":{"Dur\u00e9e de lecture estim\u00e9e":"3 minutes"},"schema":{"@context":"https:\/\/schema.org","@graph":[{"@type":"WebPage","@id":"https:\/\/cubaweddingpackages.com\/fr\/celebrez-votre-mariage-dans-les-nuits-de-la-havane\/","url":"https:\/\/cubaweddingpackages.com\/fr\/celebrez-votre-mariage-dans-les-nuits-de-la-havane\/","name":"C\u00e9l\u00e9brez votre mariage dans les nuits de La Havane !","isPartOf":{"@id":"https:\/\/cubaweddingpackages.com\/fr\/#website"},"primaryImageOfPage":{"@id":"https:\/\/cubaweddingpackages.com\/fr\/celebrez-votre-mariage-dans-les-nuits-de-la-havane\/#primaryimage"},"image":{"@id":"https:\/\/cubaweddingpackages.com\/fr\/celebrez-votre-mariage-dans-les-nuits-de-la-havane\/#primaryimage"},"thumbnailUrl":"https:\/\/cubaweddingpackages.com\/wp-content\/uploads\/2024\/03\/boda-en-las-noches-de-La-Habana-fiesta.jpg","datePublished":"2024-03-25T12:59:17+00:00","description":"C\u00e9l\u00e9brez votre amour avec un mariage unique \u00e0 La Havane. \u00c9l\u00e9gance et plaisir dans une destination historique. Planifiez votre nuit magique!","breadcrumb":{"@id":"https:\/\/cubaweddingpackages.com\/fr\/celebrez-votre-mariage-dans-les-nuits-de-la-havane\/#breadcrumb"},"inLanguage":"fr-FR","potentialAction":[{"@type":"ReadAction","target":["https:\/\/cubaweddingpackages.com\/fr\/celebrez-votre-mariage-dans-les-nuits-de-la-havane\/"]}]},{"@type":"ImageObject","inLanguage":"fr-FR","@id":"https:\/\/cubaweddingpackages.com\/fr\/celebrez-votre-mariage-dans-les-nuits-de-la-havane\/#primaryimage","url":"https:\/\/cubaweddingpackages.com\/wp-content\/uploads\/2024\/03\/boda-en-las-noches-de-La-Habana-fiesta.jpg","contentUrl":"https:\/\/cubaweddingpackages.com\/wp-content\/uploads\/2024\/03\/boda-en-las-noches-de-La-Habana-fiesta.jpg","width":1096,"height":663,"caption":"Banquets de mariage \u00e0 Cuba"},{"@type":"BreadcrumbList","@id":"https:\/\/cubaweddingpackages.com\/fr\/celebrez-votre-mariage-dans-les-nuits-de-la-havane\/#breadcrumb","itemListElement":[{"@type":"ListItem","position":1,"name":"Home","item":"https:\/\/cubaweddingpackages.com\/fr\/"},{"@type":"ListItem","position":2,"name":"C\u00e9l\u00e9brez votre mariage dans les nuits de La Havane !"}]},{"@type":"WebSite","@id":"https:\/\/cubaweddingpackages.com\/fr\/#website","url":"https:\/\/cubaweddingpackages.com\/fr\/","name":"Wedding Packages in Cuba","description":"Best Wedding Packages","potentialAction":[{"@type":"SearchAction","target":{"@type":"EntryPoint","urlTemplate":"https:\/\/cubaweddingpackages.com\/fr\/?s={search_term_string}"},"query-input":{"@type":"PropertyValueSpecification","valueRequired":true,"valueName":"search_term_string"}}],"inLanguage":"fr-FR"}]}},"_links":{"self":[{"href":"https:\/\/cubaweddingpackages.com\/fr\/wp-json\/wp\/v2\/pages\/8476","targetHints":{"allow":["GET"]}}],"collection":[{"href":"https:\/\/cubaweddingpackages.com\/fr\/wp-json\/wp\/v2\/pages"}],"about":[{"href":"https:\/\/cubaweddingpackages.com\/fr\/wp-json\/wp\/v2\/types\/page"}],"author":[{"embeddable":true,"href":"https:\/\/cubaweddingpackages.com\/fr\/wp-json\/wp\/v2\/users\/5"}],"replies":[{"embeddable":true,"href":"https:\/\/cubaweddingpackages.com\/fr\/wp-json\/wp\/v2\/comments?post=8476"}],"version-history":[{"count":1,"href":"https:\/\/cubaweddingpackages.com\/fr\/wp-json\/wp\/v2\/pages\/8476\/revisions"}],"predecessor-version":[{"id":8483,"href":"https:\/\/cubaweddingpackages.com\/fr\/wp-json\/wp\/v2\/pages\/8476\/revisions\/8483"}],"wp:featuredmedia":[{"embeddable":true,"href":"https:\/\/cubaweddingpackages.com\/fr\/wp-json\/wp\/v2\/media\/8448"}],"wp:attachment":[{"href":"https:\/\/cubaweddingpackages.com\/fr\/wp-json\/wp\/v2\/media?parent=8476"}],"curies":[{"name":"wp","href":"https:\/\/api.w.org\/{rel}","templated":true}]}}