{"id":8521,"date":"2024-03-25T14:48:12","date_gmt":"2024-03-25T14:48:12","guid":{"rendered":"https:\/\/cubaweddingpackages.com\/?page_id=8521"},"modified":"2024-03-25T14:48:12","modified_gmt":"2024-03-25T14:48:12","slug":"les-meilleurs-organisateurs-de-mariage-a-la-havane-cuba","status":"publish","type":"page","link":"https:\/\/cubaweddingpackages.com\/fr\/les-meilleurs-organisateurs-de-mariage-a-la-havane-cuba\/","title":{"rendered":"Les meilleurs organisateurs de mariage \u00e0 La Havane, Cuba"},"content":{"rendered":"<div class=\"wpb-content-wrapper\"><p>[vc_row][vc_column][vc_column_text]\u00cates-vous \u00e0 la recherche d&#8217;un organisateur de mariage \u00e0 La Havane, Cuba ? Vous \u00eates au bon endroit! Vous trouverez ici une s\u00e9lection des meilleurs professionnels et entreprises proposant des services de planification et de coordination de mariage dans cette belle ville.<\/p>\n<h2>L&#8217;importance d&#8217;un organisateur de mariage<\/h2>\n<p>Planifier un mariage peut \u00eatre une t\u00e2che \u00e9crasante et stressante. Du choix du lieu \u00e0 la s\u00e9lection du menu, en passant par l&#8217;organisation des moindres d\u00e9tails, il y a beaucoup de choses \u00e0 consid\u00e9rer. C&#8217;est pourquoi avoir un organisateur de mariage professionnel peut faire la diff\u00e9rence entre un mariage chaotique et stressant ou un mariage parfaitement organis\u00e9 et sans souci.<\/p>\n<p>Un organisateur de mariage \u00e0 La Havane vous aidera non seulement \u00e0 coordonner tous les aspects de votre mariage, mais il vous fournira \u00e9galement des conseils d&#8217;experts et vous aidera \u00e0 prendre des d\u00e9cisions \u00e9clair\u00e9es. Leur exp\u00e9rience et leur connaissance des fournisseurs locaux vous permettront de trouver les meilleures options dans le cadre de votre budget et de garantir que chaque d\u00e9tail est parfait.<\/p>\n<p><a href=\"https:\/\/cubaweddingpackages.com\/fr\/organisateurs-de-mariage-a-cuba\/\"><img decoding=\"async\" class=\"aligncenter wp-image-8491 size-large\" src=\"http:\/\/cubaweddingpackages.com\/wp-content\/uploads\/2024\/03\/planificador-de-bodas-1-1024x612.jpg\" alt=\"organisateur de mariage 1\" width=\"1024\" height=\"612\" srcset=\"https:\/\/cubaweddingpackages.com\/wp-content\/uploads\/2024\/03\/planificador-de-bodas-1-1024x612.jpg 1024w, https:\/\/cubaweddingpackages.com\/wp-content\/uploads\/2024\/03\/planificador-de-bodas-1-300x179.jpg 300w, https:\/\/cubaweddingpackages.com\/wp-content\/uploads\/2024\/03\/planificador-de-bodas-1-768x459.jpg 768w, https:\/\/cubaweddingpackages.com\/wp-content\/uploads\/2024\/03\/planificador-de-bodas-1.jpg 1332w\" sizes=\"(max-width: 1024px) 100vw, 1024px\" \/><\/a>[\/vc_column_text][vc_column_text]<\/p>\n<h2>Trouvez l&#8217;organisateur de mariage parfait pour vous<\/h2>\n<p>\u00c0 La Havane, il existe une grande vari\u00e9t\u00e9 de professionnels et d\u2019entreprises qui proposent des services d\u2019organisation de mariage. Nous pr\u00e9sentons ici quelques-uns des plus remarquables\u00a0:<\/p>\n<h3>Mariages de r\u00eave<\/h3>\n<p>Bodas de Ensue\u00f1o est une entreprise leader dans la planification et la coordination de mariages \u00e0 La Havane. Leur \u00e9quipe d&#8217;experts s&#8217;occupera de chaque d\u00e9tail, du choix du lieu \u00e0 la s\u00e9lection des fournisseurs et \u00e0 la coordination du jour du mariage. Avec son souci du d\u00e9tail et son approche personnalis\u00e9e, Dream Weddings veille \u00e0 ce que votre mariage soit unique et m\u00e9morable.<\/p>\n<h3>\u00c9v\u00e9nements magiques<\/h3>\n<p>Magical Events est une autre excellente option pour planifier un mariage \u00e0 La Havane. Leur \u00e9quipe de professionnels hautement qualifi\u00e9s se sp\u00e9cialise dans la cr\u00e9ation d&#8217;\u00e9v\u00e9nements uniques et personnalis\u00e9s qui refl\u00e8tent la personnalit\u00e9 et les go\u00fbts de chaque couple. Gr\u00e2ce \u00e0 son vaste r\u00e9seau de fournisseurs et \u00e0 son exp\u00e9rience dans l\u2019industrie du mariage, Magical Events peut transformer vos r\u00eaves en r\u00e9alit\u00e9.<\/p>\n<h3>Moments inoubliables<\/h3>\n<p>Si vous recherchez une exp\u00e9rience de planification de mariage sans stress, Unforgettable Moments est le choix parfait. Leur \u00e9quipe s&#8217;occupera de tous les aspects de votre mariage, de la s\u00e9lection du lieu \u00e0 la coordination du jour du mariage. Leur approche personnalis\u00e9e et leur souci du d\u00e9tail garantissent que chaque instant de votre mariage soit inoubliable.[\/vc_column_text][vc_column_text]<\/p>\n<h2><strong><a href=\"https:\/\/cubaweddingpackages.com\/fr\/organisateurs-de-mariage-a-cuba\/\"><img decoding=\"async\" class=\"aligncenter wp-image-8509 size-large\" src=\"http:\/\/cubaweddingpackages.com\/wp-content\/uploads\/2024\/03\/planificador-de-bodas-1024x611.jpg\" alt=\"organisateur de mariage\" width=\"1024\" height=\"611\" srcset=\"https:\/\/cubaweddingpackages.com\/wp-content\/uploads\/2024\/03\/planificador-de-bodas-1024x611.jpg 1024w, https:\/\/cubaweddingpackages.com\/wp-content\/uploads\/2024\/03\/planificador-de-bodas-300x179.jpg 300w, https:\/\/cubaweddingpackages.com\/wp-content\/uploads\/2024\/03\/planificador-de-bodas-768x458.jpg 768w, https:\/\/cubaweddingpackages.com\/wp-content\/uploads\/2024\/03\/planificador-de-bodas.jpg 1307w\" sizes=\"(max-width: 1024px) 100vw, 1024px\" \/><\/a><\/strong><\/h2>\n<h2>Pourquoi choisir un organisateur de mariage \u00e0 La Havane ?<\/h2>\n<p>La Havane est une ville pleine de charme et de beaut\u00e9, et constitue le cadre id\u00e9al pour un mariage inoubliable. Cependant, planifier un mariage dans une ville \u00e9trang\u00e8re peut pr\u00e9senter des d\u00e9fis uniques. C&#8217;est pourquoi avoir un organisateur de mariage local peut faire toute la diff\u00e9rence.<\/p>\n<p>Un organisateur de mariage \u00e0 La Havane poss\u00e8de une connaissance approfondie de la ville et des vendeurs locaux. Vous saurez quels lieux sont les mieux adapt\u00e9s pour votre mariage, quels fournisseurs offrent les meilleurs services et comment garantir que tout se passe bien. De plus, avoir un planificateur local vous fera gagner du temps et des efforts en s&#8217;occupant de tous les d\u00e9tails logistiques et en vous fournissant des conseils d&#8217;experts.<\/p>\n<p>Si vous planifiez un mariage \u00e0 La Havane, faire appel \u00e0 un organisateur de mariage professionnel est une d\u00e9cision judicieuse. Il vous aidera \u00e0 coordonner tous les aspects de votre mariage, du choix du lieu \u00e0 la s\u00e9lection des prestataires et \u00e0 la coordination du jour du mariage. De plus, ils vous fourniront des conseils d\u2019experts et vous aideront \u00e0 prendre des d\u00e9cisions \u00e9clair\u00e9es. Ne perdez plus de temps \u00e0 chercher, trouvez l&#8217;organisateur de mariage id\u00e9al pour vous et profitez d&#8217;un mariage parfaitement organis\u00e9 \u00e0 La Havane, Cuba !<\/p>\n<h2><strong>\u00a0<\/strong><\/h2>\n<p>[\/vc_column_text][\/vc_column][\/vc_row]<\/p>\n<\/div>","protected":false},"excerpt":{"rendered":"<p>[vc_row][vc_column][vc_column_text]\u00cates-vous \u00e0 la recherche d&#8217;un organisateur de mariage \u00e0 La Havane, Cuba ? Vous \u00eates au bon endroit! Vous trouverez [&hellip;]<\/p>\n","protected":false},"author":5,"featured_media":8503,"parent":0,"menu_order":0,"comment_status":"closed","ping_status":"closed","template":"","meta":{"_joinchat":{"telephone":"+5355396525"},"footnotes":""},"class_list":["post-8521","page","type-page","status-publish","has-post-thumbnail","hentry"],"yoast_head":"<!-- This site is optimized with the Yoast SEO plugin v27.3 - https:\/\/yoast.com\/product\/yoast-seo-wordpress\/ -->\n<title>Les meilleurs organisateurs de mariage \u00e0 La Havane, Cuba<\/title>\n<meta name=\"description\" content=\"Organisez le mariage de vos r\u00eaves \u00e0 La Havane avec les meilleurs organisateurs. Service personnalis\u00e9 et attention \u00e0 chaque d\u00e9tail\" \/>\n<meta name=\"robots\" content=\"index, follow, max-snippet:-1, max-image-preview:large, max-video-preview:-1\" \/>\n<link rel=\"canonical\" href=\"https:\/\/cubaweddingpackages.com\/fr\/les-meilleurs-organisateurs-de-mariage-a-la-havane-cuba\/\" \/>\n<meta property=\"og:locale\" content=\"fr_FR\" \/>\n<meta property=\"og:type\" content=\"article\" \/>\n<meta property=\"og:title\" content=\"Les meilleurs organisateurs de mariage \u00e0 La Havane, Cuba\" \/>\n<meta property=\"og:description\" content=\"Organisez le mariage de vos r\u00eaves \u00e0 La Havane avec les meilleurs organisateurs. Service personnalis\u00e9 et attention \u00e0 chaque d\u00e9tail\" \/>\n<meta property=\"og:url\" content=\"https:\/\/cubaweddingpackages.com\/fr\/les-meilleurs-organisateurs-de-mariage-a-la-havane-cuba\/\" \/>\n<meta property=\"og:site_name\" content=\"Wedding Packages in Cuba\" \/>\n<meta property=\"article:publisher\" content=\"https:\/\/www.facebook.com\/BodasEnCubaV\" \/>\n<meta property=\"og:image\" content=\"https:\/\/cubaweddingpackages.com\/wp-content\/uploads\/2024\/03\/planificador-de-bodas-playa.jpg\" \/>\n\t<meta property=\"og:image:width\" content=\"1310\" \/>\n\t<meta property=\"og:image:height\" content=\"782\" \/>\n\t<meta property=\"og:image:type\" content=\"image\/jpeg\" \/>\n<meta name=\"twitter:label1\" content=\"Dur\u00e9e de lecture estim\u00e9e\" \/>\n\t<meta name=\"twitter:data1\" content=\"4 minutes\" \/>\n<script type=\"application\/ld+json\" class=\"yoast-schema-graph\">{\"@context\":\"https:\\\/\\\/schema.org\",\"@graph\":[{\"@type\":\"WebPage\",\"@id\":\"https:\\\/\\\/cubaweddingpackages.com\\\/fr\\\/les-meilleurs-organisateurs-de-mariage-a-la-havane-cuba\\\/\",\"url\":\"https:\\\/\\\/cubaweddingpackages.com\\\/fr\\\/les-meilleurs-organisateurs-de-mariage-a-la-havane-cuba\\\/\",\"name\":\"Les meilleurs organisateurs de mariage \u00e0 La Havane, Cuba\",\"isPartOf\":{\"@id\":\"https:\\\/\\\/cubaweddingpackages.com\\\/fr\\\/#website\"},\"primaryImageOfPage\":{\"@id\":\"https:\\\/\\\/cubaweddingpackages.com\\\/fr\\\/les-meilleurs-organisateurs-de-mariage-a-la-havane-cuba\\\/#primaryimage\"},\"image\":{\"@id\":\"https:\\\/\\\/cubaweddingpackages.com\\\/fr\\\/les-meilleurs-organisateurs-de-mariage-a-la-havane-cuba\\\/#primaryimage\"},\"thumbnailUrl\":\"https:\\\/\\\/cubaweddingpackages.com\\\/wp-content\\\/uploads\\\/2024\\\/03\\\/planificador-de-bodas-playa.jpg\",\"datePublished\":\"2024-03-25T14:48:12+00:00\",\"description\":\"Organisez le mariage de vos r\u00eaves \u00e0 La Havane avec les meilleurs organisateurs. Service personnalis\u00e9 et attention \u00e0 chaque d\u00e9tail\",\"breadcrumb\":{\"@id\":\"https:\\\/\\\/cubaweddingpackages.com\\\/fr\\\/les-meilleurs-organisateurs-de-mariage-a-la-havane-cuba\\\/#breadcrumb\"},\"inLanguage\":\"fr-FR\",\"potentialAction\":[{\"@type\":\"ReadAction\",\"target\":[\"https:\\\/\\\/cubaweddingpackages.com\\\/fr\\\/les-meilleurs-organisateurs-de-mariage-a-la-havane-cuba\\\/\"]}]},{\"@type\":\"ImageObject\",\"inLanguage\":\"fr-FR\",\"@id\":\"https:\\\/\\\/cubaweddingpackages.com\\\/fr\\\/les-meilleurs-organisateurs-de-mariage-a-la-havane-cuba\\\/#primaryimage\",\"url\":\"https:\\\/\\\/cubaweddingpackages.com\\\/wp-content\\\/uploads\\\/2024\\\/03\\\/planificador-de-bodas-playa.jpg\",\"contentUrl\":\"https:\\\/\\\/cubaweddingpackages.com\\\/wp-content\\\/uploads\\\/2024\\\/03\\\/planificador-de-bodas-playa.jpg\",\"width\":1310,\"height\":782,\"caption\":\"Conseils pour choisir un lieu de mariage \u00e0 Cuba\"},{\"@type\":\"BreadcrumbList\",\"@id\":\"https:\\\/\\\/cubaweddingpackages.com\\\/fr\\\/les-meilleurs-organisateurs-de-mariage-a-la-havane-cuba\\\/#breadcrumb\",\"itemListElement\":[{\"@type\":\"ListItem\",\"position\":1,\"name\":\"Home\",\"item\":\"https:\\\/\\\/cubaweddingpackages.com\\\/fr\\\/\"},{\"@type\":\"ListItem\",\"position\":2,\"name\":\"Les meilleurs organisateurs de mariage \u00e0 La Havane, Cuba\"}]},{\"@type\":\"WebSite\",\"@id\":\"https:\\\/\\\/cubaweddingpackages.com\\\/fr\\\/#website\",\"url\":\"https:\\\/\\\/cubaweddingpackages.com\\\/fr\\\/\",\"name\":\"Wedding Packages in Cuba\",\"description\":\"Best Wedding Packages\",\"potentialAction\":[{\"@type\":\"SearchAction\",\"target\":{\"@type\":\"EntryPoint\",\"urlTemplate\":\"https:\\\/\\\/cubaweddingpackages.com\\\/fr\\\/?s={search_term_string}\"},\"query-input\":{\"@type\":\"PropertyValueSpecification\",\"valueRequired\":true,\"valueName\":\"search_term_string\"}}],\"inLanguage\":\"fr-FR\"}]}<\/script>\n<!-- \/ Yoast SEO plugin. -->","yoast_head_json":{"title":"Les meilleurs organisateurs de mariage \u00e0 La Havane, Cuba","description":"Organisez le mariage de vos r\u00eaves \u00e0 La Havane avec les meilleurs organisateurs. Service personnalis\u00e9 et attention \u00e0 chaque d\u00e9tail","robots":{"index":"index","follow":"follow","max-snippet":"max-snippet:-1","max-image-preview":"max-image-preview:large","max-video-preview":"max-video-preview:-1"},"canonical":"https:\/\/cubaweddingpackages.com\/fr\/les-meilleurs-organisateurs-de-mariage-a-la-havane-cuba\/","og_locale":"fr_FR","og_type":"article","og_title":"Les meilleurs organisateurs de mariage \u00e0 La Havane, Cuba","og_description":"Organisez le mariage de vos r\u00eaves \u00e0 La Havane avec les meilleurs organisateurs. Service personnalis\u00e9 et attention \u00e0 chaque d\u00e9tail","og_url":"https:\/\/cubaweddingpackages.com\/fr\/les-meilleurs-organisateurs-de-mariage-a-la-havane-cuba\/","og_site_name":"Wedding Packages in Cuba","article_publisher":"https:\/\/www.facebook.com\/BodasEnCubaV","og_image":[{"width":1310,"height":782,"url":"https:\/\/cubaweddingpackages.com\/wp-content\/uploads\/2024\/03\/planificador-de-bodas-playa.jpg","type":"image\/jpeg"}],"twitter_misc":{"Dur\u00e9e de lecture estim\u00e9e":"4 minutes"},"schema":{"@context":"https:\/\/schema.org","@graph":[{"@type":"WebPage","@id":"https:\/\/cubaweddingpackages.com\/fr\/les-meilleurs-organisateurs-de-mariage-a-la-havane-cuba\/","url":"https:\/\/cubaweddingpackages.com\/fr\/les-meilleurs-organisateurs-de-mariage-a-la-havane-cuba\/","name":"Les meilleurs organisateurs de mariage \u00e0 La Havane, Cuba","isPartOf":{"@id":"https:\/\/cubaweddingpackages.com\/fr\/#website"},"primaryImageOfPage":{"@id":"https:\/\/cubaweddingpackages.com\/fr\/les-meilleurs-organisateurs-de-mariage-a-la-havane-cuba\/#primaryimage"},"image":{"@id":"https:\/\/cubaweddingpackages.com\/fr\/les-meilleurs-organisateurs-de-mariage-a-la-havane-cuba\/#primaryimage"},"thumbnailUrl":"https:\/\/cubaweddingpackages.com\/wp-content\/uploads\/2024\/03\/planificador-de-bodas-playa.jpg","datePublished":"2024-03-25T14:48:12+00:00","description":"Organisez le mariage de vos r\u00eaves \u00e0 La Havane avec les meilleurs organisateurs. Service personnalis\u00e9 et attention \u00e0 chaque d\u00e9tail","breadcrumb":{"@id":"https:\/\/cubaweddingpackages.com\/fr\/les-meilleurs-organisateurs-de-mariage-a-la-havane-cuba\/#breadcrumb"},"inLanguage":"fr-FR","potentialAction":[{"@type":"ReadAction","target":["https:\/\/cubaweddingpackages.com\/fr\/les-meilleurs-organisateurs-de-mariage-a-la-havane-cuba\/"]}]},{"@type":"ImageObject","inLanguage":"fr-FR","@id":"https:\/\/cubaweddingpackages.com\/fr\/les-meilleurs-organisateurs-de-mariage-a-la-havane-cuba\/#primaryimage","url":"https:\/\/cubaweddingpackages.com\/wp-content\/uploads\/2024\/03\/planificador-de-bodas-playa.jpg","contentUrl":"https:\/\/cubaweddingpackages.com\/wp-content\/uploads\/2024\/03\/planificador-de-bodas-playa.jpg","width":1310,"height":782,"caption":"Conseils pour choisir un lieu de mariage \u00e0 Cuba"},{"@type":"BreadcrumbList","@id":"https:\/\/cubaweddingpackages.com\/fr\/les-meilleurs-organisateurs-de-mariage-a-la-havane-cuba\/#breadcrumb","itemListElement":[{"@type":"ListItem","position":1,"name":"Home","item":"https:\/\/cubaweddingpackages.com\/fr\/"},{"@type":"ListItem","position":2,"name":"Les meilleurs organisateurs de mariage \u00e0 La Havane, Cuba"}]},{"@type":"WebSite","@id":"https:\/\/cubaweddingpackages.com\/fr\/#website","url":"https:\/\/cubaweddingpackages.com\/fr\/","name":"Wedding Packages in Cuba","description":"Best Wedding Packages","potentialAction":[{"@type":"SearchAction","target":{"@type":"EntryPoint","urlTemplate":"https:\/\/cubaweddingpackages.com\/fr\/?s={search_term_string}"},"query-input":{"@type":"PropertyValueSpecification","valueRequired":true,"valueName":"search_term_string"}}],"inLanguage":"fr-FR"}]}},"_links":{"self":[{"href":"https:\/\/cubaweddingpackages.com\/fr\/wp-json\/wp\/v2\/pages\/8521","targetHints":{"allow":["GET"]}}],"collection":[{"href":"https:\/\/cubaweddingpackages.com\/fr\/wp-json\/wp\/v2\/pages"}],"about":[{"href":"https:\/\/cubaweddingpackages.com\/fr\/wp-json\/wp\/v2\/types\/page"}],"author":[{"embeddable":true,"href":"https:\/\/cubaweddingpackages.com\/fr\/wp-json\/wp\/v2\/users\/5"}],"replies":[{"embeddable":true,"href":"https:\/\/cubaweddingpackages.com\/fr\/wp-json\/wp\/v2\/comments?post=8521"}],"version-history":[{"count":2,"href":"https:\/\/cubaweddingpackages.com\/fr\/wp-json\/wp\/v2\/pages\/8521\/revisions"}],"predecessor-version":[{"id":8536,"href":"https:\/\/cubaweddingpackages.com\/fr\/wp-json\/wp\/v2\/pages\/8521\/revisions\/8536"}],"wp:featuredmedia":[{"embeddable":true,"href":"https:\/\/cubaweddingpackages.com\/fr\/wp-json\/wp\/v2\/media\/8503"}],"wp:attachment":[{"href":"https:\/\/cubaweddingpackages.com\/fr\/wp-json\/wp\/v2\/media?parent=8521"}],"curies":[{"name":"wp","href":"https:\/\/api.w.org\/{rel}","templated":true}]}}