{"id":8566,"date":"2024-03-26T13:38:04","date_gmt":"2024-03-26T13:38:04","guid":{"rendered":"https:\/\/cubaweddingpackages.com\/?page_id=8566"},"modified":"2024-03-26T13:38:04","modified_gmt":"2024-03-26T13:38:04","slug":"les-meilleurs-forfaits-mariage-a-la-havane-cuba","status":"publish","type":"page","link":"https:\/\/cubaweddingpackages.com\/fr\/les-meilleurs-forfaits-mariage-a-la-havane-cuba\/","title":{"rendered":"Les meilleurs forfaits mariage \u00e0 La Havane, Cuba"},"content":{"rendered":"<div class=\"wpb-content-wrapper\"><p>[vc_row][vc_column][vc_column_text]<\/p>\n<h2>D\u00e9couvrez les meilleurs forfaits mariage \u00e0 La Havane, Cuba<\/h2>\n<p>En plus de sa riche histoire et de sa culture dynamique, La Havane offre une grande vari\u00e9t\u00e9 d&#8217;options pour c\u00e9l\u00e9brer votre mariage. Que vous recherchiez une c\u00e9r\u00e9monie intime sur une plage de sable blanc ou une r\u00e9ception \u00e9l\u00e9gante dans un ancien palais colonial, vous trouverez ici le forfait parfait pour vous.<\/p>\n<p><a href=\"https:\/\/cubaweddingpackages.com\/fr\/organisateurs-de-mariage-a-cuba\/\"><img decoding=\"async\" class=\"aligncenter wp-image-8554 size-large\" src=\"http:\/\/cubaweddingpackages.com\/wp-content\/uploads\/2024\/03\/Paquetes-de-bodas-1024x579.jpg\" alt=\"forfaits mariage\" width=\"1024\" height=\"579\" srcset=\"https:\/\/cubaweddingpackages.com\/wp-content\/uploads\/2024\/03\/Paquetes-de-bodas-1024x579.jpg 1024w, https:\/\/cubaweddingpackages.com\/wp-content\/uploads\/2024\/03\/Paquetes-de-bodas-300x170.jpg 300w, https:\/\/cubaweddingpackages.com\/wp-content\/uploads\/2024\/03\/Paquetes-de-bodas-768x434.jpg 768w, https:\/\/cubaweddingpackages.com\/wp-content\/uploads\/2024\/03\/Paquetes-de-bodas.jpg 1333w\" sizes=\"(max-width: 1024px) 100vw, 1024px\" \/><\/a><\/p>\n<p>L&#8217;une des options les plus populaires pour les mariages \u00e0 La Havane est d&#8217;organiser la c\u00e9r\u00e9monie dans l&#8217;un des nombreux h\u00f4tels-boutiques de la ville. Ces h\u00f4tels offrent une atmosph\u00e8re exclusive et romantique, avec de beaux jardins et des vues panoramiques sur la ville.<\/p>\n<p>En plus des lieux, nous proposons \u00e9galement une large gamme de services pour rendre votre mariage parfait \u00e0 tous \u00e9gards. De l&#8217;organisation de la c\u00e9r\u00e9monie et de la r\u00e9ception \u00e0 l&#8217;embauche de photographes et musiciens professionnels, nous nous occuperons de tous les d\u00e9tails afin que vous et vos proches puissiez profiter pleinement de cette journ\u00e9e sp\u00e9ciale.<\/p>\n<p>Alors ne perdez plus de temps \u00e0 chercher, d\u00e9couvrez les meilleurs forfaits mariage \u00e0 La Havane, Cuba et commencez \u00e0 planifier le mariage de vos r\u00eaves dans cette belle destination. Nous garantissons que ce sera une exp\u00e9rience inoubliable ![\/vc_column_text][vc_column_text]<\/p>\n<h2>Les meilleurs forfaits mariage \u00e0 La Havane<\/h2>\n<p>Dans notre s\u00e9lection de forfaits mariage \u00e0 La Havane, nous avons recherch\u00e9 les meilleurs fournisseurs et services pour garantir que votre mariage soit parfait \u00e0 tous points de vue. De la c\u00e9r\u00e9monie \u00e0 la r\u00e9ception, nous vous proposons des options compl\u00e8tes adapt\u00e9es \u00e0 vos besoins et pr\u00e9f\u00e9rences.<\/p>\n<h3>Forfait &#8220;Romance Cubaine&#8221;<\/h3>\n<p>Si vous r\u00eavez d&#8217;un mariage intime et romantique \u00e0 La Havane, le forfait \u00ab Cuban Romance \u00bb est parfait pour vous. Ce forfait comprend une c\u00e9r\u00e9monie sur une magnifique plage priv\u00e9e, d\u00e9cor\u00e9e de fleurs tropicales et de bougies. Apr\u00e8s la c\u00e9r\u00e9monie, vous pourrez profiter d&#8217;un d\u00eener romantique sous les \u00e9toiles, accompagn\u00e9 de musique live et de danse.<\/p>\n<p>De plus, le forfait \u00ab Cuban Romance \u00bb comprend \u00e9galement une s\u00e9ance photo professionnelle pour capturer tous les moments sp\u00e9ciaux de votre mariage. Vous pouvez choisir entre diff\u00e9rents d\u00e9cors, comme le Malec\u00f3n de La Havane ou les b\u00e2timents coloniaux embl\u00e9matiques de la ville.<\/p>\n<p><a href=\"https:\/\/cubaweddingpackages.com\/fr\/organisateurs-de-mariage-a-cuba\/\"><img decoding=\"async\" class=\"aligncenter wp-image-8332 size-full\" src=\"http:\/\/cubaweddingpackages.com\/wp-content\/uploads\/2024\/03\/Bodas-exclusivas.jpg\" alt=\"Mariages exclusifs\" width=\"733\" height=\"493\" srcset=\"https:\/\/cubaweddingpackages.com\/wp-content\/uploads\/2024\/03\/Bodas-exclusivas.jpg 733w, https:\/\/cubaweddingpackages.com\/wp-content\/uploads\/2024\/03\/Bodas-exclusivas-300x202.jpg 300w\" sizes=\"(max-width: 733px) 100vw, 733px\" \/><\/a><\/p>\n<h3>Forfait &#8220;\u00c9l\u00e9gance La Havane&#8221;<\/h3>\n<p>Si vous pr\u00e9f\u00e9rez un mariage plus \u00e9l\u00e9gant et sophistiqu\u00e9, le forfait \u00ab Habanera Elegance \u00bb est le choix parfait. Ce forfait comprend une c\u00e9r\u00e9monie dans l&#8217;une des salles impressionnantes de La Havane, d\u00e9cor\u00e9e de fleurs exquises et de d\u00e9tails soigneusement s\u00e9lectionn\u00e9s. Apr\u00e8s la c\u00e9r\u00e9monie, vous pourrez profiter d&#8217;une r\u00e9ception glamour, avec un menu personnalis\u00e9 et une piste de danse anim\u00e9e.<\/p>\n<p>De plus, le forfait \u00ab Habanera Elegance \u00bb comprend \u00e9galement des services de transport de luxe pour vous et vos invit\u00e9s, garantissant que tout le monde arrive \u00e0 l&#8217;heure et se sente comme de v\u00e9ritables stars de cin\u00e9ma.[\/vc_column_text][vc_column_text]<\/p>\n<h3>Forfait &#8220;Nature Cubaine&#8221;<\/h3>\n<p>Si vous \u00eates amoureux de la nature et r\u00eavez d&#8217;un mariage en plein air, le forfait \u00ab Cuban Nature \u00bb est id\u00e9al pour vous. Ce forfait vous offre la possibilit\u00e9 de c\u00e9l\u00e9brer votre mariage dans un magnifique jardin tropical, entour\u00e9 d&#8217;une v\u00e9g\u00e9tation luxuriante et de cascades naturelles.<\/p>\n<p>Le forfait &#8220;Cuban Nature&#8221; comprend une c\u00e9r\u00e9monie dans le jardin, d\u00e9cor\u00e9 de fleurs tropicales et d&#8217;\u00e9l\u00e9ments naturels. Apr\u00e8s la c\u00e9r\u00e9monie, vous pourrez profiter d&#8217;une r\u00e9ception en plein air, avec un d\u00e9licieux menu inspir\u00e9 de la cuisine cubaine et de la musique live pour animer la f\u00eate.<\/p>\n<p>Lorsqu&#8217;il s&#8217;agit de planifier et de coordonner votre mariage, notre \u00e9quipe d&#8217;experts sera disponible pour vous aider \u00e0 chaque \u00e9tape du processus. De la s\u00e9lection du lieu au choix du menu et de la d\u00e9coration, nous nous occuperons de tous les d\u00e9tails pour que vous et vos proches puissiez profiter d&#8217;une journ\u00e9e inoubliable \u00e0 La Havane.<\/p>\n<p>R\u00e9server votre forfait mariage \u00e0 La Havane est facile. Contactez-nous simplement via notre site Web ou par t\u00e9l\u00e9phone et l&#8217;un de nos sp\u00e9cialistes du mariage vous contactera pour discuter de vos pr\u00e9f\u00e9rences et options. Nous sommes l\u00e0 pour r\u00e9aliser vos r\u00eaves et cr\u00e9er des souvenirs qui dureront toute une vie.[\/vc_column_text][\/vc_column][\/vc_row]<\/p>\n<\/div>","protected":false},"excerpt":{"rendered":"<p>[vc_row][vc_column][vc_column_text] D\u00e9couvrez les meilleurs forfaits mariage \u00e0 La Havane, Cuba En plus de sa riche histoire et de sa culture [&hellip;]<\/p>\n","protected":false},"author":5,"featured_media":8548,"parent":0,"menu_order":0,"comment_status":"closed","ping_status":"closed","template":"","meta":{"_joinchat":[],"footnotes":""},"class_list":["post-8566","page","type-page","status-publish","has-post-thumbnail","hentry"],"yoast_head":"<!-- This site is optimized with the Yoast SEO plugin v27.2 - https:\/\/yoast.com\/product\/yoast-seo-wordpress\/ -->\n<title>Les meilleurs forfaits mariage \u00e0 La Havane, Cuba<\/title>\n<meta name=\"description\" content=\"D\u00e9couvrez la magie du mariage \u00e0 La Havane : c\u00e9r\u00e9monies intimes sur des plages priv\u00e9es et r\u00e9ceptions \u00e9l\u00e9gantes dans des palais coloniaux\" \/>\n<meta name=\"robots\" content=\"index, follow, max-snippet:-1, max-image-preview:large, max-video-preview:-1\" \/>\n<link rel=\"canonical\" href=\"https:\/\/cubaweddingpackages.com\/fr\/les-meilleurs-forfaits-mariage-a-la-havane-cuba\/\" \/>\n<meta property=\"og:locale\" content=\"fr_FR\" \/>\n<meta property=\"og:type\" content=\"article\" \/>\n<meta property=\"og:title\" content=\"Les meilleurs forfaits mariage \u00e0 La Havane, Cuba\" \/>\n<meta property=\"og:description\" content=\"D\u00e9couvrez la magie du mariage \u00e0 La Havane : c\u00e9r\u00e9monies intimes sur des plages priv\u00e9es et r\u00e9ceptions \u00e9l\u00e9gantes dans des palais coloniaux\" \/>\n<meta property=\"og:url\" content=\"https:\/\/cubaweddingpackages.com\/fr\/les-meilleurs-forfaits-mariage-a-la-havane-cuba\/\" \/>\n<meta property=\"og:site_name\" content=\"Wedding Packages in Cuba\" \/>\n<meta property=\"article:publisher\" content=\"https:\/\/www.facebook.com\/BodasEnCubaV\" \/>\n<meta property=\"og:image\" content=\"https:\/\/cubaweddingpackages.com\/wp-content\/uploads\/2024\/03\/Paquetes-de-bodas-en-la-Habana.jpg\" \/>\n\t<meta property=\"og:image:width\" content=\"702\" \/>\n\t<meta property=\"og:image:height\" content=\"753\" \/>\n\t<meta property=\"og:image:type\" content=\"image\/jpeg\" \/>\n<meta name=\"twitter:label1\" content=\"Dur\u00e9e de lecture estim\u00e9e\" \/>\n\t<meta name=\"twitter:data1\" content=\"4 minutes\" \/>\n<script type=\"application\/ld+json\" class=\"yoast-schema-graph\">{\"@context\":\"https:\/\/schema.org\",\"@graph\":[{\"@type\":\"WebPage\",\"@id\":\"https:\/\/cubaweddingpackages.com\/fr\/les-meilleurs-forfaits-mariage-a-la-havane-cuba\/\",\"url\":\"https:\/\/cubaweddingpackages.com\/fr\/les-meilleurs-forfaits-mariage-a-la-havane-cuba\/\",\"name\":\"Les meilleurs forfaits mariage \u00e0 La Havane, Cuba\",\"isPartOf\":{\"@id\":\"https:\/\/cubaweddingpackages.com\/fr\/#website\"},\"primaryImageOfPage\":{\"@id\":\"https:\/\/cubaweddingpackages.com\/fr\/les-meilleurs-forfaits-mariage-a-la-havane-cuba\/#primaryimage\"},\"image\":{\"@id\":\"https:\/\/cubaweddingpackages.com\/fr\/les-meilleurs-forfaits-mariage-a-la-havane-cuba\/#primaryimage\"},\"thumbnailUrl\":\"https:\/\/cubaweddingpackages.com\/wp-content\/uploads\/2024\/03\/Paquetes-de-bodas-en-la-Habana.jpg\",\"datePublished\":\"2024-03-26T13:38:04+00:00\",\"description\":\"D\u00e9couvrez la magie du mariage \u00e0 La Havane : c\u00e9r\u00e9monies intimes sur des plages priv\u00e9es et r\u00e9ceptions \u00e9l\u00e9gantes dans des palais coloniaux\",\"breadcrumb\":{\"@id\":\"https:\/\/cubaweddingpackages.com\/fr\/les-meilleurs-forfaits-mariage-a-la-havane-cuba\/#breadcrumb\"},\"inLanguage\":\"fr-FR\",\"potentialAction\":[{\"@type\":\"ReadAction\",\"target\":[\"https:\/\/cubaweddingpackages.com\/fr\/les-meilleurs-forfaits-mariage-a-la-havane-cuba\/\"]}]},{\"@type\":\"ImageObject\",\"inLanguage\":\"fr-FR\",\"@id\":\"https:\/\/cubaweddingpackages.com\/fr\/les-meilleurs-forfaits-mariage-a-la-havane-cuba\/#primaryimage\",\"url\":\"https:\/\/cubaweddingpackages.com\/wp-content\/uploads\/2024\/03\/Paquetes-de-bodas-en-la-Habana.jpg\",\"contentUrl\":\"https:\/\/cubaweddingpackages.com\/wp-content\/uploads\/2024\/03\/Paquetes-de-bodas-en-la-Habana.jpg\",\"width\":702,\"height\":753,\"caption\":\"resort \u00e0 Cuba pour les couples\"},{\"@type\":\"BreadcrumbList\",\"@id\":\"https:\/\/cubaweddingpackages.com\/fr\/les-meilleurs-forfaits-mariage-a-la-havane-cuba\/#breadcrumb\",\"itemListElement\":[{\"@type\":\"ListItem\",\"position\":1,\"name\":\"Home\",\"item\":\"https:\/\/cubaweddingpackages.com\/fr\/\"},{\"@type\":\"ListItem\",\"position\":2,\"name\":\"Les meilleurs forfaits mariage \u00e0 La Havane, Cuba\"}]},{\"@type\":\"WebSite\",\"@id\":\"https:\/\/cubaweddingpackages.com\/fr\/#website\",\"url\":\"https:\/\/cubaweddingpackages.com\/fr\/\",\"name\":\"Wedding Packages in Cuba\",\"description\":\"Best Wedding Packages\",\"potentialAction\":[{\"@type\":\"SearchAction\",\"target\":{\"@type\":\"EntryPoint\",\"urlTemplate\":\"https:\/\/cubaweddingpackages.com\/fr\/?s={search_term_string}\"},\"query-input\":{\"@type\":\"PropertyValueSpecification\",\"valueRequired\":true,\"valueName\":\"search_term_string\"}}],\"inLanguage\":\"fr-FR\"}]}<\/script>\n<!-- \/ Yoast SEO plugin. -->","yoast_head_json":{"title":"Les meilleurs forfaits mariage \u00e0 La Havane, Cuba","description":"D\u00e9couvrez la magie du mariage \u00e0 La Havane : c\u00e9r\u00e9monies intimes sur des plages priv\u00e9es et r\u00e9ceptions \u00e9l\u00e9gantes dans des palais coloniaux","robots":{"index":"index","follow":"follow","max-snippet":"max-snippet:-1","max-image-preview":"max-image-preview:large","max-video-preview":"max-video-preview:-1"},"canonical":"https:\/\/cubaweddingpackages.com\/fr\/les-meilleurs-forfaits-mariage-a-la-havane-cuba\/","og_locale":"fr_FR","og_type":"article","og_title":"Les meilleurs forfaits mariage \u00e0 La Havane, Cuba","og_description":"D\u00e9couvrez la magie du mariage \u00e0 La Havane : c\u00e9r\u00e9monies intimes sur des plages priv\u00e9es et r\u00e9ceptions \u00e9l\u00e9gantes dans des palais coloniaux","og_url":"https:\/\/cubaweddingpackages.com\/fr\/les-meilleurs-forfaits-mariage-a-la-havane-cuba\/","og_site_name":"Wedding Packages in Cuba","article_publisher":"https:\/\/www.facebook.com\/BodasEnCubaV","og_image":[{"width":702,"height":753,"url":"https:\/\/cubaweddingpackages.com\/wp-content\/uploads\/2024\/03\/Paquetes-de-bodas-en-la-Habana.jpg","type":"image\/jpeg"}],"twitter_misc":{"Dur\u00e9e de lecture estim\u00e9e":"4 minutes"},"schema":{"@context":"https:\/\/schema.org","@graph":[{"@type":"WebPage","@id":"https:\/\/cubaweddingpackages.com\/fr\/les-meilleurs-forfaits-mariage-a-la-havane-cuba\/","url":"https:\/\/cubaweddingpackages.com\/fr\/les-meilleurs-forfaits-mariage-a-la-havane-cuba\/","name":"Les meilleurs forfaits mariage \u00e0 La Havane, Cuba","isPartOf":{"@id":"https:\/\/cubaweddingpackages.com\/fr\/#website"},"primaryImageOfPage":{"@id":"https:\/\/cubaweddingpackages.com\/fr\/les-meilleurs-forfaits-mariage-a-la-havane-cuba\/#primaryimage"},"image":{"@id":"https:\/\/cubaweddingpackages.com\/fr\/les-meilleurs-forfaits-mariage-a-la-havane-cuba\/#primaryimage"},"thumbnailUrl":"https:\/\/cubaweddingpackages.com\/wp-content\/uploads\/2024\/03\/Paquetes-de-bodas-en-la-Habana.jpg","datePublished":"2024-03-26T13:38:04+00:00","description":"D\u00e9couvrez la magie du mariage \u00e0 La Havane : c\u00e9r\u00e9monies intimes sur des plages priv\u00e9es et r\u00e9ceptions \u00e9l\u00e9gantes dans des palais coloniaux","breadcrumb":{"@id":"https:\/\/cubaweddingpackages.com\/fr\/les-meilleurs-forfaits-mariage-a-la-havane-cuba\/#breadcrumb"},"inLanguage":"fr-FR","potentialAction":[{"@type":"ReadAction","target":["https:\/\/cubaweddingpackages.com\/fr\/les-meilleurs-forfaits-mariage-a-la-havane-cuba\/"]}]},{"@type":"ImageObject","inLanguage":"fr-FR","@id":"https:\/\/cubaweddingpackages.com\/fr\/les-meilleurs-forfaits-mariage-a-la-havane-cuba\/#primaryimage","url":"https:\/\/cubaweddingpackages.com\/wp-content\/uploads\/2024\/03\/Paquetes-de-bodas-en-la-Habana.jpg","contentUrl":"https:\/\/cubaweddingpackages.com\/wp-content\/uploads\/2024\/03\/Paquetes-de-bodas-en-la-Habana.jpg","width":702,"height":753,"caption":"resort \u00e0 Cuba pour les couples"},{"@type":"BreadcrumbList","@id":"https:\/\/cubaweddingpackages.com\/fr\/les-meilleurs-forfaits-mariage-a-la-havane-cuba\/#breadcrumb","itemListElement":[{"@type":"ListItem","position":1,"name":"Home","item":"https:\/\/cubaweddingpackages.com\/fr\/"},{"@type":"ListItem","position":2,"name":"Les meilleurs forfaits mariage \u00e0 La Havane, Cuba"}]},{"@type":"WebSite","@id":"https:\/\/cubaweddingpackages.com\/fr\/#website","url":"https:\/\/cubaweddingpackages.com\/fr\/","name":"Wedding Packages in Cuba","description":"Best Wedding Packages","potentialAction":[{"@type":"SearchAction","target":{"@type":"EntryPoint","urlTemplate":"https:\/\/cubaweddingpackages.com\/fr\/?s={search_term_string}"},"query-input":{"@type":"PropertyValueSpecification","valueRequired":true,"valueName":"search_term_string"}}],"inLanguage":"fr-FR"}]}},"_links":{"self":[{"href":"https:\/\/cubaweddingpackages.com\/fr\/wp-json\/wp\/v2\/pages\/8566","targetHints":{"allow":["GET"]}}],"collection":[{"href":"https:\/\/cubaweddingpackages.com\/fr\/wp-json\/wp\/v2\/pages"}],"about":[{"href":"https:\/\/cubaweddingpackages.com\/fr\/wp-json\/wp\/v2\/types\/page"}],"author":[{"embeddable":true,"href":"https:\/\/cubaweddingpackages.com\/fr\/wp-json\/wp\/v2\/users\/5"}],"replies":[{"embeddable":true,"href":"https:\/\/cubaweddingpackages.com\/fr\/wp-json\/wp\/v2\/comments?post=8566"}],"version-history":[{"count":2,"href":"https:\/\/cubaweddingpackages.com\/fr\/wp-json\/wp\/v2\/pages\/8566\/revisions"}],"predecessor-version":[{"id":8581,"href":"https:\/\/cubaweddingpackages.com\/fr\/wp-json\/wp\/v2\/pages\/8566\/revisions\/8581"}],"wp:featuredmedia":[{"embeddable":true,"href":"https:\/\/cubaweddingpackages.com\/fr\/wp-json\/wp\/v2\/media\/8548"}],"wp:attachment":[{"href":"https:\/\/cubaweddingpackages.com\/fr\/wp-json\/wp\/v2\/media?parent=8566"}],"curies":[{"name":"wp","href":"https:\/\/api.w.org\/{rel}","templated":true}]}}