{"id":8603,"date":"2024-03-26T15:31:32","date_gmt":"2024-03-26T15:31:32","guid":{"rendered":"https:\/\/cubaweddingpackages.com\/?page_id=8603"},"modified":"2024-03-26T15:31:32","modified_gmt":"2024-03-26T15:31:32","slug":"lieux-parfaits-pour-votre-mariage-a-la-havane-cuba","status":"publish","type":"page","link":"https:\/\/cubaweddingpackages.com\/fr\/lieux-parfaits-pour-votre-mariage-a-la-havane-cuba\/","title":{"rendered":"Lieux parfaits pour votre mariage \u00e0 La Havane, Cuba"},"content":{"rendered":"<div class=\"wpb-content-wrapper\"><p>[vc_row][vc_column][vc_column_text]<\/p>\n<h2>Trouvez les endroits parfaits pour votre mariage \u00e0 La Havane, Cuba<\/h2>\n<p>La Havane, la belle capitale de Cuba, est un lieu magique pour c\u00e9l\u00e9brer votre mariage. Avec son charme colonial, ses rues pav\u00e9es et sa riche culture, La Havane offre une grande vari\u00e9t\u00e9 de lieux appropri\u00e9s et de services d&#8217;organisation de mariage pour rendre votre journ\u00e9e sp\u00e9ciale parfaite.<\/p>\n<p><a href=\"https:\/\/cubaweddingpackages.com\/fr\/organisateurs-de-mariage-a-cuba\/\"><img decoding=\"async\" class=\"aligncenter wp-image-8201 size-full\" src=\"http:\/\/cubaweddingpackages.com\/wp-content\/uploads\/2024\/03\/Boda-tematica.jpg\" alt=\"mariage \u00e0 th\u00e8me\" width=\"1024\" height=\"730\" srcset=\"https:\/\/cubaweddingpackages.com\/wp-content\/uploads\/2024\/03\/Boda-tematica.jpg 1024w, https:\/\/cubaweddingpackages.com\/wp-content\/uploads\/2024\/03\/Boda-tematica-300x214.jpg 300w, https:\/\/cubaweddingpackages.com\/wp-content\/uploads\/2024\/03\/Boda-tematica-768x548.jpg 768w\" sizes=\"(max-width: 1024px) 100vw, 1024px\" \/><\/a>[\/vc_column_text][vc_column_text]<\/p>\n<h2>Des h\u00f4tels de charme pour des mariages inoubliables<\/h2>\n<p>Si vous recherchez un lieu unique et \u00e9l\u00e9gant pour votre mariage, les h\u00f4tels de charme \u00e0 La Havane sont une excellente option. Ces h\u00f4tels offrent de magnifiques jardins, des terrasses avec vue panoramique et de magnifiques salles de banquet o\u00f9 vous pourrez organiser votre c\u00e9r\u00e9monie et votre r\u00e9ception.<\/p>\n<p>Certains h\u00f4tels ont m\u00eame la possibilit\u00e9 d\u2019organiser des mariages sur la plage, pour ceux qui r\u00eavent d\u2019un mariage romantique au bord de la mer. Imaginez dire \u00ab\u00a0oui\u00a0\u00bb alors que le soleil se couche sur l&#8217;oc\u00e9an et que la brise oc\u00e9anique caresse votre peau.[\/vc_column_text][vc_column_text]<\/p>\n<h2>Des lieux historiques pour un mariage au charme colonial<\/h2>\n<p>La Havane regorge de lieux historiques qui peuvent devenir le cadre id\u00e9al pour votre mariage. Des vieilles demeures coloniales aux forteresses et ch\u00e2teaux, ces lieux vous transporteront dans une autre \u00e9poque et ajouteront une touche de charme et d&#8217;\u00e9l\u00e9gance \u00e0 votre c\u00e9l\u00e9bration.<\/p>\n<p>Imaginez vous marier dans une belle \u00e9glise coloniale, entour\u00e9e d\u2019une architecture ancienne et de jardins luxuriants. Ou peut-\u00eatre pr\u00e9f\u00e9rez-vous un mariage en plein air dans les jardins d\u2019un vieux manoir, entour\u00e9 d\u2019histoire et de beaut\u00e9.<\/p>\n<p><a href=\"https:\/\/cubaweddingpackages.com\/fr\/organisateurs-de-mariage-a-cuba\/\"><img decoding=\"async\" class=\"aligncenter wp-image-8590 size-full\" src=\"http:\/\/cubaweddingpackages.com\/wp-content\/uploads\/2024\/03\/Locaciones-de-bodas.jpg\" alt=\"lieux de mariage\" width=\"589\" height=\"509\" srcset=\"https:\/\/cubaweddingpackages.com\/wp-content\/uploads\/2024\/03\/Locaciones-de-bodas.jpg 589w, https:\/\/cubaweddingpackages.com\/wp-content\/uploads\/2024\/03\/Locaciones-de-bodas-300x259.jpg 300w\" sizes=\"(max-width: 589px) 100vw, 589px\" \/><\/a>[\/vc_column_text][vc_column_text]<\/p>\n<h2>Des restaurants avec une cuisine exquise pour un mariage gastronomique<\/h2>\n<p>Si vous \u00eates amateur de bonne ch\u00e8re, La Havane dispose d&#8217;un large choix de restaurants proposant une cuisine exquise qui peuvent devenir le cadre id\u00e9al pour votre mariage. Ces restaurants proposent des menus personnalis\u00e9s, des vins de qualit\u00e9 et une atmosph\u00e8re sophistiqu\u00e9e pour que vous puissiez vivre une exp\u00e9rience culinaire inoubliable lors de votre journ\u00e9e sp\u00e9ciale.<\/p>\n<p>Imaginez c\u00e9l\u00e9brer votre mariage dans un restaurant avec vue sur la mer, en d\u00e9gustant de d\u00e9licieux plats cubains et des accords parfaits. Ou peut-\u00eatre pr\u00e9f\u00e9rez-vous un restaurant au c\u0153ur de la ville, entour\u00e9 de l\u2019\u00e9nergie et de la joie de La Havane.[\/vc_column_text][vc_column_text]<\/p>\n<h2>Trouver des services d&#8217;organisation de mariage \u00e0 La Havane<\/h2>\n<p>En plus de trouver le lieu id\u00e9al pour votre mariage \u00e0 La Havane, il est \u00e9galement important de disposer de services d&#8217;organisation de mariage fiables et professionnels. Ces services vous aideront \u00e0 planifier et \u00e0 coordonner tous les d\u00e9tails de votre mariage, afin que vous puissiez profiter d&#8217;une journ\u00e9e sans stress ni soucis.<\/p>\n<p>De la s\u00e9lection des fournisseurs \u00e0 la d\u00e9coration, en passant par la musique et le transport, les services d&#8217;organisation de mariage \u00e0 La Havane s&#8217;occuperont de tout pour que vous et vos proches puissiez profiter d&#8217;une journ\u00e9e inoubliable.<\/p>\n<p>De plus, ces services peuvent vous aider \u00e0 respecter les exigences l\u00e9gales et bureaucratiques pour vous marier \u00e0 Cuba, en vous assurant que tout est en ordre et en \u00e9vitant tout revers.[\/vc_column_text][\/vc_column][\/vc_row]<\/p>\n<\/div>","protected":false},"excerpt":{"rendered":"<p>[vc_row][vc_column][vc_column_text] Trouvez les endroits parfaits pour votre mariage \u00e0 La Havane, Cuba La Havane, la belle capitale de Cuba, est [&hellip;]<\/p>\n","protected":false},"author":5,"featured_media":5320,"parent":0,"menu_order":0,"comment_status":"closed","ping_status":"closed","template":"","meta":{"_joinchat":[],"footnotes":""},"class_list":["post-8603","page","type-page","status-publish","has-post-thumbnail","hentry"],"yoast_head":"<!-- This site is optimized with the Yoast SEO plugin v27.3 - https:\/\/yoast.com\/product\/yoast-seo-wordpress\/ -->\n<title>Lieux parfaits pour votre mariage \u00e0 La Havane, Cuba<\/title>\n<meta name=\"description\" content=\"La Havane vous attend : c\u00e9l\u00e9brez votre union dans des h\u00f4tels avec vue et des restaurants gastronomiques pour des mariages inoubliables. Cliquez ici\" \/>\n<meta name=\"robots\" content=\"index, follow, max-snippet:-1, max-image-preview:large, max-video-preview:-1\" \/>\n<link rel=\"canonical\" href=\"https:\/\/cubaweddingpackages.com\/fr\/lieux-parfaits-pour-votre-mariage-a-la-havane-cuba\/\" \/>\n<meta property=\"og:locale\" content=\"fr_FR\" \/>\n<meta property=\"og:type\" content=\"article\" \/>\n<meta property=\"og:title\" content=\"Lieux parfaits pour votre mariage \u00e0 La Havane, Cuba\" \/>\n<meta property=\"og:description\" content=\"La Havane vous attend : c\u00e9l\u00e9brez votre union dans des h\u00f4tels avec vue et des restaurants gastronomiques pour des mariages inoubliables. Cliquez ici\" \/>\n<meta property=\"og:url\" content=\"https:\/\/cubaweddingpackages.com\/fr\/lieux-parfaits-pour-votre-mariage-a-la-havane-cuba\/\" \/>\n<meta property=\"og:site_name\" content=\"Wedding Packages in Cuba\" \/>\n<meta property=\"article:publisher\" content=\"https:\/\/www.facebook.com\/BodasEnCubaV\" \/>\n<meta property=\"og:image\" content=\"https:\/\/cubaweddingpackages.com\/wp-content\/uploads\/2023\/11\/Matrimonio-Boda-en-el-Hotel-Nacional-de-Cuba.jpg\" \/>\n\t<meta property=\"og:image:width\" content=\"1080\" \/>\n\t<meta property=\"og:image:height\" content=\"1440\" \/>\n\t<meta property=\"og:image:type\" content=\"image\/jpeg\" \/>\n<meta name=\"twitter:label1\" content=\"Dur\u00e9e de lecture estim\u00e9e\" \/>\n\t<meta name=\"twitter:data1\" content=\"3 minutes\" \/>\n<script type=\"application\/ld+json\" class=\"yoast-schema-graph\">{\"@context\":\"https:\\\/\\\/schema.org\",\"@graph\":[{\"@type\":\"WebPage\",\"@id\":\"https:\\\/\\\/cubaweddingpackages.com\\\/fr\\\/lieux-parfaits-pour-votre-mariage-a-la-havane-cuba\\\/\",\"url\":\"https:\\\/\\\/cubaweddingpackages.com\\\/fr\\\/lieux-parfaits-pour-votre-mariage-a-la-havane-cuba\\\/\",\"name\":\"Lieux parfaits pour votre mariage \u00e0 La Havane, Cuba\",\"isPartOf\":{\"@id\":\"https:\\\/\\\/cubaweddingpackages.com\\\/fr\\\/#website\"},\"primaryImageOfPage\":{\"@id\":\"https:\\\/\\\/cubaweddingpackages.com\\\/fr\\\/lieux-parfaits-pour-votre-mariage-a-la-havane-cuba\\\/#primaryimage\"},\"image\":{\"@id\":\"https:\\\/\\\/cubaweddingpackages.com\\\/fr\\\/lieux-parfaits-pour-votre-mariage-a-la-havane-cuba\\\/#primaryimage\"},\"thumbnailUrl\":\"https:\\\/\\\/cubaweddingpackages.com\\\/wp-content\\\/uploads\\\/2023\\\/11\\\/Matrimonio-Boda-en-el-Hotel-Nacional-de-Cuba.jpg\",\"datePublished\":\"2024-03-26T15:31:32+00:00\",\"description\":\"La Havane vous attend : c\u00e9l\u00e9brez votre union dans des h\u00f4tels avec vue et des restaurants gastronomiques pour des mariages inoubliables. Cliquez ici\",\"breadcrumb\":{\"@id\":\"https:\\\/\\\/cubaweddingpackages.com\\\/fr\\\/lieux-parfaits-pour-votre-mariage-a-la-havane-cuba\\\/#breadcrumb\"},\"inLanguage\":\"fr-FR\",\"potentialAction\":[{\"@type\":\"ReadAction\",\"target\":[\"https:\\\/\\\/cubaweddingpackages.com\\\/fr\\\/lieux-parfaits-pour-votre-mariage-a-la-havane-cuba\\\/\"]}]},{\"@type\":\"ImageObject\",\"inLanguage\":\"fr-FR\",\"@id\":\"https:\\\/\\\/cubaweddingpackages.com\\\/fr\\\/lieux-parfaits-pour-votre-mariage-a-la-havane-cuba\\\/#primaryimage\",\"url\":\"https:\\\/\\\/cubaweddingpackages.com\\\/wp-content\\\/uploads\\\/2023\\\/11\\\/Matrimonio-Boda-en-el-Hotel-Nacional-de-Cuba.jpg\",\"contentUrl\":\"https:\\\/\\\/cubaweddingpackages.com\\\/wp-content\\\/uploads\\\/2023\\\/11\\\/Matrimonio-Boda-en-el-Hotel-Nacional-de-Cuba.jpg\",\"width\":1080,\"height\":1440,\"caption\":\"des endroits parfaits pour votre mariage\"},{\"@type\":\"BreadcrumbList\",\"@id\":\"https:\\\/\\\/cubaweddingpackages.com\\\/fr\\\/lieux-parfaits-pour-votre-mariage-a-la-havane-cuba\\\/#breadcrumb\",\"itemListElement\":[{\"@type\":\"ListItem\",\"position\":1,\"name\":\"Home\",\"item\":\"https:\\\/\\\/cubaweddingpackages.com\\\/fr\\\/\"},{\"@type\":\"ListItem\",\"position\":2,\"name\":\"Lieux parfaits pour votre mariage \u00e0 La Havane, Cuba\"}]},{\"@type\":\"WebSite\",\"@id\":\"https:\\\/\\\/cubaweddingpackages.com\\\/fr\\\/#website\",\"url\":\"https:\\\/\\\/cubaweddingpackages.com\\\/fr\\\/\",\"name\":\"Wedding Packages in Cuba\",\"description\":\"Best Wedding Packages\",\"potentialAction\":[{\"@type\":\"SearchAction\",\"target\":{\"@type\":\"EntryPoint\",\"urlTemplate\":\"https:\\\/\\\/cubaweddingpackages.com\\\/fr\\\/?s={search_term_string}\"},\"query-input\":{\"@type\":\"PropertyValueSpecification\",\"valueRequired\":true,\"valueName\":\"search_term_string\"}}],\"inLanguage\":\"fr-FR\"}]}<\/script>\n<!-- \/ Yoast SEO plugin. -->","yoast_head_json":{"title":"Lieux parfaits pour votre mariage \u00e0 La Havane, Cuba","description":"La Havane vous attend : c\u00e9l\u00e9brez votre union dans des h\u00f4tels avec vue et des restaurants gastronomiques pour des mariages inoubliables. Cliquez ici","robots":{"index":"index","follow":"follow","max-snippet":"max-snippet:-1","max-image-preview":"max-image-preview:large","max-video-preview":"max-video-preview:-1"},"canonical":"https:\/\/cubaweddingpackages.com\/fr\/lieux-parfaits-pour-votre-mariage-a-la-havane-cuba\/","og_locale":"fr_FR","og_type":"article","og_title":"Lieux parfaits pour votre mariage \u00e0 La Havane, Cuba","og_description":"La Havane vous attend : c\u00e9l\u00e9brez votre union dans des h\u00f4tels avec vue et des restaurants gastronomiques pour des mariages inoubliables. Cliquez ici","og_url":"https:\/\/cubaweddingpackages.com\/fr\/lieux-parfaits-pour-votre-mariage-a-la-havane-cuba\/","og_site_name":"Wedding Packages in Cuba","article_publisher":"https:\/\/www.facebook.com\/BodasEnCubaV","og_image":[{"width":1080,"height":1440,"url":"https:\/\/cubaweddingpackages.com\/wp-content\/uploads\/2023\/11\/Matrimonio-Boda-en-el-Hotel-Nacional-de-Cuba.jpg","type":"image\/jpeg"}],"twitter_misc":{"Dur\u00e9e de lecture estim\u00e9e":"3 minutes"},"schema":{"@context":"https:\/\/schema.org","@graph":[{"@type":"WebPage","@id":"https:\/\/cubaweddingpackages.com\/fr\/lieux-parfaits-pour-votre-mariage-a-la-havane-cuba\/","url":"https:\/\/cubaweddingpackages.com\/fr\/lieux-parfaits-pour-votre-mariage-a-la-havane-cuba\/","name":"Lieux parfaits pour votre mariage \u00e0 La Havane, Cuba","isPartOf":{"@id":"https:\/\/cubaweddingpackages.com\/fr\/#website"},"primaryImageOfPage":{"@id":"https:\/\/cubaweddingpackages.com\/fr\/lieux-parfaits-pour-votre-mariage-a-la-havane-cuba\/#primaryimage"},"image":{"@id":"https:\/\/cubaweddingpackages.com\/fr\/lieux-parfaits-pour-votre-mariage-a-la-havane-cuba\/#primaryimage"},"thumbnailUrl":"https:\/\/cubaweddingpackages.com\/wp-content\/uploads\/2023\/11\/Matrimonio-Boda-en-el-Hotel-Nacional-de-Cuba.jpg","datePublished":"2024-03-26T15:31:32+00:00","description":"La Havane vous attend : c\u00e9l\u00e9brez votre union dans des h\u00f4tels avec vue et des restaurants gastronomiques pour des mariages inoubliables. Cliquez ici","breadcrumb":{"@id":"https:\/\/cubaweddingpackages.com\/fr\/lieux-parfaits-pour-votre-mariage-a-la-havane-cuba\/#breadcrumb"},"inLanguage":"fr-FR","potentialAction":[{"@type":"ReadAction","target":["https:\/\/cubaweddingpackages.com\/fr\/lieux-parfaits-pour-votre-mariage-a-la-havane-cuba\/"]}]},{"@type":"ImageObject","inLanguage":"fr-FR","@id":"https:\/\/cubaweddingpackages.com\/fr\/lieux-parfaits-pour-votre-mariage-a-la-havane-cuba\/#primaryimage","url":"https:\/\/cubaweddingpackages.com\/wp-content\/uploads\/2023\/11\/Matrimonio-Boda-en-el-Hotel-Nacional-de-Cuba.jpg","contentUrl":"https:\/\/cubaweddingpackages.com\/wp-content\/uploads\/2023\/11\/Matrimonio-Boda-en-el-Hotel-Nacional-de-Cuba.jpg","width":1080,"height":1440,"caption":"des endroits parfaits pour votre mariage"},{"@type":"BreadcrumbList","@id":"https:\/\/cubaweddingpackages.com\/fr\/lieux-parfaits-pour-votre-mariage-a-la-havane-cuba\/#breadcrumb","itemListElement":[{"@type":"ListItem","position":1,"name":"Home","item":"https:\/\/cubaweddingpackages.com\/fr\/"},{"@type":"ListItem","position":2,"name":"Lieux parfaits pour votre mariage \u00e0 La Havane, Cuba"}]},{"@type":"WebSite","@id":"https:\/\/cubaweddingpackages.com\/fr\/#website","url":"https:\/\/cubaweddingpackages.com\/fr\/","name":"Wedding Packages in Cuba","description":"Best Wedding Packages","potentialAction":[{"@type":"SearchAction","target":{"@type":"EntryPoint","urlTemplate":"https:\/\/cubaweddingpackages.com\/fr\/?s={search_term_string}"},"query-input":{"@type":"PropertyValueSpecification","valueRequired":true,"valueName":"search_term_string"}}],"inLanguage":"fr-FR"}]}},"_links":{"self":[{"href":"https:\/\/cubaweddingpackages.com\/fr\/wp-json\/wp\/v2\/pages\/8603","targetHints":{"allow":["GET"]}}],"collection":[{"href":"https:\/\/cubaweddingpackages.com\/fr\/wp-json\/wp\/v2\/pages"}],"about":[{"href":"https:\/\/cubaweddingpackages.com\/fr\/wp-json\/wp\/v2\/types\/page"}],"author":[{"embeddable":true,"href":"https:\/\/cubaweddingpackages.com\/fr\/wp-json\/wp\/v2\/users\/5"}],"replies":[{"embeddable":true,"href":"https:\/\/cubaweddingpackages.com\/fr\/wp-json\/wp\/v2\/comments?post=8603"}],"version-history":[{"count":2,"href":"https:\/\/cubaweddingpackages.com\/fr\/wp-json\/wp\/v2\/pages\/8603\/revisions"}],"predecessor-version":[{"id":8618,"href":"https:\/\/cubaweddingpackages.com\/fr\/wp-json\/wp\/v2\/pages\/8603\/revisions\/8618"}],"wp:featuredmedia":[{"embeddable":true,"href":"https:\/\/cubaweddingpackages.com\/fr\/wp-json\/wp\/v2\/media\/5320"}],"wp:attachment":[{"href":"https:\/\/cubaweddingpackages.com\/fr\/wp-json\/wp\/v2\/media?parent=8603"}],"curies":[{"name":"wp","href":"https:\/\/api.w.org\/{rel}","templated":true}]}}