{"id":8423,"date":"2024-03-21T20:03:53","date_gmt":"2024-03-21T20:03:53","guid":{"rendered":"https:\/\/cubaweddingpackages.com\/?page_id=8423"},"modified":"2024-03-21T20:03:53","modified_gmt":"2024-03-21T20:03:53","slug":"organizzazione-di-matrimoni-a-lavana-cuba","status":"publish","type":"page","link":"https:\/\/cubaweddingpackages.com\/it\/organizzazione-di-matrimoni-a-lavana-cuba\/","title":{"rendered":"Organizzazione di matrimoni a L&#8217;Avana, Cuba"},"content":{"rendered":"<div class=\"wpb-content-wrapper\"><p>[vc_row][vc_column][vc_column_text]Se stai cercando il luogo perfetto per celebrare il tuo matrimonio a L&#8217;Avana, Cuba, sei nel posto giusto. Che tu voglia un servizio completo di pianificazione dell&#8217;evento o semplicemente cerchi una location adatta per cerimonie e ricevimenti, qui troverai tutte le opzioni di cui hai bisogno per rendere indimenticabile il tuo giorno speciale.<\/p>\n<h2><strong><a href=\"https:\/\/cubaweddingpackages.com\/it\/wedding-planner-a-cuba\/\"><img decoding=\"async\" class=\"aligncenter wp-image-8405 size-full\" src=\"http:\/\/cubaweddingpackages.com\/wp-content\/uploads\/2024\/03\/Servicio-de-planificacion-de-bodas.jpg\" alt=\"Servizio di pianificazione del matrimonio\" width=\"744\" height=\"498\" srcset=\"https:\/\/cubaweddingpackages.com\/wp-content\/uploads\/2024\/03\/Servicio-de-planificacion-de-bodas.jpg 744w, https:\/\/cubaweddingpackages.com\/wp-content\/uploads\/2024\/03\/Servicio-de-planificacion-de-bodas-300x201.jpg 300w\" sizes=\"(max-width: 744px) 100vw, 744px\" \/><\/a><\/strong><\/h2>\n<h2>Pianificazione del matrimonio a servizio completo<\/h2>\n<p>Se preferisci lasciare tutti i dettagli nelle mani di professionisti e godere di un servizio completo di pianificazione del matrimonio, ci sono diverse aziende a L&#8217;Avana che possono aiutarti. Questi esperti di eventi gestiranno ogni aspetto del tuo matrimonio, dalla scelta della location all&#8217;arredamento, alla musica, al catering e altro ancora.<\/p>\n<p>Assumendo un servizio completo di pianificazione del matrimonio, potrete rilassarvi e godervi ogni momento del vostro giorno speciale, sapendo che tutto \u00e8 nelle mani di professionisti. Faranno in modo che ogni dettaglio sia perfetto e si adatti ai tuoi gusti e preferenze.<\/p>\n<h2><strong>\u00a0<\/strong><\/h2>\n<p>[\/vc_column_text][vc_column_text]<\/p>\n<h2>Trova un posto adatto<\/h2>\n<p>Se preferisci avere pi\u00f9 controllo sui dettagli del tuo matrimonio e stai cercando un luogo adatto per la cerimonia e il ricevimento, L&#8217;Avana offre un&#8217;ampia variet\u00e0 di opzioni. Dalle bellissime spiagge alle eleganti sale da ballo, c&#8217;\u00e8 qualcosa per ogni coppia e ogni tipo di matrimonio.<\/p>\n<p>Se sogni un matrimonio sulla spiaggia, puoi prendere in considerazione luoghi come Varadero, Cayo Santa Mar\u00eda o Guardalavaca. Queste spiagge paradisiache offrono scenari meravigliosi per una romantica cerimonia al mare. Inoltre, molti hotel e resort in queste zone offrono pacchetti nuziali speciali che includono servizi di pianificazione e alloggio per te e i tuoi ospiti.<\/p>\n<p>Se preferisci un matrimonio pi\u00f9 urbano e sofisticato, L&#8217;Avana dispone di un gran numero di sale per eventi e boutique hotel che possono essere la cornice perfetta per il tuo matrimonio. Questi luoghi offrono una miscela unica di eleganza e fascino caraibico e molti di loro dispongono di servizi interni di pianificazione del matrimonio, quindi non devi preoccuparti dei dettagli.<\/p>\n<p><a href=\"https:\/\/cubaweddingpackages.com\/it\/wedding-planner-a-cuba\/\"><img decoding=\"async\" class=\"aligncenter wp-image-8387 size-full\" src=\"http:\/\/cubaweddingpackages.com\/wp-content\/uploads\/2024\/03\/lugar-para-bodas.jpg\" alt=\"luogo del matrimonio\" width=\"731\" height=\"485\" srcset=\"https:\/\/cubaweddingpackages.com\/wp-content\/uploads\/2024\/03\/lugar-para-bodas.jpg 731w, https:\/\/cubaweddingpackages.com\/wp-content\/uploads\/2024\/03\/lugar-para-bodas-300x199.jpg 300w\" sizes=\"(max-width: 731px) 100vw, 731px\" \/><\/a>[\/vc_column_text][vc_column_text]<\/p>\n<h2>La magia dei matrimoni a L&#8217;Avana, Cuba<\/h2>\n<p>L&#8217;Avana, Cuba, \u00e8 un luogo magico dove celebrare il tuo matrimonio. Con la sua architettura coloniale, le strade acciottolate e il fascino vintage, questa citt\u00e0 ti trasporter\u00e0 in un&#8217;altra epoca e dar\u00e0 al tuo matrimonio un tocco di romanticismo e nostalgia.<\/p>\n<p>Oltre alla sua bellezza storica, L&#8217;Avana offre una vivace scena culturale, con musica dal vivo, danze tradizionali e una cucina deliziosa. I tuoi ospiti potranno vivere l&#8217;autentica esperienza cubana mentre celebrano il tuo amore.<\/p>\n<p>La citt\u00e0 offre anche una vasta gamma di attivit\u00e0 per te e i tuoi ospiti, dai giri in auto d&#8217;epoca lungo il Malec\u00f3n alle visite a musei e gallerie d&#8217;arte. I tuoi ospiti non si annoieranno mai e avranno ricordi indimenticabili del tuo matrimonio a L&#8217;Avana, Cuba.<\/p>\n<p>Se stai cercando opzioni per celebrare il tuo matrimonio a L&#8217;Avana, Cuba, hai diverse opzioni a disposizione. Sia che tu scelga un servizio completo di pianificazione di eventi o stia cercando un luogo adatto per cerimonie e ricevimenti, L&#8217;Avana offre una combinazione unica di bellezza, fascino e cultura per rendere il tuo matrimonio un evento indimenticabile.[\/vc_column_text][\/vc_column][\/vc_row]<\/p>\n<\/div>","protected":false},"excerpt":{"rendered":"<p>[vc_row][vc_column][vc_column_text]Se stai cercando il luogo perfetto per celebrare il tuo matrimonio a L&#8217;Avana, Cuba, sei nel posto giusto. Che tu [&hellip;]<\/p>\n","protected":false},"author":5,"featured_media":8401,"parent":0,"menu_order":0,"comment_status":"closed","ping_status":"closed","template":"","meta":{"_joinchat":[],"footnotes":""},"class_list":["post-8423","page","type-page","status-publish","has-post-thumbnail","hentry"],"yoast_head":"<!-- This site is optimized with the Yoast SEO plugin v27.3 - https:\/\/yoast.com\/product\/yoast-seo-wordpress\/ -->\n<title>Organizzazione di matrimoni a L&#039;Avana, Cuba<\/title>\n<meta name=\"description\" content=\"Festeggia il tuo matrimonio all&#039;Avana con servizi di pianificazione completi per una giornata magica e senza stress. clicca qui\" \/>\n<meta name=\"robots\" content=\"index, follow, max-snippet:-1, max-image-preview:large, max-video-preview:-1\" \/>\n<link rel=\"canonical\" href=\"https:\/\/cubaweddingpackages.com\/it\/organizzazione-di-matrimoni-a-lavana-cuba\/\" \/>\n<meta property=\"og:locale\" content=\"it_IT\" \/>\n<meta property=\"og:type\" content=\"article\" \/>\n<meta property=\"og:title\" content=\"Organizzazione di matrimoni a L&#039;Avana, Cuba\" \/>\n<meta property=\"og:description\" content=\"Festeggia il tuo matrimonio all&#039;Avana con servizi di pianificazione completi per una giornata magica e senza stress. clicca qui\" \/>\n<meta property=\"og:url\" content=\"https:\/\/cubaweddingpackages.com\/it\/organizzazione-di-matrimoni-a-lavana-cuba\/\" \/>\n<meta property=\"og:site_name\" content=\"Wedding Packages in Cuba\" \/>\n<meta property=\"article:publisher\" content=\"https:\/\/www.facebook.com\/BodasEnCubaV\" \/>\n<meta property=\"og:image\" content=\"https:\/\/cubaweddingpackages.com\/wp-content\/uploads\/2024\/03\/Planificacion-de-bodas.jpg\" \/>\n\t<meta property=\"og:image:width\" content=\"741\" \/>\n\t<meta property=\"og:image:height\" content=\"489\" \/>\n\t<meta property=\"og:image:type\" content=\"image\/jpeg\" \/>\n<meta name=\"twitter:label1\" content=\"Tempo di lettura stimato\" \/>\n\t<meta name=\"twitter:data1\" content=\"3 minuti\" \/>\n<script type=\"application\/ld+json\" class=\"yoast-schema-graph\">{\"@context\":\"https:\\\/\\\/schema.org\",\"@graph\":[{\"@type\":\"WebPage\",\"@id\":\"https:\\\/\\\/cubaweddingpackages.com\\\/it\\\/organizzazione-di-matrimoni-a-lavana-cuba\\\/\",\"url\":\"https:\\\/\\\/cubaweddingpackages.com\\\/it\\\/organizzazione-di-matrimoni-a-lavana-cuba\\\/\",\"name\":\"Organizzazione di matrimoni a L'Avana, Cuba\",\"isPartOf\":{\"@id\":\"https:\\\/\\\/cubaweddingpackages.com\\\/it\\\/#website\"},\"primaryImageOfPage\":{\"@id\":\"https:\\\/\\\/cubaweddingpackages.com\\\/it\\\/organizzazione-di-matrimoni-a-lavana-cuba\\\/#primaryimage\"},\"image\":{\"@id\":\"https:\\\/\\\/cubaweddingpackages.com\\\/it\\\/organizzazione-di-matrimoni-a-lavana-cuba\\\/#primaryimage\"},\"thumbnailUrl\":\"https:\\\/\\\/cubaweddingpackages.com\\\/wp-content\\\/uploads\\\/2024\\\/03\\\/Planificacion-de-bodas.jpg\",\"datePublished\":\"2024-03-21T20:03:53+00:00\",\"description\":\"Festeggia il tuo matrimonio all'Avana con servizi di pianificazione completi per una giornata magica e senza stress. clicca qui\",\"breadcrumb\":{\"@id\":\"https:\\\/\\\/cubaweddingpackages.com\\\/it\\\/organizzazione-di-matrimoni-a-lavana-cuba\\\/#breadcrumb\"},\"inLanguage\":\"it-IT\",\"potentialAction\":[{\"@type\":\"ReadAction\",\"target\":[\"https:\\\/\\\/cubaweddingpackages.com\\\/it\\\/organizzazione-di-matrimoni-a-lavana-cuba\\\/\"]}]},{\"@type\":\"ImageObject\",\"inLanguage\":\"it-IT\",\"@id\":\"https:\\\/\\\/cubaweddingpackages.com\\\/it\\\/organizzazione-di-matrimoni-a-lavana-cuba\\\/#primaryimage\",\"url\":\"https:\\\/\\\/cubaweddingpackages.com\\\/wp-content\\\/uploads\\\/2024\\\/03\\\/Planificacion-de-bodas.jpg\",\"contentUrl\":\"https:\\\/\\\/cubaweddingpackages.com\\\/wp-content\\\/uploads\\\/2024\\\/03\\\/Planificacion-de-bodas.jpg\",\"width\":741,\"height\":489,\"caption\":\"Organizzazione del matrimonio all'Avana\"},{\"@type\":\"BreadcrumbList\",\"@id\":\"https:\\\/\\\/cubaweddingpackages.com\\\/it\\\/organizzazione-di-matrimoni-a-lavana-cuba\\\/#breadcrumb\",\"itemListElement\":[{\"@type\":\"ListItem\",\"position\":1,\"name\":\"Home\",\"item\":\"https:\\\/\\\/cubaweddingpackages.com\\\/it\\\/\"},{\"@type\":\"ListItem\",\"position\":2,\"name\":\"Organizzazione di matrimoni a L&#8217;Avana, Cuba\"}]},{\"@type\":\"WebSite\",\"@id\":\"https:\\\/\\\/cubaweddingpackages.com\\\/it\\\/#website\",\"url\":\"https:\\\/\\\/cubaweddingpackages.com\\\/it\\\/\",\"name\":\"Wedding Packages in Cuba\",\"description\":\"Best Wedding Packages\",\"potentialAction\":[{\"@type\":\"SearchAction\",\"target\":{\"@type\":\"EntryPoint\",\"urlTemplate\":\"https:\\\/\\\/cubaweddingpackages.com\\\/it\\\/?s={search_term_string}\"},\"query-input\":{\"@type\":\"PropertyValueSpecification\",\"valueRequired\":true,\"valueName\":\"search_term_string\"}}],\"inLanguage\":\"it-IT\"}]}<\/script>\n<!-- \/ Yoast SEO plugin. -->","yoast_head_json":{"title":"Organizzazione di matrimoni a L'Avana, Cuba","description":"Festeggia il tuo matrimonio all'Avana con servizi di pianificazione completi per una giornata magica e senza stress. clicca qui","robots":{"index":"index","follow":"follow","max-snippet":"max-snippet:-1","max-image-preview":"max-image-preview:large","max-video-preview":"max-video-preview:-1"},"canonical":"https:\/\/cubaweddingpackages.com\/it\/organizzazione-di-matrimoni-a-lavana-cuba\/","og_locale":"it_IT","og_type":"article","og_title":"Organizzazione di matrimoni a L'Avana, Cuba","og_description":"Festeggia il tuo matrimonio all'Avana con servizi di pianificazione completi per una giornata magica e senza stress. clicca qui","og_url":"https:\/\/cubaweddingpackages.com\/it\/organizzazione-di-matrimoni-a-lavana-cuba\/","og_site_name":"Wedding Packages in Cuba","article_publisher":"https:\/\/www.facebook.com\/BodasEnCubaV","og_image":[{"width":741,"height":489,"url":"https:\/\/cubaweddingpackages.com\/wp-content\/uploads\/2024\/03\/Planificacion-de-bodas.jpg","type":"image\/jpeg"}],"twitter_misc":{"Tempo di lettura stimato":"3 minuti"},"schema":{"@context":"https:\/\/schema.org","@graph":[{"@type":"WebPage","@id":"https:\/\/cubaweddingpackages.com\/it\/organizzazione-di-matrimoni-a-lavana-cuba\/","url":"https:\/\/cubaweddingpackages.com\/it\/organizzazione-di-matrimoni-a-lavana-cuba\/","name":"Organizzazione di matrimoni a L'Avana, Cuba","isPartOf":{"@id":"https:\/\/cubaweddingpackages.com\/it\/#website"},"primaryImageOfPage":{"@id":"https:\/\/cubaweddingpackages.com\/it\/organizzazione-di-matrimoni-a-lavana-cuba\/#primaryimage"},"image":{"@id":"https:\/\/cubaweddingpackages.com\/it\/organizzazione-di-matrimoni-a-lavana-cuba\/#primaryimage"},"thumbnailUrl":"https:\/\/cubaweddingpackages.com\/wp-content\/uploads\/2024\/03\/Planificacion-de-bodas.jpg","datePublished":"2024-03-21T20:03:53+00:00","description":"Festeggia il tuo matrimonio all'Avana con servizi di pianificazione completi per una giornata magica e senza stress. clicca qui","breadcrumb":{"@id":"https:\/\/cubaweddingpackages.com\/it\/organizzazione-di-matrimoni-a-lavana-cuba\/#breadcrumb"},"inLanguage":"it-IT","potentialAction":[{"@type":"ReadAction","target":["https:\/\/cubaweddingpackages.com\/it\/organizzazione-di-matrimoni-a-lavana-cuba\/"]}]},{"@type":"ImageObject","inLanguage":"it-IT","@id":"https:\/\/cubaweddingpackages.com\/it\/organizzazione-di-matrimoni-a-lavana-cuba\/#primaryimage","url":"https:\/\/cubaweddingpackages.com\/wp-content\/uploads\/2024\/03\/Planificacion-de-bodas.jpg","contentUrl":"https:\/\/cubaweddingpackages.com\/wp-content\/uploads\/2024\/03\/Planificacion-de-bodas.jpg","width":741,"height":489,"caption":"Organizzazione del matrimonio all'Avana"},{"@type":"BreadcrumbList","@id":"https:\/\/cubaweddingpackages.com\/it\/organizzazione-di-matrimoni-a-lavana-cuba\/#breadcrumb","itemListElement":[{"@type":"ListItem","position":1,"name":"Home","item":"https:\/\/cubaweddingpackages.com\/it\/"},{"@type":"ListItem","position":2,"name":"Organizzazione di matrimoni a L&#8217;Avana, Cuba"}]},{"@type":"WebSite","@id":"https:\/\/cubaweddingpackages.com\/it\/#website","url":"https:\/\/cubaweddingpackages.com\/it\/","name":"Wedding Packages in Cuba","description":"Best Wedding Packages","potentialAction":[{"@type":"SearchAction","target":{"@type":"EntryPoint","urlTemplate":"https:\/\/cubaweddingpackages.com\/it\/?s={search_term_string}"},"query-input":{"@type":"PropertyValueSpecification","valueRequired":true,"valueName":"search_term_string"}}],"inLanguage":"it-IT"}]}},"_links":{"self":[{"href":"https:\/\/cubaweddingpackages.com\/it\/wp-json\/wp\/v2\/pages\/8423","targetHints":{"allow":["GET"]}}],"collection":[{"href":"https:\/\/cubaweddingpackages.com\/it\/wp-json\/wp\/v2\/pages"}],"about":[{"href":"https:\/\/cubaweddingpackages.com\/it\/wp-json\/wp\/v2\/types\/page"}],"author":[{"embeddable":true,"href":"https:\/\/cubaweddingpackages.com\/it\/wp-json\/wp\/v2\/users\/5"}],"replies":[{"embeddable":true,"href":"https:\/\/cubaweddingpackages.com\/it\/wp-json\/wp\/v2\/comments?post=8423"}],"version-history":[{"count":2,"href":"https:\/\/cubaweddingpackages.com\/it\/wp-json\/wp\/v2\/pages\/8423\/revisions"}],"predecessor-version":[{"id":8438,"href":"https:\/\/cubaweddingpackages.com\/it\/wp-json\/wp\/v2\/pages\/8423\/revisions\/8438"}],"wp:featuredmedia":[{"embeddable":true,"href":"https:\/\/cubaweddingpackages.com\/it\/wp-json\/wp\/v2\/media\/8401"}],"wp:attachment":[{"href":"https:\/\/cubaweddingpackages.com\/it\/wp-json\/wp\/v2\/media?parent=8423"}],"curies":[{"name":"wp","href":"https:\/\/api.w.org\/{rel}","templated":true}]}}