{"id":8478,"date":"2024-03-25T12:56:20","date_gmt":"2024-03-25T12:56:20","guid":{"rendered":"https:\/\/cubaweddingpackages.com\/?page_id=8478"},"modified":"2024-03-25T12:56:20","modified_gmt":"2024-03-25T12:56:20","slug":"festeggia-il-tuo-matrimonio-nelle-notti-dellavana","status":"publish","type":"page","link":"https:\/\/cubaweddingpackages.com\/it\/festeggia-il-tuo-matrimonio-nelle-notti-dellavana\/","title":{"rendered":"Festeggia il tuo matrimonio nelle notti dell&#8217;Avana!"},"content":{"rendered":"<div class=\"wpb-content-wrapper\"><p>[vc_row][vc_column][vc_column_text]Cerchi un&#8217;esperienza unica e glamour per il tuo matrimonio? Vuoi che il tuo grande giorno sia indimenticabile e ricco di fascino? Non cercate oltre! Vi presentiamo matrimoni notturni all&#8217;Avana, dove potrete godervi eventi esclusivi ed eleganti in questa bellissima citt\u00e0.<\/p>\n<h2><strong><a href=\"https:\/\/cubaweddingpackages.com\/it\/wedding-planner-a-cuba\/\"><img decoding=\"async\" class=\"aligncenter wp-image-8463 size-large\" src=\"http:\/\/cubaweddingpackages.com\/wp-content\/uploads\/2024\/03\/boda-en-las-noches-de-La-Habana-1024x602.jpg\" alt=\"matrimonio nelle notti dell'Avana\" width=\"1024\" height=\"602\" srcset=\"https:\/\/cubaweddingpackages.com\/wp-content\/uploads\/2024\/03\/boda-en-las-noches-de-La-Habana-1024x602.jpg 1024w, https:\/\/cubaweddingpackages.com\/wp-content\/uploads\/2024\/03\/boda-en-las-noches-de-La-Habana-300x176.jpg 300w, https:\/\/cubaweddingpackages.com\/wp-content\/uploads\/2024\/03\/boda-en-las-noches-de-La-Habana-768x451.jpg 768w, https:\/\/cubaweddingpackages.com\/wp-content\/uploads\/2024\/03\/boda-en-las-noches-de-La-Habana.jpg 1239w\" sizes=\"(max-width: 1024px) 100vw, 1024px\" \/><\/a><\/strong><\/h2>\n<h2>Un tocco glamour in ogni dettaglio<\/h2>\n<p>I matrimoni notturni all&#8217;Avana sono noti per la loro eleganza e raffinatezza. Ogni dettaglio \u00e8 attentamente pianificato per creare un&#8217;esperienza indimenticabile sia per gli sposi che per i loro ospiti. Dall&#8217;arredamento al menu, tutto \u00e8 pensato per riflettere il fascino e la bellezza di questa citt\u00e0.<\/p>\n<p>Immagina di celebrare il tuo pre-matrimonio nell&#8217;iconico Tropicana Cabaret, circondato da luci brillanti, musica dal vivo e un&#8217;atmosfera energica. Questo luogo emblematico ti regaler\u00e0 un&#8217;esperienza unica piena di divertimento e gioia. I tuoi ospiti saranno felicissimi di prendere parte a questa celebrazione speciale.<\/p>\n<h2><strong>\u00a0<\/strong><\/h2>\n<p>[\/vc_column_text][vc_column_text]<\/p>\n<h2>Una cornice storica per la vostra cerimonia<\/h2>\n<p>L&#8217;Avana \u00e8 piena di luoghi storici ed emblematici che possono diventare la cornice perfetta per la tua cerimonia di matrimonio. La maestosa Cattedrale dell&#8217;Avana \u00e8 uno di quei luoghi che ti lasceranno senza fiato. I suoi imponenti archi e l&#8217;architettura coloniale ti trasporteranno in un&#8217;altra epoca, creando un&#8217;atmosfera romantica e magica per il tuo matrimonio.<\/p>\n<p>Immagina di camminare lungo la navata della cattedrale, mentre la luce delle candele illumina il tuo cammino e la musica soft riempie l&#8217;aria. I tuoi cari saranno entusiasti di assistere a questo momento speciale in un luogo cos\u00ec significativo.<\/p>\n<p><a href=\"https:\/\/cubaweddingpackages.com\/it\/wedding-planner-a-cuba\/\"><img decoding=\"async\" class=\"aligncenter wp-image-8454 size-full\" src=\"http:\/\/cubaweddingpackages.com\/wp-content\/uploads\/2024\/03\/boda-en-las-noches-de-La-Habana-pareja.jpg\" alt=\"matrimonio nelle notti dell'Avana\" width=\"982\" height=\"643\" srcset=\"https:\/\/cubaweddingpackages.com\/wp-content\/uploads\/2024\/03\/boda-en-las-noches-de-La-Habana-pareja.jpg 982w, https:\/\/cubaweddingpackages.com\/wp-content\/uploads\/2024\/03\/boda-en-las-noches-de-La-Habana-pareja-300x196.jpg 300w, https:\/\/cubaweddingpackages.com\/wp-content\/uploads\/2024\/03\/boda-en-las-noches-de-La-Habana-pareja-768x503.jpg 768w\" sizes=\"(max-width: 982px) 100vw, 982px\" \/><\/a>[\/vc_column_text][vc_column_text]<\/p>\n<h2>Un&#8217;esperienza indimenticabile per tutti<\/h2>\n<p>I matrimoni notturni all&#8217;Avana non offrono solo un&#8217;atmosfera glamour ed esclusiva, ma anche un&#8217;esperienza indimenticabile per tutti gli invitati. La citt\u00e0 \u00e8 piena di fascino e cultura, quindi i tuoi cari potranno godere di tutto ci\u00f2 che L&#8217;Avana ha da offrire durante il loro soggiorno.<\/p>\n<p>Dal passeggiare per le strade colorate del centro storico al godersi la vivace vita notturna, i tuoi ospiti saranno lieti di scoprire il fascino di questa citt\u00e0 unica. Inoltre, potranno deliziarsi con la deliziosa cucina cubana e ballare al ritmo della musica tradizionale nei famosi locali di salsa.<\/p>\n<p>Non perdere l&#8217;occasione di celebrare il tuo matrimonio di notte all&#8217;Avana! Sar\u00e0 un&#8217;esperienza unica e magica che ricorderete per sempre. Contattaci e ti aiuteremo a pianificare l&#8217;evento dei tuoi sogni in questa bellissima citt\u00e0 piena di fascino e glamour.<\/p>\n<p>[\/vc_column_text][\/vc_column][\/vc_row]<\/p>\n<\/div>","protected":false},"excerpt":{"rendered":"<p>[vc_row][vc_column][vc_column_text]Cerchi un&#8217;esperienza unica e glamour per il tuo matrimonio? Vuoi che il tuo grande giorno sia indimenticabile e ricco di [&hellip;]<\/p>\n","protected":false},"author":5,"featured_media":8450,"parent":0,"menu_order":0,"comment_status":"closed","ping_status":"closed","template":"","meta":{"_joinchat":{"telephone":"55396525"},"footnotes":""},"class_list":["post-8478","page","type-page","status-publish","has-post-thumbnail","hentry"],"yoast_head":"<!-- This site is optimized with the Yoast SEO plugin v27.3 - https:\/\/yoast.com\/product\/yoast-seo-wordpress\/ -->\n<title>Festeggia il tuo matrimonio nelle notti dell&#039;Avana!<\/title>\n<meta name=\"description\" content=\"Festeggia il tuo amore con un matrimonio unico all&#039;Avana. Eleganza e divertimento in una destinazione storica. Organizza la tua notte magica!\" \/>\n<meta name=\"robots\" content=\"index, follow, max-snippet:-1, max-image-preview:large, max-video-preview:-1\" \/>\n<link rel=\"canonical\" href=\"https:\/\/cubaweddingpackages.com\/it\/festeggia-il-tuo-matrimonio-nelle-notti-dellavana\/\" \/>\n<meta property=\"og:locale\" content=\"it_IT\" \/>\n<meta property=\"og:type\" content=\"article\" \/>\n<meta property=\"og:title\" content=\"Festeggia il tuo matrimonio nelle notti dell&#039;Avana!\" \/>\n<meta property=\"og:description\" content=\"Festeggia il tuo amore con un matrimonio unico all&#039;Avana. Eleganza e divertimento in una destinazione storica. Organizza la tua notte magica!\" \/>\n<meta property=\"og:url\" content=\"https:\/\/cubaweddingpackages.com\/it\/festeggia-il-tuo-matrimonio-nelle-notti-dellavana\/\" \/>\n<meta property=\"og:site_name\" content=\"Wedding Packages in Cuba\" \/>\n<meta property=\"article:publisher\" content=\"https:\/\/www.facebook.com\/BodasEnCubaV\" \/>\n<meta property=\"og:image\" content=\"https:\/\/cubaweddingpackages.com\/wp-content\/uploads\/2024\/03\/boda-en-las-noches-de-La-Habana-fiesta.jpg\" \/>\n\t<meta property=\"og:image:width\" content=\"1096\" \/>\n\t<meta property=\"og:image:height\" content=\"663\" \/>\n\t<meta property=\"og:image:type\" content=\"image\/jpeg\" \/>\n<meta name=\"twitter:label1\" content=\"Tempo di lettura stimato\" \/>\n\t<meta name=\"twitter:data1\" content=\"3 minuti\" \/>\n<script type=\"application\/ld+json\" class=\"yoast-schema-graph\">{\"@context\":\"https:\\\/\\\/schema.org\",\"@graph\":[{\"@type\":\"WebPage\",\"@id\":\"https:\\\/\\\/cubaweddingpackages.com\\\/it\\\/festeggia-il-tuo-matrimonio-nelle-notti-dellavana\\\/\",\"url\":\"https:\\\/\\\/cubaweddingpackages.com\\\/it\\\/festeggia-il-tuo-matrimonio-nelle-notti-dellavana\\\/\",\"name\":\"Festeggia il tuo matrimonio nelle notti dell'Avana!\",\"isPartOf\":{\"@id\":\"https:\\\/\\\/cubaweddingpackages.com\\\/it\\\/#website\"},\"primaryImageOfPage\":{\"@id\":\"https:\\\/\\\/cubaweddingpackages.com\\\/it\\\/festeggia-il-tuo-matrimonio-nelle-notti-dellavana\\\/#primaryimage\"},\"image\":{\"@id\":\"https:\\\/\\\/cubaweddingpackages.com\\\/it\\\/festeggia-il-tuo-matrimonio-nelle-notti-dellavana\\\/#primaryimage\"},\"thumbnailUrl\":\"https:\\\/\\\/cubaweddingpackages.com\\\/wp-content\\\/uploads\\\/2024\\\/03\\\/boda-en-las-noches-de-La-Habana-fiesta.jpg\",\"datePublished\":\"2024-03-25T12:56:20+00:00\",\"description\":\"Festeggia il tuo amore con un matrimonio unico all'Avana. Eleganza e divertimento in una destinazione storica. Organizza la tua notte magica!\",\"breadcrumb\":{\"@id\":\"https:\\\/\\\/cubaweddingpackages.com\\\/it\\\/festeggia-il-tuo-matrimonio-nelle-notti-dellavana\\\/#breadcrumb\"},\"inLanguage\":\"it-IT\",\"potentialAction\":[{\"@type\":\"ReadAction\",\"target\":[\"https:\\\/\\\/cubaweddingpackages.com\\\/it\\\/festeggia-il-tuo-matrimonio-nelle-notti-dellavana\\\/\"]}]},{\"@type\":\"ImageObject\",\"inLanguage\":\"it-IT\",\"@id\":\"https:\\\/\\\/cubaweddingpackages.com\\\/it\\\/festeggia-il-tuo-matrimonio-nelle-notti-dellavana\\\/#primaryimage\",\"url\":\"https:\\\/\\\/cubaweddingpackages.com\\\/wp-content\\\/uploads\\\/2024\\\/03\\\/boda-en-las-noches-de-La-Habana-fiesta.jpg\",\"contentUrl\":\"https:\\\/\\\/cubaweddingpackages.com\\\/wp-content\\\/uploads\\\/2024\\\/03\\\/boda-en-las-noches-de-La-Habana-fiesta.jpg\",\"width\":1096,\"height\":663,\"caption\":\"Banchetti nuziali a Cuba\"},{\"@type\":\"BreadcrumbList\",\"@id\":\"https:\\\/\\\/cubaweddingpackages.com\\\/it\\\/festeggia-il-tuo-matrimonio-nelle-notti-dellavana\\\/#breadcrumb\",\"itemListElement\":[{\"@type\":\"ListItem\",\"position\":1,\"name\":\"Home\",\"item\":\"https:\\\/\\\/cubaweddingpackages.com\\\/it\\\/\"},{\"@type\":\"ListItem\",\"position\":2,\"name\":\"Festeggia il tuo matrimonio nelle notti dell&#8217;Avana!\"}]},{\"@type\":\"WebSite\",\"@id\":\"https:\\\/\\\/cubaweddingpackages.com\\\/it\\\/#website\",\"url\":\"https:\\\/\\\/cubaweddingpackages.com\\\/it\\\/\",\"name\":\"Wedding Packages in Cuba\",\"description\":\"Best Wedding Packages\",\"potentialAction\":[{\"@type\":\"SearchAction\",\"target\":{\"@type\":\"EntryPoint\",\"urlTemplate\":\"https:\\\/\\\/cubaweddingpackages.com\\\/it\\\/?s={search_term_string}\"},\"query-input\":{\"@type\":\"PropertyValueSpecification\",\"valueRequired\":true,\"valueName\":\"search_term_string\"}}],\"inLanguage\":\"it-IT\"}]}<\/script>\n<!-- \/ Yoast SEO plugin. -->","yoast_head_json":{"title":"Festeggia il tuo matrimonio nelle notti dell'Avana!","description":"Festeggia il tuo amore con un matrimonio unico all'Avana. Eleganza e divertimento in una destinazione storica. Organizza la tua notte magica!","robots":{"index":"index","follow":"follow","max-snippet":"max-snippet:-1","max-image-preview":"max-image-preview:large","max-video-preview":"max-video-preview:-1"},"canonical":"https:\/\/cubaweddingpackages.com\/it\/festeggia-il-tuo-matrimonio-nelle-notti-dellavana\/","og_locale":"it_IT","og_type":"article","og_title":"Festeggia il tuo matrimonio nelle notti dell'Avana!","og_description":"Festeggia il tuo amore con un matrimonio unico all'Avana. Eleganza e divertimento in una destinazione storica. Organizza la tua notte magica!","og_url":"https:\/\/cubaweddingpackages.com\/it\/festeggia-il-tuo-matrimonio-nelle-notti-dellavana\/","og_site_name":"Wedding Packages in Cuba","article_publisher":"https:\/\/www.facebook.com\/BodasEnCubaV","og_image":[{"width":1096,"height":663,"url":"https:\/\/cubaweddingpackages.com\/wp-content\/uploads\/2024\/03\/boda-en-las-noches-de-La-Habana-fiesta.jpg","type":"image\/jpeg"}],"twitter_misc":{"Tempo di lettura stimato":"3 minuti"},"schema":{"@context":"https:\/\/schema.org","@graph":[{"@type":"WebPage","@id":"https:\/\/cubaweddingpackages.com\/it\/festeggia-il-tuo-matrimonio-nelle-notti-dellavana\/","url":"https:\/\/cubaweddingpackages.com\/it\/festeggia-il-tuo-matrimonio-nelle-notti-dellavana\/","name":"Festeggia il tuo matrimonio nelle notti dell'Avana!","isPartOf":{"@id":"https:\/\/cubaweddingpackages.com\/it\/#website"},"primaryImageOfPage":{"@id":"https:\/\/cubaweddingpackages.com\/it\/festeggia-il-tuo-matrimonio-nelle-notti-dellavana\/#primaryimage"},"image":{"@id":"https:\/\/cubaweddingpackages.com\/it\/festeggia-il-tuo-matrimonio-nelle-notti-dellavana\/#primaryimage"},"thumbnailUrl":"https:\/\/cubaweddingpackages.com\/wp-content\/uploads\/2024\/03\/boda-en-las-noches-de-La-Habana-fiesta.jpg","datePublished":"2024-03-25T12:56:20+00:00","description":"Festeggia il tuo amore con un matrimonio unico all'Avana. Eleganza e divertimento in una destinazione storica. Organizza la tua notte magica!","breadcrumb":{"@id":"https:\/\/cubaweddingpackages.com\/it\/festeggia-il-tuo-matrimonio-nelle-notti-dellavana\/#breadcrumb"},"inLanguage":"it-IT","potentialAction":[{"@type":"ReadAction","target":["https:\/\/cubaweddingpackages.com\/it\/festeggia-il-tuo-matrimonio-nelle-notti-dellavana\/"]}]},{"@type":"ImageObject","inLanguage":"it-IT","@id":"https:\/\/cubaweddingpackages.com\/it\/festeggia-il-tuo-matrimonio-nelle-notti-dellavana\/#primaryimage","url":"https:\/\/cubaweddingpackages.com\/wp-content\/uploads\/2024\/03\/boda-en-las-noches-de-La-Habana-fiesta.jpg","contentUrl":"https:\/\/cubaweddingpackages.com\/wp-content\/uploads\/2024\/03\/boda-en-las-noches-de-La-Habana-fiesta.jpg","width":1096,"height":663,"caption":"Banchetti nuziali a Cuba"},{"@type":"BreadcrumbList","@id":"https:\/\/cubaweddingpackages.com\/it\/festeggia-il-tuo-matrimonio-nelle-notti-dellavana\/#breadcrumb","itemListElement":[{"@type":"ListItem","position":1,"name":"Home","item":"https:\/\/cubaweddingpackages.com\/it\/"},{"@type":"ListItem","position":2,"name":"Festeggia il tuo matrimonio nelle notti dell&#8217;Avana!"}]},{"@type":"WebSite","@id":"https:\/\/cubaweddingpackages.com\/it\/#website","url":"https:\/\/cubaweddingpackages.com\/it\/","name":"Wedding Packages in Cuba","description":"Best Wedding Packages","potentialAction":[{"@type":"SearchAction","target":{"@type":"EntryPoint","urlTemplate":"https:\/\/cubaweddingpackages.com\/it\/?s={search_term_string}"},"query-input":{"@type":"PropertyValueSpecification","valueRequired":true,"valueName":"search_term_string"}}],"inLanguage":"it-IT"}]}},"_links":{"self":[{"href":"https:\/\/cubaweddingpackages.com\/it\/wp-json\/wp\/v2\/pages\/8478","targetHints":{"allow":["GET"]}}],"collection":[{"href":"https:\/\/cubaweddingpackages.com\/it\/wp-json\/wp\/v2\/pages"}],"about":[{"href":"https:\/\/cubaweddingpackages.com\/it\/wp-json\/wp\/v2\/types\/page"}],"author":[{"embeddable":true,"href":"https:\/\/cubaweddingpackages.com\/it\/wp-json\/wp\/v2\/users\/5"}],"replies":[{"embeddable":true,"href":"https:\/\/cubaweddingpackages.com\/it\/wp-json\/wp\/v2\/comments?post=8478"}],"version-history":[{"count":1,"href":"https:\/\/cubaweddingpackages.com\/it\/wp-json\/wp\/v2\/pages\/8478\/revisions"}],"predecessor-version":[{"id":8485,"href":"https:\/\/cubaweddingpackages.com\/it\/wp-json\/wp\/v2\/pages\/8478\/revisions\/8485"}],"wp:featuredmedia":[{"embeddable":true,"href":"https:\/\/cubaweddingpackages.com\/it\/wp-json\/wp\/v2\/media\/8450"}],"wp:attachment":[{"href":"https:\/\/cubaweddingpackages.com\/it\/wp-json\/wp\/v2\/media?parent=8478"}],"curies":[{"name":"wp","href":"https:\/\/api.w.org\/{rel}","templated":true}]}}