{"id":8523,"date":"2024-03-25T14:47:31","date_gmt":"2024-03-25T14:47:31","guid":{"rendered":"https:\/\/cubaweddingpackages.com\/?page_id=8523"},"modified":"2024-03-25T14:47:31","modified_gmt":"2024-03-25T14:47:31","slug":"i-migliori-wedding-planner-a-lavana-cuba","status":"publish","type":"page","link":"https:\/\/cubaweddingpackages.com\/it\/i-migliori-wedding-planner-a-lavana-cuba\/","title":{"rendered":"I migliori wedding planner a L&#8217;Avana, Cuba"},"content":{"rendered":"<div class=\"wpb-content-wrapper\"><p>[vc_row][vc_column][vc_column_text]Cerchi un wedding planner a L&#8217;Avana, Cuba? Siete venuti nel posto giusto! Qui troverai una selezione dei migliori professionisti e aziende che offrono servizi di pianificazione e coordinamento di matrimoni in questa bellissima citt\u00e0.<\/p>\n<h2>L&#8217;importanza di un wedding planner<\/h2>\n<p>Organizzare un matrimonio pu\u00f2 essere un compito travolgente e stressante. Dalla scelta del locale, alla scelta del men\u00f9, all&#8217;organizzazione dei pi\u00f9 piccoli dettagli, c&#8217;\u00e8 molto da considerare. Ecco perch\u00e9 avere un wedding planner professionista pu\u00f2 fare la differenza tra un matrimonio caotico e stressante, oppure un matrimonio perfettamente organizzato e senza preoccupazioni.<\/p>\n<p>Un wedding planner dell&#8217;Avana non solo ti aiuter\u00e0 a coordinare tutti gli aspetti del tuo matrimonio, ma ti fornir\u00e0 anche consigli esperti e ti aiuter\u00e0 a prendere decisioni informate. La loro esperienza e conoscenza dei fornitori locali ti consentir\u00e0 di trovare le migliori opzioni entro il tuo budget e di garantire che ogni dettaglio sia perfetto.<\/p>\n<p><a href=\"https:\/\/cubaweddingpackages.com\/it\/wedding-planner-a-cuba\/\"><img decoding=\"async\" class=\"aligncenter wp-image-8491 size-large\" src=\"http:\/\/cubaweddingpackages.com\/wp-content\/uploads\/2024\/03\/planificador-de-bodas-1-1024x612.jpg\" alt=\"organizzatore di matrimoni 1\" width=\"1024\" height=\"612\" srcset=\"https:\/\/cubaweddingpackages.com\/wp-content\/uploads\/2024\/03\/planificador-de-bodas-1-1024x612.jpg 1024w, https:\/\/cubaweddingpackages.com\/wp-content\/uploads\/2024\/03\/planificador-de-bodas-1-300x179.jpg 300w, https:\/\/cubaweddingpackages.com\/wp-content\/uploads\/2024\/03\/planificador-de-bodas-1-768x459.jpg 768w, https:\/\/cubaweddingpackages.com\/wp-content\/uploads\/2024\/03\/planificador-de-bodas-1.jpg 1332w\" sizes=\"(max-width: 1024px) 100vw, 1024px\" \/><\/a>[\/vc_column_text][vc_column_text]<\/p>\n<h2>Trova il wedding planner perfetto per te<\/h2>\n<p>A L&#8217;Avana esiste un&#8217;ampia variet\u00e0 di professionisti e aziende che offrono servizi di organizzazione di matrimoni. Qui presentiamo alcuni dei pi\u00f9 importanti:<\/p>\n<h3>Matrimoni da sogno<\/h3>\n<p>Bodas de Ensue\u00f1o \u00e8 un&#8217;azienda leader nella pianificazione e coordinamento di matrimoni a L&#8217;Avana. Il loro team di esperti si prender\u00e0 cura di ogni dettaglio, dalla scelta della location alla selezione dei fornitori fino al coordinamento del giorno del matrimonio. Con la sua attenzione ai dettagli e un approccio personalizzato, Dream Weddings garantisce che il vostro matrimonio sia unico e memorabile.<\/p>\n<h3>Eventi magici<\/h3>\n<p>Magical Events \u00e8 un&#8217;altra eccellente opzione per l&#8217;organizzazione del matrimonio a L&#8217;Avana. Il loro team di professionisti altamente qualificati \u00e8 specializzato nella creazione di eventi unici e personalizzati che riflettono la personalit\u00e0 e i gusti di ogni coppia. Con la sua vasta rete di fornitori e l&#8217;esperienza nel settore dei matrimoni, Magical Events pu\u00f2 trasformare i tuoi sogni in realt\u00e0.<\/p>\n<h3>Momenti indimenticabili<\/h3>\n<p>Se stai cercando un&#8217;esperienza di pianificazione del matrimonio senza stress, Momenti indimenticabili \u00e8 la scelta perfetta. Il loro team gestir\u00e0 tutti gli aspetti del vostro matrimonio, dalla scelta della location al coordinamento del giorno del matrimonio. Il loro approccio personalizzato e l&#8217;attenzione ai dettagli assicurano che ogni momento del vostro matrimonio sia indimenticabile.[\/vc_column_text][vc_column_text]<\/p>\n<h2><strong><a href=\"https:\/\/cubaweddingpackages.com\/it\/wedding-planner-a-cuba\/\"><img decoding=\"async\" class=\"aligncenter wp-image-8509 size-large\" src=\"http:\/\/cubaweddingpackages.com\/wp-content\/uploads\/2024\/03\/planificador-de-bodas-1024x611.jpg\" alt=\"organizzatore di matrimoni\" width=\"1024\" height=\"611\" srcset=\"https:\/\/cubaweddingpackages.com\/wp-content\/uploads\/2024\/03\/planificador-de-bodas-1024x611.jpg 1024w, https:\/\/cubaweddingpackages.com\/wp-content\/uploads\/2024\/03\/planificador-de-bodas-300x179.jpg 300w, https:\/\/cubaweddingpackages.com\/wp-content\/uploads\/2024\/03\/planificador-de-bodas-768x458.jpg 768w, https:\/\/cubaweddingpackages.com\/wp-content\/uploads\/2024\/03\/planificador-de-bodas.jpg 1307w\" sizes=\"(max-width: 1024px) 100vw, 1024px\" \/><\/a><\/strong><\/h2>\n<h2>Perch\u00e9 scegliere un wedding planner a L&#8217;Avana?<\/h2>\n<p>L&#8217;Avana \u00e8 una citt\u00e0 ricca di fascino e bellezza, ed \u00e8 la cornice perfetta per un matrimonio indimenticabile. Tuttavia, pianificare un matrimonio in una citt\u00e0 straniera pu\u00f2 presentare sfide uniche. Ecco perch\u00e9 avere un wedding planner locale pu\u00f2 fare la differenza.<\/p>\n<p>Un wedding planner dell&#8217;Avana ha una conoscenza approfondita della citt\u00e0 e dei venditori locali. Saprai quali sono le location pi\u00f9 adatte per il tuo matrimonio, quali fornitori offrono i migliori servizi e come garantire che tutto funzioni senza intoppi. Inoltre, avere un pianificatore locale ti far\u00e0 risparmiare tempo e fatica occupandosi di tutti i dettagli logistici e fornendoti la consulenza di esperti.<\/p>\n<p>Se stai pianificando un matrimonio a L&#8217;Avana, assumere un wedding planner professionista \u00e8 una mossa intelligente. Ti aiuter\u00e0 a coordinare tutti gli aspetti del tuo matrimonio, dalla scelta della location alla selezione dei fornitori e al coordinamento del giorno del matrimonio. Inoltre, ti forniranno consigli esperti e ti aiuteranno a prendere decisioni informate. Non perdere altro tempo nella ricerca, trova il wedding planner perfetto per te e goditi un matrimonio perfettamente organizzato a L&#8217;Avana, Cuba!<\/p>\n<h2><strong>\u00a0<\/strong><\/h2>\n<p>[\/vc_column_text][\/vc_column][\/vc_row]<\/p>\n<\/div>","protected":false},"excerpt":{"rendered":"<p>[vc_row][vc_column][vc_column_text]Cerchi un wedding planner a L&#8217;Avana, Cuba? Siete venuti nel posto giusto! Qui troverai una selezione dei migliori professionisti e [&hellip;]<\/p>\n","protected":false},"author":5,"featured_media":8505,"parent":0,"menu_order":0,"comment_status":"closed","ping_status":"closed","template":"","meta":{"_joinchat":{"telephone":"+5355396525"},"footnotes":""},"class_list":["post-8523","page","type-page","status-publish","has-post-thumbnail","hentry"],"yoast_head":"<!-- This site is optimized with the Yoast SEO plugin v27.3 - https:\/\/yoast.com\/product\/yoast-seo-wordpress\/ -->\n<title>I migliori wedding planner a L&#039;Avana, Cuba<\/title>\n<meta name=\"description\" content=\"Organizza il matrimonio dei tuoi sogni all&#039;Avana con i migliori organizzatori. Servizio personalizzato e attenzione ad ogni dettaglio\" \/>\n<meta name=\"robots\" content=\"index, follow, max-snippet:-1, max-image-preview:large, max-video-preview:-1\" \/>\n<link rel=\"canonical\" href=\"https:\/\/cubaweddingpackages.com\/it\/i-migliori-wedding-planner-a-lavana-cuba\/\" \/>\n<meta property=\"og:locale\" content=\"it_IT\" \/>\n<meta property=\"og:type\" content=\"article\" \/>\n<meta property=\"og:title\" content=\"I migliori wedding planner a L&#039;Avana, Cuba\" \/>\n<meta property=\"og:description\" content=\"Organizza il matrimonio dei tuoi sogni all&#039;Avana con i migliori organizzatori. Servizio personalizzato e attenzione ad ogni dettaglio\" \/>\n<meta property=\"og:url\" content=\"https:\/\/cubaweddingpackages.com\/it\/i-migliori-wedding-planner-a-lavana-cuba\/\" \/>\n<meta property=\"og:site_name\" content=\"Wedding Packages in Cuba\" \/>\n<meta property=\"article:publisher\" content=\"https:\/\/www.facebook.com\/BodasEnCubaV\" \/>\n<meta property=\"og:image\" content=\"https:\/\/cubaweddingpackages.com\/wp-content\/uploads\/2024\/03\/planificador-de-bodas-playa.jpg\" \/>\n\t<meta property=\"og:image:width\" content=\"1310\" \/>\n\t<meta property=\"og:image:height\" content=\"782\" \/>\n\t<meta property=\"og:image:type\" content=\"image\/jpeg\" \/>\n<meta name=\"twitter:label1\" content=\"Tempo di lettura stimato\" \/>\n\t<meta name=\"twitter:data1\" content=\"4 minuti\" \/>\n<script type=\"application\/ld+json\" class=\"yoast-schema-graph\">{\"@context\":\"https:\\\/\\\/schema.org\",\"@graph\":[{\"@type\":\"WebPage\",\"@id\":\"https:\\\/\\\/cubaweddingpackages.com\\\/it\\\/i-migliori-wedding-planner-a-lavana-cuba\\\/\",\"url\":\"https:\\\/\\\/cubaweddingpackages.com\\\/it\\\/i-migliori-wedding-planner-a-lavana-cuba\\\/\",\"name\":\"I migliori wedding planner a L'Avana, Cuba\",\"isPartOf\":{\"@id\":\"https:\\\/\\\/cubaweddingpackages.com\\\/it\\\/#website\"},\"primaryImageOfPage\":{\"@id\":\"https:\\\/\\\/cubaweddingpackages.com\\\/it\\\/i-migliori-wedding-planner-a-lavana-cuba\\\/#primaryimage\"},\"image\":{\"@id\":\"https:\\\/\\\/cubaweddingpackages.com\\\/it\\\/i-migliori-wedding-planner-a-lavana-cuba\\\/#primaryimage\"},\"thumbnailUrl\":\"https:\\\/\\\/cubaweddingpackages.com\\\/wp-content\\\/uploads\\\/2024\\\/03\\\/planificador-de-bodas-playa.jpg\",\"datePublished\":\"2024-03-25T14:47:31+00:00\",\"description\":\"Organizza il matrimonio dei tuoi sogni all'Avana con i migliori organizzatori. Servizio personalizzato e attenzione ad ogni dettaglio\",\"breadcrumb\":{\"@id\":\"https:\\\/\\\/cubaweddingpackages.com\\\/it\\\/i-migliori-wedding-planner-a-lavana-cuba\\\/#breadcrumb\"},\"inLanguage\":\"it-IT\",\"potentialAction\":[{\"@type\":\"ReadAction\",\"target\":[\"https:\\\/\\\/cubaweddingpackages.com\\\/it\\\/i-migliori-wedding-planner-a-lavana-cuba\\\/\"]}]},{\"@type\":\"ImageObject\",\"inLanguage\":\"it-IT\",\"@id\":\"https:\\\/\\\/cubaweddingpackages.com\\\/it\\\/i-migliori-wedding-planner-a-lavana-cuba\\\/#primaryimage\",\"url\":\"https:\\\/\\\/cubaweddingpackages.com\\\/wp-content\\\/uploads\\\/2024\\\/03\\\/planificador-de-bodas-playa.jpg\",\"contentUrl\":\"https:\\\/\\\/cubaweddingpackages.com\\\/wp-content\\\/uploads\\\/2024\\\/03\\\/planificador-de-bodas-playa.jpg\",\"width\":1310,\"height\":782,\"caption\":\"Consigli per la scelta della location per matrimoni a Cuba\"},{\"@type\":\"BreadcrumbList\",\"@id\":\"https:\\\/\\\/cubaweddingpackages.com\\\/it\\\/i-migliori-wedding-planner-a-lavana-cuba\\\/#breadcrumb\",\"itemListElement\":[{\"@type\":\"ListItem\",\"position\":1,\"name\":\"Home\",\"item\":\"https:\\\/\\\/cubaweddingpackages.com\\\/it\\\/\"},{\"@type\":\"ListItem\",\"position\":2,\"name\":\"I migliori wedding planner a L&#8217;Avana, Cuba\"}]},{\"@type\":\"WebSite\",\"@id\":\"https:\\\/\\\/cubaweddingpackages.com\\\/it\\\/#website\",\"url\":\"https:\\\/\\\/cubaweddingpackages.com\\\/it\\\/\",\"name\":\"Wedding Packages in Cuba\",\"description\":\"Best Wedding Packages\",\"potentialAction\":[{\"@type\":\"SearchAction\",\"target\":{\"@type\":\"EntryPoint\",\"urlTemplate\":\"https:\\\/\\\/cubaweddingpackages.com\\\/it\\\/?s={search_term_string}\"},\"query-input\":{\"@type\":\"PropertyValueSpecification\",\"valueRequired\":true,\"valueName\":\"search_term_string\"}}],\"inLanguage\":\"it-IT\"}]}<\/script>\n<!-- \/ Yoast SEO plugin. -->","yoast_head_json":{"title":"I migliori wedding planner a L'Avana, Cuba","description":"Organizza il matrimonio dei tuoi sogni all'Avana con i migliori organizzatori. Servizio personalizzato e attenzione ad ogni dettaglio","robots":{"index":"index","follow":"follow","max-snippet":"max-snippet:-1","max-image-preview":"max-image-preview:large","max-video-preview":"max-video-preview:-1"},"canonical":"https:\/\/cubaweddingpackages.com\/it\/i-migliori-wedding-planner-a-lavana-cuba\/","og_locale":"it_IT","og_type":"article","og_title":"I migliori wedding planner a L'Avana, Cuba","og_description":"Organizza il matrimonio dei tuoi sogni all'Avana con i migliori organizzatori. Servizio personalizzato e attenzione ad ogni dettaglio","og_url":"https:\/\/cubaweddingpackages.com\/it\/i-migliori-wedding-planner-a-lavana-cuba\/","og_site_name":"Wedding Packages in Cuba","article_publisher":"https:\/\/www.facebook.com\/BodasEnCubaV","og_image":[{"width":1310,"height":782,"url":"https:\/\/cubaweddingpackages.com\/wp-content\/uploads\/2024\/03\/planificador-de-bodas-playa.jpg","type":"image\/jpeg"}],"twitter_misc":{"Tempo di lettura stimato":"4 minuti"},"schema":{"@context":"https:\/\/schema.org","@graph":[{"@type":"WebPage","@id":"https:\/\/cubaweddingpackages.com\/it\/i-migliori-wedding-planner-a-lavana-cuba\/","url":"https:\/\/cubaweddingpackages.com\/it\/i-migliori-wedding-planner-a-lavana-cuba\/","name":"I migliori wedding planner a L'Avana, Cuba","isPartOf":{"@id":"https:\/\/cubaweddingpackages.com\/it\/#website"},"primaryImageOfPage":{"@id":"https:\/\/cubaweddingpackages.com\/it\/i-migliori-wedding-planner-a-lavana-cuba\/#primaryimage"},"image":{"@id":"https:\/\/cubaweddingpackages.com\/it\/i-migliori-wedding-planner-a-lavana-cuba\/#primaryimage"},"thumbnailUrl":"https:\/\/cubaweddingpackages.com\/wp-content\/uploads\/2024\/03\/planificador-de-bodas-playa.jpg","datePublished":"2024-03-25T14:47:31+00:00","description":"Organizza il matrimonio dei tuoi sogni all'Avana con i migliori organizzatori. Servizio personalizzato e attenzione ad ogni dettaglio","breadcrumb":{"@id":"https:\/\/cubaweddingpackages.com\/it\/i-migliori-wedding-planner-a-lavana-cuba\/#breadcrumb"},"inLanguage":"it-IT","potentialAction":[{"@type":"ReadAction","target":["https:\/\/cubaweddingpackages.com\/it\/i-migliori-wedding-planner-a-lavana-cuba\/"]}]},{"@type":"ImageObject","inLanguage":"it-IT","@id":"https:\/\/cubaweddingpackages.com\/it\/i-migliori-wedding-planner-a-lavana-cuba\/#primaryimage","url":"https:\/\/cubaweddingpackages.com\/wp-content\/uploads\/2024\/03\/planificador-de-bodas-playa.jpg","contentUrl":"https:\/\/cubaweddingpackages.com\/wp-content\/uploads\/2024\/03\/planificador-de-bodas-playa.jpg","width":1310,"height":782,"caption":"Consigli per la scelta della location per matrimoni a Cuba"},{"@type":"BreadcrumbList","@id":"https:\/\/cubaweddingpackages.com\/it\/i-migliori-wedding-planner-a-lavana-cuba\/#breadcrumb","itemListElement":[{"@type":"ListItem","position":1,"name":"Home","item":"https:\/\/cubaweddingpackages.com\/it\/"},{"@type":"ListItem","position":2,"name":"I migliori wedding planner a L&#8217;Avana, Cuba"}]},{"@type":"WebSite","@id":"https:\/\/cubaweddingpackages.com\/it\/#website","url":"https:\/\/cubaweddingpackages.com\/it\/","name":"Wedding Packages in Cuba","description":"Best Wedding Packages","potentialAction":[{"@type":"SearchAction","target":{"@type":"EntryPoint","urlTemplate":"https:\/\/cubaweddingpackages.com\/it\/?s={search_term_string}"},"query-input":{"@type":"PropertyValueSpecification","valueRequired":true,"valueName":"search_term_string"}}],"inLanguage":"it-IT"}]}},"_links":{"self":[{"href":"https:\/\/cubaweddingpackages.com\/it\/wp-json\/wp\/v2\/pages\/8523","targetHints":{"allow":["GET"]}}],"collection":[{"href":"https:\/\/cubaweddingpackages.com\/it\/wp-json\/wp\/v2\/pages"}],"about":[{"href":"https:\/\/cubaweddingpackages.com\/it\/wp-json\/wp\/v2\/types\/page"}],"author":[{"embeddable":true,"href":"https:\/\/cubaweddingpackages.com\/it\/wp-json\/wp\/v2\/users\/5"}],"replies":[{"embeddable":true,"href":"https:\/\/cubaweddingpackages.com\/it\/wp-json\/wp\/v2\/comments?post=8523"}],"version-history":[{"count":2,"href":"https:\/\/cubaweddingpackages.com\/it\/wp-json\/wp\/v2\/pages\/8523\/revisions"}],"predecessor-version":[{"id":8538,"href":"https:\/\/cubaweddingpackages.com\/it\/wp-json\/wp\/v2\/pages\/8523\/revisions\/8538"}],"wp:featuredmedia":[{"embeddable":true,"href":"https:\/\/cubaweddingpackages.com\/it\/wp-json\/wp\/v2\/media\/8505"}],"wp:attachment":[{"href":"https:\/\/cubaweddingpackages.com\/it\/wp-json\/wp\/v2\/media?parent=8523"}],"curies":[{"name":"wp","href":"https:\/\/api.w.org\/{rel}","templated":true}]}}