{"id":599,"date":"2021-06-25T20:25:54","date_gmt":"2021-06-25T20:25:54","guid":{"rendered":"http:\/\/localhost\/cubaweddingpackages.com\/contato-para-pacotes-de-casamento-em-cuba\/"},"modified":"2024-10-30T15:11:42","modified_gmt":"2024-10-30T15:11:42","slug":"contato-para-pacotes-de-casamento-em-cuba","status":"publish","type":"page","link":"https:\/\/cubaweddingpackages.com\/pt-pt\/contato-para-pacotes-de-casamento-em-cuba\/","title":{"rendered":"Contato para Pacotes de Casamento em Cuba"},"content":{"rendered":"<div class=\"wpb-content-wrapper\"><p>[vc_row full_width=&#8221;stretch_row&#8221; css=&#8221;.vc_custom_1555664963336{margin-top: -50px !important;background-color: #f5f5f5 !important;}&#8221;][vc_column css=&#8221;.vc_custom_1555664781539{padding-right: 0px !important;padding-left: 0px !important;}&#8221;][vc_row_inner css=&#8221;.vc_custom_1555664968490{padding-top: 100px !important;padding-bottom: 70px !important;}&#8221;][vc_column_inner width=&#8221;1\/3&#8243;]<div class=\"cb-container cb-cont-left\" style=\"background-color:#fff;\" ><a href=\"https:\/\/cubaweddingpackages.com\/pt-pt\/organizador-de-casamentos-em-cuba\/\" target=\"\"><div class=\"cb-img-area\"><\/div><div class=\"cb-text-area\">\n                    <h4 class=\"cb-heading \" >N\u00f3s estamos a seu servi\u00e7o<\/h4><p >Escreva-nos e tire suas d\u00favidas, entraremos em contato com voc\u00ea no menor tempo poss\u00edvel.<\/p><\/div><\/a><\/div>[\/vc_column_inner][vc_column_inner width=&#8221;1\/3&#8243;]<div class=\"cb-container cb-cont-left\" style=\"background-color:#fff;\" ><a href=\"https:\/\/cubaweddingpackages.com\/pt-pt\/organizador-de-casamentos-em-cuba\/\" target=\"\"><div class=\"cb-img-area\"><\/div><div class=\"cb-text-area\">\n                    <h4 class=\"cb-heading \" >Use o formul\u00e1rio de contato<\/h4><p >Forne\u00e7a todas as informa\u00e7\u00f5es necess\u00e1rias em nossos formul\u00e1rios de contato.<\/p><\/div><\/a><\/div>[\/vc_column_inner][vc_column_inner width=&#8221;1\/3&#8243;]<div class=\"cb-container cb-cont-left\" style=\"background-color:#fff;\" ><a href=\"https:\/\/cubaweddingpackages.com\/pt-pt\/organizador-de-casamentos-em-cuba\/\" target=\"\"><div class=\"cb-img-area\"><\/div><div class=\"cb-text-area\">\n                    <h4 class=\"cb-heading \" >Sobre nossos servi\u00e7os<\/h4><p >Adicione os servi\u00e7os que deseja e precisa para ter uma experi\u00eancia \u00fanica.<\/p><\/div><\/a><\/div>[\/vc_column_inner][\/vc_row_inner][\/vc_column][\/vc_row][vc_row full_width=&#8221;stretch_row&#8221;][vc_column css=&#8221;.vc_custom_1516095665984{padding-right: 0px !important;padding-left: 0px !important;}&#8221;][vc_row_inner css=&#8221;.vc_custom_1556019873852{padding-bottom: 0px !important;}&#8221;][vc_column_inner css=&#8221;.vc_custom_1666565284800{padding-bottom: 100px !important;padding-left: 15px !important;}&#8221; offset=&#8221;vc_col-lg-12 vc_col-md-12&#8243;]<header class=\"kd-section-title col-lg-12 text-left    \" ><h2 class=\"separator_off\" >Contate-Nos<\/h2><h6 class=\"subtitle \" >Atrav\u00e9s do formul\u00e1rio de contato voc\u00ea pode solicitar o pacote de casamento em Cuba que deseja com os servi\u00e7os de acordo com sua necessidade.<\/h6><\/header>[vc_empty_space height=&#8221;10px&#8221;]<div class=\"kd-contact-form full-width-cf white-input-bg\" >\n<div class=\"wpcf7 no-js\" id=\"wpcf7-f2815-o1\" lang=\"en-US\" dir=\"ltr\" data-wpcf7-id=\"2815\">\n<div class=\"screen-reader-response\"><p role=\"status\" aria-live=\"polite\" aria-atomic=\"true\"><\/p> <ul><\/ul><\/div>\n<form action=\"\/pt-pt\/wp-json\/wp\/v2\/pages\/599#wpcf7-f2815-o1\" method=\"post\" class=\"wpcf7-form init cf7mls-no-scroll cf7mls-auto-return-first-step cf7mls-no-moving-animation\" aria-label=\"Contact form\" novalidate=\"novalidate\" data-status=\"init\">\n<fieldset class=\"hidden-fields-container\"><input type=\"hidden\" name=\"_wpcf7\" value=\"2815\" \/><input type=\"hidden\" name=\"_wpcf7_version\" value=\"6.1.5\" \/><input type=\"hidden\" name=\"_wpcf7_locale\" value=\"en_US\" \/><input type=\"hidden\" name=\"_wpcf7_unit_tag\" value=\"wpcf7-f2815-o1\" \/><input type=\"hidden\" name=\"_wpcf7_container_post\" value=\"0\" \/><input type=\"hidden\" name=\"_wpcf7_posted_data_hash\" value=\"\" \/><input type=\"hidden\" name=\"_wpcf7cf_hidden_group_fields\" value=\"[]\" \/><input type=\"hidden\" name=\"_wpcf7cf_hidden_groups\" value=\"[]\" \/><input type=\"hidden\" name=\"_wpcf7cf_visible_groups\" value=\"[]\" \/><input type=\"hidden\" name=\"_wpcf7cf_repeaters\" value=\"[]\" \/><input type=\"hidden\" name=\"_wpcf7cf_steps\" value=\"{}\" \/><input type=\"hidden\" name=\"_wpcf7cf_options\" value=\"{&quot;form_id&quot;:2815,&quot;conditions&quot;:[{&quot;then_field&quot;:&quot;group-135&quot;,&quot;and_rules&quot;:[{&quot;if_field&quot;:&quot;menu-54&quot;,&quot;operator&quot;:&quot;equals&quot;,&quot;if_value&quot;:&quot;Yes&quot;}]}],&quot;settings&quot;:{&quot;animation&quot;:&quot;yes&quot;,&quot;animation_intime&quot;:&quot;200&quot;,&quot;animation_outtime&quot;:&quot;200&quot;,&quot;conditions_ui&quot;:&quot;normal&quot;,&quot;notice_dismissed&quot;:&quot;&quot;}}\" \/>\n<\/fieldset>\n<p><span class=\"wpcf7-form-control-wrap\" data-name=\"your-name\"><input size=\"40\" maxlength=\"400\" class=\"wpcf7-form-control wpcf7-text wpcf7-validates-as-required\" aria-required=\"true\" aria-invalid=\"false\" placeholder=\"Nome completo\" value=\"\" type=\"text\" name=\"your-name\" \/><\/span><br \/>\n<span class=\"wpcf7-form-control-wrap\" data-name=\"your-email\"><input size=\"40\" maxlength=\"400\" class=\"wpcf7-form-control wpcf7-email wpcf7-validates-as-required wpcf7-text wpcf7-validates-as-email\" aria-required=\"true\" aria-invalid=\"false\" placeholder=\"Seu e-mail\" value=\"\" type=\"email\" name=\"your-email\" \/><\/span><br \/>\n<Label><b>Pa\u00eds<\/b><\/label><br \/>\n<span class=\"wpcf7-form-control-wrap\" data-name=\"countrytext-708\"><input size=\"40\" class=\"wpcf7-form-control wpcf7-countrytext wpcf7-validates-as-required wpcf7-text wpcf7-validates-as-countrytext\" aria-required=\"true\" aria-invalid=\"false\" placeholder=\"\" value=\"\" type=\"text\" name=\"countrytext-708\" \/><\/span><br \/>\n<Label><b>Telefone<\/b><\/label><br \/>\n<span class=\"wpcf7-form-control-wrap\" data-name=\"phonetext-824\"><input size=\"40\" class=\"wpcf7-form-control wpcf7-phonetext wpcf7-validates-as-required wpcf7-text wpcf7-validates-as-phonetext\" aria-required=\"true\" aria-invalid=\"false\" placeholder=\"\" value=\"\" type=\"text\" name=\"phonetext-824\" \/><input type=\"hidden\" name=\"phonetext-824-country-code\" class=\"wpcf7-phonetext-country-code\" \/><\/span><br \/>\n<Label> <\/label>\n<\/p>\n<p><span class=\"wpcf7-form-control-wrap\" data-name=\"menu-97\"><select class=\"wpcf7-form-control wpcf7-select wpcf7-validates-as-required\" aria-required=\"true\" aria-invalid=\"false\" name=\"menu-97\"><option value=\"Tipo de evento:\">Tipo de evento:<\/option><option value=\"Casamento\">Casamento<\/option><option value=\"Renova\u00e7\u00e3o dos votos\">Renova\u00e7\u00e3o dos votos<\/option><option value=\"Neg\u00f3cios\">Neg\u00f3cios<\/option><option value=\"Evento privado - Festa\">Evento privado - Festa<\/option><option value=\"Evento empresarial\">Evento empresarial<\/option><option value=\"Anivers\u00e1rio das crian\u00e7as\">Anivers\u00e1rio das crian\u00e7as<\/option><option value=\"Festa de 15 anos\">Festa de 15 anos<\/option><\/select><\/span><br \/>\n<span class=\"wpcf7-form-control-wrap\" data-name=\"Nmerodeclientes\"><input class=\"wpcf7-form-control wpcf7-number wpcf7-validates-as-required wpcf7-validates-as-number\" aria-required=\"true\" aria-invalid=\"false\" placeholder=\"N\u00famero de clientes\" value=\"\" type=\"number\" name=\"Nmerodeclientes\" \/><\/span><br \/>\n<span class=\"wpcf7-form-control-wrap\" data-name=\"date-827\"><input class=\"wpcf7-form-control wpcf7-date wpcf7-validates-as-required wpcf7-validates-as-date\" aria-required=\"true\" aria-invalid=\"false\" placeholder=\"Data\" value=\"\" type=\"date\" name=\"date-827\" \/><\/span><br \/>\n<span id=\"wpcf7-69d9edc6ba0e0-wrapper\" class=\"wpcf7-form-control-wrap honeypot-324-wrap\" style=\"display:none !important; visibility:hidden !important;\"><label for=\"wpcf7-69d9edc6ba0e0-field\" class=\"hp-message\">Please leave this field empty.<\/label><input id=\"wpcf7-69d9edc6ba0e0-field\"  class=\"wpcf7-form-control wpcf7-text\" type=\"text\" name=\"honeypot-324\" value=\"\" size=\"40\" tabindex=\"-1\" autocomplete=\"new-password\" \/><\/span>\n<\/p>\n<h6> Local preferido para o evento:\n<\/h6>\n<p><span class=\"wpcf7-form-control-wrap\" data-name=\"radio-644\"><span class=\"wpcf7-form-control wpcf7-radio\"><span class=\"wpcf7-list-item first\"><label><input type=\"radio\" name=\"radio-644\" value=\"Hotel\" \/><span class=\"wpcf7-list-item-label\">Hotel<\/span><\/label><\/span><span class=\"wpcf7-list-item\"><label><input type=\"radio\" name=\"radio-644\" value=\"Casa particular ou villa\" \/><span class=\"wpcf7-list-item-label\">Casa particular ou villa<\/span><\/label><\/span><span class=\"wpcf7-list-item\"><label><input type=\"radio\" name=\"radio-644\" value=\"Yard\" \/><span class=\"wpcf7-list-item-label\">Yard<\/span><\/label><\/span><span class=\"wpcf7-list-item\"><label><input type=\"radio\" name=\"radio-644\" value=\"Sal\u00e3o para eventos\" \/><span class=\"wpcf7-list-item-label\">Sal\u00e3o para eventos<\/span><\/label><\/span><span class=\"wpcf7-list-item\"><label><input type=\"radio\" name=\"radio-644\" value=\"Praia\" \/><span class=\"wpcf7-list-item-label\">Praia<\/span><\/label><\/span><span class=\"wpcf7-list-item\"><label><input type=\"radio\" name=\"radio-644\" value=\"Restaurante\" \/><span class=\"wpcf7-list-item-label\">Restaurante<\/span><\/label><\/span><span class=\"wpcf7-list-item last\"><label><input type=\"radio\" name=\"radio-644\" value=\"Igreja\" \/><span class=\"wpcf7-list-item-label\">Igreja<\/span><\/label><\/span><\/span><\/span>\n<\/p>\n<p><span class=\"wpcf7-form-control-wrap\" data-name=\"menu-959\"><select class=\"wpcf7-form-control wpcf7-select wpcf7-validates-as-required\" aria-required=\"true\" aria-invalid=\"false\" name=\"menu-959\"><option value=\"Estilo do evento:\">Estilo do evento:<\/option><option value=\"Cl\u00e1ssico\">Cl\u00e1ssico<\/option><option value=\"Rom\u00e2ntico\">Rom\u00e2ntico<\/option><option value=\"Vintage\">Vintage<\/option><option value=\"Country - R\u00fastico\">Country - R\u00fastico<\/option><option value=\"Chique gasto\">Chique gasto<\/option><option value=\"Boho chic\">Boho chic<\/option><option value=\"Ecl\u00e9tico\">Ecl\u00e9tico<\/option><option value=\"! Ajude-me! N\u00e3o tenho estilo\">! Ajude-me! N\u00e3o tenho estilo<\/option><\/select><\/span>\n<\/p>\n<h6> Servi\u00e7os para eventos:\n<\/h6>\n<p><span class=\"wpcf7-form-control-wrap\" data-name=\"checkbox-721\"><span class=\"wpcf7-form-control wpcf7-checkbox wpcf7-validates-as-required\"><span class=\"wpcf7-list-item first\"><label><input type=\"checkbox\" name=\"checkbox-721[]\" value=\"Decora\u00e7\u00e3o\" \/><span class=\"wpcf7-list-item-label\">Decora\u00e7\u00e3o<\/span><\/label><\/span><span class=\"wpcf7-list-item\"><label><input type=\"checkbox\" name=\"checkbox-721[]\" value=\"Organiza\u00e7\u00e3o\" \/><span class=\"wpcf7-list-item-label\">Organiza\u00e7\u00e3o<\/span><\/label><\/span><span class=\"wpcf7-list-item\"><label><input type=\"checkbox\" name=\"checkbox-721[]\" value=\"Catering\" \/><span class=\"wpcf7-list-item-label\">Catering<\/span><\/label><\/span><span class=\"wpcf7-list-item\"><label><input type=\"checkbox\" name=\"checkbox-721[]\" value=\"Pastelaria\" \/><span class=\"wpcf7-list-item-label\">Pastelaria<\/span><\/label><\/span><span class=\"wpcf7-list-item\"><label><input type=\"checkbox\" name=\"checkbox-721[]\" value=\"Fotografia\" \/><span class=\"wpcf7-list-item-label\">Fotografia<\/span><\/label><\/span><span class=\"wpcf7-list-item\"><label><input type=\"checkbox\" name=\"checkbox-721[]\" value=\"V\u00eddeo\" \/><span class=\"wpcf7-list-item-label\">V\u00eddeo<\/span><\/label><\/span><span class=\"wpcf7-list-item\"><label><input type=\"checkbox\" name=\"checkbox-721[]\" value=\"Mestre de cerim\u00f4nias\" \/><span class=\"wpcf7-list-item-label\">Mestre de cerim\u00f4nias<\/span><\/label><\/span><span class=\"wpcf7-list-item\"><label><input type=\"checkbox\" name=\"checkbox-721[]\" value=\"Not\u00e1rio\" \/><span class=\"wpcf7-list-item-label\">Not\u00e1rio<\/span><\/label><\/span><span class=\"wpcf7-list-item\"><label><input type=\"checkbox\" name=\"checkbox-721[]\" value=\"Maquilhagem e penteado\" \/><span class=\"wpcf7-list-item-label\">Maquilhagem e penteado<\/span><\/label><\/span><span class=\"wpcf7-list-item\"><label><input type=\"checkbox\" name=\"checkbox-721[]\" value=\"M\u00fasica gravada, DJ\" \/><span class=\"wpcf7-list-item-label\">M\u00fasica gravada, DJ<\/span><\/label><\/span><span class=\"wpcf7-list-item\"><label><input type=\"checkbox\" name=\"checkbox-721[]\" value=\"An\u00e9is de noivado\" \/><span class=\"wpcf7-list-item-label\">An\u00e9is de noivado<\/span><\/label><\/span><span class=\"wpcf7-list-item\"><label><input type=\"checkbox\" name=\"checkbox-721[]\" value=\"Ternos\" \/><span class=\"wpcf7-list-item-label\">Ternos<\/span><\/label><\/span><span class=\"wpcf7-list-item\"><label><input type=\"checkbox\" name=\"checkbox-721[]\" value=\"Band\" \/><span class=\"wpcf7-list-item-label\">Band<\/span><\/label><\/span><span class=\"wpcf7-list-item\"><label><input type=\"checkbox\" name=\"checkbox-721[]\" value=\"Carros alugados\" \/><span class=\"wpcf7-list-item-label\">Carros alugados<\/span><\/label><\/span><span class=\"wpcf7-list-item last\"><label><input type=\"checkbox\" name=\"checkbox-721[]\" value=\"Tour\" \/><span class=\"wpcf7-list-item-label\">Tour<\/span><\/label><\/span><\/span><\/span>\n<\/p>\n<p><span class=\"wpcf7-form-control-wrap\" data-name=\"menu-54\"><select class=\"wpcf7-form-control wpcf7-select\" aria-invalid=\"false\" name=\"menu-54\"><option value=\"Voc\u00ea quer acomoda\u00e7\u00e3o?\">Voc\u00ea quer acomoda\u00e7\u00e3o?<\/option><option value=\"Sim\">Sim<\/option><option value=\"n\u00e3o\">n\u00e3o<\/option><\/select><\/span><br \/>\n<span data-id=\"group-135\" data-orig_data_id=\"group-135\"  class=\"\" data-class=\"wpcf7cf_group\"><br \/>\n<span class=\"wpcf7-form-control-wrap\" data-name=\"text-827\"><input size=\"40\" maxlength=\"400\" class=\"wpcf7-form-control wpcf7-text wpcf7-validates-as-required\" aria-required=\"true\" aria-invalid=\"false\" placeholder=\"N\u00famero de salas:\" value=\"\" type=\"text\" name=\"text-827\" \/><\/span><br \/>\nData de entrada no alojamento:<br \/>\n<span class=\"wpcf7-form-control-wrap\" data-name=\"date-787\"><input class=\"wpcf7-form-control wpcf7-date wpcf7-validates-as-required wpcf7-validates-as-date\" aria-required=\"true\" aria-invalid=\"false\" value=\"\" type=\"date\" name=\"date-787\" \/><\/span><br \/>\nData de partida da acomoda\u00e7\u00e3o:<br \/>\n<span class=\"wpcf7-form-control-wrap\" data-name=\"date-787\"><input class=\"wpcf7-form-control wpcf7-date wpcf7-validates-as-required wpcf7-validates-as-date\" aria-required=\"true\" aria-invalid=\"false\" value=\"\" type=\"date\" name=\"date-787\" \/><\/span><br \/>\n[\/grup]<br \/>\n<span class=\"wpcf7-form-control-wrap\" data-name=\"menu-492\"><select class=\"wpcf7-form-control wpcf7-select wpcf7-validates-as-required\" aria-required=\"true\" aria-invalid=\"false\" name=\"menu-492\"><option value=\"Or\u00e7amento do evento:\">Or\u00e7amento do evento:<\/option><option value=\"100 \u00f7 350 USD\">100 \u00f7 350 USD<\/option><option value=\"350 \u00f7 600 USD\">350 \u00f7 600 USD<\/option><option value=\"600 \u00f7 1 000 USD\">600 \u00f7 1 000 USD<\/option><option value=\"1 000 \u00f7 2 500 USD\">1 000 \u00f7 2 500 USD<\/option><option value=\"2 500 \u00f7 5 000 USD\">2 500 \u00f7 5 000 USD<\/option><option value=\"5 000 \u00f7 10 000 USD\">5 000 \u00f7 10 000 USD<\/option><option value=\"10 000 \u00f7 20 000 USD\">10 000 \u00f7 20 000 USD<\/option><option value=\"20 000 \u00f7 50 000 USD\">20 000 \u00f7 50 000 USD<\/option><option value=\"50 000 \u00f7 100 000 USD\">50 000 \u00f7 100 000 USD<\/option><option value=\"Ilimitado\">Ilimitado<\/option><\/select><\/span><br \/>\n<input class=\"wpcf7-form-control wpcf7-submit has-spinner\" type=\"submit\" value=\"Enviar mensagem\" \/><\/span>\n<\/p><div class=\"wpcf7-response-output\" aria-hidden=\"true\"><\/div>\n<\/form>\n<\/div>\n<\/div>[\/vc_column_inner][\/vc_row_inner][\/vc_column][\/vc_row]<\/p>\n<\/div>","protected":false},"excerpt":{"rendered":"<p>[vc_row full_width=&#8221;stretch_row&#8221; css=&#8221;.vc_custom_1555664963336{margin-top: -50px !important;background-color: #f5f5f5 !important;}&#8221;][vc_column css=&#8221;.vc_custom_1555664781539{padding-right: 0px !important;padding-left: 0px !important;}&#8221;][vc_row_inner css=&#8221;.vc_custom_1555664968490{padding-top: 100px !important;padding-bottom: 70px !important;}&#8221;][vc_column_inner width=&#8221;1\/3&#8243;][\/vc_column_inner][vc_column_inner width=&#8221;1\/3&#8243;][\/vc_column_inner][vc_column_inner width=&#8221;1\/3&#8243;][\/vc_column_inner][\/vc_row_inner][\/vc_column][\/vc_row][vc_row [&hellip;]<\/p>\n","protected":false},"author":2,"featured_media":0,"parent":0,"menu_order":0,"comment_status":"closed","ping_status":"closed","template":"","meta":{"_joinchat":[],"footnotes":""},"class_list":["post-599","page","type-page","status-publish","hentry"],"yoast_head":"<!-- This site is optimized with the Yoast SEO plugin v27.2 - https:\/\/yoast.com\/product\/yoast-seo-wordpress\/ -->\n<title>Contato para Pacotes de Casamento em Cuba<\/title>\n<meta name=\"robots\" content=\"index, follow, max-snippet:-1, max-image-preview:large, max-video-preview:-1\" \/>\n<link rel=\"canonical\" href=\"https:\/\/cubaweddingpackages.com\/pt-pt\/contato-para-pacotes-de-casamento-em-cuba\/\" \/>\n<meta property=\"og:locale\" content=\"pt_PT\" \/>\n<meta property=\"og:type\" content=\"article\" \/>\n<meta property=\"og:title\" content=\"Contato para Pacotes de Casamento em Cuba\" \/>\n<meta property=\"og:description\" content=\"[vc_row full_width=&#8221;stretch_row&#8221; css=&#8221;.vc_custom_1555664963336{margin-top: -50px !important;background-color: #f5f5f5 !important;}&#8221;][vc_column css=&#8221;.vc_custom_1555664781539{padding-right: 0px !important;padding-left: 0px !important;}&#8221;][vc_row_inner css=&#8221;.vc_custom_1555664968490{padding-top: 100px !important;padding-bottom: 70px !important;}&#8221;][vc_column_inner width=&#8221;1\/3&#8243;][\/vc_column_inner][vc_column_inner width=&#8221;1\/3&#8243;][\/vc_column_inner][vc_column_inner width=&#8221;1\/3&#8243;][\/vc_column_inner][\/vc_row_inner][\/vc_column][\/vc_row][vc_row [&hellip;]\" \/>\n<meta property=\"og:url\" content=\"https:\/\/cubaweddingpackages.com\/pt-pt\/contato-para-pacotes-de-casamento-em-cuba\/\" \/>\n<meta property=\"og:site_name\" content=\"Wedding Packages in Cuba\" \/>\n<meta property=\"article:publisher\" content=\"https:\/\/www.facebook.com\/BodasEnCubaV\" \/>\n<meta property=\"article:modified_time\" content=\"2024-10-30T15:11:42+00:00\" \/>\n<meta name=\"twitter:label1\" content=\"Tempo estimado de leitura\" \/>\n\t<meta name=\"twitter:data1\" content=\"1 minuto\" \/>\n<script type=\"application\/ld+json\" class=\"yoast-schema-graph\">{\"@context\":\"https:\/\/schema.org\",\"@graph\":[{\"@type\":\"WebPage\",\"@id\":\"https:\/\/cubaweddingpackages.com\/pt-pt\/contato-para-pacotes-de-casamento-em-cuba\/\",\"url\":\"https:\/\/cubaweddingpackages.com\/pt-pt\/contato-para-pacotes-de-casamento-em-cuba\/\",\"name\":\"Contato para Pacotes de Casamento em Cuba\",\"isPartOf\":{\"@id\":\"https:\/\/cubaweddingpackages.com\/pt-pt\/#website\"},\"datePublished\":\"2021-06-25T20:25:54+00:00\",\"dateModified\":\"2024-10-30T15:11:42+00:00\",\"breadcrumb\":{\"@id\":\"https:\/\/cubaweddingpackages.com\/pt-pt\/contato-para-pacotes-de-casamento-em-cuba\/#breadcrumb\"},\"inLanguage\":\"pt-PT\",\"potentialAction\":[{\"@type\":\"ReadAction\",\"target\":[\"https:\/\/cubaweddingpackages.com\/pt-pt\/contato-para-pacotes-de-casamento-em-cuba\/\"]}]},{\"@type\":\"BreadcrumbList\",\"@id\":\"https:\/\/cubaweddingpackages.com\/pt-pt\/contato-para-pacotes-de-casamento-em-cuba\/#breadcrumb\",\"itemListElement\":[{\"@type\":\"ListItem\",\"position\":1,\"name\":\"Home\",\"item\":\"https:\/\/cubaweddingpackages.com\/pt-pt\/\"},{\"@type\":\"ListItem\",\"position\":2,\"name\":\"Contato para Pacotes de Casamento em Cuba\"}]},{\"@type\":\"WebSite\",\"@id\":\"https:\/\/cubaweddingpackages.com\/pt-pt\/#website\",\"url\":\"https:\/\/cubaweddingpackages.com\/pt-pt\/\",\"name\":\"Wedding Packages in Cuba\",\"description\":\"Best Wedding Packages\",\"potentialAction\":[{\"@type\":\"SearchAction\",\"target\":{\"@type\":\"EntryPoint\",\"urlTemplate\":\"https:\/\/cubaweddingpackages.com\/pt-pt\/?s={search_term_string}\"},\"query-input\":{\"@type\":\"PropertyValueSpecification\",\"valueRequired\":true,\"valueName\":\"search_term_string\"}}],\"inLanguage\":\"pt-PT\"}]}<\/script>\n<!-- \/ Yoast SEO plugin. -->","yoast_head_json":{"title":"Contato para Pacotes de Casamento em Cuba","robots":{"index":"index","follow":"follow","max-snippet":"max-snippet:-1","max-image-preview":"max-image-preview:large","max-video-preview":"max-video-preview:-1"},"canonical":"https:\/\/cubaweddingpackages.com\/pt-pt\/contato-para-pacotes-de-casamento-em-cuba\/","og_locale":"pt_PT","og_type":"article","og_title":"Contato para Pacotes de Casamento em Cuba","og_description":"[vc_row full_width=&#8221;stretch_row&#8221; css=&#8221;.vc_custom_1555664963336{margin-top: -50px !important;background-color: #f5f5f5 !important;}&#8221;][vc_column css=&#8221;.vc_custom_1555664781539{padding-right: 0px !important;padding-left: 0px !important;}&#8221;][vc_row_inner css=&#8221;.vc_custom_1555664968490{padding-top: 100px !important;padding-bottom: 70px !important;}&#8221;][vc_column_inner width=&#8221;1\/3&#8243;][\/vc_column_inner][vc_column_inner width=&#8221;1\/3&#8243;][\/vc_column_inner][vc_column_inner width=&#8221;1\/3&#8243;][\/vc_column_inner][\/vc_row_inner][\/vc_column][\/vc_row][vc_row [&hellip;]","og_url":"https:\/\/cubaweddingpackages.com\/pt-pt\/contato-para-pacotes-de-casamento-em-cuba\/","og_site_name":"Wedding Packages in Cuba","article_publisher":"https:\/\/www.facebook.com\/BodasEnCubaV","article_modified_time":"2024-10-30T15:11:42+00:00","twitter_misc":{"Tempo estimado de leitura":"1 minuto"},"schema":{"@context":"https:\/\/schema.org","@graph":[{"@type":"WebPage","@id":"https:\/\/cubaweddingpackages.com\/pt-pt\/contato-para-pacotes-de-casamento-em-cuba\/","url":"https:\/\/cubaweddingpackages.com\/pt-pt\/contato-para-pacotes-de-casamento-em-cuba\/","name":"Contato para Pacotes de Casamento em Cuba","isPartOf":{"@id":"https:\/\/cubaweddingpackages.com\/pt-pt\/#website"},"datePublished":"2021-06-25T20:25:54+00:00","dateModified":"2024-10-30T15:11:42+00:00","breadcrumb":{"@id":"https:\/\/cubaweddingpackages.com\/pt-pt\/contato-para-pacotes-de-casamento-em-cuba\/#breadcrumb"},"inLanguage":"pt-PT","potentialAction":[{"@type":"ReadAction","target":["https:\/\/cubaweddingpackages.com\/pt-pt\/contato-para-pacotes-de-casamento-em-cuba\/"]}]},{"@type":"BreadcrumbList","@id":"https:\/\/cubaweddingpackages.com\/pt-pt\/contato-para-pacotes-de-casamento-em-cuba\/#breadcrumb","itemListElement":[{"@type":"ListItem","position":1,"name":"Home","item":"https:\/\/cubaweddingpackages.com\/pt-pt\/"},{"@type":"ListItem","position":2,"name":"Contato para Pacotes de Casamento em Cuba"}]},{"@type":"WebSite","@id":"https:\/\/cubaweddingpackages.com\/pt-pt\/#website","url":"https:\/\/cubaweddingpackages.com\/pt-pt\/","name":"Wedding Packages in Cuba","description":"Best Wedding Packages","potentialAction":[{"@type":"SearchAction","target":{"@type":"EntryPoint","urlTemplate":"https:\/\/cubaweddingpackages.com\/pt-pt\/?s={search_term_string}"},"query-input":{"@type":"PropertyValueSpecification","valueRequired":true,"valueName":"search_term_string"}}],"inLanguage":"pt-PT"}]}},"_links":{"self":[{"href":"https:\/\/cubaweddingpackages.com\/pt-pt\/wp-json\/wp\/v2\/pages\/599","targetHints":{"allow":["GET"]}}],"collection":[{"href":"https:\/\/cubaweddingpackages.com\/pt-pt\/wp-json\/wp\/v2\/pages"}],"about":[{"href":"https:\/\/cubaweddingpackages.com\/pt-pt\/wp-json\/wp\/v2\/types\/page"}],"author":[{"embeddable":true,"href":"https:\/\/cubaweddingpackages.com\/pt-pt\/wp-json\/wp\/v2\/users\/2"}],"replies":[{"embeddable":true,"href":"https:\/\/cubaweddingpackages.com\/pt-pt\/wp-json\/wp\/v2\/comments?post=599"}],"version-history":[{"count":2,"href":"https:\/\/cubaweddingpackages.com\/pt-pt\/wp-json\/wp\/v2\/pages\/599\/revisions"}],"predecessor-version":[{"id":11375,"href":"https:\/\/cubaweddingpackages.com\/pt-pt\/wp-json\/wp\/v2\/pages\/599\/revisions\/11375"}],"wp:attachment":[{"href":"https:\/\/cubaweddingpackages.com\/pt-pt\/wp-json\/wp\/v2\/media?parent=599"}],"curies":[{"name":"wp","href":"https:\/\/api.w.org\/{rel}","templated":true}]}}