{"id":8347,"date":"2024-03-21T13:41:47","date_gmt":"2024-03-21T13:41:47","guid":{"rendered":"https:\/\/cubaweddingpackages.com\/?page_id=8347"},"modified":"2024-08-30T17:13:56","modified_gmt":"2024-08-30T17:13:56","slug":"casamentos-exclusivos-e-glamorosos-em-havana","status":"publish","type":"page","link":"https:\/\/cubaweddingpackages.com\/pt-pt\/casamentos-exclusivos-e-glamorosos-em-havana\/","title":{"rendered":"Casamentos exclusivos e glamorosos em Havana"},"content":{"rendered":"<div class=\"wpb-content-wrapper\"><p>[vc_row][vc_column width=&#8221;2\/3&#8243;][vc_column_text]Quando voc\u00ea pensa no ideal para um casamento \u00fanico e glamoroso, Havana \u00e9 o lugar perfeito para celebrar seu casamento. Esta bela cidade cubana oferece uma grande variedade de op\u00e7\u00f5es exclusivas de casamento que lhe permitir\u00e3o criar mem\u00f3rias inesquec\u00edveis.<\/p>\n<h2>Um casamento tem\u00e1tico de Havana<\/h2>\n<p><a href=\"https:\/\/cubaweddingpackages.com\/pt-pt\/pacotes-de-casamento-em-havana\/\"><img decoding=\"async\" class=\"aligncenter wp-image-8278 size-full\" src=\"http:\/\/cubaweddingpackages.com\/wp-content\/uploads\/2024\/03\/Fotografos-en-Cuba.jpg\" alt=\"Casamento com tema Havana\" width=\"880\" height=\"498\" srcset=\"https:\/\/cubaweddingpackages.com\/wp-content\/uploads\/2024\/03\/Fotografos-en-Cuba.jpg 880w, https:\/\/cubaweddingpackages.com\/wp-content\/uploads\/2024\/03\/Fotografos-en-Cuba-300x170.jpg 300w, https:\/\/cubaweddingpackages.com\/wp-content\/uploads\/2024\/03\/Fotografos-en-Cuba-768x435.jpg 768w\" sizes=\"(max-width: 880px) 100vw, 880px\" \/><\/a><\/p>\n<p>Uma das op\u00e7\u00f5es mais populares para um casamento exclusivo em Havana \u00e9 um casamento tem\u00e1tico em Havana. Este estilo de casamento permitir\u00e1 que voc\u00ea mergulhe na rica cultura e tradi\u00e7\u00f5es de Cuba enquanto celebra o seu amor.<\/p>\n<p>Imagine uma cerim\u00f4nia ao ar livre, rodeada pela arquitetura colonial da cidade, com m\u00fasica cubana ao vivo e decora\u00e7\u00e3o inspirada nas cores vibrantes de Havana. Voc\u00ea pode incluir itens como charutos cubanos, mojitos e pratos tradicionais cubanos em seu menu para dar um toque aut\u00eantico ao seu casamento tem\u00e1tico em Havana.[\/vc_column_text][vc_column_text]<\/p>\n<h2>Tradi\u00e7\u00f5es e servi\u00e7os relacionados com casamentos em Cuba<\/h2>\n<p>Al\u00e9m dos casamentos tem\u00e1ticos de Havana, existem outras tradi\u00e7\u00f5es e servi\u00e7os relacionados aos casamentos em Cuba que podem tornar o seu casamento uma experi\u00eancia \u00fanica.<\/p>\n<h3>m\u00fasica cubana ao vivo<\/h3>\n<p>A m\u00fasica \u00e9 parte fundamental da cultura cubana e n\u00e3o pode faltar num casamento em Havana. Contratar uma banda de m\u00fasica cubana ao vivo para a sua recep\u00e7\u00e3o dar\u00e1 ao seu casamento um ambiente festivo e alegre. Os ritmos de salsa, cubana e rumba far\u00e3o com que todos os convidados dancem e curtam a festa.<\/p>\n<h3>Dan\u00e7a salsa<\/h3>\n<p>Se voc\u00ea quer surpreender seus convidados e dar um toque de divers\u00e3o ao seu casamento, considere contratar profissionais para ensinar seus convidados a dan\u00e7ar salsa. Quer seus convidados sejam dan\u00e7arinos experientes ou iniciantes, a dan\u00e7a salsa \u00e9 uma maneira divertida de reunir todos na pista de dan\u00e7a.<\/p>\n<h3>Restaura\u00e7\u00e3o cubana<\/h3>\n<p>A comida cubana \u00e9 conhecida pelo seu sabor e variedade. Incluir pratos tradicionais cubanos no menu do seu casamento \u00e9 uma \u00f3tima maneira de surpreender seus convidados e proporcionar-lhes uma experi\u00eancia gastron\u00f4mica \u00fanica. Do famoso feij\u00e3o preto e arroz ao delicioso leit\u00e3o assado, a restaura\u00e7\u00e3o cubana far\u00e1 as del\u00edcias de todos os presentes.<\/p>\n<h3>rum cubano<\/h3>\n<p>N\u00e3o se pode celebrar um casamento em Havana sem brindar com rum cubano. O rum \u00e9 parte integrante da cultura cubana e \u00e9 considerado um dos melhores do mundo. Incluir uma esta\u00e7\u00e3o de rum em seu casamento, onde os convidados poder\u00e3o degustar diferentes variedades de rum cubano, dar\u00e1 um toque de eleg\u00e2ncia e sofistica\u00e7\u00e3o \u00e0 sua celebra\u00e7\u00e3o.[\/vc_column_text][vc_column_text]<\/p>\n<h2><strong><a href=\"https:\/\/cubaweddingpackages.com\/pt-pt\/pacotes-de-casamento-em-havana\/\"><img decoding=\"async\" class=\"aligncenter wp-image-8323 size-full\" src=\"http:\/\/cubaweddingpackages.com\/wp-content\/uploads\/2024\/03\/Boda-tematica-1.jpg\" alt=\"casamento tem\u00e1tico\" width=\"743\" height=\"494\" srcset=\"https:\/\/cubaweddingpackages.com\/wp-content\/uploads\/2024\/03\/Boda-tematica-1.jpg 743w, https:\/\/cubaweddingpackages.com\/wp-content\/uploads\/2024\/03\/Boda-tematica-1-300x199.jpg 300w\" sizes=\"(max-width: 743px) 100vw, 743px\" \/><\/a><\/strong><\/h2>\n<h2>Havana: o destino perfeito para o seu casamento exclusivo<\/h2>\n<p>Havana oferece uma combina\u00e7\u00e3o \u00fanica de hist\u00f3ria, cultura e belezas naturais que a torna o destino perfeito para um casamento exclusivo e glamoroso. Das deslumbrantes vistas para o mar \u00e0 arquitetura colonial e charmosas vielas de paralelep\u00edpedos, Havana oferece um cen\u00e1rio rom\u00e2ntico e pitoresco para o seu casamento.<\/p>\n<p>Al\u00e9m dos servi\u00e7os e tradi\u00e7\u00f5es mencionados acima, Havana possui uma grande variedade de hot\u00e9is e resorts de luxo que oferecem pacotes exclusivos de casamento. Esses pacotes incluem servi\u00e7os de planejamento de casamento, acomoda\u00e7\u00f5es luxuosas, menus personalizados e muito mais.<\/p>\n<p>Se voc\u00ea sonha com um casamento exclusivo e glamoroso em Havana, n\u00e3o hesite em explorar todas as op\u00e7\u00f5es que esta bela cidade cubana tem para oferecer. Desde casamentos tem\u00e1ticos de Havana at\u00e9 servi\u00e7os e tradi\u00e7\u00f5es \u00fanicas, Havana d\u00e1-lhe a oportunidade de criar um casamento inesquec\u00edvel que reflita o seu estilo e personalidade.<\/p>\n<h2><strong>\u00a0<\/strong><\/h2>\n<p>[\/vc_column_text][\/vc_column][vc_column width=&#8221;1\/3&#8243;][vc_wp_search][vc_wp_posts title=&#8221;Postagens recentes&#8221; number=&#8221;8&#8243;][\/vc_column][\/vc_row]<\/p>\n<\/div>","protected":false},"excerpt":{"rendered":"<p>[vc_row][vc_column width=&#8221;2\/3&#8243;][vc_column_text]Quando voc\u00ea pensa no ideal para um casamento \u00fanico e glamoroso, Havana \u00e9 o lugar perfeito para celebrar seu [&hellip;]<\/p>\n","protected":false},"author":5,"featured_media":8338,"parent":0,"menu_order":0,"comment_status":"closed","ping_status":"closed","template":"","meta":{"_joinchat":{"telephone":"55396525"},"footnotes":""},"class_list":["post-8347","page","type-page","status-publish","has-post-thumbnail","hentry"],"yoast_head":"<!-- This site is optimized with the Yoast SEO plugin v27.2 - https:\/\/yoast.com\/product\/yoast-seo-wordpress\/ -->\n<title>Casamentos exclusivos e glamorosos em Havana<\/title>\n<meta name=\"description\" content=\"Celebre seu casamento com estilo em Havana, onde cultura e glamour se unem para um dia inesquec\u00edvel. Clique aqui.\" \/>\n<meta name=\"robots\" content=\"index, follow, max-snippet:-1, max-image-preview:large, max-video-preview:-1\" \/>\n<link rel=\"canonical\" href=\"https:\/\/cubaweddingpackages.com\/pt-pt\/casamentos-exclusivos-e-glamorosos-em-havana\/\" \/>\n<meta property=\"og:locale\" content=\"pt_PT\" \/>\n<meta property=\"og:type\" content=\"article\" \/>\n<meta property=\"og:title\" content=\"Casamentos exclusivos e glamorosos em Havana\" \/>\n<meta property=\"og:description\" content=\"Celebre seu casamento com estilo em Havana, onde cultura e glamour se unem para um dia inesquec\u00edvel. Clique aqui.\" \/>\n<meta property=\"og:url\" content=\"https:\/\/cubaweddingpackages.com\/pt-pt\/casamentos-exclusivos-e-glamorosos-em-havana\/\" \/>\n<meta property=\"og:site_name\" content=\"Wedding Packages in Cuba\" \/>\n<meta property=\"article:publisher\" content=\"https:\/\/www.facebook.com\/BodasEnCubaV\" \/>\n<meta property=\"article:modified_time\" content=\"2024-08-30T17:13:56+00:00\" \/>\n<meta property=\"og:image\" content=\"https:\/\/cubaweddingpackages.com\/wp-content\/uploads\/2024\/03\/Bodas-exclusivas.jpg\" \/>\n\t<meta property=\"og:image:width\" content=\"733\" \/>\n\t<meta property=\"og:image:height\" content=\"493\" \/>\n\t<meta property=\"og:image:type\" content=\"image\/jpeg\" \/>\n<meta name=\"twitter:label1\" content=\"Tempo estimado de leitura\" \/>\n\t<meta name=\"twitter:data1\" content=\"4 minutos\" \/>\n<script type=\"application\/ld+json\" class=\"yoast-schema-graph\">{\"@context\":\"https:\/\/schema.org\",\"@graph\":[{\"@type\":\"WebPage\",\"@id\":\"https:\/\/cubaweddingpackages.com\/pt-pt\/casamentos-exclusivos-e-glamorosos-em-havana\/\",\"url\":\"https:\/\/cubaweddingpackages.com\/pt-pt\/casamentos-exclusivos-e-glamorosos-em-havana\/\",\"name\":\"Casamentos exclusivos e glamorosos em Havana\",\"isPartOf\":{\"@id\":\"https:\/\/cubaweddingpackages.com\/pt-pt\/#website\"},\"primaryImageOfPage\":{\"@id\":\"https:\/\/cubaweddingpackages.com\/pt-pt\/casamentos-exclusivos-e-glamorosos-em-havana\/#primaryimage\"},\"image\":{\"@id\":\"https:\/\/cubaweddingpackages.com\/pt-pt\/casamentos-exclusivos-e-glamorosos-em-havana\/#primaryimage\"},\"thumbnailUrl\":\"https:\/\/cubaweddingpackages.com\/wp-content\/uploads\/2024\/03\/Bodas-exclusivas.jpg\",\"datePublished\":\"2024-03-21T13:41:47+00:00\",\"dateModified\":\"2024-08-30T17:13:56+00:00\",\"description\":\"Celebre seu casamento com estilo em Havana, onde cultura e glamour se unem para um dia inesquec\u00edvel. Clique aqui.\",\"breadcrumb\":{\"@id\":\"https:\/\/cubaweddingpackages.com\/pt-pt\/casamentos-exclusivos-e-glamorosos-em-havana\/#breadcrumb\"},\"inLanguage\":\"pt-PT\",\"potentialAction\":[{\"@type\":\"ReadAction\",\"target\":[\"https:\/\/cubaweddingpackages.com\/pt-pt\/casamentos-exclusivos-e-glamorosos-em-havana\/\"]}]},{\"@type\":\"ImageObject\",\"inLanguage\":\"pt-PT\",\"@id\":\"https:\/\/cubaweddingpackages.com\/pt-pt\/casamentos-exclusivos-e-glamorosos-em-havana\/#primaryimage\",\"url\":\"https:\/\/cubaweddingpackages.com\/wp-content\/uploads\/2024\/03\/Bodas-exclusivas.jpg\",\"contentUrl\":\"https:\/\/cubaweddingpackages.com\/wp-content\/uploads\/2024\/03\/Bodas-exclusivas.jpg\",\"width\":733,\"height\":493,\"caption\":\"Casamentos exclusivos e glamorosos\"},{\"@type\":\"BreadcrumbList\",\"@id\":\"https:\/\/cubaweddingpackages.com\/pt-pt\/casamentos-exclusivos-e-glamorosos-em-havana\/#breadcrumb\",\"itemListElement\":[{\"@type\":\"ListItem\",\"position\":1,\"name\":\"Home\",\"item\":\"https:\/\/cubaweddingpackages.com\/pt-pt\/\"},{\"@type\":\"ListItem\",\"position\":2,\"name\":\"Casamentos exclusivos e glamorosos em Havana\"}]},{\"@type\":\"WebSite\",\"@id\":\"https:\/\/cubaweddingpackages.com\/pt-pt\/#website\",\"url\":\"https:\/\/cubaweddingpackages.com\/pt-pt\/\",\"name\":\"Wedding Packages in Cuba\",\"description\":\"Best Wedding Packages\",\"potentialAction\":[{\"@type\":\"SearchAction\",\"target\":{\"@type\":\"EntryPoint\",\"urlTemplate\":\"https:\/\/cubaweddingpackages.com\/pt-pt\/?s={search_term_string}\"},\"query-input\":{\"@type\":\"PropertyValueSpecification\",\"valueRequired\":true,\"valueName\":\"search_term_string\"}}],\"inLanguage\":\"pt-PT\"}]}<\/script>\n<!-- \/ Yoast SEO plugin. -->","yoast_head_json":{"title":"Casamentos exclusivos e glamorosos em Havana","description":"Celebre seu casamento com estilo em Havana, onde cultura e glamour se unem para um dia inesquec\u00edvel. Clique aqui.","robots":{"index":"index","follow":"follow","max-snippet":"max-snippet:-1","max-image-preview":"max-image-preview:large","max-video-preview":"max-video-preview:-1"},"canonical":"https:\/\/cubaweddingpackages.com\/pt-pt\/casamentos-exclusivos-e-glamorosos-em-havana\/","og_locale":"pt_PT","og_type":"article","og_title":"Casamentos exclusivos e glamorosos em Havana","og_description":"Celebre seu casamento com estilo em Havana, onde cultura e glamour se unem para um dia inesquec\u00edvel. Clique aqui.","og_url":"https:\/\/cubaweddingpackages.com\/pt-pt\/casamentos-exclusivos-e-glamorosos-em-havana\/","og_site_name":"Wedding Packages in Cuba","article_publisher":"https:\/\/www.facebook.com\/BodasEnCubaV","article_modified_time":"2024-08-30T17:13:56+00:00","og_image":[{"width":733,"height":493,"url":"https:\/\/cubaweddingpackages.com\/wp-content\/uploads\/2024\/03\/Bodas-exclusivas.jpg","type":"image\/jpeg"}],"twitter_misc":{"Tempo estimado de leitura":"4 minutos"},"schema":{"@context":"https:\/\/schema.org","@graph":[{"@type":"WebPage","@id":"https:\/\/cubaweddingpackages.com\/pt-pt\/casamentos-exclusivos-e-glamorosos-em-havana\/","url":"https:\/\/cubaweddingpackages.com\/pt-pt\/casamentos-exclusivos-e-glamorosos-em-havana\/","name":"Casamentos exclusivos e glamorosos em Havana","isPartOf":{"@id":"https:\/\/cubaweddingpackages.com\/pt-pt\/#website"},"primaryImageOfPage":{"@id":"https:\/\/cubaweddingpackages.com\/pt-pt\/casamentos-exclusivos-e-glamorosos-em-havana\/#primaryimage"},"image":{"@id":"https:\/\/cubaweddingpackages.com\/pt-pt\/casamentos-exclusivos-e-glamorosos-em-havana\/#primaryimage"},"thumbnailUrl":"https:\/\/cubaweddingpackages.com\/wp-content\/uploads\/2024\/03\/Bodas-exclusivas.jpg","datePublished":"2024-03-21T13:41:47+00:00","dateModified":"2024-08-30T17:13:56+00:00","description":"Celebre seu casamento com estilo em Havana, onde cultura e glamour se unem para um dia inesquec\u00edvel. Clique aqui.","breadcrumb":{"@id":"https:\/\/cubaweddingpackages.com\/pt-pt\/casamentos-exclusivos-e-glamorosos-em-havana\/#breadcrumb"},"inLanguage":"pt-PT","potentialAction":[{"@type":"ReadAction","target":["https:\/\/cubaweddingpackages.com\/pt-pt\/casamentos-exclusivos-e-glamorosos-em-havana\/"]}]},{"@type":"ImageObject","inLanguage":"pt-PT","@id":"https:\/\/cubaweddingpackages.com\/pt-pt\/casamentos-exclusivos-e-glamorosos-em-havana\/#primaryimage","url":"https:\/\/cubaweddingpackages.com\/wp-content\/uploads\/2024\/03\/Bodas-exclusivas.jpg","contentUrl":"https:\/\/cubaweddingpackages.com\/wp-content\/uploads\/2024\/03\/Bodas-exclusivas.jpg","width":733,"height":493,"caption":"Casamentos exclusivos e glamorosos"},{"@type":"BreadcrumbList","@id":"https:\/\/cubaweddingpackages.com\/pt-pt\/casamentos-exclusivos-e-glamorosos-em-havana\/#breadcrumb","itemListElement":[{"@type":"ListItem","position":1,"name":"Home","item":"https:\/\/cubaweddingpackages.com\/pt-pt\/"},{"@type":"ListItem","position":2,"name":"Casamentos exclusivos e glamorosos em Havana"}]},{"@type":"WebSite","@id":"https:\/\/cubaweddingpackages.com\/pt-pt\/#website","url":"https:\/\/cubaweddingpackages.com\/pt-pt\/","name":"Wedding Packages in Cuba","description":"Best Wedding Packages","potentialAction":[{"@type":"SearchAction","target":{"@type":"EntryPoint","urlTemplate":"https:\/\/cubaweddingpackages.com\/pt-pt\/?s={search_term_string}"},"query-input":{"@type":"PropertyValueSpecification","valueRequired":true,"valueName":"search_term_string"}}],"inLanguage":"pt-PT"}]}},"_links":{"self":[{"href":"https:\/\/cubaweddingpackages.com\/pt-pt\/wp-json\/wp\/v2\/pages\/8347","targetHints":{"allow":["GET"]}}],"collection":[{"href":"https:\/\/cubaweddingpackages.com\/pt-pt\/wp-json\/wp\/v2\/pages"}],"about":[{"href":"https:\/\/cubaweddingpackages.com\/pt-pt\/wp-json\/wp\/v2\/types\/page"}],"author":[{"embeddable":true,"href":"https:\/\/cubaweddingpackages.com\/pt-pt\/wp-json\/wp\/v2\/users\/5"}],"replies":[{"embeddable":true,"href":"https:\/\/cubaweddingpackages.com\/pt-pt\/wp-json\/wp\/v2\/comments?post=8347"}],"version-history":[{"count":2,"href":"https:\/\/cubaweddingpackages.com\/pt-pt\/wp-json\/wp\/v2\/pages\/8347\/revisions"}],"predecessor-version":[{"id":11031,"href":"https:\/\/cubaweddingpackages.com\/pt-pt\/wp-json\/wp\/v2\/pages\/8347\/revisions\/11031"}],"wp:featuredmedia":[{"embeddable":true,"href":"https:\/\/cubaweddingpackages.com\/pt-pt\/wp-json\/wp\/v2\/media\/8338"}],"wp:attachment":[{"href":"https:\/\/cubaweddingpackages.com\/pt-pt\/wp-json\/wp\/v2\/media?parent=8347"}],"curies":[{"name":"wp","href":"https:\/\/api.w.org\/{rel}","templated":true}]}}