{"id":8424,"date":"2024-03-21T20:03:35","date_gmt":"2024-03-21T20:03:35","guid":{"rendered":"https:\/\/cubaweddingpackages.com\/?page_id=8424"},"modified":"2024-03-21T20:03:35","modified_gmt":"2024-03-21T20:03:35","slug":"planejamento-de-casamento-em-havana-cuba","status":"publish","type":"page","link":"https:\/\/cubaweddingpackages.com\/pt-pt\/planejamento-de-casamento-em-havana-cuba\/","title":{"rendered":"Planejamento de casamento em Havana, Cuba"},"content":{"rendered":"<div class=\"wpb-content-wrapper\"><p>[vc_row][vc_column][vc_column_text]Se voc\u00ea est\u00e1 procurando o lugar perfeito para celebrar seu casamento em Havana, Cuba, voc\u00ea veio ao lugar certo. Quer pretenda um servi\u00e7o completo de planeamento de eventos ou simplesmente procure um local adequado para cerim\u00f3nias e recep\u00e7\u00f5es, aqui encontrar\u00e1 todas as op\u00e7\u00f5es que necessita para tornar o seu dia especial inesquec\u00edvel.<\/p>\n<h2><strong><a href=\"https:\/\/cubaweddingpackages.com\/pt-pt\/organizador-de-casamentos-em-cuba\/\"><img decoding=\"async\" class=\"aligncenter wp-image-8405 size-full\" src=\"http:\/\/cubaweddingpackages.com\/wp-content\/uploads\/2024\/03\/Servicio-de-planificacion-de-bodas.jpg\" alt=\"Servi\u00e7o de planejamento de casamento\" width=\"744\" height=\"498\" srcset=\"https:\/\/cubaweddingpackages.com\/wp-content\/uploads\/2024\/03\/Servicio-de-planificacion-de-bodas.jpg 744w, https:\/\/cubaweddingpackages.com\/wp-content\/uploads\/2024\/03\/Servicio-de-planificacion-de-bodas-300x201.jpg 300w\" sizes=\"(max-width: 744px) 100vw, 744px\" \/><\/a><\/strong><\/h2>\n<h2>Servi\u00e7o completo de planejamento de casamento<\/h2>\n<p>Se preferir deixar todos os detalhes nas m\u00e3os de profissionais e usufruir de um servi\u00e7o completo de organiza\u00e7\u00e3o de casamentos, existem v\u00e1rias empresas em Havana que podem ajud\u00e1-lo. Esses especialistas em eventos cuidar\u00e3o de todos os aspectos do seu casamento, desde a sele\u00e7\u00e3o do local at\u00e9 a decora\u00e7\u00e3o, m\u00fasica, catering e muito mais.<\/p>\n<p>Ao contratar um servi\u00e7o completo de organiza\u00e7\u00e3o de casamentos, voc\u00ea poder\u00e1 relaxar e aproveitar cada momento do seu dia especial, sabendo que tudo est\u00e1 nas m\u00e3os de profissionais. Eles garantir\u00e3o que cada detalhe seja perfeito e se adapte aos seus gostos e prefer\u00eancias.<\/p>\n<h2><strong>\u00a0<\/strong><\/h2>\n<p>[\/vc_column_text][vc_column_text]<\/p>\n<h2>Encontre um lugar adequado<\/h2>\n<p>Se voc\u00ea prefere ter mais controle sobre os detalhes do seu casamento e procura um local adequado para cerim\u00f4nia e recep\u00e7\u00e3o, Havana oferece uma grande variedade de op\u00e7\u00f5es. De belas praias a elegantes sal\u00f5es de baile, h\u00e1 algo para cada casal e cada tipo de casamento.<\/p>\n<p>Se voc\u00ea sonha com um casamento na praia, pode considerar lugares como Varadero, Cayo Santa Mar\u00eda ou Guardalavaca. Estas praias paradis\u00edacas oferecem cen\u00e1rios deslumbrantes para uma cerim\u00f3nia rom\u00e2ntica \u00e0 beira-mar. Al\u00e9m disso, muitos hot\u00e9is e resorts nessas \u00e1reas oferecem pacotes especiais de casamento que incluem servi\u00e7os de planejamento e acomoda\u00e7\u00e3o para voc\u00ea e seus convidados.<\/p>\n<p>Se voc\u00ea prefere um casamento mais urbano e sofisticado, Havana possui uma grande quantidade de sal\u00f5es de eventos e hot\u00e9is boutique que podem ser o cen\u00e1rio perfeito para o seu casamento. Esses locais oferecem uma mistura \u00fanica de eleg\u00e2ncia e charme caribenho, e muitos deles possuem servi\u00e7os internos de planejamento de casamento para que voc\u00ea n\u00e3o precise se preocupar com os detalhes.<\/p>\n<p><a href=\"https:\/\/cubaweddingpackages.com\/pt-pt\/organizador-de-casamentos-em-cuba\/\"><img decoding=\"async\" class=\"aligncenter wp-image-8387 size-full\" src=\"http:\/\/cubaweddingpackages.com\/wp-content\/uploads\/2024\/03\/lugar-para-bodas.jpg\" alt=\"Local de casamento\" width=\"731\" height=\"485\" srcset=\"https:\/\/cubaweddingpackages.com\/wp-content\/uploads\/2024\/03\/lugar-para-bodas.jpg 731w, https:\/\/cubaweddingpackages.com\/wp-content\/uploads\/2024\/03\/lugar-para-bodas-300x199.jpg 300w\" sizes=\"(max-width: 731px) 100vw, 731px\" \/><\/a>[\/vc_column_text][vc_column_text]<\/p>\n<h2>A magia dos casamentos em Havana, Cuba<\/h2>\n<p>Havana, Cuba, \u00e9 um lugar m\u00e1gico para celebrar seu casamento. Com sua arquitetura colonial, ruas de paralelep\u00edpedos e charme vintage, esta cidade ir\u00e1 transport\u00e1-lo para outra \u00e9poca e dar ao seu casamento um toque de romance e nostalgia.<\/p>\n<p>Al\u00e9m de sua beleza hist\u00f3rica, Havana oferece um cen\u00e1rio cultural vibrante, com m\u00fasica ao vivo, dan\u00e7as tradicionais e culin\u00e1ria deliciosa. Seus convidados desfrutar\u00e3o da aut\u00eantica experi\u00eancia cubana enquanto celebram seu amor.<\/p>\n<p>A cidade tamb\u00e9m oferece uma ampla gama de atividades para voc\u00ea e seus convidados, desde passeios em carros cl\u00e1ssicos ao longo do Malec\u00f3n at\u00e9 visitas a museus e galerias de arte. Seus convidados nunca ficar\u00e3o entediados e ter\u00e3o lembran\u00e7as inesquec\u00edveis do seu casamento em Havana, Cuba.<\/p>\n<p>Se voc\u00ea est\u00e1 procurando op\u00e7\u00f5es para celebrar seu casamento em Havana, Cuba, voc\u00ea tem diversas op\u00e7\u00f5es dispon\u00edveis. Quer voc\u00ea escolha um servi\u00e7o completo de planejamento de eventos ou esteja procurando um local adequado para cerim\u00f4nia e recep\u00e7\u00e3o, Havana oferece uma combina\u00e7\u00e3o \u00fanica de beleza, charme e cultura para tornar seu casamento um evento inesquec\u00edvel.<\/p>\n<p>[\/vc_column_text][\/vc_column][\/vc_row]<\/p>\n<\/div>","protected":false},"excerpt":{"rendered":"<p>[vc_row][vc_column][vc_column_text]Se voc\u00ea est\u00e1 procurando o lugar perfeito para celebrar seu casamento em Havana, Cuba, voc\u00ea veio ao lugar certo. Quer [&hellip;]<\/p>\n","protected":false},"author":5,"featured_media":8402,"parent":0,"menu_order":0,"comment_status":"closed","ping_status":"closed","template":"","meta":{"_joinchat":{"telephone":"+5355396525"},"footnotes":""},"class_list":["post-8424","page","type-page","status-publish","has-post-thumbnail","hentry"],"yoast_head":"<!-- This site is optimized with the Yoast SEO plugin v27.3 - https:\/\/yoast.com\/product\/yoast-seo-wordpress\/ -->\n<title>Planejamento de casamento em Havana, Cuba<\/title>\n<meta name=\"description\" content=\"Comemore seu casamento em Havana com servi\u00e7os completos de planejamento para um dia m\u00e1gico e sem estresse. Clique aqui\" \/>\n<meta name=\"robots\" content=\"index, follow, max-snippet:-1, max-image-preview:large, max-video-preview:-1\" \/>\n<link rel=\"canonical\" href=\"https:\/\/cubaweddingpackages.com\/pt-pt\/planejamento-de-casamento-em-havana-cuba\/\" \/>\n<meta property=\"og:locale\" content=\"pt_PT\" \/>\n<meta property=\"og:type\" content=\"article\" \/>\n<meta property=\"og:title\" content=\"Planejamento de casamento em Havana, Cuba\" \/>\n<meta property=\"og:description\" content=\"Comemore seu casamento em Havana com servi\u00e7os completos de planejamento para um dia m\u00e1gico e sem estresse. Clique aqui\" \/>\n<meta property=\"og:url\" content=\"https:\/\/cubaweddingpackages.com\/pt-pt\/planejamento-de-casamento-em-havana-cuba\/\" \/>\n<meta property=\"og:site_name\" content=\"Wedding Packages in Cuba\" \/>\n<meta property=\"article:publisher\" content=\"https:\/\/www.facebook.com\/BodasEnCubaV\" \/>\n<meta property=\"og:image\" content=\"https:\/\/cubaweddingpackages.com\/wp-content\/uploads\/2024\/03\/Planificacion-de-bodas.jpg\" \/>\n\t<meta property=\"og:image:width\" content=\"741\" \/>\n\t<meta property=\"og:image:height\" content=\"489\" \/>\n\t<meta property=\"og:image:type\" content=\"image\/jpeg\" \/>\n<meta name=\"twitter:label1\" content=\"Tempo estimado de leitura\" \/>\n\t<meta name=\"twitter:data1\" content=\"3 minutos\" \/>\n<script type=\"application\/ld+json\" class=\"yoast-schema-graph\">{\"@context\":\"https:\\\/\\\/schema.org\",\"@graph\":[{\"@type\":\"WebPage\",\"@id\":\"https:\\\/\\\/cubaweddingpackages.com\\\/pt-pt\\\/planejamento-de-casamento-em-havana-cuba\\\/\",\"url\":\"https:\\\/\\\/cubaweddingpackages.com\\\/pt-pt\\\/planejamento-de-casamento-em-havana-cuba\\\/\",\"name\":\"Planejamento de casamento em Havana, Cuba\",\"isPartOf\":{\"@id\":\"https:\\\/\\\/cubaweddingpackages.com\\\/pt-pt\\\/#website\"},\"primaryImageOfPage\":{\"@id\":\"https:\\\/\\\/cubaweddingpackages.com\\\/pt-pt\\\/planejamento-de-casamento-em-havana-cuba\\\/#primaryimage\"},\"image\":{\"@id\":\"https:\\\/\\\/cubaweddingpackages.com\\\/pt-pt\\\/planejamento-de-casamento-em-havana-cuba\\\/#primaryimage\"},\"thumbnailUrl\":\"https:\\\/\\\/cubaweddingpackages.com\\\/wp-content\\\/uploads\\\/2024\\\/03\\\/Planificacion-de-bodas.jpg\",\"datePublished\":\"2024-03-21T20:03:35+00:00\",\"description\":\"Comemore seu casamento em Havana com servi\u00e7os completos de planejamento para um dia m\u00e1gico e sem estresse. Clique aqui\",\"breadcrumb\":{\"@id\":\"https:\\\/\\\/cubaweddingpackages.com\\\/pt-pt\\\/planejamento-de-casamento-em-havana-cuba\\\/#breadcrumb\"},\"inLanguage\":\"pt-PT\",\"potentialAction\":[{\"@type\":\"ReadAction\",\"target\":[\"https:\\\/\\\/cubaweddingpackages.com\\\/pt-pt\\\/planejamento-de-casamento-em-havana-cuba\\\/\"]}]},{\"@type\":\"ImageObject\",\"inLanguage\":\"pt-PT\",\"@id\":\"https:\\\/\\\/cubaweddingpackages.com\\\/pt-pt\\\/planejamento-de-casamento-em-havana-cuba\\\/#primaryimage\",\"url\":\"https:\\\/\\\/cubaweddingpackages.com\\\/wp-content\\\/uploads\\\/2024\\\/03\\\/Planificacion-de-bodas.jpg\",\"contentUrl\":\"https:\\\/\\\/cubaweddingpackages.com\\\/wp-content\\\/uploads\\\/2024\\\/03\\\/Planificacion-de-bodas.jpg\",\"width\":741,\"height\":489,\"caption\":\"Planejamento de casamento em Havana\"},{\"@type\":\"BreadcrumbList\",\"@id\":\"https:\\\/\\\/cubaweddingpackages.com\\\/pt-pt\\\/planejamento-de-casamento-em-havana-cuba\\\/#breadcrumb\",\"itemListElement\":[{\"@type\":\"ListItem\",\"position\":1,\"name\":\"Home\",\"item\":\"https:\\\/\\\/cubaweddingpackages.com\\\/pt-pt\\\/\"},{\"@type\":\"ListItem\",\"position\":2,\"name\":\"Planejamento de casamento em Havana, Cuba\"}]},{\"@type\":\"WebSite\",\"@id\":\"https:\\\/\\\/cubaweddingpackages.com\\\/pt-pt\\\/#website\",\"url\":\"https:\\\/\\\/cubaweddingpackages.com\\\/pt-pt\\\/\",\"name\":\"Wedding Packages in Cuba\",\"description\":\"Best Wedding Packages\",\"potentialAction\":[{\"@type\":\"SearchAction\",\"target\":{\"@type\":\"EntryPoint\",\"urlTemplate\":\"https:\\\/\\\/cubaweddingpackages.com\\\/pt-pt\\\/?s={search_term_string}\"},\"query-input\":{\"@type\":\"PropertyValueSpecification\",\"valueRequired\":true,\"valueName\":\"search_term_string\"}}],\"inLanguage\":\"pt-PT\"}]}<\/script>\n<!-- \/ Yoast SEO plugin. -->","yoast_head_json":{"title":"Planejamento de casamento em Havana, Cuba","description":"Comemore seu casamento em Havana com servi\u00e7os completos de planejamento para um dia m\u00e1gico e sem estresse. Clique aqui","robots":{"index":"index","follow":"follow","max-snippet":"max-snippet:-1","max-image-preview":"max-image-preview:large","max-video-preview":"max-video-preview:-1"},"canonical":"https:\/\/cubaweddingpackages.com\/pt-pt\/planejamento-de-casamento-em-havana-cuba\/","og_locale":"pt_PT","og_type":"article","og_title":"Planejamento de casamento em Havana, Cuba","og_description":"Comemore seu casamento em Havana com servi\u00e7os completos de planejamento para um dia m\u00e1gico e sem estresse. Clique aqui","og_url":"https:\/\/cubaweddingpackages.com\/pt-pt\/planejamento-de-casamento-em-havana-cuba\/","og_site_name":"Wedding Packages in Cuba","article_publisher":"https:\/\/www.facebook.com\/BodasEnCubaV","og_image":[{"width":741,"height":489,"url":"https:\/\/cubaweddingpackages.com\/wp-content\/uploads\/2024\/03\/Planificacion-de-bodas.jpg","type":"image\/jpeg"}],"twitter_misc":{"Tempo estimado de leitura":"3 minutos"},"schema":{"@context":"https:\/\/schema.org","@graph":[{"@type":"WebPage","@id":"https:\/\/cubaweddingpackages.com\/pt-pt\/planejamento-de-casamento-em-havana-cuba\/","url":"https:\/\/cubaweddingpackages.com\/pt-pt\/planejamento-de-casamento-em-havana-cuba\/","name":"Planejamento de casamento em Havana, Cuba","isPartOf":{"@id":"https:\/\/cubaweddingpackages.com\/pt-pt\/#website"},"primaryImageOfPage":{"@id":"https:\/\/cubaweddingpackages.com\/pt-pt\/planejamento-de-casamento-em-havana-cuba\/#primaryimage"},"image":{"@id":"https:\/\/cubaweddingpackages.com\/pt-pt\/planejamento-de-casamento-em-havana-cuba\/#primaryimage"},"thumbnailUrl":"https:\/\/cubaweddingpackages.com\/wp-content\/uploads\/2024\/03\/Planificacion-de-bodas.jpg","datePublished":"2024-03-21T20:03:35+00:00","description":"Comemore seu casamento em Havana com servi\u00e7os completos de planejamento para um dia m\u00e1gico e sem estresse. Clique aqui","breadcrumb":{"@id":"https:\/\/cubaweddingpackages.com\/pt-pt\/planejamento-de-casamento-em-havana-cuba\/#breadcrumb"},"inLanguage":"pt-PT","potentialAction":[{"@type":"ReadAction","target":["https:\/\/cubaweddingpackages.com\/pt-pt\/planejamento-de-casamento-em-havana-cuba\/"]}]},{"@type":"ImageObject","inLanguage":"pt-PT","@id":"https:\/\/cubaweddingpackages.com\/pt-pt\/planejamento-de-casamento-em-havana-cuba\/#primaryimage","url":"https:\/\/cubaweddingpackages.com\/wp-content\/uploads\/2024\/03\/Planificacion-de-bodas.jpg","contentUrl":"https:\/\/cubaweddingpackages.com\/wp-content\/uploads\/2024\/03\/Planificacion-de-bodas.jpg","width":741,"height":489,"caption":"Planejamento de casamento em Havana"},{"@type":"BreadcrumbList","@id":"https:\/\/cubaweddingpackages.com\/pt-pt\/planejamento-de-casamento-em-havana-cuba\/#breadcrumb","itemListElement":[{"@type":"ListItem","position":1,"name":"Home","item":"https:\/\/cubaweddingpackages.com\/pt-pt\/"},{"@type":"ListItem","position":2,"name":"Planejamento de casamento em Havana, Cuba"}]},{"@type":"WebSite","@id":"https:\/\/cubaweddingpackages.com\/pt-pt\/#website","url":"https:\/\/cubaweddingpackages.com\/pt-pt\/","name":"Wedding Packages in Cuba","description":"Best Wedding Packages","potentialAction":[{"@type":"SearchAction","target":{"@type":"EntryPoint","urlTemplate":"https:\/\/cubaweddingpackages.com\/pt-pt\/?s={search_term_string}"},"query-input":{"@type":"PropertyValueSpecification","valueRequired":true,"valueName":"search_term_string"}}],"inLanguage":"pt-PT"}]}},"_links":{"self":[{"href":"https:\/\/cubaweddingpackages.com\/pt-pt\/wp-json\/wp\/v2\/pages\/8424","targetHints":{"allow":["GET"]}}],"collection":[{"href":"https:\/\/cubaweddingpackages.com\/pt-pt\/wp-json\/wp\/v2\/pages"}],"about":[{"href":"https:\/\/cubaweddingpackages.com\/pt-pt\/wp-json\/wp\/v2\/types\/page"}],"author":[{"embeddable":true,"href":"https:\/\/cubaweddingpackages.com\/pt-pt\/wp-json\/wp\/v2\/users\/5"}],"replies":[{"embeddable":true,"href":"https:\/\/cubaweddingpackages.com\/pt-pt\/wp-json\/wp\/v2\/comments?post=8424"}],"version-history":[{"count":2,"href":"https:\/\/cubaweddingpackages.com\/pt-pt\/wp-json\/wp\/v2\/pages\/8424\/revisions"}],"predecessor-version":[{"id":8439,"href":"https:\/\/cubaweddingpackages.com\/pt-pt\/wp-json\/wp\/v2\/pages\/8424\/revisions\/8439"}],"wp:featuredmedia":[{"embeddable":true,"href":"https:\/\/cubaweddingpackages.com\/pt-pt\/wp-json\/wp\/v2\/media\/8402"}],"wp:attachment":[{"href":"https:\/\/cubaweddingpackages.com\/pt-pt\/wp-json\/wp\/v2\/media?parent=8424"}],"curies":[{"name":"wp","href":"https:\/\/api.w.org\/{rel}","templated":true}]}}