{"id":8569,"date":"2024-03-26T13:37:01","date_gmt":"2024-03-26T13:37:01","guid":{"rendered":"https:\/\/cubaweddingpackages.com\/?page_id=8569"},"modified":"2024-03-26T13:37:01","modified_gmt":"2024-03-26T13:37:01","slug":"os-melhores-pacotes-de-casamento-em-havana-cuba","status":"publish","type":"page","link":"https:\/\/cubaweddingpackages.com\/pt-pt\/os-melhores-pacotes-de-casamento-em-havana-cuba\/","title":{"rendered":"Os melhores pacotes de casamento em Havana, Cuba"},"content":{"rendered":"<div class=\"wpb-content-wrapper\"><p>[vc_row][vc_column][vc_column_text]<\/p>\n<h2>Conhe\u00e7a os melhores pacotes de casamento em Havana, Cuba<\/h2>\n<p>Al\u00e9m de sua rica hist\u00f3ria e cultura vibrante, Havana oferece uma grande variedade de op\u00e7\u00f5es para celebrar seu casamento. Quer voc\u00ea esteja procurando uma cerim\u00f4nia \u00edntima em uma praia de areia branca ou uma recep\u00e7\u00e3o elegante em um antigo pal\u00e1cio colonial, voc\u00ea encontrar\u00e1 aqui o pacote perfeito para voc\u00ea.<\/p>\n<p><a href=\"https:\/\/cubaweddingpackages.com\/pt-pt\/organizador-de-casamentos-em-cuba\/\"><img decoding=\"async\" class=\"aligncenter wp-image-8554 size-large\" src=\"http:\/\/cubaweddingpackages.com\/wp-content\/uploads\/2024\/03\/Paquetes-de-bodas-1024x579.jpg\" alt=\"pacotes de casamento\" width=\"1024\" height=\"579\" srcset=\"https:\/\/cubaweddingpackages.com\/wp-content\/uploads\/2024\/03\/Paquetes-de-bodas-1024x579.jpg 1024w, https:\/\/cubaweddingpackages.com\/wp-content\/uploads\/2024\/03\/Paquetes-de-bodas-300x170.jpg 300w, https:\/\/cubaweddingpackages.com\/wp-content\/uploads\/2024\/03\/Paquetes-de-bodas-768x434.jpg 768w, https:\/\/cubaweddingpackages.com\/wp-content\/uploads\/2024\/03\/Paquetes-de-bodas.jpg 1333w\" sizes=\"(max-width: 1024px) 100vw, 1024px\" \/><\/a><\/p>\n<p>Uma das op\u00e7\u00f5es mais populares para casamentos em Havana \u00e9 realizar a cerim\u00f4nia em um dos muitos hot\u00e9is boutique da cidade. Estes hot\u00e9is oferecem um ambiente exclusivo e rom\u00e2ntico, com belos jardins e vistas panor\u00e2micas da cidade.<\/p>\n<p>Al\u00e9m dos locais, tamb\u00e9m oferecemos uma ampla gama de servi\u00e7os para tornar o seu casamento perfeito em todos os aspectos. Desde a organiza\u00e7\u00e3o da cerim\u00f4nia e recep\u00e7\u00e3o, at\u00e9 a contrata\u00e7\u00e3o de fot\u00f3grafos e m\u00fasicos profissionais, cuidaremos de todos os detalhes para que voc\u00ea e seus entes queridos possam aproveitar ao m\u00e1ximo este dia especial.<\/p>\n<p>Ent\u00e3o n\u00e3o perca mais tempo pesquisando, conhe\u00e7a os melhores pacotes de casamento em Havana, Cuba e comece a planejar o casamento dos seus sonhos neste lindo destino. Garantimos que ser\u00e1 uma experi\u00eancia inesquec\u00edvel![\/vc_column_text][vc_column_text]<\/p>\n<h2>Os melhores pacotes de casamento em Havana<\/h2>\n<p>Em nossa sele\u00e7\u00e3o de pacotes de casamento em Havana, buscamos os melhores fornecedores e servi\u00e7os para garantir que seu casamento seja perfeito em todos os sentidos. Da cerim\u00f4nia \u00e0 recep\u00e7\u00e3o, oferecemos op\u00e7\u00f5es completas que atendem \u00e0s suas necessidades e prefer\u00eancias.<\/p>\n<h3>Pacote &#8220;Romance Cubano&#8221;<\/h3>\n<p>Se voc\u00ea sonha com um casamento \u00edntimo e rom\u00e2ntico em Havana, o pacote \u201cRomance Cubano\u201d \u00e9 perfeito para voc\u00ea. Este pacote inclui uma cerim\u00f4nia em uma bela praia particular, decorada com flores tropicais e velas. Ap\u00f3s a cerim\u00f4nia, voc\u00ea poder\u00e1 desfrutar de um jantar rom\u00e2ntico sob as estrelas, acompanhado de m\u00fasica ao vivo e dan\u00e7a.<\/p>\n<p>Al\u00e9m disso, o pacote \u201cRomance Cubano\u201d tamb\u00e9m inclui uma sess\u00e3o fotogr\u00e1fica profissional para captar todos os momentos especiais do seu casamento. Voc\u00ea pode escolher entre diferentes cen\u00e1rios, como o Malec\u00f3n de Havana ou os ic\u00f4nicos edif\u00edcios coloniais da cidade.<\/p>\n<p><a href=\"https:\/\/cubaweddingpackages.com\/pt-pt\/organizador-de-casamentos-em-cuba\/\"><img decoding=\"async\" class=\"aligncenter wp-image-8332 size-full\" src=\"http:\/\/cubaweddingpackages.com\/wp-content\/uploads\/2024\/03\/Bodas-exclusivas.jpg\" alt=\"Casamentos exclusivos\" width=\"733\" height=\"493\" srcset=\"https:\/\/cubaweddingpackages.com\/wp-content\/uploads\/2024\/03\/Bodas-exclusivas.jpg 733w, https:\/\/cubaweddingpackages.com\/wp-content\/uploads\/2024\/03\/Bodas-exclusivas-300x202.jpg 300w\" sizes=\"(max-width: 733px) 100vw, 733px\" \/><\/a><\/p>\n<h3>Pacote &#8220;Havana Eleg\u00e2ncia&#8221;<\/h3>\n<p>Se prefere um casamento mais elegante e sofisticado, o pacote \u201cHabanera Elegance\u201d \u00e9 a escolha perfeita. Este pacote inclui uma cerim\u00f4nia em um dos impressionantes sal\u00f5es de Havana, decorado com lindas flores e detalhes cuidadosamente selecionados. Ap\u00f3s a cerim\u00f3nia, poder\u00e1 desfrutar de uma recep\u00e7\u00e3o glamorosa, com menu personalizado e uma pista de dan\u00e7a animada.<\/p>\n<p>Al\u00e9m disso, o pacote \u201cHabanera Elegance\u201d tamb\u00e9m inclui servi\u00e7os de transporte de luxo para voc\u00ea e seus convidados, garantindo que todos cheguem na hora certa e se sintam como verdadeiras estrelas de cinema.[\/vc_column_text][vc_column_text]<\/p>\n<h3>Pacote &#8220;Natureza Cubana&#8221;<\/h3>\n<p>Se voc\u00ea \u00e9 amante da natureza e sonha com um casamento ao ar livre, o pacote \u201cNatureza Cubana\u201d \u00e9 ideal para voc\u00ea. Este pacote oferece a oportunidade de celebrar seu casamento em um lindo jardim tropical, cercado por uma vegeta\u00e7\u00e3o exuberante e cachoeiras naturais.<\/p>\n<p>O pacote \u201cNatureza Cubana\u201d inclui uma cerim\u00f3nia no jardim, decorado com flores tropicais e elementos naturais. Ap\u00f3s a cerim\u00f4nia, voc\u00ea poder\u00e1 desfrutar de uma recep\u00e7\u00e3o ao ar livre, com um delicioso card\u00e1pio inspirado na culin\u00e1ria cubana e m\u00fasica ao vivo para animar a festa.<\/p>\n<p>Quando se trata de planear e coordenar o seu casamento, a nossa equipa de especialistas estar\u00e1 dispon\u00edvel para o ajudar em cada passo do processo. Desde a sele\u00e7\u00e3o do local at\u00e9 a escolha do card\u00e1pio e decora\u00e7\u00e3o, cuidaremos de todos os detalhes para que voc\u00ea e seus entes queridos possam desfrutar de um dia inesquec\u00edvel em Havana.<\/p>\n<p>Reservar seu pacote de casamento em Havana \u00e9 f\u00e1cil. Basta entrar em contato conosco atrav\u00e9s do nosso site ou por telefone e um de nossos especialistas em casamentos entrar\u00e1 em contato com voc\u00ea para discutir suas prefer\u00eancias e op\u00e7\u00f5es. Estamos aqui para realizar seus sonhos e criar mem\u00f3rias que durar\u00e3o a vida toda.[\/vc_column_text][\/vc_column][\/vc_row]<\/p>\n<\/div>","protected":false},"excerpt":{"rendered":"<p>[vc_row][vc_column][vc_column_text] Conhe\u00e7a os melhores pacotes de casamento em Havana, Cuba Al\u00e9m de sua rica hist\u00f3ria e cultura vibrante, Havana oferece [&hellip;]<\/p>\n","protected":false},"author":5,"featured_media":8551,"parent":0,"menu_order":0,"comment_status":"closed","ping_status":"closed","template":"","meta":{"_joinchat":[],"footnotes":""},"class_list":["post-8569","page","type-page","status-publish","has-post-thumbnail","hentry"],"yoast_head":"<!-- This site is optimized with the Yoast SEO plugin v27.2 - https:\/\/yoast.com\/product\/yoast-seo-wordpress\/ -->\n<title>Os melhores pacotes de casamento em Havana, Cuba<\/title>\n<meta name=\"description\" content=\"Descubra a magia de casar em Havana: cerim\u00f4nias \u00edntimas em praias particulares e recep\u00e7\u00f5es elegantes em pal\u00e1cios coloniais\" \/>\n<meta name=\"robots\" content=\"index, follow, max-snippet:-1, max-image-preview:large, max-video-preview:-1\" \/>\n<link rel=\"canonical\" href=\"https:\/\/cubaweddingpackages.com\/pt-pt\/os-melhores-pacotes-de-casamento-em-havana-cuba\/\" \/>\n<meta property=\"og:locale\" content=\"pt_PT\" \/>\n<meta property=\"og:type\" content=\"article\" \/>\n<meta property=\"og:title\" content=\"Os melhores pacotes de casamento em Havana, Cuba\" \/>\n<meta property=\"og:description\" content=\"Descubra a magia de casar em Havana: cerim\u00f4nias \u00edntimas em praias particulares e recep\u00e7\u00f5es elegantes em pal\u00e1cios coloniais\" \/>\n<meta property=\"og:url\" content=\"https:\/\/cubaweddingpackages.com\/pt-pt\/os-melhores-pacotes-de-casamento-em-havana-cuba\/\" \/>\n<meta property=\"og:site_name\" content=\"Wedding Packages in Cuba\" \/>\n<meta property=\"article:publisher\" content=\"https:\/\/www.facebook.com\/BodasEnCubaV\" \/>\n<meta property=\"og:image\" content=\"https:\/\/cubaweddingpackages.com\/wp-content\/uploads\/2024\/03\/Paquetes-de-bodas-en-la-Habana.jpg\" \/>\n\t<meta property=\"og:image:width\" content=\"702\" \/>\n\t<meta property=\"og:image:height\" content=\"753\" \/>\n\t<meta property=\"og:image:type\" content=\"image\/jpeg\" \/>\n<meta name=\"twitter:label1\" content=\"Tempo estimado de leitura\" \/>\n\t<meta name=\"twitter:data1\" content=\"4 minutos\" \/>\n<script type=\"application\/ld+json\" class=\"yoast-schema-graph\">{\"@context\":\"https:\/\/schema.org\",\"@graph\":[{\"@type\":\"WebPage\",\"@id\":\"https:\/\/cubaweddingpackages.com\/pt-pt\/os-melhores-pacotes-de-casamento-em-havana-cuba\/\",\"url\":\"https:\/\/cubaweddingpackages.com\/pt-pt\/os-melhores-pacotes-de-casamento-em-havana-cuba\/\",\"name\":\"Os melhores pacotes de casamento em Havana, Cuba\",\"isPartOf\":{\"@id\":\"https:\/\/cubaweddingpackages.com\/pt-pt\/#website\"},\"primaryImageOfPage\":{\"@id\":\"https:\/\/cubaweddingpackages.com\/pt-pt\/os-melhores-pacotes-de-casamento-em-havana-cuba\/#primaryimage\"},\"image\":{\"@id\":\"https:\/\/cubaweddingpackages.com\/pt-pt\/os-melhores-pacotes-de-casamento-em-havana-cuba\/#primaryimage\"},\"thumbnailUrl\":\"https:\/\/cubaweddingpackages.com\/wp-content\/uploads\/2024\/03\/Paquetes-de-bodas-en-la-Habana.jpg\",\"datePublished\":\"2024-03-26T13:37:01+00:00\",\"description\":\"Descubra a magia de casar em Havana: cerim\u00f4nias \u00edntimas em praias particulares e recep\u00e7\u00f5es elegantes em pal\u00e1cios coloniais\",\"breadcrumb\":{\"@id\":\"https:\/\/cubaweddingpackages.com\/pt-pt\/os-melhores-pacotes-de-casamento-em-havana-cuba\/#breadcrumb\"},\"inLanguage\":\"pt-PT\",\"potentialAction\":[{\"@type\":\"ReadAction\",\"target\":[\"https:\/\/cubaweddingpackages.com\/pt-pt\/os-melhores-pacotes-de-casamento-em-havana-cuba\/\"]}]},{\"@type\":\"ImageObject\",\"inLanguage\":\"pt-PT\",\"@id\":\"https:\/\/cubaweddingpackages.com\/pt-pt\/os-melhores-pacotes-de-casamento-em-havana-cuba\/#primaryimage\",\"url\":\"https:\/\/cubaweddingpackages.com\/wp-content\/uploads\/2024\/03\/Paquetes-de-bodas-en-la-Habana.jpg\",\"contentUrl\":\"https:\/\/cubaweddingpackages.com\/wp-content\/uploads\/2024\/03\/Paquetes-de-bodas-en-la-Habana.jpg\",\"width\":702,\"height\":753,\"caption\":\"resort em Cuba para casais\"},{\"@type\":\"BreadcrumbList\",\"@id\":\"https:\/\/cubaweddingpackages.com\/pt-pt\/os-melhores-pacotes-de-casamento-em-havana-cuba\/#breadcrumb\",\"itemListElement\":[{\"@type\":\"ListItem\",\"position\":1,\"name\":\"Home\",\"item\":\"https:\/\/cubaweddingpackages.com\/pt-pt\/\"},{\"@type\":\"ListItem\",\"position\":2,\"name\":\"Os melhores pacotes de casamento em Havana, Cuba\"}]},{\"@type\":\"WebSite\",\"@id\":\"https:\/\/cubaweddingpackages.com\/pt-pt\/#website\",\"url\":\"https:\/\/cubaweddingpackages.com\/pt-pt\/\",\"name\":\"Wedding Packages in Cuba\",\"description\":\"Best Wedding Packages\",\"potentialAction\":[{\"@type\":\"SearchAction\",\"target\":{\"@type\":\"EntryPoint\",\"urlTemplate\":\"https:\/\/cubaweddingpackages.com\/pt-pt\/?s={search_term_string}\"},\"query-input\":{\"@type\":\"PropertyValueSpecification\",\"valueRequired\":true,\"valueName\":\"search_term_string\"}}],\"inLanguage\":\"pt-PT\"}]}<\/script>\n<!-- \/ Yoast SEO plugin. -->","yoast_head_json":{"title":"Os melhores pacotes de casamento em Havana, Cuba","description":"Descubra a magia de casar em Havana: cerim\u00f4nias \u00edntimas em praias particulares e recep\u00e7\u00f5es elegantes em pal\u00e1cios coloniais","robots":{"index":"index","follow":"follow","max-snippet":"max-snippet:-1","max-image-preview":"max-image-preview:large","max-video-preview":"max-video-preview:-1"},"canonical":"https:\/\/cubaweddingpackages.com\/pt-pt\/os-melhores-pacotes-de-casamento-em-havana-cuba\/","og_locale":"pt_PT","og_type":"article","og_title":"Os melhores pacotes de casamento em Havana, Cuba","og_description":"Descubra a magia de casar em Havana: cerim\u00f4nias \u00edntimas em praias particulares e recep\u00e7\u00f5es elegantes em pal\u00e1cios coloniais","og_url":"https:\/\/cubaweddingpackages.com\/pt-pt\/os-melhores-pacotes-de-casamento-em-havana-cuba\/","og_site_name":"Wedding Packages in Cuba","article_publisher":"https:\/\/www.facebook.com\/BodasEnCubaV","og_image":[{"width":702,"height":753,"url":"https:\/\/cubaweddingpackages.com\/wp-content\/uploads\/2024\/03\/Paquetes-de-bodas-en-la-Habana.jpg","type":"image\/jpeg"}],"twitter_misc":{"Tempo estimado de leitura":"4 minutos"},"schema":{"@context":"https:\/\/schema.org","@graph":[{"@type":"WebPage","@id":"https:\/\/cubaweddingpackages.com\/pt-pt\/os-melhores-pacotes-de-casamento-em-havana-cuba\/","url":"https:\/\/cubaweddingpackages.com\/pt-pt\/os-melhores-pacotes-de-casamento-em-havana-cuba\/","name":"Os melhores pacotes de casamento em Havana, Cuba","isPartOf":{"@id":"https:\/\/cubaweddingpackages.com\/pt-pt\/#website"},"primaryImageOfPage":{"@id":"https:\/\/cubaweddingpackages.com\/pt-pt\/os-melhores-pacotes-de-casamento-em-havana-cuba\/#primaryimage"},"image":{"@id":"https:\/\/cubaweddingpackages.com\/pt-pt\/os-melhores-pacotes-de-casamento-em-havana-cuba\/#primaryimage"},"thumbnailUrl":"https:\/\/cubaweddingpackages.com\/wp-content\/uploads\/2024\/03\/Paquetes-de-bodas-en-la-Habana.jpg","datePublished":"2024-03-26T13:37:01+00:00","description":"Descubra a magia de casar em Havana: cerim\u00f4nias \u00edntimas em praias particulares e recep\u00e7\u00f5es elegantes em pal\u00e1cios coloniais","breadcrumb":{"@id":"https:\/\/cubaweddingpackages.com\/pt-pt\/os-melhores-pacotes-de-casamento-em-havana-cuba\/#breadcrumb"},"inLanguage":"pt-PT","potentialAction":[{"@type":"ReadAction","target":["https:\/\/cubaweddingpackages.com\/pt-pt\/os-melhores-pacotes-de-casamento-em-havana-cuba\/"]}]},{"@type":"ImageObject","inLanguage":"pt-PT","@id":"https:\/\/cubaweddingpackages.com\/pt-pt\/os-melhores-pacotes-de-casamento-em-havana-cuba\/#primaryimage","url":"https:\/\/cubaweddingpackages.com\/wp-content\/uploads\/2024\/03\/Paquetes-de-bodas-en-la-Habana.jpg","contentUrl":"https:\/\/cubaweddingpackages.com\/wp-content\/uploads\/2024\/03\/Paquetes-de-bodas-en-la-Habana.jpg","width":702,"height":753,"caption":"resort em Cuba para casais"},{"@type":"BreadcrumbList","@id":"https:\/\/cubaweddingpackages.com\/pt-pt\/os-melhores-pacotes-de-casamento-em-havana-cuba\/#breadcrumb","itemListElement":[{"@type":"ListItem","position":1,"name":"Home","item":"https:\/\/cubaweddingpackages.com\/pt-pt\/"},{"@type":"ListItem","position":2,"name":"Os melhores pacotes de casamento em Havana, Cuba"}]},{"@type":"WebSite","@id":"https:\/\/cubaweddingpackages.com\/pt-pt\/#website","url":"https:\/\/cubaweddingpackages.com\/pt-pt\/","name":"Wedding Packages in Cuba","description":"Best Wedding Packages","potentialAction":[{"@type":"SearchAction","target":{"@type":"EntryPoint","urlTemplate":"https:\/\/cubaweddingpackages.com\/pt-pt\/?s={search_term_string}"},"query-input":{"@type":"PropertyValueSpecification","valueRequired":true,"valueName":"search_term_string"}}],"inLanguage":"pt-PT"}]}},"_links":{"self":[{"href":"https:\/\/cubaweddingpackages.com\/pt-pt\/wp-json\/wp\/v2\/pages\/8569","targetHints":{"allow":["GET"]}}],"collection":[{"href":"https:\/\/cubaweddingpackages.com\/pt-pt\/wp-json\/wp\/v2\/pages"}],"about":[{"href":"https:\/\/cubaweddingpackages.com\/pt-pt\/wp-json\/wp\/v2\/types\/page"}],"author":[{"embeddable":true,"href":"https:\/\/cubaweddingpackages.com\/pt-pt\/wp-json\/wp\/v2\/users\/5"}],"replies":[{"embeddable":true,"href":"https:\/\/cubaweddingpackages.com\/pt-pt\/wp-json\/wp\/v2\/comments?post=8569"}],"version-history":[{"count":2,"href":"https:\/\/cubaweddingpackages.com\/pt-pt\/wp-json\/wp\/v2\/pages\/8569\/revisions"}],"predecessor-version":[{"id":8584,"href":"https:\/\/cubaweddingpackages.com\/pt-pt\/wp-json\/wp\/v2\/pages\/8569\/revisions\/8584"}],"wp:featuredmedia":[{"embeddable":true,"href":"https:\/\/cubaweddingpackages.com\/pt-pt\/wp-json\/wp\/v2\/media\/8551"}],"wp:attachment":[{"href":"https:\/\/cubaweddingpackages.com\/pt-pt\/wp-json\/wp\/v2\/media?parent=8569"}],"curies":[{"name":"wp","href":"https:\/\/api.w.org\/{rel}","templated":true}]}}