{"id":8606,"date":"2024-03-26T15:30:33","date_gmt":"2024-03-26T15:30:33","guid":{"rendered":"https:\/\/cubaweddingpackages.com\/?page_id=8606"},"modified":"2024-03-26T15:30:33","modified_gmt":"2024-03-26T15:30:33","slug":"lugares-perfeitos-para-o-seu-casamento-em-havana-cuba","status":"publish","type":"page","link":"https:\/\/cubaweddingpackages.com\/pt-pt\/lugares-perfeitos-para-o-seu-casamento-em-havana-cuba\/","title":{"rendered":"Lugares perfeitos para o seu casamento em Havana, Cuba"},"content":{"rendered":"<div class=\"wpb-content-wrapper\"><p>[vc_row][vc_column][vc_column_text]<\/p>\n<h2>Encontre os lugares perfeitos para o seu casamento em Havana, Cuba<\/h2>\n<p>Havana, a bela capital de Cuba, \u00e9 um lugar m\u00e1gico para celebrar o seu casamento. Com seu charme colonial, ruas de paralelep\u00edpedos e rica cultura, Havana oferece uma ampla variedade de locais adequados e servi\u00e7os de planejamento de casamentos para tornar o seu dia especial perfeito.<\/p>\n<p><a href=\"https:\/\/cubaweddingpackages.com\/pt-pt\/organizador-de-casamentos-em-cuba\/\"><img decoding=\"async\" class=\"aligncenter wp-image-8201 size-full\" src=\"http:\/\/cubaweddingpackages.com\/wp-content\/uploads\/2024\/03\/Boda-tematica.jpg\" alt=\"casamento tem\u00e1tico\" width=\"1024\" height=\"730\" srcset=\"https:\/\/cubaweddingpackages.com\/wp-content\/uploads\/2024\/03\/Boda-tematica.jpg 1024w, https:\/\/cubaweddingpackages.com\/wp-content\/uploads\/2024\/03\/Boda-tematica-300x214.jpg 300w, https:\/\/cubaweddingpackages.com\/wp-content\/uploads\/2024\/03\/Boda-tematica-768x548.jpg 768w\" sizes=\"(max-width: 1024px) 100vw, 1024px\" \/><\/a>[\/vc_column_text][vc_column_text]<\/p>\n<h2>Hot\u00e9is charmosos para casamentos inesquec\u00edveis<\/h2>\n<p>Se voc\u00ea procura um local \u00fanico e elegante para o seu casamento, os hot\u00e9is charmosos em Havana s\u00e3o uma excelente op\u00e7\u00e3o. Estes hot\u00e9is oferecem belos jardins, terra\u00e7os com vistas panor\u00e2micas e magn\u00edficos sal\u00f5es de banquetes onde poder\u00e1 realizar a sua cerim\u00f3nia e recep\u00e7\u00e3o.<\/p>\n<p>Alguns hot\u00e9is ainda oferecem a op\u00e7\u00e3o de realizar casamentos na praia, para quem sonha com um casamento rom\u00e2ntico \u00e0 beira-mar. Imagine dizer \u201csim\u201d enquanto o sol se p\u00f5e sobre o oceano e a brisa do oceano acaricia sua pele.[\/vc_column_text][vc_column_text]<\/p>\n<h2>Locais hist\u00f3ricos para um casamento com charme colonial<\/h2>\n<p>Havana est\u00e1 repleta de locais hist\u00f3ricos que podem se tornar o cen\u00e1rio perfeito para o seu casamento. Desde antigos casar\u00f5es coloniais at\u00e9 fortalezas e castelos, esses lugares ir\u00e3o transport\u00e1-lo para outra \u00e9poca e adicionar um toque de charme e eleg\u00e2ncia \u00e0 sua celebra\u00e7\u00e3o.<\/p>\n<p>Imagine se casar em uma linda igreja colonial, cercada por arquitetura antiga e jardins exuberantes. Ou talvez prefira um casamento ao ar livre nos jardins de uma antiga mans\u00e3o, rodeado de hist\u00f3ria e beleza.<\/p>\n<p><a href=\"https:\/\/cubaweddingpackages.com\/pt-pt\/organizador-de-casamentos-em-cuba\/\"><img decoding=\"async\" class=\"aligncenter wp-image-8590 size-full\" src=\"http:\/\/cubaweddingpackages.com\/wp-content\/uploads\/2024\/03\/Locaciones-de-bodas.jpg\" alt=\"locais de casamento\" width=\"589\" height=\"509\" srcset=\"https:\/\/cubaweddingpackages.com\/wp-content\/uploads\/2024\/03\/Locaciones-de-bodas.jpg 589w, https:\/\/cubaweddingpackages.com\/wp-content\/uploads\/2024\/03\/Locaciones-de-bodas-300x259.jpg 300w\" sizes=\"(max-width: 589px) 100vw, 589px\" \/><\/a>[\/vc_column_text][vc_column_text]<\/p>\n<h2>Restaurantes com cozinha requintada para um casamento gourmet<\/h2>\n<p>Se voc\u00ea \u00e9 amante da boa comida, Havana disp\u00f5e de uma ampla sele\u00e7\u00e3o de restaurantes com cozinha requintada que podem se tornar o cen\u00e1rio perfeito para o seu casamento. Estes restaurantes oferecem menus personalizados, vinhos de qualidade e um ambiente sofisticado para que voc\u00ea possa desfrutar de uma experi\u00eancia culin\u00e1ria inesquec\u00edvel no seu dia especial.<\/p>\n<p>Imagine celebrar seu casamento em um restaurante com vista para o mar, saboreando deliciosos pratos cubanos e harmoniza\u00e7\u00f5es perfeitas. Ou talvez prefira um restaurante no cora\u00e7\u00e3o da cidade, rodeado pela energia e alegria de Havana.[\/vc_column_text][vc_column_text]<\/p>\n<h2>Encontre servi\u00e7os de planejamento de casamento em Havana<\/h2>\n<p>Al\u00e9m de encontrar o local perfeito para o seu casamento em Havana, tamb\u00e9m \u00e9 importante contar com servi\u00e7os de planejamento de casamento confi\u00e1veis \u200b\u200be profissionais. Estes servi\u00e7os ir\u00e3o ajud\u00e1-lo a planear e coordenar todos os detalhes do seu casamento, para que possa desfrutar de um dia livre de stress e preocupa\u00e7\u00f5es.<\/p>\n<p>Da sele\u00e7\u00e3o de fornecedores \u00e0 decora\u00e7\u00e3o, m\u00fasica e transporte, os servi\u00e7os de organiza\u00e7\u00e3o de casamentos em Havana cuidar\u00e3o de tudo para que voc\u00ea e seus entes queridos possam desfrutar de um dia inesquec\u00edvel.<\/p>\n<p>Al\u00e9m disso, esses servi\u00e7os podem ajud\u00e1-lo a cumprir os requisitos legais e burocr\u00e1ticos para casar em Cuba, garantindo que tudo esteja em ordem e evitando contratempos.[\/vc_column_text][\/vc_column][\/vc_row]<\/p>\n<\/div>","protected":false},"excerpt":{"rendered":"<p>[vc_row][vc_column][vc_column_text] Encontre os lugares perfeitos para o seu casamento em Havana, Cuba Havana, a bela capital de Cuba, \u00e9 um [&hellip;]<\/p>\n","protected":false},"author":5,"featured_media":5323,"parent":0,"menu_order":0,"comment_status":"closed","ping_status":"closed","template":"","meta":{"_joinchat":{"telephone":"+5359160581"},"footnotes":""},"class_list":["post-8606","page","type-page","status-publish","has-post-thumbnail","hentry"],"yoast_head":"<!-- This site is optimized with the Yoast SEO plugin v27.3 - https:\/\/yoast.com\/product\/yoast-seo-wordpress\/ -->\n<title>Lugares perfeitos para o seu casamento em Havana, Cuba<\/title>\n<meta name=\"description\" content=\"Havana espera por voc\u00ea: celebre sua uni\u00e3o em hot\u00e9is com vista e restaurantes gourmet para casamentos inesquec\u00edveis. Clique aqui\" \/>\n<meta name=\"robots\" content=\"index, follow, max-snippet:-1, max-image-preview:large, max-video-preview:-1\" \/>\n<link rel=\"canonical\" href=\"https:\/\/cubaweddingpackages.com\/pt-pt\/lugares-perfeitos-para-o-seu-casamento-em-havana-cuba\/\" \/>\n<meta property=\"og:locale\" content=\"pt_PT\" \/>\n<meta property=\"og:type\" content=\"article\" \/>\n<meta property=\"og:title\" content=\"Lugares perfeitos para o seu casamento em Havana, Cuba\" \/>\n<meta property=\"og:description\" content=\"Havana espera por voc\u00ea: celebre sua uni\u00e3o em hot\u00e9is com vista e restaurantes gourmet para casamentos inesquec\u00edveis. Clique aqui\" \/>\n<meta property=\"og:url\" content=\"https:\/\/cubaweddingpackages.com\/pt-pt\/lugares-perfeitos-para-o-seu-casamento-em-havana-cuba\/\" \/>\n<meta property=\"og:site_name\" content=\"Wedding Packages in Cuba\" \/>\n<meta property=\"article:publisher\" content=\"https:\/\/www.facebook.com\/BodasEnCubaV\" \/>\n<meta property=\"og:image\" content=\"https:\/\/cubaweddingpackages.com\/wp-content\/uploads\/2023\/11\/Matrimonio-Boda-en-el-Hotel-Nacional-de-Cuba.jpg\" \/>\n\t<meta property=\"og:image:width\" content=\"1080\" \/>\n\t<meta property=\"og:image:height\" content=\"1440\" \/>\n\t<meta property=\"og:image:type\" content=\"image\/jpeg\" \/>\n<meta name=\"twitter:label1\" content=\"Tempo estimado de leitura\" \/>\n\t<meta name=\"twitter:data1\" content=\"3 minutos\" \/>\n<script type=\"application\/ld+json\" class=\"yoast-schema-graph\">{\"@context\":\"https:\\\/\\\/schema.org\",\"@graph\":[{\"@type\":\"WebPage\",\"@id\":\"https:\\\/\\\/cubaweddingpackages.com\\\/pt-pt\\\/lugares-perfeitos-para-o-seu-casamento-em-havana-cuba\\\/\",\"url\":\"https:\\\/\\\/cubaweddingpackages.com\\\/pt-pt\\\/lugares-perfeitos-para-o-seu-casamento-em-havana-cuba\\\/\",\"name\":\"Lugares perfeitos para o seu casamento em Havana, Cuba\",\"isPartOf\":{\"@id\":\"https:\\\/\\\/cubaweddingpackages.com\\\/pt-pt\\\/#website\"},\"primaryImageOfPage\":{\"@id\":\"https:\\\/\\\/cubaweddingpackages.com\\\/pt-pt\\\/lugares-perfeitos-para-o-seu-casamento-em-havana-cuba\\\/#primaryimage\"},\"image\":{\"@id\":\"https:\\\/\\\/cubaweddingpackages.com\\\/pt-pt\\\/lugares-perfeitos-para-o-seu-casamento-em-havana-cuba\\\/#primaryimage\"},\"thumbnailUrl\":\"https:\\\/\\\/cubaweddingpackages.com\\\/wp-content\\\/uploads\\\/2023\\\/11\\\/Matrimonio-Boda-en-el-Hotel-Nacional-de-Cuba.jpg\",\"datePublished\":\"2024-03-26T15:30:33+00:00\",\"description\":\"Havana espera por voc\u00ea: celebre sua uni\u00e3o em hot\u00e9is com vista e restaurantes gourmet para casamentos inesquec\u00edveis. Clique aqui\",\"breadcrumb\":{\"@id\":\"https:\\\/\\\/cubaweddingpackages.com\\\/pt-pt\\\/lugares-perfeitos-para-o-seu-casamento-em-havana-cuba\\\/#breadcrumb\"},\"inLanguage\":\"pt-PT\",\"potentialAction\":[{\"@type\":\"ReadAction\",\"target\":[\"https:\\\/\\\/cubaweddingpackages.com\\\/pt-pt\\\/lugares-perfeitos-para-o-seu-casamento-em-havana-cuba\\\/\"]}]},{\"@type\":\"ImageObject\",\"inLanguage\":\"pt-PT\",\"@id\":\"https:\\\/\\\/cubaweddingpackages.com\\\/pt-pt\\\/lugares-perfeitos-para-o-seu-casamento-em-havana-cuba\\\/#primaryimage\",\"url\":\"https:\\\/\\\/cubaweddingpackages.com\\\/wp-content\\\/uploads\\\/2023\\\/11\\\/Matrimonio-Boda-en-el-Hotel-Nacional-de-Cuba.jpg\",\"contentUrl\":\"https:\\\/\\\/cubaweddingpackages.com\\\/wp-content\\\/uploads\\\/2023\\\/11\\\/Matrimonio-Boda-en-el-Hotel-Nacional-de-Cuba.jpg\",\"width\":1080,\"height\":1440,\"caption\":\"lugares perfeitos para seu casamento\"},{\"@type\":\"BreadcrumbList\",\"@id\":\"https:\\\/\\\/cubaweddingpackages.com\\\/pt-pt\\\/lugares-perfeitos-para-o-seu-casamento-em-havana-cuba\\\/#breadcrumb\",\"itemListElement\":[{\"@type\":\"ListItem\",\"position\":1,\"name\":\"Home\",\"item\":\"https:\\\/\\\/cubaweddingpackages.com\\\/pt-pt\\\/\"},{\"@type\":\"ListItem\",\"position\":2,\"name\":\"Lugares perfeitos para o seu casamento em Havana, Cuba\"}]},{\"@type\":\"WebSite\",\"@id\":\"https:\\\/\\\/cubaweddingpackages.com\\\/pt-pt\\\/#website\",\"url\":\"https:\\\/\\\/cubaweddingpackages.com\\\/pt-pt\\\/\",\"name\":\"Wedding Packages in Cuba\",\"description\":\"Best Wedding Packages\",\"potentialAction\":[{\"@type\":\"SearchAction\",\"target\":{\"@type\":\"EntryPoint\",\"urlTemplate\":\"https:\\\/\\\/cubaweddingpackages.com\\\/pt-pt\\\/?s={search_term_string}\"},\"query-input\":{\"@type\":\"PropertyValueSpecification\",\"valueRequired\":true,\"valueName\":\"search_term_string\"}}],\"inLanguage\":\"pt-PT\"}]}<\/script>\n<!-- \/ Yoast SEO plugin. -->","yoast_head_json":{"title":"Lugares perfeitos para o seu casamento em Havana, Cuba","description":"Havana espera por voc\u00ea: celebre sua uni\u00e3o em hot\u00e9is com vista e restaurantes gourmet para casamentos inesquec\u00edveis. Clique aqui","robots":{"index":"index","follow":"follow","max-snippet":"max-snippet:-1","max-image-preview":"max-image-preview:large","max-video-preview":"max-video-preview:-1"},"canonical":"https:\/\/cubaweddingpackages.com\/pt-pt\/lugares-perfeitos-para-o-seu-casamento-em-havana-cuba\/","og_locale":"pt_PT","og_type":"article","og_title":"Lugares perfeitos para o seu casamento em Havana, Cuba","og_description":"Havana espera por voc\u00ea: celebre sua uni\u00e3o em hot\u00e9is com vista e restaurantes gourmet para casamentos inesquec\u00edveis. Clique aqui","og_url":"https:\/\/cubaweddingpackages.com\/pt-pt\/lugares-perfeitos-para-o-seu-casamento-em-havana-cuba\/","og_site_name":"Wedding Packages in Cuba","article_publisher":"https:\/\/www.facebook.com\/BodasEnCubaV","og_image":[{"width":1080,"height":1440,"url":"https:\/\/cubaweddingpackages.com\/wp-content\/uploads\/2023\/11\/Matrimonio-Boda-en-el-Hotel-Nacional-de-Cuba.jpg","type":"image\/jpeg"}],"twitter_misc":{"Tempo estimado de leitura":"3 minutos"},"schema":{"@context":"https:\/\/schema.org","@graph":[{"@type":"WebPage","@id":"https:\/\/cubaweddingpackages.com\/pt-pt\/lugares-perfeitos-para-o-seu-casamento-em-havana-cuba\/","url":"https:\/\/cubaweddingpackages.com\/pt-pt\/lugares-perfeitos-para-o-seu-casamento-em-havana-cuba\/","name":"Lugares perfeitos para o seu casamento em Havana, Cuba","isPartOf":{"@id":"https:\/\/cubaweddingpackages.com\/pt-pt\/#website"},"primaryImageOfPage":{"@id":"https:\/\/cubaweddingpackages.com\/pt-pt\/lugares-perfeitos-para-o-seu-casamento-em-havana-cuba\/#primaryimage"},"image":{"@id":"https:\/\/cubaweddingpackages.com\/pt-pt\/lugares-perfeitos-para-o-seu-casamento-em-havana-cuba\/#primaryimage"},"thumbnailUrl":"https:\/\/cubaweddingpackages.com\/wp-content\/uploads\/2023\/11\/Matrimonio-Boda-en-el-Hotel-Nacional-de-Cuba.jpg","datePublished":"2024-03-26T15:30:33+00:00","description":"Havana espera por voc\u00ea: celebre sua uni\u00e3o em hot\u00e9is com vista e restaurantes gourmet para casamentos inesquec\u00edveis. Clique aqui","breadcrumb":{"@id":"https:\/\/cubaweddingpackages.com\/pt-pt\/lugares-perfeitos-para-o-seu-casamento-em-havana-cuba\/#breadcrumb"},"inLanguage":"pt-PT","potentialAction":[{"@type":"ReadAction","target":["https:\/\/cubaweddingpackages.com\/pt-pt\/lugares-perfeitos-para-o-seu-casamento-em-havana-cuba\/"]}]},{"@type":"ImageObject","inLanguage":"pt-PT","@id":"https:\/\/cubaweddingpackages.com\/pt-pt\/lugares-perfeitos-para-o-seu-casamento-em-havana-cuba\/#primaryimage","url":"https:\/\/cubaweddingpackages.com\/wp-content\/uploads\/2023\/11\/Matrimonio-Boda-en-el-Hotel-Nacional-de-Cuba.jpg","contentUrl":"https:\/\/cubaweddingpackages.com\/wp-content\/uploads\/2023\/11\/Matrimonio-Boda-en-el-Hotel-Nacional-de-Cuba.jpg","width":1080,"height":1440,"caption":"lugares perfeitos para seu casamento"},{"@type":"BreadcrumbList","@id":"https:\/\/cubaweddingpackages.com\/pt-pt\/lugares-perfeitos-para-o-seu-casamento-em-havana-cuba\/#breadcrumb","itemListElement":[{"@type":"ListItem","position":1,"name":"Home","item":"https:\/\/cubaweddingpackages.com\/pt-pt\/"},{"@type":"ListItem","position":2,"name":"Lugares perfeitos para o seu casamento em Havana, Cuba"}]},{"@type":"WebSite","@id":"https:\/\/cubaweddingpackages.com\/pt-pt\/#website","url":"https:\/\/cubaweddingpackages.com\/pt-pt\/","name":"Wedding Packages in Cuba","description":"Best Wedding Packages","potentialAction":[{"@type":"SearchAction","target":{"@type":"EntryPoint","urlTemplate":"https:\/\/cubaweddingpackages.com\/pt-pt\/?s={search_term_string}"},"query-input":{"@type":"PropertyValueSpecification","valueRequired":true,"valueName":"search_term_string"}}],"inLanguage":"pt-PT"}]}},"_links":{"self":[{"href":"https:\/\/cubaweddingpackages.com\/pt-pt\/wp-json\/wp\/v2\/pages\/8606","targetHints":{"allow":["GET"]}}],"collection":[{"href":"https:\/\/cubaweddingpackages.com\/pt-pt\/wp-json\/wp\/v2\/pages"}],"about":[{"href":"https:\/\/cubaweddingpackages.com\/pt-pt\/wp-json\/wp\/v2\/types\/page"}],"author":[{"embeddable":true,"href":"https:\/\/cubaweddingpackages.com\/pt-pt\/wp-json\/wp\/v2\/users\/5"}],"replies":[{"embeddable":true,"href":"https:\/\/cubaweddingpackages.com\/pt-pt\/wp-json\/wp\/v2\/comments?post=8606"}],"version-history":[{"count":2,"href":"https:\/\/cubaweddingpackages.com\/pt-pt\/wp-json\/wp\/v2\/pages\/8606\/revisions"}],"predecessor-version":[{"id":8621,"href":"https:\/\/cubaweddingpackages.com\/pt-pt\/wp-json\/wp\/v2\/pages\/8606\/revisions\/8621"}],"wp:featuredmedia":[{"embeddable":true,"href":"https:\/\/cubaweddingpackages.com\/pt-pt\/wp-json\/wp\/v2\/media\/5323"}],"wp:attachment":[{"href":"https:\/\/cubaweddingpackages.com\/pt-pt\/wp-json\/wp\/v2\/media?parent=8606"}],"curies":[{"name":"wp","href":"https:\/\/api.w.org\/{rel}","templated":true}]}}