{"id":8349,"date":"2024-03-21T13:42:20","date_gmt":"2024-03-21T13:42:20","guid":{"rendered":"https:\/\/cubaweddingpackages.com\/?page_id=8349"},"modified":"2024-08-30T17:15:36","modified_gmt":"2024-08-30T17:15:36","slug":"exklusiva-och-glamorosa-brollop-i-havanna","status":"publish","type":"page","link":"https:\/\/cubaweddingpackages.com\/sv\/exklusiva-och-glamorosa-brollop-i-havanna\/","title":{"rendered":"Exklusiva och glamor\u00f6sa br\u00f6llop i Havanna"},"content":{"rendered":"<div class=\"wpb-content-wrapper\"><p>[vc_row][vc_column width=&#8221;2\/3&#8243;][vc_column_text]N\u00e4r du t\u00e4nker p\u00e5 perfekt f\u00f6r ett unikt och glamor\u00f6st br\u00f6llop, \u00e4r Havanna den perfekta platsen att fira ditt br\u00f6llop. Denna vackra kubanska stad erbjuder ett brett utbud av exklusiva br\u00f6llopsalternativ som g\u00f6r att du kan skapa of\u00f6rgl\u00f6mliga minnen.<\/p>\n<h2>Ett br\u00f6llop med Havanna-tema<\/h2>\n<p><a href=\"https:\/\/cubaweddingpackages.com\/sv\/brollopspaket-i-havanna\/\"><img decoding=\"async\" class=\"aligncenter wp-image-8278 size-full\" src=\"http:\/\/cubaweddingpackages.com\/wp-content\/uploads\/2024\/03\/Fotografos-en-Cuba.jpg\" alt=\"Br\u00f6llop med Havanna-tema\" width=\"880\" height=\"498\" srcset=\"https:\/\/cubaweddingpackages.com\/wp-content\/uploads\/2024\/03\/Fotografos-en-Cuba.jpg 880w, https:\/\/cubaweddingpackages.com\/wp-content\/uploads\/2024\/03\/Fotografos-en-Cuba-300x170.jpg 300w, https:\/\/cubaweddingpackages.com\/wp-content\/uploads\/2024\/03\/Fotografos-en-Cuba-768x435.jpg 768w\" sizes=\"(max-width: 880px) 100vw, 880px\" \/><\/a><\/p>\n<p>Ett av de mest popul\u00e4ra alternativen f\u00f6r ett exklusivt Havannabr\u00f6llop \u00e4r ett Havannatemabr\u00f6llop. Denna br\u00f6llopsstil l\u00e5ter dig f\u00f6rdjupa dig i Kubas rika kultur och traditioner samtidigt som du firar din k\u00e4rlek.<\/p>\n<p>F\u00f6rest\u00e4ll dig en utomhusceremoni, omgiven av stadens koloniala arkitektur, med levande kubansk musik och dekoration inspirerad av Havannas livfulla f\u00e4rger. Du kan inkludera f\u00f6rem\u00e5l som kubanska cigarrer, mojitos och traditionella kubanska r\u00e4tter i din meny f\u00f6r att ge ditt br\u00f6llop med Havanna-tema en autentisk touch.[\/vc_column_text][vc_column_text]<\/p>\n<h2>Traditioner och tj\u00e4nster relaterade till br\u00f6llop p\u00e5 Kuba<\/h2>\n<p>F\u00f6rutom br\u00f6llop med Havanna-tema finns det andra traditioner och tj\u00e4nster relaterade till br\u00f6llop p\u00e5 Kuba som kan g\u00f6ra ditt br\u00f6llop till en unik upplevelse.<\/p>\n<h3>levande kubansk musik<\/h3>\n<p>Musik \u00e4r en grundl\u00e4ggande del av den kubanska kulturen och kan inte saknas p\u00e5 ett br\u00f6llop i Havanna. Att anlita ett livemusikband f\u00f6r din mottagning kommer att ge ditt br\u00f6llop en festlig och glad atmosf\u00e4r. Salsa-, kubanska och rumbarytmerna f\u00e5r alla dina g\u00e4ster att dansa och njuta av festen.<\/p>\n<h3>Salsa dans<\/h3>\n<p>Om du vill \u00f6verraska dina g\u00e4ster och l\u00e4gga till en touch av kul till ditt br\u00f6llop, \u00f6verv\u00e4g att anlita proffs f\u00f6r att l\u00e4ra dina g\u00e4ster hur man dansar salsa. Oavsett om dina g\u00e4ster \u00e4r expertdansare eller nyb\u00f6rjare \u00e4r salsadans ett roligt s\u00e4tt att f\u00f6ra samman alla p\u00e5 dansgolvet.<\/p>\n<h3>Kubansk catering<\/h3>\n<p>Kubansk mat \u00e4r k\u00e4nd f\u00f6r sin smak och variation. Att inkludera traditionella kubanska r\u00e4tter i din br\u00f6llopsmeny \u00e4r ett bra s\u00e4tt att \u00f6verraska dina g\u00e4ster och ge dem en unik matupplevelse. Fr\u00e5n de ber\u00f6mda svarta b\u00f6norna och riset till den l\u00e4ckra rostade sp\u00e4dgrisen, kubansk catering kommer att gl\u00e4dja alla n\u00e4rvarande.<\/p>\n<h3>kubansk rom<\/h3>\n<p>Du kan inte fira ett br\u00f6llop i Havanna utan att sk\u00e5la med kubansk rom. Rom \u00e4r en integrerad del av den kubanska kulturen och anses vara en av de b\u00e4sta i v\u00e4rlden. Att inkludera en romstation p\u00e5 ditt br\u00f6llop, d\u00e4r g\u00e4sterna kan smaka p\u00e5 olika varianter av kubansk rom, kommer att l\u00e4gga till en touch av elegans och sofistikering till ditt firande.[\/vc_column_text][vc_column_text]<\/p>\n<h2><strong><a href=\"https:\/\/cubaweddingpackages.com\/sv\/brollopspaket-i-havanna\/\"><img decoding=\"async\" class=\"aligncenter wp-image-8323 size-full\" src=\"http:\/\/cubaweddingpackages.com\/wp-content\/uploads\/2024\/03\/Boda-tematica-1.jpg\" alt=\"br\u00f6llop med tema\" width=\"743\" height=\"494\" srcset=\"https:\/\/cubaweddingpackages.com\/wp-content\/uploads\/2024\/03\/Boda-tematica-1.jpg 743w, https:\/\/cubaweddingpackages.com\/wp-content\/uploads\/2024\/03\/Boda-tematica-1-300x199.jpg 300w\" sizes=\"(max-width: 743px) 100vw, 743px\" \/><\/a><\/strong><\/h2>\n<h2>Havanna: den perfekta destinationen f\u00f6r ditt exklusiva br\u00f6llop<\/h2>\n<p>Havanna erbjuder en unik kombination av historia, kultur och naturlig sk\u00f6nhet som g\u00f6r det till den perfekta destinationen f\u00f6r ett exklusivt och glamor\u00f6st br\u00f6llop. Fr\u00e5n den fantastiska havsutsikten till den koloniala arkitekturen och charmiga kullerstensgr\u00e4nder, erbjuder Havanna en romantisk och pittoresk milj\u00f6 f\u00f6r ditt br\u00f6llop.<\/p>\n<p>Ut\u00f6ver de tj\u00e4nster och traditioner som n\u00e4mns ovan, har Havanna ett brett utbud av lyxhotell och resorter som erbjuder exklusiva br\u00f6llopspaket. Dessa paket inkluderar br\u00f6llopsplaneringstj\u00e4nster, lyxigt boende, anpassade menyer och mycket mer.<\/p>\n<p>Om du dr\u00f6mmer om ett exklusivt och glamor\u00f6st br\u00f6llop i Havanna, tveka inte att utforska alla alternativ som denna vackra kubanska stad har att erbjuda. Fr\u00e5n br\u00f6llop med Havanna-tema till unika tj\u00e4nster och traditioner, Havanna ger dig m\u00f6jligheten att skapa ett of\u00f6rgl\u00f6mligt br\u00f6llop som speglar din stil och personlighet.<\/p>\n<h2><strong>\u00a0<\/strong><\/h2>\n<p>[\/vc_column_text][\/vc_column][vc_column width=&#8221;1\/3&#8243;][vc_wp_search][vc_wp_posts title=&#8221;Senaste inl\u00e4gg&#8221; number=&#8221;8&#8243;][\/vc_column][\/vc_row]<\/p>\n<\/div>","protected":false},"excerpt":{"rendered":"<p>[vc_row][vc_column width=&#8221;2\/3&#8243;][vc_column_text]N\u00e4r du t\u00e4nker p\u00e5 perfekt f\u00f6r ett unikt och glamor\u00f6st br\u00f6llop, \u00e4r Havanna den perfekta platsen att fira ditt [&hellip;]<\/p>\n","protected":false},"author":5,"featured_media":8340,"parent":0,"menu_order":0,"comment_status":"closed","ping_status":"closed","template":"","meta":{"_joinchat":{"telephone":"+5355396525"},"footnotes":""},"class_list":["post-8349","page","type-page","status-publish","has-post-thumbnail","hentry"],"yoast_head":"<!-- This site is optimized with the Yoast SEO plugin v27.2 - https:\/\/yoast.com\/product\/yoast-seo-wordpress\/ -->\n<title>Exklusiva och glamor\u00f6sa br\u00f6llop i Havanna<\/title>\n<meta name=\"description\" content=\"Fira ditt br\u00f6llop med stil i Havanna, d\u00e4r kultur och glamour m\u00f6ts f\u00f6r en of\u00f6rgl\u00f6mlig dag. Klicka h\u00e4r.\" \/>\n<meta name=\"robots\" content=\"index, follow, max-snippet:-1, max-image-preview:large, max-video-preview:-1\" \/>\n<link rel=\"canonical\" href=\"https:\/\/cubaweddingpackages.com\/sv\/exklusiva-och-glamorosa-brollop-i-havanna\/\" \/>\n<meta property=\"og:locale\" content=\"sv_SE\" \/>\n<meta property=\"og:type\" content=\"article\" \/>\n<meta property=\"og:title\" content=\"Exklusiva och glamor\u00f6sa br\u00f6llop i Havanna\" \/>\n<meta property=\"og:description\" content=\"Fira ditt br\u00f6llop med stil i Havanna, d\u00e4r kultur och glamour m\u00f6ts f\u00f6r en of\u00f6rgl\u00f6mlig dag. Klicka h\u00e4r.\" \/>\n<meta property=\"og:url\" content=\"https:\/\/cubaweddingpackages.com\/sv\/exklusiva-och-glamorosa-brollop-i-havanna\/\" \/>\n<meta property=\"og:site_name\" content=\"Wedding Packages in Cuba\" \/>\n<meta property=\"article:publisher\" content=\"https:\/\/www.facebook.com\/BodasEnCubaV\" \/>\n<meta property=\"article:modified_time\" content=\"2024-08-30T17:15:36+00:00\" \/>\n<meta property=\"og:image\" content=\"https:\/\/cubaweddingpackages.com\/wp-content\/uploads\/2024\/03\/Bodas-exclusivas.jpg\" \/>\n\t<meta property=\"og:image:width\" content=\"733\" \/>\n\t<meta property=\"og:image:height\" content=\"493\" \/>\n\t<meta property=\"og:image:type\" content=\"image\/jpeg\" \/>\n<meta name=\"twitter:label1\" content=\"Ber\u00e4knad l\u00e4stid\" \/>\n\t<meta name=\"twitter:data1\" content=\"3 minuter\" \/>\n<script type=\"application\/ld+json\" class=\"yoast-schema-graph\">{\"@context\":\"https:\/\/schema.org\",\"@graph\":[{\"@type\":\"WebPage\",\"@id\":\"https:\/\/cubaweddingpackages.com\/sv\/exklusiva-och-glamorosa-brollop-i-havanna\/\",\"url\":\"https:\/\/cubaweddingpackages.com\/sv\/exklusiva-och-glamorosa-brollop-i-havanna\/\",\"name\":\"Exklusiva och glamor\u00f6sa br\u00f6llop i Havanna\",\"isPartOf\":{\"@id\":\"https:\/\/cubaweddingpackages.com\/sv\/#website\"},\"primaryImageOfPage\":{\"@id\":\"https:\/\/cubaweddingpackages.com\/sv\/exklusiva-och-glamorosa-brollop-i-havanna\/#primaryimage\"},\"image\":{\"@id\":\"https:\/\/cubaweddingpackages.com\/sv\/exklusiva-och-glamorosa-brollop-i-havanna\/#primaryimage\"},\"thumbnailUrl\":\"https:\/\/cubaweddingpackages.com\/wp-content\/uploads\/2024\/03\/Bodas-exclusivas.jpg\",\"datePublished\":\"2024-03-21T13:42:20+00:00\",\"dateModified\":\"2024-08-30T17:15:36+00:00\",\"description\":\"Fira ditt br\u00f6llop med stil i Havanna, d\u00e4r kultur och glamour m\u00f6ts f\u00f6r en of\u00f6rgl\u00f6mlig dag. Klicka h\u00e4r.\",\"breadcrumb\":{\"@id\":\"https:\/\/cubaweddingpackages.com\/sv\/exklusiva-och-glamorosa-brollop-i-havanna\/#breadcrumb\"},\"inLanguage\":\"sv-SE\",\"potentialAction\":[{\"@type\":\"ReadAction\",\"target\":[\"https:\/\/cubaweddingpackages.com\/sv\/exklusiva-och-glamorosa-brollop-i-havanna\/\"]}]},{\"@type\":\"ImageObject\",\"inLanguage\":\"sv-SE\",\"@id\":\"https:\/\/cubaweddingpackages.com\/sv\/exklusiva-och-glamorosa-brollop-i-havanna\/#primaryimage\",\"url\":\"https:\/\/cubaweddingpackages.com\/wp-content\/uploads\/2024\/03\/Bodas-exclusivas.jpg\",\"contentUrl\":\"https:\/\/cubaweddingpackages.com\/wp-content\/uploads\/2024\/03\/Bodas-exclusivas.jpg\",\"width\":733,\"height\":493,\"caption\":\"Exklusiva och glamor\u00f6sa br\u00f6llop\"},{\"@type\":\"BreadcrumbList\",\"@id\":\"https:\/\/cubaweddingpackages.com\/sv\/exklusiva-och-glamorosa-brollop-i-havanna\/#breadcrumb\",\"itemListElement\":[{\"@type\":\"ListItem\",\"position\":1,\"name\":\"Home\",\"item\":\"https:\/\/cubaweddingpackages.com\/sv\/\"},{\"@type\":\"ListItem\",\"position\":2,\"name\":\"Exklusiva och glamor\u00f6sa br\u00f6llop i Havanna\"}]},{\"@type\":\"WebSite\",\"@id\":\"https:\/\/cubaweddingpackages.com\/sv\/#website\",\"url\":\"https:\/\/cubaweddingpackages.com\/sv\/\",\"name\":\"Wedding Packages in Cuba\",\"description\":\"Best Wedding Packages\",\"potentialAction\":[{\"@type\":\"SearchAction\",\"target\":{\"@type\":\"EntryPoint\",\"urlTemplate\":\"https:\/\/cubaweddingpackages.com\/sv\/?s={search_term_string}\"},\"query-input\":{\"@type\":\"PropertyValueSpecification\",\"valueRequired\":true,\"valueName\":\"search_term_string\"}}],\"inLanguage\":\"sv-SE\"}]}<\/script>\n<!-- \/ Yoast SEO plugin. -->","yoast_head_json":{"title":"Exklusiva och glamor\u00f6sa br\u00f6llop i Havanna","description":"Fira ditt br\u00f6llop med stil i Havanna, d\u00e4r kultur och glamour m\u00f6ts f\u00f6r en of\u00f6rgl\u00f6mlig dag. Klicka h\u00e4r.","robots":{"index":"index","follow":"follow","max-snippet":"max-snippet:-1","max-image-preview":"max-image-preview:large","max-video-preview":"max-video-preview:-1"},"canonical":"https:\/\/cubaweddingpackages.com\/sv\/exklusiva-och-glamorosa-brollop-i-havanna\/","og_locale":"sv_SE","og_type":"article","og_title":"Exklusiva och glamor\u00f6sa br\u00f6llop i Havanna","og_description":"Fira ditt br\u00f6llop med stil i Havanna, d\u00e4r kultur och glamour m\u00f6ts f\u00f6r en of\u00f6rgl\u00f6mlig dag. Klicka h\u00e4r.","og_url":"https:\/\/cubaweddingpackages.com\/sv\/exklusiva-och-glamorosa-brollop-i-havanna\/","og_site_name":"Wedding Packages in Cuba","article_publisher":"https:\/\/www.facebook.com\/BodasEnCubaV","article_modified_time":"2024-08-30T17:15:36+00:00","og_image":[{"width":733,"height":493,"url":"https:\/\/cubaweddingpackages.com\/wp-content\/uploads\/2024\/03\/Bodas-exclusivas.jpg","type":"image\/jpeg"}],"twitter_misc":{"Ber\u00e4knad l\u00e4stid":"3 minuter"},"schema":{"@context":"https:\/\/schema.org","@graph":[{"@type":"WebPage","@id":"https:\/\/cubaweddingpackages.com\/sv\/exklusiva-och-glamorosa-brollop-i-havanna\/","url":"https:\/\/cubaweddingpackages.com\/sv\/exklusiva-och-glamorosa-brollop-i-havanna\/","name":"Exklusiva och glamor\u00f6sa br\u00f6llop i Havanna","isPartOf":{"@id":"https:\/\/cubaweddingpackages.com\/sv\/#website"},"primaryImageOfPage":{"@id":"https:\/\/cubaweddingpackages.com\/sv\/exklusiva-och-glamorosa-brollop-i-havanna\/#primaryimage"},"image":{"@id":"https:\/\/cubaweddingpackages.com\/sv\/exklusiva-och-glamorosa-brollop-i-havanna\/#primaryimage"},"thumbnailUrl":"https:\/\/cubaweddingpackages.com\/wp-content\/uploads\/2024\/03\/Bodas-exclusivas.jpg","datePublished":"2024-03-21T13:42:20+00:00","dateModified":"2024-08-30T17:15:36+00:00","description":"Fira ditt br\u00f6llop med stil i Havanna, d\u00e4r kultur och glamour m\u00f6ts f\u00f6r en of\u00f6rgl\u00f6mlig dag. Klicka h\u00e4r.","breadcrumb":{"@id":"https:\/\/cubaweddingpackages.com\/sv\/exklusiva-och-glamorosa-brollop-i-havanna\/#breadcrumb"},"inLanguage":"sv-SE","potentialAction":[{"@type":"ReadAction","target":["https:\/\/cubaweddingpackages.com\/sv\/exklusiva-och-glamorosa-brollop-i-havanna\/"]}]},{"@type":"ImageObject","inLanguage":"sv-SE","@id":"https:\/\/cubaweddingpackages.com\/sv\/exklusiva-och-glamorosa-brollop-i-havanna\/#primaryimage","url":"https:\/\/cubaweddingpackages.com\/wp-content\/uploads\/2024\/03\/Bodas-exclusivas.jpg","contentUrl":"https:\/\/cubaweddingpackages.com\/wp-content\/uploads\/2024\/03\/Bodas-exclusivas.jpg","width":733,"height":493,"caption":"Exklusiva och glamor\u00f6sa br\u00f6llop"},{"@type":"BreadcrumbList","@id":"https:\/\/cubaweddingpackages.com\/sv\/exklusiva-och-glamorosa-brollop-i-havanna\/#breadcrumb","itemListElement":[{"@type":"ListItem","position":1,"name":"Home","item":"https:\/\/cubaweddingpackages.com\/sv\/"},{"@type":"ListItem","position":2,"name":"Exklusiva och glamor\u00f6sa br\u00f6llop i Havanna"}]},{"@type":"WebSite","@id":"https:\/\/cubaweddingpackages.com\/sv\/#website","url":"https:\/\/cubaweddingpackages.com\/sv\/","name":"Wedding Packages in Cuba","description":"Best Wedding Packages","potentialAction":[{"@type":"SearchAction","target":{"@type":"EntryPoint","urlTemplate":"https:\/\/cubaweddingpackages.com\/sv\/?s={search_term_string}"},"query-input":{"@type":"PropertyValueSpecification","valueRequired":true,"valueName":"search_term_string"}}],"inLanguage":"sv-SE"}]}},"_links":{"self":[{"href":"https:\/\/cubaweddingpackages.com\/sv\/wp-json\/wp\/v2\/pages\/8349","targetHints":{"allow":["GET"]}}],"collection":[{"href":"https:\/\/cubaweddingpackages.com\/sv\/wp-json\/wp\/v2\/pages"}],"about":[{"href":"https:\/\/cubaweddingpackages.com\/sv\/wp-json\/wp\/v2\/types\/page"}],"author":[{"embeddable":true,"href":"https:\/\/cubaweddingpackages.com\/sv\/wp-json\/wp\/v2\/users\/5"}],"replies":[{"embeddable":true,"href":"https:\/\/cubaweddingpackages.com\/sv\/wp-json\/wp\/v2\/comments?post=8349"}],"version-history":[{"count":2,"href":"https:\/\/cubaweddingpackages.com\/sv\/wp-json\/wp\/v2\/pages\/8349\/revisions"}],"predecessor-version":[{"id":11034,"href":"https:\/\/cubaweddingpackages.com\/sv\/wp-json\/wp\/v2\/pages\/8349\/revisions\/11034"}],"wp:featuredmedia":[{"embeddable":true,"href":"https:\/\/cubaweddingpackages.com\/sv\/wp-json\/wp\/v2\/media\/8340"}],"wp:attachment":[{"href":"https:\/\/cubaweddingpackages.com\/sv\/wp-json\/wp\/v2\/media?parent=8349"}],"curies":[{"name":"wp","href":"https:\/\/api.w.org\/{rel}","templated":true}]}}