{"id":8377,"date":"2024-03-21T15:09:42","date_gmt":"2024-03-21T15:09:42","guid":{"rendered":"https:\/\/cubaweddingpackages.com\/?page_id=8377"},"modified":"2024-12-27T04:43:57","modified_gmt":"2024-12-27T04:43:57","slug":"att-gifta-sig-i-havanna-en-guide-for-spanska-medborgare-och-blandade-par","status":"publish","type":"page","link":"https:\/\/cubaweddingpackages.com\/sv\/att-gifta-sig-i-havanna-en-guide-for-spanska-medborgare-och-blandade-par\/","title":{"rendered":"Att gifta sig i Havanna: En guide f\u00f6r spanska medborgare och blandade par"},"content":{"rendered":"<div class=\"wpb-content-wrapper\"><p>[vc_row][vc_column width=&#8221;2\/3&#8243;][vc_column_text]V\u00e4lkommen till v\u00e5r guide om hur man har ett lagligt \u00e4ktenskap i Havanna, speciellt riktad till spanska medborgare och blandade par. Kubas huvudstad \u00e4r en magisk och romantisk plats att fira br\u00f6llop p\u00e5. Oavsett om du planerar att gifta dig med en kubansk man eller kvinna, eller om du \u00e4r spansk och vill gifta dig p\u00e5 denna vackra destination, h\u00e4r hittar du all information du beh\u00f6ver f\u00f6r att g\u00f6ra det lagligt.<\/p>\n<h2>Krav f\u00f6r att gifta sig i Havanna<\/h2>\n<p>Innan du b\u00f6rjar planera ditt br\u00f6llop i Havanna \u00e4r det viktigt att k\u00e4nna till de juridiska kraven f\u00f6r att gifta dig p\u00e5 Kuba. Nedan presenterar vi de allm\u00e4nna kraven f\u00f6r spanska medborgare och f\u00f6r blandade par:<\/p>\n<p><a href=\"https:\/\/cubaweddingpackages.com\/sv\/brollopsplanerare-pa-kuba\/\"><img decoding=\"async\" class=\"aligncenter wp-image-8201 size-full\" src=\"http:\/\/cubaweddingpackages.com\/wp-content\/uploads\/2024\/03\/Boda-tematica.jpg\" alt=\"br\u00f6llop med tema\" width=\"1024\" height=\"730\" srcset=\"https:\/\/cubaweddingpackages.com\/wp-content\/uploads\/2024\/03\/Boda-tematica.jpg 1024w, https:\/\/cubaweddingpackages.com\/wp-content\/uploads\/2024\/03\/Boda-tematica-300x214.jpg 300w, https:\/\/cubaweddingpackages.com\/wp-content\/uploads\/2024\/03\/Boda-tematica-768x548.jpg 768w\" sizes=\"(max-width: 1024px) 100vw, 1024px\" \/><\/a>[\/vc_column_text][vc_column_text]<\/p>\n<h3>Krav f\u00f6r spanska medborgare<\/h3>\n<p>Om du \u00e4r spansk medborgare och vill gifta dig i Havanna m\u00e5ste du ta h\u00e4nsyn till f\u00f6ljande krav:<\/p>\n<ul>\n<li>Du m\u00e5ste vara \u00f6ver 18 \u00e5r. Om du \u00e4r under 18 \u00e5r beh\u00f6ver du samtycke fr\u00e5n dina f\u00f6r\u00e4ldrar eller v\u00e5rdnadshavare.<\/li>\n<li>Du m\u00e5ste uppvisa ett giltigt och aktuellt pass.<\/li>\n<li>Du m\u00e5ste skaffa ett intyg om \u00e4ktenskapsf\u00f6rm\u00e5ga utf\u00e4rdat av det spanska konsulatet i Havanna. Detta intyg intygar att du inte har n\u00e5gra juridiska hinder f\u00f6r att gifta dig.<\/li>\n<li>Du m\u00e5ste uppvisa ett f\u00f6delsebevis, \u00f6versatt till spanska av en officiell \u00f6vers\u00e4ttare.<\/li>\n<li>Du m\u00e5ste uppvisa \u00e4ktenskapsskillnad eller d\u00f6dsattest om du varit gift tidigare.<\/li>\n<li>Du m\u00e5ste uppvisa ett folkbokf\u00f6rings- eller bos\u00e4ttningsbevis.<\/li>\n<\/ul>\n<p>Det \u00e4r viktigt att notera att dessa krav kan variera, s\u00e5 vi rekommenderar att du kontaktar det spanska konsulatet i Havanna f\u00f6r att f\u00e5 den senaste informationen.[\/vc_column_text][vc_column_text]<\/p>\n<h3>Krav f\u00f6r blandade par<\/h3>\n<p>Om du vill gifta dig med en kubansk man eller kvinna i Havanna kan kraven vara annorlunda. H\u00e4r presenterar vi n\u00e5gra av de vanligaste kraven:<\/p>\n<ul>\n<li>Du m\u00e5ste uppvisa ett giltigt och aktuellt pass.<\/li>\n<li>Du m\u00e5ste skaffa ett intyg om \u00e4ktenskapsf\u00f6rm\u00e5ga utf\u00e4rdat av din ambassad eller konsulat i Havanna. Detta intyg intygar att du inte har n\u00e5gra juridiska hinder f\u00f6r att gifta dig.<\/li>\n<li>Du m\u00e5ste uppvisa ett f\u00f6delsebevis, \u00f6versatt till spanska av en officiell \u00f6vers\u00e4ttare.<\/li>\n<li>Du m\u00e5ste visa upp ett \u00e4ktenskapsskillnad eller d\u00f6dsbevis om du tidigare varit gift.<\/li>\n<li>Du m\u00e5ste uppvisa ett folkbokf\u00f6rings- eller bos\u00e4ttningsbevis.<\/li>\n<li>En intyg om singelstatus kan kr\u00e4vas.<\/li>\n<\/ul>\n<p>Kom ih\u00e5g att dessa krav kan variera beroende p\u00e5 din nationalitet och din partners, s\u00e5 vi rekommenderar att du kontaktar din ambassad eller konsulat i Havanna f\u00f6r att f\u00e5 detaljerad och uppdaterad information.[\/vc_column_text][vc_column_text]<\/p>\n<h2><strong><a href=\"https:\/\/cubaweddingpackages.com\/sv\/brollopsplanerare-pa-kuba\/\"><img decoding=\"async\" class=\"aligncenter wp-image-8165 size-full\" src=\"http:\/\/cubaweddingpackages.com\/wp-content\/uploads\/2024\/03\/Boda-tema-habana.jpg\" alt=\"Havanna-tema br\u00f6llop\" width=\"1024\" height=\"730\" srcset=\"https:\/\/cubaweddingpackages.com\/wp-content\/uploads\/2024\/03\/Boda-tema-habana.jpg 1024w, https:\/\/cubaweddingpackages.com\/wp-content\/uploads\/2024\/03\/Boda-tema-habana-300x214.jpg 300w, https:\/\/cubaweddingpackages.com\/wp-content\/uploads\/2024\/03\/Boda-tema-habana-768x548.jpg 768w\" sizes=\"(max-width: 1024px) 100vw, 1024px\" \/><\/a><\/strong><\/h2>\n<h2>\u00c4ktenskapsprocessen i Havanna<\/h2>\n<p>N\u00e4r du v\u00e4l har uppfyllt lagkraven kan \u00e4ktenskapsprocessen i Havanna variera beroende p\u00e5 var du best\u00e4mmer dig f\u00f6r att gifta dig. H\u00e4r presenterar vi de allm\u00e4nna stegen f\u00f6r att gifta sig i Havanna:<\/p>\n<ol>\n<li>V\u00e4lj din br\u00f6llopsplats: Havanna erbjuder ett brett utbud av alternativ, fr\u00e5n vackra str\u00e4nder till charmiga koloniala kyrkor.<\/li>\n<li>Boka datum och lokal: N\u00e4r du v\u00e4l har valt lokal, se till att boka datum och lokal i god tid.<\/li>\n<li>Skaffa n\u00f6dv\u00e4ndigt tillst\u00e5nd: Beroende p\u00e5 platsen f\u00f6r ceremonin kan du beh\u00f6va skaffa s\u00e4rskilt tillst\u00e5nd.<\/li>\n<li>Hitta en \u00e4ktenskapsf\u00f6rr\u00e4ttare: Du m\u00e5ste hitta en \u00e4ktenskapstj\u00e4nsteman som \u00e4r beh\u00f6rig att utf\u00f6ra ceremonin.<\/li>\n<li>Utf\u00f6r ceremonin: Det \u00e4r den stora dagen! Njut av ditt br\u00f6llop i Havanna och fira k\u00e4rleken.<\/li>\n<li>Registrera ditt \u00e4ktenskap: Efter ceremonin, se till att registrera ditt \u00e4ktenskap hos de kubanska myndigheterna och, om till\u00e4mpligt, i ditt hemland.<\/li>\n<\/ol>\n<p>Kom ih\u00e5g att dessa steg endast \u00e4r en allm\u00e4n guide och kan variera beroende p\u00e5 dina behov och preferenser. Vi rekommenderar att du r\u00e5dg\u00f6r med de kubanska myndigheterna och din ambassad eller konsulat f\u00f6r mer detaljerad och uppdaterad information.<\/p>\n<h2><strong>\u00a0<\/strong><\/h2>\n<p>[\/vc_column_text][vc_column_text]<\/p>\n<h2>Njut av ditt br\u00f6llop i Havanna<\/h2>\n<p>Havanna \u00e4r en magisk och charmig plats att fira ditt br\u00f6llop p\u00e5. Ut\u00f6ver de juridiska kraven och \u00e4ktenskapsprocessen rekommenderar vi att du g\u00f6r det b\u00e4sta av din vistelse i Havanna. H\u00e4r kan du njuta av vackra str\u00e4nder, uts\u00f6kt kubansk mat, livlig musik och en rik och m\u00e5ngsidig kultur.<\/p>\n<p>Gl\u00f6m inte att ta med dig alla n\u00f6dv\u00e4ndiga dokument, inklusive intyg och \u00f6vers\u00e4ttningar! Det \u00e4r ocks\u00e5 l\u00e4mpligt att f\u00e5 r\u00e5d fr\u00e5n en advokat eller expert p\u00e5 internationella \u00e4ktenskapslagar f\u00f6r att s\u00e4kerst\u00e4lla att allt g\u00f6rs korrekt och lagligt.<\/p>\n<p>Att gifta sig i Havanna kan vara en of\u00f6rgl\u00f6mlig upplevelse f\u00f6r spanska medborgare och blandade par. Genom att k\u00e4nna till de juridiska kraven och f\u00f6lja den korrekta processen kan du fira din k\u00e4rlek p\u00e5 en av de mest romantiska destinationerna i v\u00e4rlden. Grattis och ha ett underbart br\u00f6llop i Havanna![\/vc_column_text][\/vc_column][vc_column width=&#8221;1\/3&#8243;][vc_wp_search][vc_wp_posts title=&#8221;Senaste inl\u00e4gg&#8221; number=&#8221;8&#8243;][\/vc_column][\/vc_row][vc_row][vc_column][vc_row_inner][vc_column_inner][vc_posts_slider count=&#8221;8&#8243; interval=&#8221;10&#8243; slides_content=&#8221;teaser&#8221; slides_title=&#8221;1&#8243; thumb_size=&#8221;large&#8221; posttypes=&#8221;page&#8221;][\/vc_column_inner][\/vc_row_inner][\/vc_column][\/vc_row]<\/p>\n<\/div>","protected":false},"excerpt":{"rendered":"<p>[vc_row][vc_column width=&#8221;2\/3&#8243;][vc_column_text]V\u00e4lkommen till v\u00e5r guide om hur man har ett lagligt \u00e4ktenskap i Havanna, speciellt riktad till spanska medborgare och [&hellip;]<\/p>\n","protected":false},"author":5,"featured_media":8367,"parent":0,"menu_order":0,"comment_status":"closed","ping_status":"closed","template":"","meta":{"_joinchat":[],"footnotes":""},"class_list":["post-8377","page","type-page","status-publish","has-post-thumbnail","hentry"],"yoast_head":"<!-- This site is optimized with the Yoast SEO plugin v27.3 - https:\/\/yoast.com\/product\/yoast-seo-wordpress\/ -->\n<title>Att gifta sig i Havanna: En guide f\u00f6r spanska medborgare och blandade par<\/title>\n<meta name=\"description\" content=\"Uppt\u00e4ck charmen med ett br\u00f6llop i Havanna. Komplett juridisk information f\u00f6r spanjorer och internationella par\" \/>\n<meta name=\"robots\" content=\"index, follow, max-snippet:-1, max-image-preview:large, max-video-preview:-1\" \/>\n<link rel=\"canonical\" href=\"https:\/\/cubaweddingpackages.com\/sv\/att-gifta-sig-i-havanna-en-guide-for-spanska-medborgare-och-blandade-par\/\" \/>\n<meta property=\"og:locale\" content=\"sv_SE\" \/>\n<meta property=\"og:type\" content=\"article\" \/>\n<meta property=\"og:title\" content=\"Att gifta sig i Havanna: En guide f\u00f6r spanska medborgare och blandade par\" \/>\n<meta property=\"og:description\" content=\"Uppt\u00e4ck charmen med ett br\u00f6llop i Havanna. Komplett juridisk information f\u00f6r spanjorer och internationella par\" \/>\n<meta property=\"og:url\" content=\"https:\/\/cubaweddingpackages.com\/sv\/att-gifta-sig-i-havanna-en-guide-for-spanska-medborgare-och-blandade-par\/\" \/>\n<meta property=\"og:site_name\" content=\"Wedding Packages in Cuba\" \/>\n<meta property=\"article:publisher\" content=\"https:\/\/www.facebook.com\/BodasEnCubaV\" \/>\n<meta property=\"article:modified_time\" content=\"2024-12-27T04:43:57+00:00\" \/>\n<meta property=\"og:image\" content=\"https:\/\/cubaweddingpackages.com\/wp-content\/uploads\/2024\/03\/Casarse-en-La-habana.jpg\" \/>\n\t<meta property=\"og:image:width\" content=\"740\" \/>\n\t<meta property=\"og:image:height\" content=\"482\" \/>\n\t<meta property=\"og:image:type\" content=\"image\/jpeg\" \/>\n<meta name=\"twitter:label1\" content=\"Ber\u00e4knad l\u00e4stid\" \/>\n\t<meta name=\"twitter:data1\" content=\"4 minuter\" \/>\n<script type=\"application\/ld+json\" class=\"yoast-schema-graph\">{\"@context\":\"https:\\\/\\\/schema.org\",\"@graph\":[{\"@type\":\"WebPage\",\"@id\":\"https:\\\/\\\/cubaweddingpackages.com\\\/sv\\\/att-gifta-sig-i-havanna-en-guide-for-spanska-medborgare-och-blandade-par\\\/\",\"url\":\"https:\\\/\\\/cubaweddingpackages.com\\\/sv\\\/att-gifta-sig-i-havanna-en-guide-for-spanska-medborgare-och-blandade-par\\\/\",\"name\":\"Att gifta sig i Havanna: En guide f\u00f6r spanska medborgare och blandade par\",\"isPartOf\":{\"@id\":\"https:\\\/\\\/cubaweddingpackages.com\\\/sv\\\/#website\"},\"primaryImageOfPage\":{\"@id\":\"https:\\\/\\\/cubaweddingpackages.com\\\/sv\\\/att-gifta-sig-i-havanna-en-guide-for-spanska-medborgare-och-blandade-par\\\/#primaryimage\"},\"image\":{\"@id\":\"https:\\\/\\\/cubaweddingpackages.com\\\/sv\\\/att-gifta-sig-i-havanna-en-guide-for-spanska-medborgare-och-blandade-par\\\/#primaryimage\"},\"thumbnailUrl\":\"https:\\\/\\\/cubaweddingpackages.com\\\/wp-content\\\/uploads\\\/2024\\\/03\\\/Casarse-en-La-habana.jpg\",\"datePublished\":\"2024-03-21T15:09:42+00:00\",\"dateModified\":\"2024-12-27T04:43:57+00:00\",\"description\":\"Uppt\u00e4ck charmen med ett br\u00f6llop i Havanna. Komplett juridisk information f\u00f6r spanjorer och internationella par\",\"breadcrumb\":{\"@id\":\"https:\\\/\\\/cubaweddingpackages.com\\\/sv\\\/att-gifta-sig-i-havanna-en-guide-for-spanska-medborgare-och-blandade-par\\\/#breadcrumb\"},\"inLanguage\":\"sv-SE\",\"potentialAction\":[{\"@type\":\"ReadAction\",\"target\":[\"https:\\\/\\\/cubaweddingpackages.com\\\/sv\\\/att-gifta-sig-i-havanna-en-guide-for-spanska-medborgare-och-blandade-par\\\/\"]}]},{\"@type\":\"ImageObject\",\"inLanguage\":\"sv-SE\",\"@id\":\"https:\\\/\\\/cubaweddingpackages.com\\\/sv\\\/att-gifta-sig-i-havanna-en-guide-for-spanska-medborgare-och-blandade-par\\\/#primaryimage\",\"url\":\"https:\\\/\\\/cubaweddingpackages.com\\\/wp-content\\\/uploads\\\/2024\\\/03\\\/Casarse-en-La-habana.jpg\",\"contentUrl\":\"https:\\\/\\\/cubaweddingpackages.com\\\/wp-content\\\/uploads\\\/2024\\\/03\\\/Casarse-en-La-habana.jpg\",\"width\":740,\"height\":482,\"caption\":\"Smekm\u00e5nad p\u00e5 Kuba\"},{\"@type\":\"BreadcrumbList\",\"@id\":\"https:\\\/\\\/cubaweddingpackages.com\\\/sv\\\/att-gifta-sig-i-havanna-en-guide-for-spanska-medborgare-och-blandade-par\\\/#breadcrumb\",\"itemListElement\":[{\"@type\":\"ListItem\",\"position\":1,\"name\":\"Home\",\"item\":\"https:\\\/\\\/cubaweddingpackages.com\\\/sv\\\/\"},{\"@type\":\"ListItem\",\"position\":2,\"name\":\"Att gifta sig i Havanna: En guide f\u00f6r spanska medborgare och blandade par\"}]},{\"@type\":\"WebSite\",\"@id\":\"https:\\\/\\\/cubaweddingpackages.com\\\/sv\\\/#website\",\"url\":\"https:\\\/\\\/cubaweddingpackages.com\\\/sv\\\/\",\"name\":\"Wedding Packages in Cuba\",\"description\":\"Best Wedding Packages\",\"potentialAction\":[{\"@type\":\"SearchAction\",\"target\":{\"@type\":\"EntryPoint\",\"urlTemplate\":\"https:\\\/\\\/cubaweddingpackages.com\\\/sv\\\/?s={search_term_string}\"},\"query-input\":{\"@type\":\"PropertyValueSpecification\",\"valueRequired\":true,\"valueName\":\"search_term_string\"}}],\"inLanguage\":\"sv-SE\"}]}<\/script>\n<!-- \/ Yoast SEO plugin. -->","yoast_head_json":{"title":"Att gifta sig i Havanna: En guide f\u00f6r spanska medborgare och blandade par","description":"Uppt\u00e4ck charmen med ett br\u00f6llop i Havanna. Komplett juridisk information f\u00f6r spanjorer och internationella par","robots":{"index":"index","follow":"follow","max-snippet":"max-snippet:-1","max-image-preview":"max-image-preview:large","max-video-preview":"max-video-preview:-1"},"canonical":"https:\/\/cubaweddingpackages.com\/sv\/att-gifta-sig-i-havanna-en-guide-for-spanska-medborgare-och-blandade-par\/","og_locale":"sv_SE","og_type":"article","og_title":"Att gifta sig i Havanna: En guide f\u00f6r spanska medborgare och blandade par","og_description":"Uppt\u00e4ck charmen med ett br\u00f6llop i Havanna. Komplett juridisk information f\u00f6r spanjorer och internationella par","og_url":"https:\/\/cubaweddingpackages.com\/sv\/att-gifta-sig-i-havanna-en-guide-for-spanska-medborgare-och-blandade-par\/","og_site_name":"Wedding Packages in Cuba","article_publisher":"https:\/\/www.facebook.com\/BodasEnCubaV","article_modified_time":"2024-12-27T04:43:57+00:00","og_image":[{"width":740,"height":482,"url":"https:\/\/cubaweddingpackages.com\/wp-content\/uploads\/2024\/03\/Casarse-en-La-habana.jpg","type":"image\/jpeg"}],"twitter_misc":{"Ber\u00e4knad l\u00e4stid":"4 minuter"},"schema":{"@context":"https:\/\/schema.org","@graph":[{"@type":"WebPage","@id":"https:\/\/cubaweddingpackages.com\/sv\/att-gifta-sig-i-havanna-en-guide-for-spanska-medborgare-och-blandade-par\/","url":"https:\/\/cubaweddingpackages.com\/sv\/att-gifta-sig-i-havanna-en-guide-for-spanska-medborgare-och-blandade-par\/","name":"Att gifta sig i Havanna: En guide f\u00f6r spanska medborgare och blandade par","isPartOf":{"@id":"https:\/\/cubaweddingpackages.com\/sv\/#website"},"primaryImageOfPage":{"@id":"https:\/\/cubaweddingpackages.com\/sv\/att-gifta-sig-i-havanna-en-guide-for-spanska-medborgare-och-blandade-par\/#primaryimage"},"image":{"@id":"https:\/\/cubaweddingpackages.com\/sv\/att-gifta-sig-i-havanna-en-guide-for-spanska-medborgare-och-blandade-par\/#primaryimage"},"thumbnailUrl":"https:\/\/cubaweddingpackages.com\/wp-content\/uploads\/2024\/03\/Casarse-en-La-habana.jpg","datePublished":"2024-03-21T15:09:42+00:00","dateModified":"2024-12-27T04:43:57+00:00","description":"Uppt\u00e4ck charmen med ett br\u00f6llop i Havanna. Komplett juridisk information f\u00f6r spanjorer och internationella par","breadcrumb":{"@id":"https:\/\/cubaweddingpackages.com\/sv\/att-gifta-sig-i-havanna-en-guide-for-spanska-medborgare-och-blandade-par\/#breadcrumb"},"inLanguage":"sv-SE","potentialAction":[{"@type":"ReadAction","target":["https:\/\/cubaweddingpackages.com\/sv\/att-gifta-sig-i-havanna-en-guide-for-spanska-medborgare-och-blandade-par\/"]}]},{"@type":"ImageObject","inLanguage":"sv-SE","@id":"https:\/\/cubaweddingpackages.com\/sv\/att-gifta-sig-i-havanna-en-guide-for-spanska-medborgare-och-blandade-par\/#primaryimage","url":"https:\/\/cubaweddingpackages.com\/wp-content\/uploads\/2024\/03\/Casarse-en-La-habana.jpg","contentUrl":"https:\/\/cubaweddingpackages.com\/wp-content\/uploads\/2024\/03\/Casarse-en-La-habana.jpg","width":740,"height":482,"caption":"Smekm\u00e5nad p\u00e5 Kuba"},{"@type":"BreadcrumbList","@id":"https:\/\/cubaweddingpackages.com\/sv\/att-gifta-sig-i-havanna-en-guide-for-spanska-medborgare-och-blandade-par\/#breadcrumb","itemListElement":[{"@type":"ListItem","position":1,"name":"Home","item":"https:\/\/cubaweddingpackages.com\/sv\/"},{"@type":"ListItem","position":2,"name":"Att gifta sig i Havanna: En guide f\u00f6r spanska medborgare och blandade par"}]},{"@type":"WebSite","@id":"https:\/\/cubaweddingpackages.com\/sv\/#website","url":"https:\/\/cubaweddingpackages.com\/sv\/","name":"Wedding Packages in Cuba","description":"Best Wedding Packages","potentialAction":[{"@type":"SearchAction","target":{"@type":"EntryPoint","urlTemplate":"https:\/\/cubaweddingpackages.com\/sv\/?s={search_term_string}"},"query-input":{"@type":"PropertyValueSpecification","valueRequired":true,"valueName":"search_term_string"}}],"inLanguage":"sv-SE"}]}},"_links":{"self":[{"href":"https:\/\/cubaweddingpackages.com\/sv\/wp-json\/wp\/v2\/pages\/8377","targetHints":{"allow":["GET"]}}],"collection":[{"href":"https:\/\/cubaweddingpackages.com\/sv\/wp-json\/wp\/v2\/pages"}],"about":[{"href":"https:\/\/cubaweddingpackages.com\/sv\/wp-json\/wp\/v2\/types\/page"}],"author":[{"embeddable":true,"href":"https:\/\/cubaweddingpackages.com\/sv\/wp-json\/wp\/v2\/users\/5"}],"replies":[{"embeddable":true,"href":"https:\/\/cubaweddingpackages.com\/sv\/wp-json\/wp\/v2\/comments?post=8377"}],"version-history":[{"count":3,"href":"https:\/\/cubaweddingpackages.com\/sv\/wp-json\/wp\/v2\/pages\/8377\/revisions"}],"predecessor-version":[{"id":11469,"href":"https:\/\/cubaweddingpackages.com\/sv\/wp-json\/wp\/v2\/pages\/8377\/revisions\/11469"}],"wp:featuredmedia":[{"embeddable":true,"href":"https:\/\/cubaweddingpackages.com\/sv\/wp-json\/wp\/v2\/media\/8367"}],"wp:attachment":[{"href":"https:\/\/cubaweddingpackages.com\/sv\/wp-json\/wp\/v2\/media?parent=8377"}],"curies":[{"name":"wp","href":"https:\/\/api.w.org\/{rel}","templated":true}]}}