{"id":8426,"date":"2024-03-21T20:03:00","date_gmt":"2024-03-21T20:03:00","guid":{"rendered":"https:\/\/cubaweddingpackages.com\/?page_id=8426"},"modified":"2024-03-21T20:03:00","modified_gmt":"2024-03-21T20:03:00","slug":"brollopsplanering-i-havanna-kuba","status":"publish","type":"page","link":"https:\/\/cubaweddingpackages.com\/sv\/brollopsplanering-i-havanna-kuba\/","title":{"rendered":"Br\u00f6llopsplanering i Havanna, Kuba"},"content":{"rendered":"<div class=\"wpb-content-wrapper\"><p>[vc_row][vc_column][vc_column_text]Om du letar efter det perfekta st\u00e4llet att fira ditt br\u00f6llop i Havanna, Kuba, har du kommit till r\u00e4tt st\u00e4lle. Oavsett om du vill ha en komplett evenemangsplaneringstj\u00e4nst eller helt enkelt letar efter en l\u00e4mplig ceremoni och mottagningslokal, h\u00e4r hittar du alla alternativ du beh\u00f6ver f\u00f6r att g\u00f6ra din speciella dag of\u00f6rgl\u00f6mlig.<\/p>\n<h2><strong><a href=\"https:\/\/cubaweddingpackages.com\/sv\/brollopsplanerare-pa-kuba\/\"><img decoding=\"async\" class=\"aligncenter wp-image-8405 size-full\" src=\"http:\/\/cubaweddingpackages.com\/wp-content\/uploads\/2024\/03\/Servicio-de-planificacion-de-bodas.jpg\" alt=\"Br\u00f6llopsplaneringstj\u00e4nst\" width=\"744\" height=\"498\" srcset=\"https:\/\/cubaweddingpackages.com\/wp-content\/uploads\/2024\/03\/Servicio-de-planificacion-de-bodas.jpg 744w, https:\/\/cubaweddingpackages.com\/wp-content\/uploads\/2024\/03\/Servicio-de-planificacion-de-bodas-300x201.jpg 300w\" sizes=\"(max-width: 744px) 100vw, 744px\" \/><\/a><\/strong><\/h2>\n<h2>Full service br\u00f6llopsplanering<\/h2>\n<p>Om du f\u00f6redrar att l\u00e4mna alla detaljer i h\u00e4nderna p\u00e5 proffs och njuta av en fullst\u00e4ndig br\u00f6llopsplanering, finns det flera f\u00f6retag i Havanna som kan hj\u00e4lpa dig. Dessa evenemangsexperter kommer att hantera alla aspekter av ditt br\u00f6llop, fr\u00e5n val av plats till inredning, musik, catering och mer.<\/p>\n<p>Genom att anlita en komplett br\u00f6llopsplaneringstj\u00e4nst kan du koppla av och njuta av varje \u00f6gonblick av din speciella dag, med vetskapen om att allt \u00e4r i h\u00e4nderna p\u00e5 proffs. De kommer att se till att varje detalj \u00e4r perfekt och passar dina smaker och preferenser.<\/p>\n<h2><strong>\u00a0<\/strong><\/h2>\n<p>[\/vc_column_text][vc_column_text]<\/p>\n<h2>Hitta en l\u00e4mplig plats<\/h2>\n<p>Om du f\u00f6redrar att ha mer kontroll \u00f6ver detaljerna i ditt br\u00f6llop och letar efter en l\u00e4mplig ceremoni och mottagningsplats, erbjuder Havanna ett brett utbud av alternativ. Fr\u00e5n vackra str\u00e4nder till eleganta balsalar, det finns n\u00e5got f\u00f6r varje par och alla typer av br\u00f6llop.<\/p>\n<p>Om du dr\u00f6mmer om ett strandbr\u00f6llop kan du \u00f6verv\u00e4ga platser som Varadero, Cayo Santa Mar\u00eda eller Guardalavaca. Dessa paradisiska str\u00e4nder erbjuder fantastiska milj\u00f6er f\u00f6r en romantisk ceremoni vid havet. Dessutom erbjuder m\u00e5nga hotell och resorter i dessa omr\u00e5den speciella br\u00f6llopspaket som inkluderar planering och boendetj\u00e4nster f\u00f6r dig och dina g\u00e4ster.<\/p>\n<p>Om du f\u00f6redrar ett mer urbant och sofistikerat br\u00f6llop, har Havanna ett stort antal evenemangshallar och boutiquehotell som kan vara den perfekta milj\u00f6n f\u00f6r ditt br\u00f6llop. Dessa arenor erbjuder en unik blandning av elegans och karibisk charm, och m\u00e5nga av dem har interna br\u00f6llopsplaneringstj\u00e4nster s\u00e5 att du inte beh\u00f6ver oroa dig f\u00f6r detaljerna.<\/p>\n<p><a href=\"https:\/\/cubaweddingpackages.com\/sv\/brollopsplanerare-pa-kuba\/\"><img decoding=\"async\" class=\"aligncenter wp-image-8387 size-full\" src=\"http:\/\/cubaweddingpackages.com\/wp-content\/uploads\/2024\/03\/lugar-para-bodas.jpg\" alt=\"br\u00f6llopslokal\" width=\"731\" height=\"485\" srcset=\"https:\/\/cubaweddingpackages.com\/wp-content\/uploads\/2024\/03\/lugar-para-bodas.jpg 731w, https:\/\/cubaweddingpackages.com\/wp-content\/uploads\/2024\/03\/lugar-para-bodas-300x199.jpg 300w\" sizes=\"(max-width: 731px) 100vw, 731px\" \/><\/a>[\/vc_column_text][vc_column_text]<\/p>\n<h2>Det magiska med br\u00f6llop i Havanna, Kuba<\/h2>\n<p>Havanna, Kuba, \u00e4r en magisk plats att fira ditt br\u00f6llop p\u00e5. Med sin koloniala arkitektur, kullerstensgator och vintagecharm kommer denna stad att transportera dig till en annan era och ge ditt br\u00f6llop en touch av romantik och nostalgi.<\/p>\n<p>F\u00f6rutom sin historiska sk\u00f6nhet erbjuder Havanna en levande kulturell scen, med levande musik, traditionella danser och uts\u00f6kt mat. Dina g\u00e4ster kommer att njuta av den autentiska kubanska upplevelsen medan de firar din k\u00e4rlek.<\/p>\n<p>Staden erbjuder ocks\u00e5 ett brett utbud av aktiviteter f\u00f6r dig och dina g\u00e4ster, fr\u00e5n klassiska bilturer l\u00e4ngs Malec\u00f3n till bes\u00f6k p\u00e5 museer och konstgallerier. Dina g\u00e4ster kommer aldrig att bli uttr\u00e5kade och kommer att ha of\u00f6rgl\u00f6mliga minnen fr\u00e5n ditt br\u00f6llop i Havanna, Kuba.<\/p>\n<p>Om du letar efter alternativ f\u00f6r att fira ditt br\u00f6llop i Havanna, Kuba, har du flera alternativ tillg\u00e4ngliga. Oavsett om du v\u00e4ljer en komplett evenemangsplaneringstj\u00e4nst eller letar efter en l\u00e4mplig ceremoni och mottagningsplats, erbjuder Havanna en unik kombination av sk\u00f6nhet, charm och kultur f\u00f6r att g\u00f6ra ditt br\u00f6llop till en of\u00f6rgl\u00f6mlig h\u00e4ndelse.<\/p>\n<p>[\/vc_column_text][\/vc_column][\/vc_row]<\/p>\n<\/div>","protected":false},"excerpt":{"rendered":"<p>[vc_row][vc_column][vc_column_text]Om du letar efter det perfekta st\u00e4llet att fira ditt br\u00f6llop i Havanna, Kuba, har du kommit till r\u00e4tt st\u00e4lle. [&hellip;]<\/p>\n","protected":false},"author":5,"featured_media":8404,"parent":0,"menu_order":0,"comment_status":"closed","ping_status":"closed","template":"","meta":{"_joinchat":{"telephone":"+5355396525"},"footnotes":""},"class_list":["post-8426","page","type-page","status-publish","has-post-thumbnail","hentry"],"yoast_head":"<!-- This site is optimized with the Yoast SEO plugin v27.3 - https:\/\/yoast.com\/product\/yoast-seo-wordpress\/ -->\n<title>Br\u00f6llopsplanering i Havanna, Kuba<\/title>\n<meta name=\"description\" content=\"Fira ditt br\u00f6llop i Havanna med kompletta planeringstj\u00e4nster f\u00f6r en magisk, stressfri dag. Klicka h\u00e4r\" \/>\n<meta name=\"robots\" content=\"index, follow, max-snippet:-1, max-image-preview:large, max-video-preview:-1\" \/>\n<link rel=\"canonical\" href=\"https:\/\/cubaweddingpackages.com\/sv\/brollopsplanering-i-havanna-kuba\/\" \/>\n<meta property=\"og:locale\" content=\"sv_SE\" \/>\n<meta property=\"og:type\" content=\"article\" \/>\n<meta property=\"og:title\" content=\"Br\u00f6llopsplanering i Havanna, Kuba\" \/>\n<meta property=\"og:description\" content=\"Fira ditt br\u00f6llop i Havanna med kompletta planeringstj\u00e4nster f\u00f6r en magisk, stressfri dag. Klicka h\u00e4r\" \/>\n<meta property=\"og:url\" content=\"https:\/\/cubaweddingpackages.com\/sv\/brollopsplanering-i-havanna-kuba\/\" \/>\n<meta property=\"og:site_name\" content=\"Wedding Packages in Cuba\" \/>\n<meta property=\"article:publisher\" content=\"https:\/\/www.facebook.com\/BodasEnCubaV\" \/>\n<meta property=\"og:image\" content=\"https:\/\/cubaweddingpackages.com\/wp-content\/uploads\/2024\/03\/Planificacion-de-bodas.jpg\" \/>\n\t<meta property=\"og:image:width\" content=\"741\" \/>\n\t<meta property=\"og:image:height\" content=\"489\" \/>\n\t<meta property=\"og:image:type\" content=\"image\/jpeg\" \/>\n<meta name=\"twitter:label1\" content=\"Ber\u00e4knad l\u00e4stid\" \/>\n\t<meta name=\"twitter:data1\" content=\"3 minuter\" \/>\n<script type=\"application\/ld+json\" class=\"yoast-schema-graph\">{\"@context\":\"https:\\\/\\\/schema.org\",\"@graph\":[{\"@type\":\"WebPage\",\"@id\":\"https:\\\/\\\/cubaweddingpackages.com\\\/sv\\\/brollopsplanering-i-havanna-kuba\\\/\",\"url\":\"https:\\\/\\\/cubaweddingpackages.com\\\/sv\\\/brollopsplanering-i-havanna-kuba\\\/\",\"name\":\"Br\u00f6llopsplanering i Havanna, Kuba\",\"isPartOf\":{\"@id\":\"https:\\\/\\\/cubaweddingpackages.com\\\/sv\\\/#website\"},\"primaryImageOfPage\":{\"@id\":\"https:\\\/\\\/cubaweddingpackages.com\\\/sv\\\/brollopsplanering-i-havanna-kuba\\\/#primaryimage\"},\"image\":{\"@id\":\"https:\\\/\\\/cubaweddingpackages.com\\\/sv\\\/brollopsplanering-i-havanna-kuba\\\/#primaryimage\"},\"thumbnailUrl\":\"https:\\\/\\\/cubaweddingpackages.com\\\/wp-content\\\/uploads\\\/2024\\\/03\\\/Planificacion-de-bodas.jpg\",\"datePublished\":\"2024-03-21T20:03:00+00:00\",\"description\":\"Fira ditt br\u00f6llop i Havanna med kompletta planeringstj\u00e4nster f\u00f6r en magisk, stressfri dag. Klicka h\u00e4r\",\"breadcrumb\":{\"@id\":\"https:\\\/\\\/cubaweddingpackages.com\\\/sv\\\/brollopsplanering-i-havanna-kuba\\\/#breadcrumb\"},\"inLanguage\":\"sv-SE\",\"potentialAction\":[{\"@type\":\"ReadAction\",\"target\":[\"https:\\\/\\\/cubaweddingpackages.com\\\/sv\\\/brollopsplanering-i-havanna-kuba\\\/\"]}]},{\"@type\":\"ImageObject\",\"inLanguage\":\"sv-SE\",\"@id\":\"https:\\\/\\\/cubaweddingpackages.com\\\/sv\\\/brollopsplanering-i-havanna-kuba\\\/#primaryimage\",\"url\":\"https:\\\/\\\/cubaweddingpackages.com\\\/wp-content\\\/uploads\\\/2024\\\/03\\\/Planificacion-de-bodas.jpg\",\"contentUrl\":\"https:\\\/\\\/cubaweddingpackages.com\\\/wp-content\\\/uploads\\\/2024\\\/03\\\/Planificacion-de-bodas.jpg\",\"width\":741,\"height\":489,\"caption\":\"Br\u00f6llopsplanering i Havanna\"},{\"@type\":\"BreadcrumbList\",\"@id\":\"https:\\\/\\\/cubaweddingpackages.com\\\/sv\\\/brollopsplanering-i-havanna-kuba\\\/#breadcrumb\",\"itemListElement\":[{\"@type\":\"ListItem\",\"position\":1,\"name\":\"Home\",\"item\":\"https:\\\/\\\/cubaweddingpackages.com\\\/sv\\\/\"},{\"@type\":\"ListItem\",\"position\":2,\"name\":\"Br\u00f6llopsplanering i Havanna, Kuba\"}]},{\"@type\":\"WebSite\",\"@id\":\"https:\\\/\\\/cubaweddingpackages.com\\\/sv\\\/#website\",\"url\":\"https:\\\/\\\/cubaweddingpackages.com\\\/sv\\\/\",\"name\":\"Wedding Packages in Cuba\",\"description\":\"Best Wedding Packages\",\"potentialAction\":[{\"@type\":\"SearchAction\",\"target\":{\"@type\":\"EntryPoint\",\"urlTemplate\":\"https:\\\/\\\/cubaweddingpackages.com\\\/sv\\\/?s={search_term_string}\"},\"query-input\":{\"@type\":\"PropertyValueSpecification\",\"valueRequired\":true,\"valueName\":\"search_term_string\"}}],\"inLanguage\":\"sv-SE\"}]}<\/script>\n<!-- \/ Yoast SEO plugin. -->","yoast_head_json":{"title":"Br\u00f6llopsplanering i Havanna, Kuba","description":"Fira ditt br\u00f6llop i Havanna med kompletta planeringstj\u00e4nster f\u00f6r en magisk, stressfri dag. Klicka h\u00e4r","robots":{"index":"index","follow":"follow","max-snippet":"max-snippet:-1","max-image-preview":"max-image-preview:large","max-video-preview":"max-video-preview:-1"},"canonical":"https:\/\/cubaweddingpackages.com\/sv\/brollopsplanering-i-havanna-kuba\/","og_locale":"sv_SE","og_type":"article","og_title":"Br\u00f6llopsplanering i Havanna, Kuba","og_description":"Fira ditt br\u00f6llop i Havanna med kompletta planeringstj\u00e4nster f\u00f6r en magisk, stressfri dag. Klicka h\u00e4r","og_url":"https:\/\/cubaweddingpackages.com\/sv\/brollopsplanering-i-havanna-kuba\/","og_site_name":"Wedding Packages in Cuba","article_publisher":"https:\/\/www.facebook.com\/BodasEnCubaV","og_image":[{"width":741,"height":489,"url":"https:\/\/cubaweddingpackages.com\/wp-content\/uploads\/2024\/03\/Planificacion-de-bodas.jpg","type":"image\/jpeg"}],"twitter_misc":{"Ber\u00e4knad l\u00e4stid":"3 minuter"},"schema":{"@context":"https:\/\/schema.org","@graph":[{"@type":"WebPage","@id":"https:\/\/cubaweddingpackages.com\/sv\/brollopsplanering-i-havanna-kuba\/","url":"https:\/\/cubaweddingpackages.com\/sv\/brollopsplanering-i-havanna-kuba\/","name":"Br\u00f6llopsplanering i Havanna, Kuba","isPartOf":{"@id":"https:\/\/cubaweddingpackages.com\/sv\/#website"},"primaryImageOfPage":{"@id":"https:\/\/cubaweddingpackages.com\/sv\/brollopsplanering-i-havanna-kuba\/#primaryimage"},"image":{"@id":"https:\/\/cubaweddingpackages.com\/sv\/brollopsplanering-i-havanna-kuba\/#primaryimage"},"thumbnailUrl":"https:\/\/cubaweddingpackages.com\/wp-content\/uploads\/2024\/03\/Planificacion-de-bodas.jpg","datePublished":"2024-03-21T20:03:00+00:00","description":"Fira ditt br\u00f6llop i Havanna med kompletta planeringstj\u00e4nster f\u00f6r en magisk, stressfri dag. Klicka h\u00e4r","breadcrumb":{"@id":"https:\/\/cubaweddingpackages.com\/sv\/brollopsplanering-i-havanna-kuba\/#breadcrumb"},"inLanguage":"sv-SE","potentialAction":[{"@type":"ReadAction","target":["https:\/\/cubaweddingpackages.com\/sv\/brollopsplanering-i-havanna-kuba\/"]}]},{"@type":"ImageObject","inLanguage":"sv-SE","@id":"https:\/\/cubaweddingpackages.com\/sv\/brollopsplanering-i-havanna-kuba\/#primaryimage","url":"https:\/\/cubaweddingpackages.com\/wp-content\/uploads\/2024\/03\/Planificacion-de-bodas.jpg","contentUrl":"https:\/\/cubaweddingpackages.com\/wp-content\/uploads\/2024\/03\/Planificacion-de-bodas.jpg","width":741,"height":489,"caption":"Br\u00f6llopsplanering i Havanna"},{"@type":"BreadcrumbList","@id":"https:\/\/cubaweddingpackages.com\/sv\/brollopsplanering-i-havanna-kuba\/#breadcrumb","itemListElement":[{"@type":"ListItem","position":1,"name":"Home","item":"https:\/\/cubaweddingpackages.com\/sv\/"},{"@type":"ListItem","position":2,"name":"Br\u00f6llopsplanering i Havanna, Kuba"}]},{"@type":"WebSite","@id":"https:\/\/cubaweddingpackages.com\/sv\/#website","url":"https:\/\/cubaweddingpackages.com\/sv\/","name":"Wedding Packages in Cuba","description":"Best Wedding Packages","potentialAction":[{"@type":"SearchAction","target":{"@type":"EntryPoint","urlTemplate":"https:\/\/cubaweddingpackages.com\/sv\/?s={search_term_string}"},"query-input":{"@type":"PropertyValueSpecification","valueRequired":true,"valueName":"search_term_string"}}],"inLanguage":"sv-SE"}]}},"_links":{"self":[{"href":"https:\/\/cubaweddingpackages.com\/sv\/wp-json\/wp\/v2\/pages\/8426","targetHints":{"allow":["GET"]}}],"collection":[{"href":"https:\/\/cubaweddingpackages.com\/sv\/wp-json\/wp\/v2\/pages"}],"about":[{"href":"https:\/\/cubaweddingpackages.com\/sv\/wp-json\/wp\/v2\/types\/page"}],"author":[{"embeddable":true,"href":"https:\/\/cubaweddingpackages.com\/sv\/wp-json\/wp\/v2\/users\/5"}],"replies":[{"embeddable":true,"href":"https:\/\/cubaweddingpackages.com\/sv\/wp-json\/wp\/v2\/comments?post=8426"}],"version-history":[{"count":2,"href":"https:\/\/cubaweddingpackages.com\/sv\/wp-json\/wp\/v2\/pages\/8426\/revisions"}],"predecessor-version":[{"id":8442,"href":"https:\/\/cubaweddingpackages.com\/sv\/wp-json\/wp\/v2\/pages\/8426\/revisions\/8442"}],"wp:featuredmedia":[{"embeddable":true,"href":"https:\/\/cubaweddingpackages.com\/sv\/wp-json\/wp\/v2\/media\/8404"}],"wp:attachment":[{"href":"https:\/\/cubaweddingpackages.com\/sv\/wp-json\/wp\/v2\/media?parent=8426"}],"curies":[{"name":"wp","href":"https:\/\/api.w.org\/{rel}","templated":true}]}}