{"id":8481,"date":"2024-03-25T12:54:20","date_gmt":"2024-03-25T12:54:20","guid":{"rendered":"https:\/\/cubaweddingpackages.com\/?page_id=8481"},"modified":"2024-03-25T12:54:20","modified_gmt":"2024-03-25T12:54:20","slug":"fira-ditt-brollop-i-havannas-natter","status":"publish","type":"page","link":"https:\/\/cubaweddingpackages.com\/sv\/fira-ditt-brollop-i-havannas-natter\/","title":{"rendered":"Fira ditt br\u00f6llop i Havannas n\u00e4tter!"},"content":{"rendered":"<div class=\"wpb-content-wrapper\"><p>[vc_row][vc_column][vc_column_text]Letar du efter en unik och glamor\u00f6s upplevelse f\u00f6r ditt br\u00f6llop? Vill du att din stora dag ska bli of\u00f6rgl\u00f6mlig och full av charm? Kolla inte vidare! Vi presenterar br\u00f6llop p\u00e5 natten i Havanna, d\u00e4r du kan njuta av exklusiva och eleganta evenemang i denna vackra stad.<\/p>\n<h2><strong><a href=\"https:\/\/cubaweddingpackages.com\/sv\/brollopsplanerare-pa-kuba\/\"><img decoding=\"async\" class=\"aligncenter wp-image-8463 size-large\" src=\"http:\/\/cubaweddingpackages.com\/wp-content\/uploads\/2024\/03\/boda-en-las-noches-de-La-Habana-1024x602.jpg\" alt=\"bruiloft in de nachten van Havana\" width=\"1024\" height=\"602\" srcset=\"https:\/\/cubaweddingpackages.com\/wp-content\/uploads\/2024\/03\/boda-en-las-noches-de-La-Habana-1024x602.jpg 1024w, https:\/\/cubaweddingpackages.com\/wp-content\/uploads\/2024\/03\/boda-en-las-noches-de-La-Habana-300x176.jpg 300w, https:\/\/cubaweddingpackages.com\/wp-content\/uploads\/2024\/03\/boda-en-las-noches-de-La-Habana-768x451.jpg 768w, https:\/\/cubaweddingpackages.com\/wp-content\/uploads\/2024\/03\/boda-en-las-noches-de-La-Habana.jpg 1239w\" sizes=\"(max-width: 1024px) 100vw, 1024px\" \/><\/a><\/strong><\/h2>\n<h2>En touch av glamour i varje detalj<\/h2>\n<p>Br\u00f6llop p\u00e5 natten i Havanna \u00e4r k\u00e4nda f\u00f6r sin elegans och sofistikering. Varje detalj har noggrant planerats f\u00f6r att skapa en of\u00f6rgl\u00f6mlig upplevelse f\u00f6r b\u00e5de brudparet och deras g\u00e4ster. Fr\u00e5n inredningen till menyn \u00e4r allt designat f\u00f6r att \u00e5terspegla charmen och sk\u00f6nheten i denna stad.<\/p>\n<p>F\u00f6rest\u00e4ll dig att fira ditt f\u00f6rbr\u00f6llop p\u00e5 den ikoniska Tropicana Cabaret, omgiven av starkt ljus, levande musik och en energisk atmosf\u00e4r. Denna emblematiska plats kommer att ge dig en unik upplevelse full av n\u00f6je och gl\u00e4dje. Dina g\u00e4ster kommer g\u00e4rna att vara en del av detta speciella firande.[\/vc_column_text][vc_column_text]<\/p>\n<h2>En historisk milj\u00f6 f\u00f6r din ceremoni<\/h2>\n<p>Havanna \u00e4r fullt av historiska och emblematiska platser som kan bli den perfekta milj\u00f6n f\u00f6r din br\u00f6llopsceremoni. Den majest\u00e4tiska katedralen i Havanna \u00e4r en av de platser som kommer att g\u00f6ra dig andf\u00e5dd. De imponerande valvb\u00e5garna och koloniala arkitekturen tar dig till en annan era och skapar en romantisk och magisk atmosf\u00e4r f\u00f6r ditt br\u00f6llop.<\/p>\n<p>F\u00f6rest\u00e4ll dig att g\u00e5 nerf\u00f6r katedralens g\u00e5ng n\u00e4r levande ljus lyser upp din v\u00e4g och mjuk musik fyller luften. Dina n\u00e4ra och k\u00e4ra kommer att vara glada \u00f6ver att bevittna detta speciella \u00f6gonblick p\u00e5 en s\u00e5 meningsfull plats.<\/p>\n<p><a href=\"https:\/\/cubaweddingpackages.com\/sv\/brollopsplanerare-pa-kuba\/\"><img decoding=\"async\" class=\"aligncenter wp-image-8454 size-full\" src=\"http:\/\/cubaweddingpackages.com\/wp-content\/uploads\/2024\/03\/boda-en-las-noches-de-La-Habana-pareja.jpg\" alt=\"bruiloft in de nachten van Havana\" width=\"982\" height=\"643\" srcset=\"https:\/\/cubaweddingpackages.com\/wp-content\/uploads\/2024\/03\/boda-en-las-noches-de-La-Habana-pareja.jpg 982w, https:\/\/cubaweddingpackages.com\/wp-content\/uploads\/2024\/03\/boda-en-las-noches-de-La-Habana-pareja-300x196.jpg 300w, https:\/\/cubaweddingpackages.com\/wp-content\/uploads\/2024\/03\/boda-en-las-noches-de-La-Habana-pareja-768x503.jpg 768w\" sizes=\"(max-width: 982px) 100vw, 982px\" \/><\/a>[\/vc_column_text][vc_column_text]<\/p>\n<h2>En of\u00f6rgl\u00f6mlig upplevelse f\u00f6r alla<\/h2>\n<p>\u00d6vernattningsbr\u00f6llop i Havanna erbjuder inte bara en glamor\u00f6s och exklusiv atmosf\u00e4r, utan ocks\u00e5 en of\u00f6rgl\u00f6mlig upplevelse f\u00f6r alla g\u00e4ster. Staden \u00e4r full av charm och kultur, s\u00e5 dina n\u00e4ra och k\u00e4ra kan njuta av allt som Havanna har att erbjuda under sin vistelse.<\/p>\n<p>Fr\u00e5n att promenera p\u00e5 de f\u00e4rgglada gatorna i gamla stan till att njuta av det pulserande nattlivet, dina g\u00e4ster kommer att bli glada \u00f6ver att uppt\u00e4cka charmen i denna unika stad. Dessutom kan de njuta av uts\u00f6kt kubansk mat och dansa till rytmen av traditionell musik i de ber\u00f6mda salsaklubbarna.<\/p>\n<p>Missa inte m\u00f6jligheten att fira ditt br\u00f6llop p\u00e5 kv\u00e4llen i Havanna! Det kommer att bli en unik och magisk upplevelse som du kommer att minnas f\u00f6r alltid. Kontakta oss s\u00e5 hj\u00e4lper vi dig att planera ditt dr\u00f6mevenemang i denna vackra stad full av charm och glamour.[\/vc_column_text][\/vc_column][\/vc_row]<\/p>\n<\/div>","protected":false},"excerpt":{"rendered":"<p>[vc_row][vc_column][vc_column_text]Letar du efter en unik och glamor\u00f6s upplevelse f\u00f6r ditt br\u00f6llop? Vill du att din stora dag ska bli of\u00f6rgl\u00f6mlig [&hellip;]<\/p>\n","protected":false},"author":5,"featured_media":8453,"parent":0,"menu_order":0,"comment_status":"closed","ping_status":"closed","template":"","meta":{"_joinchat":{"telephone":"+5355396525"},"footnotes":""},"class_list":["post-8481","page","type-page","status-publish","has-post-thumbnail","hentry"],"yoast_head":"<!-- This site is optimized with the Yoast SEO plugin v27.2 - https:\/\/yoast.com\/product\/yoast-seo-wordpress\/ -->\n<title>Fira ditt br\u00f6llop i Havannas n\u00e4tter!<\/title>\n<meta name=\"description\" content=\"Fira din k\u00e4rlek med ett unikt br\u00f6llop i Havanna. Elegans och roligt i en historisk destination. Planera din magiska kv\u00e4ll!\" \/>\n<meta name=\"robots\" content=\"index, follow, max-snippet:-1, max-image-preview:large, max-video-preview:-1\" \/>\n<link rel=\"canonical\" href=\"https:\/\/cubaweddingpackages.com\/sv\/fira-ditt-brollop-i-havannas-natter\/\" \/>\n<meta property=\"og:locale\" content=\"sv_SE\" \/>\n<meta property=\"og:type\" content=\"article\" \/>\n<meta property=\"og:title\" content=\"Fira ditt br\u00f6llop i Havannas n\u00e4tter!\" \/>\n<meta property=\"og:description\" content=\"Fira din k\u00e4rlek med ett unikt br\u00f6llop i Havanna. Elegans och roligt i en historisk destination. Planera din magiska kv\u00e4ll!\" \/>\n<meta property=\"og:url\" content=\"https:\/\/cubaweddingpackages.com\/sv\/fira-ditt-brollop-i-havannas-natter\/\" \/>\n<meta property=\"og:site_name\" content=\"Wedding Packages in Cuba\" \/>\n<meta property=\"article:publisher\" content=\"https:\/\/www.facebook.com\/BodasEnCubaV\" \/>\n<meta property=\"og:image\" content=\"https:\/\/cubaweddingpackages.com\/wp-content\/uploads\/2024\/03\/boda-en-las-noches-de-La-Habana-fiesta.jpg\" \/>\n\t<meta property=\"og:image:width\" content=\"1096\" \/>\n\t<meta property=\"og:image:height\" content=\"663\" \/>\n\t<meta property=\"og:image:type\" content=\"image\/jpeg\" \/>\n<meta name=\"twitter:label1\" content=\"Ber\u00e4knad l\u00e4stid\" \/>\n\t<meta name=\"twitter:data1\" content=\"3 minuter\" \/>\n<script type=\"application\/ld+json\" class=\"yoast-schema-graph\">{\"@context\":\"https:\/\/schema.org\",\"@graph\":[{\"@type\":\"WebPage\",\"@id\":\"https:\/\/cubaweddingpackages.com\/sv\/fira-ditt-brollop-i-havannas-natter\/\",\"url\":\"https:\/\/cubaweddingpackages.com\/sv\/fira-ditt-brollop-i-havannas-natter\/\",\"name\":\"Fira ditt br\u00f6llop i Havannas n\u00e4tter!\",\"isPartOf\":{\"@id\":\"https:\/\/cubaweddingpackages.com\/sv\/#website\"},\"primaryImageOfPage\":{\"@id\":\"https:\/\/cubaweddingpackages.com\/sv\/fira-ditt-brollop-i-havannas-natter\/#primaryimage\"},\"image\":{\"@id\":\"https:\/\/cubaweddingpackages.com\/sv\/fira-ditt-brollop-i-havannas-natter\/#primaryimage\"},\"thumbnailUrl\":\"https:\/\/cubaweddingpackages.com\/wp-content\/uploads\/2024\/03\/boda-en-las-noches-de-La-Habana-fiesta.jpg\",\"datePublished\":\"2024-03-25T12:54:20+00:00\",\"description\":\"Fira din k\u00e4rlek med ett unikt br\u00f6llop i Havanna. Elegans och roligt i en historisk destination. Planera din magiska kv\u00e4ll!\",\"breadcrumb\":{\"@id\":\"https:\/\/cubaweddingpackages.com\/sv\/fira-ditt-brollop-i-havannas-natter\/#breadcrumb\"},\"inLanguage\":\"sv-SE\",\"potentialAction\":[{\"@type\":\"ReadAction\",\"target\":[\"https:\/\/cubaweddingpackages.com\/sv\/fira-ditt-brollop-i-havannas-natter\/\"]}]},{\"@type\":\"ImageObject\",\"inLanguage\":\"sv-SE\",\"@id\":\"https:\/\/cubaweddingpackages.com\/sv\/fira-ditt-brollop-i-havannas-natter\/#primaryimage\",\"url\":\"https:\/\/cubaweddingpackages.com\/wp-content\/uploads\/2024\/03\/boda-en-las-noches-de-La-Habana-fiesta.jpg\",\"contentUrl\":\"https:\/\/cubaweddingpackages.com\/wp-content\/uploads\/2024\/03\/boda-en-las-noches-de-La-Habana-fiesta.jpg\",\"width\":1096,\"height\":663,\"caption\":\"Br\u00f6llopsbanketter p\u00e5 Kuba\"},{\"@type\":\"BreadcrumbList\",\"@id\":\"https:\/\/cubaweddingpackages.com\/sv\/fira-ditt-brollop-i-havannas-natter\/#breadcrumb\",\"itemListElement\":[{\"@type\":\"ListItem\",\"position\":1,\"name\":\"Home\",\"item\":\"https:\/\/cubaweddingpackages.com\/sv\/\"},{\"@type\":\"ListItem\",\"position\":2,\"name\":\"Fira ditt br\u00f6llop i Havannas n\u00e4tter!\"}]},{\"@type\":\"WebSite\",\"@id\":\"https:\/\/cubaweddingpackages.com\/sv\/#website\",\"url\":\"https:\/\/cubaweddingpackages.com\/sv\/\",\"name\":\"Wedding Packages in Cuba\",\"description\":\"Best Wedding Packages\",\"potentialAction\":[{\"@type\":\"SearchAction\",\"target\":{\"@type\":\"EntryPoint\",\"urlTemplate\":\"https:\/\/cubaweddingpackages.com\/sv\/?s={search_term_string}\"},\"query-input\":{\"@type\":\"PropertyValueSpecification\",\"valueRequired\":true,\"valueName\":\"search_term_string\"}}],\"inLanguage\":\"sv-SE\"}]}<\/script>\n<!-- \/ Yoast SEO plugin. -->","yoast_head_json":{"title":"Fira ditt br\u00f6llop i Havannas n\u00e4tter!","description":"Fira din k\u00e4rlek med ett unikt br\u00f6llop i Havanna. Elegans och roligt i en historisk destination. Planera din magiska kv\u00e4ll!","robots":{"index":"index","follow":"follow","max-snippet":"max-snippet:-1","max-image-preview":"max-image-preview:large","max-video-preview":"max-video-preview:-1"},"canonical":"https:\/\/cubaweddingpackages.com\/sv\/fira-ditt-brollop-i-havannas-natter\/","og_locale":"sv_SE","og_type":"article","og_title":"Fira ditt br\u00f6llop i Havannas n\u00e4tter!","og_description":"Fira din k\u00e4rlek med ett unikt br\u00f6llop i Havanna. Elegans och roligt i en historisk destination. Planera din magiska kv\u00e4ll!","og_url":"https:\/\/cubaweddingpackages.com\/sv\/fira-ditt-brollop-i-havannas-natter\/","og_site_name":"Wedding Packages in Cuba","article_publisher":"https:\/\/www.facebook.com\/BodasEnCubaV","og_image":[{"width":1096,"height":663,"url":"https:\/\/cubaweddingpackages.com\/wp-content\/uploads\/2024\/03\/boda-en-las-noches-de-La-Habana-fiesta.jpg","type":"image\/jpeg"}],"twitter_misc":{"Ber\u00e4knad l\u00e4stid":"3 minuter"},"schema":{"@context":"https:\/\/schema.org","@graph":[{"@type":"WebPage","@id":"https:\/\/cubaweddingpackages.com\/sv\/fira-ditt-brollop-i-havannas-natter\/","url":"https:\/\/cubaweddingpackages.com\/sv\/fira-ditt-brollop-i-havannas-natter\/","name":"Fira ditt br\u00f6llop i Havannas n\u00e4tter!","isPartOf":{"@id":"https:\/\/cubaweddingpackages.com\/sv\/#website"},"primaryImageOfPage":{"@id":"https:\/\/cubaweddingpackages.com\/sv\/fira-ditt-brollop-i-havannas-natter\/#primaryimage"},"image":{"@id":"https:\/\/cubaweddingpackages.com\/sv\/fira-ditt-brollop-i-havannas-natter\/#primaryimage"},"thumbnailUrl":"https:\/\/cubaweddingpackages.com\/wp-content\/uploads\/2024\/03\/boda-en-las-noches-de-La-Habana-fiesta.jpg","datePublished":"2024-03-25T12:54:20+00:00","description":"Fira din k\u00e4rlek med ett unikt br\u00f6llop i Havanna. Elegans och roligt i en historisk destination. Planera din magiska kv\u00e4ll!","breadcrumb":{"@id":"https:\/\/cubaweddingpackages.com\/sv\/fira-ditt-brollop-i-havannas-natter\/#breadcrumb"},"inLanguage":"sv-SE","potentialAction":[{"@type":"ReadAction","target":["https:\/\/cubaweddingpackages.com\/sv\/fira-ditt-brollop-i-havannas-natter\/"]}]},{"@type":"ImageObject","inLanguage":"sv-SE","@id":"https:\/\/cubaweddingpackages.com\/sv\/fira-ditt-brollop-i-havannas-natter\/#primaryimage","url":"https:\/\/cubaweddingpackages.com\/wp-content\/uploads\/2024\/03\/boda-en-las-noches-de-La-Habana-fiesta.jpg","contentUrl":"https:\/\/cubaweddingpackages.com\/wp-content\/uploads\/2024\/03\/boda-en-las-noches-de-La-Habana-fiesta.jpg","width":1096,"height":663,"caption":"Br\u00f6llopsbanketter p\u00e5 Kuba"},{"@type":"BreadcrumbList","@id":"https:\/\/cubaweddingpackages.com\/sv\/fira-ditt-brollop-i-havannas-natter\/#breadcrumb","itemListElement":[{"@type":"ListItem","position":1,"name":"Home","item":"https:\/\/cubaweddingpackages.com\/sv\/"},{"@type":"ListItem","position":2,"name":"Fira ditt br\u00f6llop i Havannas n\u00e4tter!"}]},{"@type":"WebSite","@id":"https:\/\/cubaweddingpackages.com\/sv\/#website","url":"https:\/\/cubaweddingpackages.com\/sv\/","name":"Wedding Packages in Cuba","description":"Best Wedding Packages","potentialAction":[{"@type":"SearchAction","target":{"@type":"EntryPoint","urlTemplate":"https:\/\/cubaweddingpackages.com\/sv\/?s={search_term_string}"},"query-input":{"@type":"PropertyValueSpecification","valueRequired":true,"valueName":"search_term_string"}}],"inLanguage":"sv-SE"}]}},"_links":{"self":[{"href":"https:\/\/cubaweddingpackages.com\/sv\/wp-json\/wp\/v2\/pages\/8481","targetHints":{"allow":["GET"]}}],"collection":[{"href":"https:\/\/cubaweddingpackages.com\/sv\/wp-json\/wp\/v2\/pages"}],"about":[{"href":"https:\/\/cubaweddingpackages.com\/sv\/wp-json\/wp\/v2\/types\/page"}],"author":[{"embeddable":true,"href":"https:\/\/cubaweddingpackages.com\/sv\/wp-json\/wp\/v2\/users\/5"}],"replies":[{"embeddable":true,"href":"https:\/\/cubaweddingpackages.com\/sv\/wp-json\/wp\/v2\/comments?post=8481"}],"version-history":[{"count":1,"href":"https:\/\/cubaweddingpackages.com\/sv\/wp-json\/wp\/v2\/pages\/8481\/revisions"}],"predecessor-version":[{"id":8489,"href":"https:\/\/cubaweddingpackages.com\/sv\/wp-json\/wp\/v2\/pages\/8481\/revisions\/8489"}],"wp:featuredmedia":[{"embeddable":true,"href":"https:\/\/cubaweddingpackages.com\/sv\/wp-json\/wp\/v2\/media\/8453"}],"wp:attachment":[{"href":"https:\/\/cubaweddingpackages.com\/sv\/wp-json\/wp\/v2\/media?parent=8481"}],"curies":[{"name":"wp","href":"https:\/\/api.w.org\/{rel}","templated":true}]}}