{"id":8526,"date":"2024-03-25T14:45:54","date_gmt":"2024-03-25T14:45:54","guid":{"rendered":"https:\/\/cubaweddingpackages.com\/?page_id=8526"},"modified":"2024-03-25T14:45:54","modified_gmt":"2024-03-25T14:45:54","slug":"de-basta-brollopsplanerarna-i-havanna-kuba","status":"publish","type":"page","link":"https:\/\/cubaweddingpackages.com\/sv\/de-basta-brollopsplanerarna-i-havanna-kuba\/","title":{"rendered":"De b\u00e4sta br\u00f6llopsplanerarna i Havanna, Kuba"},"content":{"rendered":"<div class=\"wpb-content-wrapper\"><p>[vc_row][vc_column][vc_column_text]Letar du efter en br\u00f6llopsplanerare i Havanna, Kuba? Du har kommit till r\u00e4tt st\u00e4lle! H\u00e4r hittar du ett urval av de b\u00e4sta proffsen och f\u00f6retagen som erbjuder br\u00f6llopsplanering och koordinationstj\u00e4nster i denna vackra stad.<\/p>\n<h2>Vikten av en br\u00f6llopsplanerare<\/h2>\n<p>Att planera ett br\u00f6llop kan vara en \u00f6verv\u00e4ldigande och stressande uppgift. Fr\u00e5n att v\u00e4lja plats, till att v\u00e4lja meny, till att organisera de minsta detaljerna, det finns mycket att t\u00e4nka p\u00e5. Det \u00e4r d\u00e4rf\u00f6r att ha en professionell br\u00f6llopsplanerare kan g\u00f6ra skillnaden mellan att ha ett kaotiskt och stressigt br\u00f6llop, eller ett perfekt organiserat och bekymmersfritt br\u00f6llop.<\/p>\n<p>En Havanna br\u00f6llopsplanerare hj\u00e4lper dig inte bara att koordinera alla aspekter av ditt br\u00f6llop, utan de kommer ocks\u00e5 att ge dig expertr\u00e5d och hj\u00e4lpa dig att fatta v\u00e4lgrundade beslut. Deras erfarenhet och kunskap om lokala leverant\u00f6rer g\u00f6r att du kan hitta de b\u00e4sta alternativen inom din budget och s\u00e4kerst\u00e4lla att varje detalj \u00e4r perfekt.<\/p>\n<p><a href=\"https:\/\/cubaweddingpackages.com\/sv\/brollopsplanerare-pa-kuba\/\"><img decoding=\"async\" class=\"aligncenter wp-image-8491 size-large\" src=\"http:\/\/cubaweddingpackages.com\/wp-content\/uploads\/2024\/03\/planificador-de-bodas-1-1024x612.jpg\" alt=\"Br\u00f6llopsplanerare 1\" width=\"1024\" height=\"612\" srcset=\"https:\/\/cubaweddingpackages.com\/wp-content\/uploads\/2024\/03\/planificador-de-bodas-1-1024x612.jpg 1024w, https:\/\/cubaweddingpackages.com\/wp-content\/uploads\/2024\/03\/planificador-de-bodas-1-300x179.jpg 300w, https:\/\/cubaweddingpackages.com\/wp-content\/uploads\/2024\/03\/planificador-de-bodas-1-768x459.jpg 768w, https:\/\/cubaweddingpackages.com\/wp-content\/uploads\/2024\/03\/planificador-de-bodas-1.jpg 1332w\" sizes=\"(max-width: 1024px) 100vw, 1024px\" \/><\/a>[\/vc_column_text][vc_column_text]<\/p>\n<h2>Hitta den perfekta br\u00f6llopsplaneraren f\u00f6r dig<\/h2>\n<p>I Havanna finns det ett brett utbud av proffs och f\u00f6retag som erbjuder br\u00f6llopsplaneringstj\u00e4nster. H\u00e4r presenterar vi n\u00e5gra av de mest anm\u00e4rkningsv\u00e4rda:<\/p>\n<h3>Dr\u00f6mbr\u00f6llop<\/h3>\n<p>Bodas de Ensue\u00f1o \u00e4r ett ledande f\u00f6retag inom planering och koordinering av br\u00f6llop i Havanna. Deras team av experter kommer att ta hand om varje detalj, fr\u00e5n att v\u00e4lja plats till att v\u00e4lja leverant\u00f6rer och koordinera br\u00f6llopsdagen. Med sin uppm\u00e4rksamhet p\u00e5 detaljer och personligt tillv\u00e4gag\u00e5ngss\u00e4tt s\u00e4kerst\u00e4ller Dream Weddings att ditt br\u00f6llop blir unikt och minnesv\u00e4rt.<\/p>\n<h3>Magiska h\u00e4ndelser<\/h3>\n<p>Magiska evenemang \u00e4r ett annat utm\u00e4rkt alternativ f\u00f6r br\u00f6llopsplanering i Havanna. Deras team av h\u00f6gutbildade yrkesm\u00e4n \u00e4r specialiserade p\u00e5 att skapa unika och personliga evenemang som speglar varje pars personlighet och smak. Med sitt omfattande n\u00e4tverk av leverant\u00f6rer och erfarenhet inom br\u00f6llopsbranschen kan Magical Events f\u00f6rvandla dina dr\u00f6mmar till verklighet.<\/p>\n<h3>Of\u00f6rgl\u00f6mliga \u00f6gonblick<\/h3>\n<p>Om du letar efter en stressfri br\u00f6llopsplaneringsupplevelse \u00e4r Unforgettable Moments det perfekta valet. Deras team kommer att hantera alla aspekter av ditt br\u00f6llop, fr\u00e5n val av plats till koordinering av br\u00f6llopsdag. Deras personliga inst\u00e4llning och uppm\u00e4rksamhet p\u00e5 detaljer s\u00e4kerst\u00e4ller att varje \u00f6gonblick av ditt br\u00f6llop blir of\u00f6rgl\u00f6mligt.[\/vc_column_text][vc_column_text]<\/p>\n<h2><strong><a href=\"https:\/\/cubaweddingpackages.com\/sv\/brollopsplanerare-pa-kuba\/\"><img decoding=\"async\" class=\"aligncenter wp-image-8509 size-large\" src=\"http:\/\/cubaweddingpackages.com\/wp-content\/uploads\/2024\/03\/planificador-de-bodas-1024x611.jpg\" alt=\"br\u00f6llopsplanerare\" width=\"1024\" height=\"611\" srcset=\"https:\/\/cubaweddingpackages.com\/wp-content\/uploads\/2024\/03\/planificador-de-bodas-1024x611.jpg 1024w, https:\/\/cubaweddingpackages.com\/wp-content\/uploads\/2024\/03\/planificador-de-bodas-300x179.jpg 300w, https:\/\/cubaweddingpackages.com\/wp-content\/uploads\/2024\/03\/planificador-de-bodas-768x458.jpg 768w, https:\/\/cubaweddingpackages.com\/wp-content\/uploads\/2024\/03\/planificador-de-bodas.jpg 1307w\" sizes=\"(max-width: 1024px) 100vw, 1024px\" \/><\/a><\/strong><\/h2>\n<h2>Varf\u00f6r v\u00e4lja en br\u00f6llopsplanerare i Havanna?<\/h2>\n<p>Havanna \u00e4r en stad full av charm och sk\u00f6nhet, och det \u00e4r den perfekta milj\u00f6n f\u00f6r ett of\u00f6rgl\u00f6mligt br\u00f6llop. Men att planera ett br\u00f6llop i en fr\u00e4mmande stad kan inneb\u00e4ra unika utmaningar. Det \u00e4r d\u00e4rf\u00f6r att ha en lokal br\u00f6llopsplanerare kan g\u00f6ra stor skillnad.<\/p>\n<p>En Havanna br\u00f6llopsplanerare har djup kunskap om staden och lokala f\u00f6rs\u00e4ljare. Du vet vilka st\u00e4llen som \u00e4r b\u00e4st l\u00e4mpade f\u00f6r ditt br\u00f6llop, vilka leverant\u00f6rer som erbjuder de b\u00e4sta tj\u00e4nsterna och hur du ser till att allt g\u00e5r smidigt. Dessutom kommer en lokal planerare att spara tid och anstr\u00e4ngning genom att ta hand om alla logistiska detaljer och ge dig expertr\u00e5d.<\/p>\n<p>Om du planerar ett br\u00f6llop i Havanna \u00e4r det ett smart drag att anlita en professionell br\u00f6llopsplanerare. Det hj\u00e4lper dig att koordinera alla aspekter av ditt br\u00f6llop, fr\u00e5n att v\u00e4lja en plats till att v\u00e4lja leverant\u00f6rer och koordinera br\u00f6llopsdagen. Dessutom kommer de att ge dig expertr\u00e5d och hj\u00e4lpa dig att fatta v\u00e4lgrundade beslut. Sl\u00f6sa inte mer tid p\u00e5 att leta, hitta den perfekta br\u00f6llopsplaneraren f\u00f6r dig och njut av ett perfekt organiserat br\u00f6llop i Havanna, Kuba!<\/p>\n<h2><strong>\u00a0<\/strong><\/h2>\n<p>[\/vc_column_text][\/vc_column][\/vc_row]<\/p>\n<\/div>","protected":false},"excerpt":{"rendered":"<p>[vc_row][vc_column][vc_column_text]Letar du efter en br\u00f6llopsplanerare i Havanna, Kuba? Du har kommit till r\u00e4tt st\u00e4lle! H\u00e4r hittar du ett urval av [&hellip;]<\/p>\n","protected":false},"author":5,"featured_media":8508,"parent":0,"menu_order":0,"comment_status":"closed","ping_status":"closed","template":"","meta":{"_joinchat":[],"footnotes":""},"class_list":["post-8526","page","type-page","status-publish","has-post-thumbnail","hentry"],"yoast_head":"<!-- This site is optimized with the Yoast SEO plugin v27.3 - https:\/\/yoast.com\/product\/yoast-seo-wordpress\/ -->\n<title>De b\u00e4sta br\u00f6llopsplanerarna i Havanna, Kuba<\/title>\n<meta name=\"description\" content=\"Organisera dina dr\u00f6mmars br\u00f6llop i Havanna med de b\u00e4sta planerare. Personlig service och uppm\u00e4rksamhet p\u00e5 varje detalj\" \/>\n<meta name=\"robots\" content=\"index, follow, max-snippet:-1, max-image-preview:large, max-video-preview:-1\" \/>\n<link rel=\"canonical\" href=\"https:\/\/cubaweddingpackages.com\/sv\/de-basta-brollopsplanerarna-i-havanna-kuba\/\" \/>\n<meta property=\"og:locale\" content=\"sv_SE\" \/>\n<meta property=\"og:type\" content=\"article\" \/>\n<meta property=\"og:title\" content=\"De b\u00e4sta br\u00f6llopsplanerarna i Havanna, Kuba\" \/>\n<meta property=\"og:description\" content=\"Organisera dina dr\u00f6mmars br\u00f6llop i Havanna med de b\u00e4sta planerare. Personlig service och uppm\u00e4rksamhet p\u00e5 varje detalj\" \/>\n<meta property=\"og:url\" content=\"https:\/\/cubaweddingpackages.com\/sv\/de-basta-brollopsplanerarna-i-havanna-kuba\/\" \/>\n<meta property=\"og:site_name\" content=\"Wedding Packages in Cuba\" \/>\n<meta property=\"article:publisher\" content=\"https:\/\/www.facebook.com\/BodasEnCubaV\" \/>\n<meta property=\"og:image\" content=\"https:\/\/cubaweddingpackages.com\/wp-content\/uploads\/2024\/03\/planificador-de-bodas-playa.jpg\" \/>\n\t<meta property=\"og:image:width\" content=\"1310\" \/>\n\t<meta property=\"og:image:height\" content=\"782\" \/>\n\t<meta property=\"og:image:type\" content=\"image\/jpeg\" \/>\n<meta name=\"twitter:label1\" content=\"Ber\u00e4knad l\u00e4stid\" \/>\n\t<meta name=\"twitter:data1\" content=\"3 minuter\" \/>\n<script type=\"application\/ld+json\" class=\"yoast-schema-graph\">{\"@context\":\"https:\\\/\\\/schema.org\",\"@graph\":[{\"@type\":\"WebPage\",\"@id\":\"https:\\\/\\\/cubaweddingpackages.com\\\/sv\\\/de-basta-brollopsplanerarna-i-havanna-kuba\\\/\",\"url\":\"https:\\\/\\\/cubaweddingpackages.com\\\/sv\\\/de-basta-brollopsplanerarna-i-havanna-kuba\\\/\",\"name\":\"De b\u00e4sta br\u00f6llopsplanerarna i Havanna, Kuba\",\"isPartOf\":{\"@id\":\"https:\\\/\\\/cubaweddingpackages.com\\\/sv\\\/#website\"},\"primaryImageOfPage\":{\"@id\":\"https:\\\/\\\/cubaweddingpackages.com\\\/sv\\\/de-basta-brollopsplanerarna-i-havanna-kuba\\\/#primaryimage\"},\"image\":{\"@id\":\"https:\\\/\\\/cubaweddingpackages.com\\\/sv\\\/de-basta-brollopsplanerarna-i-havanna-kuba\\\/#primaryimage\"},\"thumbnailUrl\":\"https:\\\/\\\/cubaweddingpackages.com\\\/wp-content\\\/uploads\\\/2024\\\/03\\\/planificador-de-bodas-playa.jpg\",\"datePublished\":\"2024-03-25T14:45:54+00:00\",\"description\":\"Organisera dina dr\u00f6mmars br\u00f6llop i Havanna med de b\u00e4sta planerare. Personlig service och uppm\u00e4rksamhet p\u00e5 varje detalj\",\"breadcrumb\":{\"@id\":\"https:\\\/\\\/cubaweddingpackages.com\\\/sv\\\/de-basta-brollopsplanerarna-i-havanna-kuba\\\/#breadcrumb\"},\"inLanguage\":\"sv-SE\",\"potentialAction\":[{\"@type\":\"ReadAction\",\"target\":[\"https:\\\/\\\/cubaweddingpackages.com\\\/sv\\\/de-basta-brollopsplanerarna-i-havanna-kuba\\\/\"]}]},{\"@type\":\"ImageObject\",\"inLanguage\":\"sv-SE\",\"@id\":\"https:\\\/\\\/cubaweddingpackages.com\\\/sv\\\/de-basta-brollopsplanerarna-i-havanna-kuba\\\/#primaryimage\",\"url\":\"https:\\\/\\\/cubaweddingpackages.com\\\/wp-content\\\/uploads\\\/2024\\\/03\\\/planificador-de-bodas-playa.jpg\",\"contentUrl\":\"https:\\\/\\\/cubaweddingpackages.com\\\/wp-content\\\/uploads\\\/2024\\\/03\\\/planificador-de-bodas-playa.jpg\",\"width\":1310,\"height\":782,\"caption\":\"b\u00e4sta br\u00f6llopsplanerare\"},{\"@type\":\"BreadcrumbList\",\"@id\":\"https:\\\/\\\/cubaweddingpackages.com\\\/sv\\\/de-basta-brollopsplanerarna-i-havanna-kuba\\\/#breadcrumb\",\"itemListElement\":[{\"@type\":\"ListItem\",\"position\":1,\"name\":\"Home\",\"item\":\"https:\\\/\\\/cubaweddingpackages.com\\\/sv\\\/\"},{\"@type\":\"ListItem\",\"position\":2,\"name\":\"De b\u00e4sta br\u00f6llopsplanerarna i Havanna, Kuba\"}]},{\"@type\":\"WebSite\",\"@id\":\"https:\\\/\\\/cubaweddingpackages.com\\\/sv\\\/#website\",\"url\":\"https:\\\/\\\/cubaweddingpackages.com\\\/sv\\\/\",\"name\":\"Wedding Packages in Cuba\",\"description\":\"Best Wedding Packages\",\"potentialAction\":[{\"@type\":\"SearchAction\",\"target\":{\"@type\":\"EntryPoint\",\"urlTemplate\":\"https:\\\/\\\/cubaweddingpackages.com\\\/sv\\\/?s={search_term_string}\"},\"query-input\":{\"@type\":\"PropertyValueSpecification\",\"valueRequired\":true,\"valueName\":\"search_term_string\"}}],\"inLanguage\":\"sv-SE\"}]}<\/script>\n<!-- \/ Yoast SEO plugin. -->","yoast_head_json":{"title":"De b\u00e4sta br\u00f6llopsplanerarna i Havanna, Kuba","description":"Organisera dina dr\u00f6mmars br\u00f6llop i Havanna med de b\u00e4sta planerare. Personlig service och uppm\u00e4rksamhet p\u00e5 varje detalj","robots":{"index":"index","follow":"follow","max-snippet":"max-snippet:-1","max-image-preview":"max-image-preview:large","max-video-preview":"max-video-preview:-1"},"canonical":"https:\/\/cubaweddingpackages.com\/sv\/de-basta-brollopsplanerarna-i-havanna-kuba\/","og_locale":"sv_SE","og_type":"article","og_title":"De b\u00e4sta br\u00f6llopsplanerarna i Havanna, Kuba","og_description":"Organisera dina dr\u00f6mmars br\u00f6llop i Havanna med de b\u00e4sta planerare. Personlig service och uppm\u00e4rksamhet p\u00e5 varje detalj","og_url":"https:\/\/cubaweddingpackages.com\/sv\/de-basta-brollopsplanerarna-i-havanna-kuba\/","og_site_name":"Wedding Packages in Cuba","article_publisher":"https:\/\/www.facebook.com\/BodasEnCubaV","og_image":[{"width":1310,"height":782,"url":"https:\/\/cubaweddingpackages.com\/wp-content\/uploads\/2024\/03\/planificador-de-bodas-playa.jpg","type":"image\/jpeg"}],"twitter_misc":{"Ber\u00e4knad l\u00e4stid":"3 minuter"},"schema":{"@context":"https:\/\/schema.org","@graph":[{"@type":"WebPage","@id":"https:\/\/cubaweddingpackages.com\/sv\/de-basta-brollopsplanerarna-i-havanna-kuba\/","url":"https:\/\/cubaweddingpackages.com\/sv\/de-basta-brollopsplanerarna-i-havanna-kuba\/","name":"De b\u00e4sta br\u00f6llopsplanerarna i Havanna, Kuba","isPartOf":{"@id":"https:\/\/cubaweddingpackages.com\/sv\/#website"},"primaryImageOfPage":{"@id":"https:\/\/cubaweddingpackages.com\/sv\/de-basta-brollopsplanerarna-i-havanna-kuba\/#primaryimage"},"image":{"@id":"https:\/\/cubaweddingpackages.com\/sv\/de-basta-brollopsplanerarna-i-havanna-kuba\/#primaryimage"},"thumbnailUrl":"https:\/\/cubaweddingpackages.com\/wp-content\/uploads\/2024\/03\/planificador-de-bodas-playa.jpg","datePublished":"2024-03-25T14:45:54+00:00","description":"Organisera dina dr\u00f6mmars br\u00f6llop i Havanna med de b\u00e4sta planerare. Personlig service och uppm\u00e4rksamhet p\u00e5 varje detalj","breadcrumb":{"@id":"https:\/\/cubaweddingpackages.com\/sv\/de-basta-brollopsplanerarna-i-havanna-kuba\/#breadcrumb"},"inLanguage":"sv-SE","potentialAction":[{"@type":"ReadAction","target":["https:\/\/cubaweddingpackages.com\/sv\/de-basta-brollopsplanerarna-i-havanna-kuba\/"]}]},{"@type":"ImageObject","inLanguage":"sv-SE","@id":"https:\/\/cubaweddingpackages.com\/sv\/de-basta-brollopsplanerarna-i-havanna-kuba\/#primaryimage","url":"https:\/\/cubaweddingpackages.com\/wp-content\/uploads\/2024\/03\/planificador-de-bodas-playa.jpg","contentUrl":"https:\/\/cubaweddingpackages.com\/wp-content\/uploads\/2024\/03\/planificador-de-bodas-playa.jpg","width":1310,"height":782,"caption":"b\u00e4sta br\u00f6llopsplanerare"},{"@type":"BreadcrumbList","@id":"https:\/\/cubaweddingpackages.com\/sv\/de-basta-brollopsplanerarna-i-havanna-kuba\/#breadcrumb","itemListElement":[{"@type":"ListItem","position":1,"name":"Home","item":"https:\/\/cubaweddingpackages.com\/sv\/"},{"@type":"ListItem","position":2,"name":"De b\u00e4sta br\u00f6llopsplanerarna i Havanna, Kuba"}]},{"@type":"WebSite","@id":"https:\/\/cubaweddingpackages.com\/sv\/#website","url":"https:\/\/cubaweddingpackages.com\/sv\/","name":"Wedding Packages in Cuba","description":"Best Wedding Packages","potentialAction":[{"@type":"SearchAction","target":{"@type":"EntryPoint","urlTemplate":"https:\/\/cubaweddingpackages.com\/sv\/?s={search_term_string}"},"query-input":{"@type":"PropertyValueSpecification","valueRequired":true,"valueName":"search_term_string"}}],"inLanguage":"sv-SE"}]}},"_links":{"self":[{"href":"https:\/\/cubaweddingpackages.com\/sv\/wp-json\/wp\/v2\/pages\/8526","targetHints":{"allow":["GET"]}}],"collection":[{"href":"https:\/\/cubaweddingpackages.com\/sv\/wp-json\/wp\/v2\/pages"}],"about":[{"href":"https:\/\/cubaweddingpackages.com\/sv\/wp-json\/wp\/v2\/types\/page"}],"author":[{"embeddable":true,"href":"https:\/\/cubaweddingpackages.com\/sv\/wp-json\/wp\/v2\/users\/5"}],"replies":[{"embeddable":true,"href":"https:\/\/cubaweddingpackages.com\/sv\/wp-json\/wp\/v2\/comments?post=8526"}],"version-history":[{"count":2,"href":"https:\/\/cubaweddingpackages.com\/sv\/wp-json\/wp\/v2\/pages\/8526\/revisions"}],"predecessor-version":[{"id":8542,"href":"https:\/\/cubaweddingpackages.com\/sv\/wp-json\/wp\/v2\/pages\/8526\/revisions\/8542"}],"wp:featuredmedia":[{"embeddable":true,"href":"https:\/\/cubaweddingpackages.com\/sv\/wp-json\/wp\/v2\/media\/8508"}],"wp:attachment":[{"href":"https:\/\/cubaweddingpackages.com\/sv\/wp-json\/wp\/v2\/media?parent=8526"}],"curies":[{"name":"wp","href":"https:\/\/api.w.org\/{rel}","templated":true}]}}