{"id":8571,"date":"2024-03-26T13:35:56","date_gmt":"2024-03-26T13:35:56","guid":{"rendered":"https:\/\/cubaweddingpackages.com\/?page_id=8571"},"modified":"2024-03-26T13:35:56","modified_gmt":"2024-03-26T13:35:56","slug":"de-basta-brollopspaketen-i-havanna-kuba","status":"publish","type":"page","link":"https:\/\/cubaweddingpackages.com\/sv\/de-basta-brollopspaketen-i-havanna-kuba\/","title":{"rendered":"De b\u00e4sta br\u00f6llopspaketen i Havanna, Kuba"},"content":{"rendered":"<div class=\"wpb-content-wrapper\"><p>[vc_row][vc_column][vc_column_text]<\/p>\n<h2>Uppt\u00e4ck de b\u00e4sta br\u00f6llopspaketen i Havanna, Kuba<\/h2>\n<p>F\u00f6rutom sin rika historia och livliga kultur erbjuder Havanna ett brett utbud av alternativ f\u00f6r att fira ditt br\u00f6llop. Oavsett om du letar efter en intim ceremoni p\u00e5 en vit sandstrand eller en elegant mottagning i ett gammalt kolonialt palats, hittar du det perfekta paketet f\u00f6r dig h\u00e4r.<\/p>\n<p><a href=\"https:\/\/cubaweddingpackages.com\/sv\/brollopsplanerare-pa-kuba\/\"><img decoding=\"async\" class=\"aligncenter wp-image-8554 size-large\" src=\"http:\/\/cubaweddingpackages.com\/wp-content\/uploads\/2024\/03\/Paquetes-de-bodas-1024x579.jpg\" alt=\"br\u00f6llopspaket\" width=\"1024\" height=\"579\" srcset=\"https:\/\/cubaweddingpackages.com\/wp-content\/uploads\/2024\/03\/Paquetes-de-bodas-1024x579.jpg 1024w, https:\/\/cubaweddingpackages.com\/wp-content\/uploads\/2024\/03\/Paquetes-de-bodas-300x170.jpg 300w, https:\/\/cubaweddingpackages.com\/wp-content\/uploads\/2024\/03\/Paquetes-de-bodas-768x434.jpg 768w, https:\/\/cubaweddingpackages.com\/wp-content\/uploads\/2024\/03\/Paquetes-de-bodas.jpg 1333w\" sizes=\"(max-width: 1024px) 100vw, 1024px\" \/><\/a><\/p>\n<p>Ett av de mest popul\u00e4ra alternativen f\u00f6r br\u00f6llop i Havanna \u00e4r att ha ceremonin p\u00e5 ett av stadens m\u00e5nga boutiquehotell. Dessa hotell erbjuder en exklusiv och romantisk atmosf\u00e4r, med vackra tr\u00e4dg\u00e5rdar och panoramautsikt \u00f6ver staden.<\/p>\n<p>F\u00f6rutom platser erbjuder vi \u00e4ven ett brett utbud av tj\u00e4nster f\u00f6r att g\u00f6ra ditt br\u00f6llop perfekt i alla aspekter. Fr\u00e5n att organisera ceremonin och mottagningen till att anst\u00e4lla professionella fotografer och musiker, vi tar hand om alla detaljer s\u00e5 att du och dina n\u00e4ra och k\u00e4ra kan njuta av denna speciella dag till fullo.<\/p>\n<p>S\u00e5 sl\u00f6sa inte mer tid p\u00e5 att leta, uppt\u00e4ck de b\u00e4sta br\u00f6llopspaketen i Havanna, Kuba och b\u00f6rja planera dina dr\u00f6mmars br\u00f6llop i denna vackra destination. Vi garanterar att det kommer att bli en of\u00f6rgl\u00f6mlig upplevelse![\/vc_column_text][vc_column_text]<\/p>\n<h2>De b\u00e4sta br\u00f6llopspaketen i Havanna<\/h2>\n<p>I v\u00e5rt urval av br\u00f6llopspaket i Havanna har vi s\u00f6kt de b\u00e4sta leverant\u00f6rerna och tj\u00e4nsterna f\u00f6r att s\u00e4kerst\u00e4lla att ditt br\u00f6llop blir perfekt i alla aspekter. Fr\u00e5n ceremonin till mottagningen erbjuder vi dig kompletta alternativ f\u00f6r att passa dina behov och preferenser.<\/p>\n<h3>Paketet &#8220;Kubansk romantik&#8221;.<\/h3>\n<p>Om du dr\u00f6mmer om ett intimt och romantiskt br\u00f6llop i Havanna \u00e4r paketet &#8220;Cuban Romance&#8221; perfekt f\u00f6r dig. Detta paket inkluderar en ceremoni p\u00e5 en vacker privat strand, dekorerad med tropiska blommor och ljus. Efter ceremonin kan du njuta av en romantisk middag under stj\u00e4rnorna, ackompanjerad av levande musik och dans.<\/p>\n<p>Dessutom inneh\u00e5ller paketet &#8220;Cuban Romance&#8221; ocks\u00e5 en professionell fotosession f\u00f6r att f\u00e5nga alla speciella \u00f6gonblick av ditt br\u00f6llop. Du kan v\u00e4lja mellan olika inst\u00e4llningar, som Havannas Malec\u00f3n eller stadens ikoniska koloniala byggnader.<\/p>\n<p><a href=\"https:\/\/cubaweddingpackages.com\/sv\/brollopsplanerare-pa-kuba\/\"><img decoding=\"async\" class=\"aligncenter wp-image-8332 size-full\" src=\"http:\/\/cubaweddingpackages.com\/wp-content\/uploads\/2024\/03\/Bodas-exclusivas.jpg\" alt=\"Exklusiva br\u00f6llop\" width=\"733\" height=\"493\" srcset=\"https:\/\/cubaweddingpackages.com\/wp-content\/uploads\/2024\/03\/Bodas-exclusivas.jpg 733w, https:\/\/cubaweddingpackages.com\/wp-content\/uploads\/2024\/03\/Bodas-exclusivas-300x202.jpg 300w\" sizes=\"(max-width: 733px) 100vw, 733px\" \/><\/a><\/p>\n<h3>&#8220;Havana Elegance&#8221;-paket<\/h3>\n<p>Om du f\u00f6redrar ett mer elegant och sofistikerat br\u00f6llop \u00e4r paketet &#8220;Habanera Elegance&#8221; det perfekta valet. I detta paket ing\u00e5r en ceremoni i en av Havannas imponerande salar, dekorerad med uts\u00f6kta blommor och noggrant utvalda detaljer. Efter ceremonin kan du njuta av en glamor\u00f6s mottagning, med en personlig meny och ett livligt dansgolv.<\/p>\n<p>Dessutom inkluderar &#8220;Habanera Elegance&#8221;-paketet \u00e4ven lyxiga transporttj\u00e4nster f\u00f6r dig och dina g\u00e4ster, vilket s\u00e4kerst\u00e4ller att alla kommer i tid och k\u00e4nner sig som riktiga filmstj\u00e4rnor.[\/vc_column_text][vc_column_text]<\/p>\n<h3>Paketet &#8220;Cuban Nature&#8221;.<\/h3>\n<p>Om du \u00e4r en natur\u00e4lskare och dr\u00f6mmer om ett utomhusbr\u00f6llop \u00e4r paketet &#8220;Cuban Nature&#8221; perfekt f\u00f6r dig. Detta paket ger dig m\u00f6jligheten att fira ditt br\u00f6llop i en vacker tropisk tr\u00e4dg\u00e5rd, omgiven av frodig vegetation och naturliga vattenfall.<\/p>\n<p>Paketet &#8220;Cuban Nature&#8221; inkluderar en ceremoni i tr\u00e4dg\u00e5rden, dekorerad med tropiska blommor och naturliga element. Efter ceremonin kan du njuta av en utomhusmottagning, med en uts\u00f6kt meny inspirerad av det kubanska k\u00f6ket och levande musik f\u00f6r att liva upp festen.<\/p>\n<p>N\u00e4r det kommer till att planera och koordinera ditt br\u00f6llop, kommer v\u00e5rt team av experter att finnas tillg\u00e4ngliga f\u00f6r att hj\u00e4lpa dig varje steg p\u00e5 v\u00e4gen. Fr\u00e5n val av lokal till val av meny och dekoration, vi tar hand om alla detaljer s\u00e5 att du och dina n\u00e4ra och k\u00e4ra kan njuta av en of\u00f6rgl\u00f6mlig dag i Havanna.<\/p>\n<p>Det \u00e4r enkelt att boka ditt br\u00f6llopspaket i Havanna. Kontakta oss helt enkelt via v\u00e5r hemsida eller via telefon s\u00e5 kontaktar en av v\u00e5ra br\u00f6llopsspecialister dig f\u00f6r att diskutera dina preferenser och alternativ. Vi \u00e4r h\u00e4r f\u00f6r att f\u00f6rverkliga dina dr\u00f6mmar och skapa minnen som varar livet ut.[\/vc_column_text][\/vc_column][\/vc_row]<\/p>\n<\/div>","protected":false},"excerpt":{"rendered":"<p>[vc_row][vc_column][vc_column_text] Uppt\u00e4ck de b\u00e4sta br\u00f6llopspaketen i Havanna, Kuba F\u00f6rutom sin rika historia och livliga kultur erbjuder Havanna ett brett utbud [&hellip;]<\/p>\n","protected":false},"author":5,"featured_media":8553,"parent":0,"menu_order":0,"comment_status":"closed","ping_status":"closed","template":"","meta":{"_joinchat":[],"footnotes":""},"class_list":["post-8571","page","type-page","status-publish","has-post-thumbnail","hentry"],"yoast_head":"<!-- This site is optimized with the Yoast SEO plugin v27.3 - https:\/\/yoast.com\/product\/yoast-seo-wordpress\/ -->\n<title>De b\u00e4sta br\u00f6llopspaketen i Havanna, Kuba<\/title>\n<meta name=\"description\" content=\"Uppt\u00e4ck magin med att gifta sig i Havanna: intima ceremonier p\u00e5 privata str\u00e4nder och eleganta mottagningar i koloniala palats\" \/>\n<meta name=\"robots\" content=\"index, follow, max-snippet:-1, max-image-preview:large, max-video-preview:-1\" \/>\n<link rel=\"canonical\" href=\"https:\/\/cubaweddingpackages.com\/sv\/de-basta-brollopspaketen-i-havanna-kuba\/\" \/>\n<meta property=\"og:locale\" content=\"sv_SE\" \/>\n<meta property=\"og:type\" content=\"article\" \/>\n<meta property=\"og:title\" content=\"De b\u00e4sta br\u00f6llopspaketen i Havanna, Kuba\" \/>\n<meta property=\"og:description\" content=\"Uppt\u00e4ck magin med att gifta sig i Havanna: intima ceremonier p\u00e5 privata str\u00e4nder och eleganta mottagningar i koloniala palats\" \/>\n<meta property=\"og:url\" content=\"https:\/\/cubaweddingpackages.com\/sv\/de-basta-brollopspaketen-i-havanna-kuba\/\" \/>\n<meta property=\"og:site_name\" content=\"Wedding Packages in Cuba\" \/>\n<meta property=\"article:publisher\" content=\"https:\/\/www.facebook.com\/BodasEnCubaV\" \/>\n<meta property=\"og:image\" content=\"https:\/\/cubaweddingpackages.com\/wp-content\/uploads\/2024\/03\/Paquetes-de-bodas-en-la-Habana.jpg\" \/>\n\t<meta property=\"og:image:width\" content=\"702\" \/>\n\t<meta property=\"og:image:height\" content=\"753\" \/>\n\t<meta property=\"og:image:type\" content=\"image\/jpeg\" \/>\n<meta name=\"twitter:label1\" content=\"Ber\u00e4knad l\u00e4stid\" \/>\n\t<meta name=\"twitter:data1\" content=\"4 minuter\" \/>\n<script type=\"application\/ld+json\" class=\"yoast-schema-graph\">{\"@context\":\"https:\\\/\\\/schema.org\",\"@graph\":[{\"@type\":\"WebPage\",\"@id\":\"https:\\\/\\\/cubaweddingpackages.com\\\/sv\\\/de-basta-brollopspaketen-i-havanna-kuba\\\/\",\"url\":\"https:\\\/\\\/cubaweddingpackages.com\\\/sv\\\/de-basta-brollopspaketen-i-havanna-kuba\\\/\",\"name\":\"De b\u00e4sta br\u00f6llopspaketen i Havanna, Kuba\",\"isPartOf\":{\"@id\":\"https:\\\/\\\/cubaweddingpackages.com\\\/sv\\\/#website\"},\"primaryImageOfPage\":{\"@id\":\"https:\\\/\\\/cubaweddingpackages.com\\\/sv\\\/de-basta-brollopspaketen-i-havanna-kuba\\\/#primaryimage\"},\"image\":{\"@id\":\"https:\\\/\\\/cubaweddingpackages.com\\\/sv\\\/de-basta-brollopspaketen-i-havanna-kuba\\\/#primaryimage\"},\"thumbnailUrl\":\"https:\\\/\\\/cubaweddingpackages.com\\\/wp-content\\\/uploads\\\/2024\\\/03\\\/Paquetes-de-bodas-en-la-Habana.jpg\",\"datePublished\":\"2024-03-26T13:35:56+00:00\",\"description\":\"Uppt\u00e4ck magin med att gifta sig i Havanna: intima ceremonier p\u00e5 privata str\u00e4nder och eleganta mottagningar i koloniala palats\",\"breadcrumb\":{\"@id\":\"https:\\\/\\\/cubaweddingpackages.com\\\/sv\\\/de-basta-brollopspaketen-i-havanna-kuba\\\/#breadcrumb\"},\"inLanguage\":\"sv-SE\",\"potentialAction\":[{\"@type\":\"ReadAction\",\"target\":[\"https:\\\/\\\/cubaweddingpackages.com\\\/sv\\\/de-basta-brollopspaketen-i-havanna-kuba\\\/\"]}]},{\"@type\":\"ImageObject\",\"inLanguage\":\"sv-SE\",\"@id\":\"https:\\\/\\\/cubaweddingpackages.com\\\/sv\\\/de-basta-brollopspaketen-i-havanna-kuba\\\/#primaryimage\",\"url\":\"https:\\\/\\\/cubaweddingpackages.com\\\/wp-content\\\/uploads\\\/2024\\\/03\\\/Paquetes-de-bodas-en-la-Habana.jpg\",\"contentUrl\":\"https:\\\/\\\/cubaweddingpackages.com\\\/wp-content\\\/uploads\\\/2024\\\/03\\\/Paquetes-de-bodas-en-la-Habana.jpg\",\"width\":702,\"height\":753,\"caption\":\"resort p\u00e5 Kuba f\u00f6r par\"},{\"@type\":\"BreadcrumbList\",\"@id\":\"https:\\\/\\\/cubaweddingpackages.com\\\/sv\\\/de-basta-brollopspaketen-i-havanna-kuba\\\/#breadcrumb\",\"itemListElement\":[{\"@type\":\"ListItem\",\"position\":1,\"name\":\"Home\",\"item\":\"https:\\\/\\\/cubaweddingpackages.com\\\/sv\\\/\"},{\"@type\":\"ListItem\",\"position\":2,\"name\":\"De b\u00e4sta br\u00f6llopspaketen i Havanna, Kuba\"}]},{\"@type\":\"WebSite\",\"@id\":\"https:\\\/\\\/cubaweddingpackages.com\\\/sv\\\/#website\",\"url\":\"https:\\\/\\\/cubaweddingpackages.com\\\/sv\\\/\",\"name\":\"Wedding Packages in Cuba\",\"description\":\"Best Wedding Packages\",\"potentialAction\":[{\"@type\":\"SearchAction\",\"target\":{\"@type\":\"EntryPoint\",\"urlTemplate\":\"https:\\\/\\\/cubaweddingpackages.com\\\/sv\\\/?s={search_term_string}\"},\"query-input\":{\"@type\":\"PropertyValueSpecification\",\"valueRequired\":true,\"valueName\":\"search_term_string\"}}],\"inLanguage\":\"sv-SE\"}]}<\/script>\n<!-- \/ Yoast SEO plugin. -->","yoast_head_json":{"title":"De b\u00e4sta br\u00f6llopspaketen i Havanna, Kuba","description":"Uppt\u00e4ck magin med att gifta sig i Havanna: intima ceremonier p\u00e5 privata str\u00e4nder och eleganta mottagningar i koloniala palats","robots":{"index":"index","follow":"follow","max-snippet":"max-snippet:-1","max-image-preview":"max-image-preview:large","max-video-preview":"max-video-preview:-1"},"canonical":"https:\/\/cubaweddingpackages.com\/sv\/de-basta-brollopspaketen-i-havanna-kuba\/","og_locale":"sv_SE","og_type":"article","og_title":"De b\u00e4sta br\u00f6llopspaketen i Havanna, Kuba","og_description":"Uppt\u00e4ck magin med att gifta sig i Havanna: intima ceremonier p\u00e5 privata str\u00e4nder och eleganta mottagningar i koloniala palats","og_url":"https:\/\/cubaweddingpackages.com\/sv\/de-basta-brollopspaketen-i-havanna-kuba\/","og_site_name":"Wedding Packages in Cuba","article_publisher":"https:\/\/www.facebook.com\/BodasEnCubaV","og_image":[{"width":702,"height":753,"url":"https:\/\/cubaweddingpackages.com\/wp-content\/uploads\/2024\/03\/Paquetes-de-bodas-en-la-Habana.jpg","type":"image\/jpeg"}],"twitter_misc":{"Ber\u00e4knad l\u00e4stid":"4 minuter"},"schema":{"@context":"https:\/\/schema.org","@graph":[{"@type":"WebPage","@id":"https:\/\/cubaweddingpackages.com\/sv\/de-basta-brollopspaketen-i-havanna-kuba\/","url":"https:\/\/cubaweddingpackages.com\/sv\/de-basta-brollopspaketen-i-havanna-kuba\/","name":"De b\u00e4sta br\u00f6llopspaketen i Havanna, Kuba","isPartOf":{"@id":"https:\/\/cubaweddingpackages.com\/sv\/#website"},"primaryImageOfPage":{"@id":"https:\/\/cubaweddingpackages.com\/sv\/de-basta-brollopspaketen-i-havanna-kuba\/#primaryimage"},"image":{"@id":"https:\/\/cubaweddingpackages.com\/sv\/de-basta-brollopspaketen-i-havanna-kuba\/#primaryimage"},"thumbnailUrl":"https:\/\/cubaweddingpackages.com\/wp-content\/uploads\/2024\/03\/Paquetes-de-bodas-en-la-Habana.jpg","datePublished":"2024-03-26T13:35:56+00:00","description":"Uppt\u00e4ck magin med att gifta sig i Havanna: intima ceremonier p\u00e5 privata str\u00e4nder och eleganta mottagningar i koloniala palats","breadcrumb":{"@id":"https:\/\/cubaweddingpackages.com\/sv\/de-basta-brollopspaketen-i-havanna-kuba\/#breadcrumb"},"inLanguage":"sv-SE","potentialAction":[{"@type":"ReadAction","target":["https:\/\/cubaweddingpackages.com\/sv\/de-basta-brollopspaketen-i-havanna-kuba\/"]}]},{"@type":"ImageObject","inLanguage":"sv-SE","@id":"https:\/\/cubaweddingpackages.com\/sv\/de-basta-brollopspaketen-i-havanna-kuba\/#primaryimage","url":"https:\/\/cubaweddingpackages.com\/wp-content\/uploads\/2024\/03\/Paquetes-de-bodas-en-la-Habana.jpg","contentUrl":"https:\/\/cubaweddingpackages.com\/wp-content\/uploads\/2024\/03\/Paquetes-de-bodas-en-la-Habana.jpg","width":702,"height":753,"caption":"resort p\u00e5 Kuba f\u00f6r par"},{"@type":"BreadcrumbList","@id":"https:\/\/cubaweddingpackages.com\/sv\/de-basta-brollopspaketen-i-havanna-kuba\/#breadcrumb","itemListElement":[{"@type":"ListItem","position":1,"name":"Home","item":"https:\/\/cubaweddingpackages.com\/sv\/"},{"@type":"ListItem","position":2,"name":"De b\u00e4sta br\u00f6llopspaketen i Havanna, Kuba"}]},{"@type":"WebSite","@id":"https:\/\/cubaweddingpackages.com\/sv\/#website","url":"https:\/\/cubaweddingpackages.com\/sv\/","name":"Wedding Packages in Cuba","description":"Best Wedding Packages","potentialAction":[{"@type":"SearchAction","target":{"@type":"EntryPoint","urlTemplate":"https:\/\/cubaweddingpackages.com\/sv\/?s={search_term_string}"},"query-input":{"@type":"PropertyValueSpecification","valueRequired":true,"valueName":"search_term_string"}}],"inLanguage":"sv-SE"}]}},"_links":{"self":[{"href":"https:\/\/cubaweddingpackages.com\/sv\/wp-json\/wp\/v2\/pages\/8571","targetHints":{"allow":["GET"]}}],"collection":[{"href":"https:\/\/cubaweddingpackages.com\/sv\/wp-json\/wp\/v2\/pages"}],"about":[{"href":"https:\/\/cubaweddingpackages.com\/sv\/wp-json\/wp\/v2\/types\/page"}],"author":[{"embeddable":true,"href":"https:\/\/cubaweddingpackages.com\/sv\/wp-json\/wp\/v2\/users\/5"}],"replies":[{"embeddable":true,"href":"https:\/\/cubaweddingpackages.com\/sv\/wp-json\/wp\/v2\/comments?post=8571"}],"version-history":[{"count":2,"href":"https:\/\/cubaweddingpackages.com\/sv\/wp-json\/wp\/v2\/pages\/8571\/revisions"}],"predecessor-version":[{"id":8587,"href":"https:\/\/cubaweddingpackages.com\/sv\/wp-json\/wp\/v2\/pages\/8571\/revisions\/8587"}],"wp:featuredmedia":[{"embeddable":true,"href":"https:\/\/cubaweddingpackages.com\/sv\/wp-json\/wp\/v2\/media\/8553"}],"wp:attachment":[{"href":"https:\/\/cubaweddingpackages.com\/sv\/wp-json\/wp\/v2\/media?parent=8571"}],"curies":[{"name":"wp","href":"https:\/\/api.w.org\/{rel}","templated":true}]}}