{"id":8608,"date":"2024-03-26T15:28:38","date_gmt":"2024-03-26T15:28:38","guid":{"rendered":"https:\/\/cubaweddingpackages.com\/?page_id=8608"},"modified":"2024-03-26T15:28:38","modified_gmt":"2024-03-26T15:28:38","slug":"perfekta-platser-for-ditt-brollop-i-havanna-kuba","status":"publish","type":"page","link":"https:\/\/cubaweddingpackages.com\/sv\/perfekta-platser-for-ditt-brollop-i-havanna-kuba\/","title":{"rendered":"Perfekta platser f\u00f6r ditt br\u00f6llop i Havanna, Kuba"},"content":{"rendered":"<div class=\"wpb-content-wrapper\"><p>[vc_row][vc_column][vc_column_text]<\/p>\n<h2>Hitta de perfekta platserna f\u00f6r ditt br\u00f6llop i Havanna, Kuba<\/h2>\n<p>Havanna, Kubas vackra huvudstad, \u00e4r en magisk plats att fira ditt br\u00f6llop p\u00e5. Med sin koloniala charm, kullerstensgator och rika kultur erbjuder Havanna ett brett utbud av l\u00e4mpliga platser och br\u00f6llopsplaneringstj\u00e4nster f\u00f6r att g\u00f6ra din speciella dag perfekt.<\/p>\n<p><a href=\"https:\/\/cubaweddingpackages.com\/sv\/brollopsplanerare-pa-kuba\/\"><img decoding=\"async\" class=\"aligncenter wp-image-8201 size-full\" src=\"http:\/\/cubaweddingpackages.com\/wp-content\/uploads\/2024\/03\/Boda-tematica.jpg\" alt=\"br\u00f6llop med tema\" width=\"1024\" height=\"730\" srcset=\"https:\/\/cubaweddingpackages.com\/wp-content\/uploads\/2024\/03\/Boda-tematica.jpg 1024w, https:\/\/cubaweddingpackages.com\/wp-content\/uploads\/2024\/03\/Boda-tematica-300x214.jpg 300w, https:\/\/cubaweddingpackages.com\/wp-content\/uploads\/2024\/03\/Boda-tematica-768x548.jpg 768w\" sizes=\"(max-width: 1024px) 100vw, 1024px\" \/><\/a>[\/vc_column_text][vc_column_text]<\/p>\n<h2>Charmiga hotell f\u00f6r of\u00f6rgl\u00f6mliga br\u00f6llop<\/h2>\n<p>Om du letar efter en unik och elegant plats f\u00f6r ditt br\u00f6llop \u00e4r charmiga hotell i Havanna ett utm\u00e4rkt alternativ. Dessa hotell erbjuder vackra tr\u00e4dg\u00e5rdar, terrasser med panoramautsikt och magnifika bankettsalar d\u00e4r du kan vara v\u00e4rd f\u00f6r din ceremoni och mottagning.<\/p>\n<p>Vissa hotell har till och med m\u00f6jlighet att arrangera strandbr\u00f6llop, f\u00f6r dem som dr\u00f6mmer om ett romantiskt br\u00f6llop vid havet. F\u00f6rest\u00e4ll dig att s\u00e4ga &#8220;jag g\u00f6r&#8221; n\u00e4r solen g\u00e5r ner \u00f6ver havet och havsbrisen smeker din hud.[\/vc_column_text][vc_column_text]<\/p>\n<h2>Historiska platser f\u00f6r ett br\u00f6llop med kolonial charm<\/h2>\n<p>Havanna \u00e4r fullt av historiska platser som kan bli den perfekta milj\u00f6n f\u00f6r ditt br\u00f6llop. Fr\u00e5n gamla koloniala herrg\u00e5rdar till f\u00e4stningar och slott, dessa platser kommer att transportera dig till en annan era och l\u00e4gga till en touch av charm och elegans till ditt firande.<\/p>\n<p>F\u00f6rest\u00e4ll dig att gifta dig i en vacker kolonialkyrka, omgiven av gammal arkitektur och lummiga tr\u00e4dg\u00e5rdar. Eller kanske du f\u00f6redrar ett utomhusbr\u00f6llop i tr\u00e4dg\u00e5rden p\u00e5 en gammal herrg\u00e5rd, omgiven av historia och sk\u00f6nhet.<\/p>\n<p><a href=\"https:\/\/cubaweddingpackages.com\/sv\/brollopsplanerare-pa-kuba\/\"><img decoding=\"async\" class=\"aligncenter wp-image-8590 size-full\" src=\"http:\/\/cubaweddingpackages.com\/wp-content\/uploads\/2024\/03\/Locaciones-de-bodas.jpg\" alt=\"br\u00f6llopsplatser\" width=\"589\" height=\"509\" srcset=\"https:\/\/cubaweddingpackages.com\/wp-content\/uploads\/2024\/03\/Locaciones-de-bodas.jpg 589w, https:\/\/cubaweddingpackages.com\/wp-content\/uploads\/2024\/03\/Locaciones-de-bodas-300x259.jpg 300w\" sizes=\"(max-width: 589px) 100vw, 589px\" \/><\/a>[\/vc_column_text][vc_column_text]<\/p>\n<h2>Restauranger med uts\u00f6kt k\u00f6k f\u00f6r ett gourmetbr\u00f6llop<\/h2>\n<p>Om du \u00e4r en \u00e4lskare av god mat har Havanna ett brett utbud av restauranger med uts\u00f6kt k\u00f6k som kan bli den perfekta milj\u00f6n f\u00f6r ditt br\u00f6llop. Dessa restauranger erbjuder personliga menyer, kvalitetsviner och en sofistikerad atmosf\u00e4r s\u00e5 att du kan njuta av en of\u00f6rgl\u00f6mlig kulinarisk upplevelse p\u00e5 din speciella dag.<\/p>\n<p>F\u00f6rest\u00e4ll dig att fira ditt br\u00f6llop p\u00e5 en restaurang med havsutsikt, njuta av l\u00e4ckra kubanska r\u00e4tter och perfekta par. Eller s\u00e5 kanske du f\u00f6redrar en restaurang i hj\u00e4rtat av staden, omgiven av Havannas energi och gl\u00e4dje.[\/vc_column_text][vc_column_text]<\/p>\n<h2>Hitta br\u00f6llopsplaneringstj\u00e4nster i Havanna<\/h2>\n<p>F\u00f6rutom att hitta den perfekta platsen f\u00f6r ditt br\u00f6llop i Havanna \u00e4r det ocks\u00e5 viktigt att ha p\u00e5litliga och professionella br\u00f6llopsplaneringstj\u00e4nster. Dessa tj\u00e4nster hj\u00e4lper dig att planera och samordna alla detaljer kring ditt br\u00f6llop, s\u00e5 att du kan njuta av en dag utan stress och bekymmer.<\/p>\n<p>Fr\u00e5n att v\u00e4lja leverant\u00f6rer till dekoration, musik och transport, br\u00f6llopsplaneringstj\u00e4nster i Havanna tar hand om allt s\u00e5 att du och dina n\u00e4ra och k\u00e4ra kan njuta av en of\u00f6rgl\u00f6mlig dag.<\/p>\n<p>Dessutom kan dessa tj\u00e4nster hj\u00e4lpa dig att f\u00f6lja de juridiska och byr\u00e5kratiska kraven f\u00f6r att gifta dig p\u00e5 Kuba, se till att allt \u00e4r i sin ordning och undvika motg\u00e5ngar.[\/vc_column_text][\/vc_column][\/vc_row]<\/p>\n<\/div>","protected":false},"excerpt":{"rendered":"<p>[vc_row][vc_column][vc_column_text] Hitta de perfekta platserna f\u00f6r ditt br\u00f6llop i Havanna, Kuba Havanna, Kubas vackra huvudstad, \u00e4r en magisk plats att [&hellip;]<\/p>\n","protected":false},"author":5,"featured_media":5325,"parent":0,"menu_order":0,"comment_status":"closed","ping_status":"closed","template":"","meta":{"_joinchat":[],"footnotes":""},"class_list":["post-8608","page","type-page","status-publish","has-post-thumbnail","hentry"],"yoast_head":"<!-- This site is optimized with the Yoast SEO plugin v27.3 - https:\/\/yoast.com\/product\/yoast-seo-wordpress\/ -->\n<title>Perfekta platser f\u00f6r ditt br\u00f6llop i Havanna, Kuba<\/title>\n<meta name=\"description\" content=\"Havanna v\u00e4ntar p\u00e5 dig: fira din f\u00f6rening p\u00e5 hotell med utsikt och gourmetrestauranger f\u00f6r of\u00f6rgl\u00f6mliga br\u00f6llop. Klicka h\u00e4r\" \/>\n<meta name=\"robots\" content=\"index, follow, max-snippet:-1, max-image-preview:large, max-video-preview:-1\" \/>\n<link rel=\"canonical\" href=\"https:\/\/cubaweddingpackages.com\/sv\/perfekta-platser-for-ditt-brollop-i-havanna-kuba\/\" \/>\n<meta property=\"og:locale\" content=\"sv_SE\" \/>\n<meta property=\"og:type\" content=\"article\" \/>\n<meta property=\"og:title\" content=\"Perfekta platser f\u00f6r ditt br\u00f6llop i Havanna, Kuba\" \/>\n<meta property=\"og:description\" content=\"Havanna v\u00e4ntar p\u00e5 dig: fira din f\u00f6rening p\u00e5 hotell med utsikt och gourmetrestauranger f\u00f6r of\u00f6rgl\u00f6mliga br\u00f6llop. Klicka h\u00e4r\" \/>\n<meta property=\"og:url\" content=\"https:\/\/cubaweddingpackages.com\/sv\/perfekta-platser-for-ditt-brollop-i-havanna-kuba\/\" \/>\n<meta property=\"og:site_name\" content=\"Wedding Packages in Cuba\" \/>\n<meta property=\"article:publisher\" content=\"https:\/\/www.facebook.com\/BodasEnCubaV\" \/>\n<meta property=\"og:image\" content=\"https:\/\/cubaweddingpackages.com\/wp-content\/uploads\/2023\/11\/Matrimonio-Boda-en-el-Hotel-Nacional-de-Cuba.jpg\" \/>\n\t<meta property=\"og:image:width\" content=\"1080\" \/>\n\t<meta property=\"og:image:height\" content=\"1440\" \/>\n\t<meta property=\"og:image:type\" content=\"image\/jpeg\" \/>\n<meta name=\"twitter:label1\" content=\"Ber\u00e4knad l\u00e4stid\" \/>\n\t<meta name=\"twitter:data1\" content=\"3 minuter\" \/>\n<script type=\"application\/ld+json\" class=\"yoast-schema-graph\">{\"@context\":\"https:\\\/\\\/schema.org\",\"@graph\":[{\"@type\":\"WebPage\",\"@id\":\"https:\\\/\\\/cubaweddingpackages.com\\\/sv\\\/perfekta-platser-for-ditt-brollop-i-havanna-kuba\\\/\",\"url\":\"https:\\\/\\\/cubaweddingpackages.com\\\/sv\\\/perfekta-platser-for-ditt-brollop-i-havanna-kuba\\\/\",\"name\":\"Perfekta platser f\u00f6r ditt br\u00f6llop i Havanna, Kuba\",\"isPartOf\":{\"@id\":\"https:\\\/\\\/cubaweddingpackages.com\\\/sv\\\/#website\"},\"primaryImageOfPage\":{\"@id\":\"https:\\\/\\\/cubaweddingpackages.com\\\/sv\\\/perfekta-platser-for-ditt-brollop-i-havanna-kuba\\\/#primaryimage\"},\"image\":{\"@id\":\"https:\\\/\\\/cubaweddingpackages.com\\\/sv\\\/perfekta-platser-for-ditt-brollop-i-havanna-kuba\\\/#primaryimage\"},\"thumbnailUrl\":\"https:\\\/\\\/cubaweddingpackages.com\\\/wp-content\\\/uploads\\\/2023\\\/11\\\/Matrimonio-Boda-en-el-Hotel-Nacional-de-Cuba.jpg\",\"datePublished\":\"2024-03-26T15:28:38+00:00\",\"description\":\"Havanna v\u00e4ntar p\u00e5 dig: fira din f\u00f6rening p\u00e5 hotell med utsikt och gourmetrestauranger f\u00f6r of\u00f6rgl\u00f6mliga br\u00f6llop. Klicka h\u00e4r\",\"breadcrumb\":{\"@id\":\"https:\\\/\\\/cubaweddingpackages.com\\\/sv\\\/perfekta-platser-for-ditt-brollop-i-havanna-kuba\\\/#breadcrumb\"},\"inLanguage\":\"sv-SE\",\"potentialAction\":[{\"@type\":\"ReadAction\",\"target\":[\"https:\\\/\\\/cubaweddingpackages.com\\\/sv\\\/perfekta-platser-for-ditt-brollop-i-havanna-kuba\\\/\"]}]},{\"@type\":\"ImageObject\",\"inLanguage\":\"sv-SE\",\"@id\":\"https:\\\/\\\/cubaweddingpackages.com\\\/sv\\\/perfekta-platser-for-ditt-brollop-i-havanna-kuba\\\/#primaryimage\",\"url\":\"https:\\\/\\\/cubaweddingpackages.com\\\/wp-content\\\/uploads\\\/2023\\\/11\\\/Matrimonio-Boda-en-el-Hotel-Nacional-de-Cuba.jpg\",\"contentUrl\":\"https:\\\/\\\/cubaweddingpackages.com\\\/wp-content\\\/uploads\\\/2023\\\/11\\\/Matrimonio-Boda-en-el-Hotel-Nacional-de-Cuba.jpg\",\"width\":1080,\"height\":1440,\"caption\":\"perfekta st\u00e4llen f\u00f6r ditt br\u00f6llop\"},{\"@type\":\"BreadcrumbList\",\"@id\":\"https:\\\/\\\/cubaweddingpackages.com\\\/sv\\\/perfekta-platser-for-ditt-brollop-i-havanna-kuba\\\/#breadcrumb\",\"itemListElement\":[{\"@type\":\"ListItem\",\"position\":1,\"name\":\"Home\",\"item\":\"https:\\\/\\\/cubaweddingpackages.com\\\/sv\\\/\"},{\"@type\":\"ListItem\",\"position\":2,\"name\":\"Perfekta platser f\u00f6r ditt br\u00f6llop i Havanna, Kuba\"}]},{\"@type\":\"WebSite\",\"@id\":\"https:\\\/\\\/cubaweddingpackages.com\\\/sv\\\/#website\",\"url\":\"https:\\\/\\\/cubaweddingpackages.com\\\/sv\\\/\",\"name\":\"Wedding Packages in Cuba\",\"description\":\"Best Wedding Packages\",\"potentialAction\":[{\"@type\":\"SearchAction\",\"target\":{\"@type\":\"EntryPoint\",\"urlTemplate\":\"https:\\\/\\\/cubaweddingpackages.com\\\/sv\\\/?s={search_term_string}\"},\"query-input\":{\"@type\":\"PropertyValueSpecification\",\"valueRequired\":true,\"valueName\":\"search_term_string\"}}],\"inLanguage\":\"sv-SE\"}]}<\/script>\n<!-- \/ Yoast SEO plugin. -->","yoast_head_json":{"title":"Perfekta platser f\u00f6r ditt br\u00f6llop i Havanna, Kuba","description":"Havanna v\u00e4ntar p\u00e5 dig: fira din f\u00f6rening p\u00e5 hotell med utsikt och gourmetrestauranger f\u00f6r of\u00f6rgl\u00f6mliga br\u00f6llop. Klicka h\u00e4r","robots":{"index":"index","follow":"follow","max-snippet":"max-snippet:-1","max-image-preview":"max-image-preview:large","max-video-preview":"max-video-preview:-1"},"canonical":"https:\/\/cubaweddingpackages.com\/sv\/perfekta-platser-for-ditt-brollop-i-havanna-kuba\/","og_locale":"sv_SE","og_type":"article","og_title":"Perfekta platser f\u00f6r ditt br\u00f6llop i Havanna, Kuba","og_description":"Havanna v\u00e4ntar p\u00e5 dig: fira din f\u00f6rening p\u00e5 hotell med utsikt och gourmetrestauranger f\u00f6r of\u00f6rgl\u00f6mliga br\u00f6llop. Klicka h\u00e4r","og_url":"https:\/\/cubaweddingpackages.com\/sv\/perfekta-platser-for-ditt-brollop-i-havanna-kuba\/","og_site_name":"Wedding Packages in Cuba","article_publisher":"https:\/\/www.facebook.com\/BodasEnCubaV","og_image":[{"width":1080,"height":1440,"url":"https:\/\/cubaweddingpackages.com\/wp-content\/uploads\/2023\/11\/Matrimonio-Boda-en-el-Hotel-Nacional-de-Cuba.jpg","type":"image\/jpeg"}],"twitter_misc":{"Ber\u00e4knad l\u00e4stid":"3 minuter"},"schema":{"@context":"https:\/\/schema.org","@graph":[{"@type":"WebPage","@id":"https:\/\/cubaweddingpackages.com\/sv\/perfekta-platser-for-ditt-brollop-i-havanna-kuba\/","url":"https:\/\/cubaweddingpackages.com\/sv\/perfekta-platser-for-ditt-brollop-i-havanna-kuba\/","name":"Perfekta platser f\u00f6r ditt br\u00f6llop i Havanna, Kuba","isPartOf":{"@id":"https:\/\/cubaweddingpackages.com\/sv\/#website"},"primaryImageOfPage":{"@id":"https:\/\/cubaweddingpackages.com\/sv\/perfekta-platser-for-ditt-brollop-i-havanna-kuba\/#primaryimage"},"image":{"@id":"https:\/\/cubaweddingpackages.com\/sv\/perfekta-platser-for-ditt-brollop-i-havanna-kuba\/#primaryimage"},"thumbnailUrl":"https:\/\/cubaweddingpackages.com\/wp-content\/uploads\/2023\/11\/Matrimonio-Boda-en-el-Hotel-Nacional-de-Cuba.jpg","datePublished":"2024-03-26T15:28:38+00:00","description":"Havanna v\u00e4ntar p\u00e5 dig: fira din f\u00f6rening p\u00e5 hotell med utsikt och gourmetrestauranger f\u00f6r of\u00f6rgl\u00f6mliga br\u00f6llop. Klicka h\u00e4r","breadcrumb":{"@id":"https:\/\/cubaweddingpackages.com\/sv\/perfekta-platser-for-ditt-brollop-i-havanna-kuba\/#breadcrumb"},"inLanguage":"sv-SE","potentialAction":[{"@type":"ReadAction","target":["https:\/\/cubaweddingpackages.com\/sv\/perfekta-platser-for-ditt-brollop-i-havanna-kuba\/"]}]},{"@type":"ImageObject","inLanguage":"sv-SE","@id":"https:\/\/cubaweddingpackages.com\/sv\/perfekta-platser-for-ditt-brollop-i-havanna-kuba\/#primaryimage","url":"https:\/\/cubaweddingpackages.com\/wp-content\/uploads\/2023\/11\/Matrimonio-Boda-en-el-Hotel-Nacional-de-Cuba.jpg","contentUrl":"https:\/\/cubaweddingpackages.com\/wp-content\/uploads\/2023\/11\/Matrimonio-Boda-en-el-Hotel-Nacional-de-Cuba.jpg","width":1080,"height":1440,"caption":"perfekta st\u00e4llen f\u00f6r ditt br\u00f6llop"},{"@type":"BreadcrumbList","@id":"https:\/\/cubaweddingpackages.com\/sv\/perfekta-platser-for-ditt-brollop-i-havanna-kuba\/#breadcrumb","itemListElement":[{"@type":"ListItem","position":1,"name":"Home","item":"https:\/\/cubaweddingpackages.com\/sv\/"},{"@type":"ListItem","position":2,"name":"Perfekta platser f\u00f6r ditt br\u00f6llop i Havanna, Kuba"}]},{"@type":"WebSite","@id":"https:\/\/cubaweddingpackages.com\/sv\/#website","url":"https:\/\/cubaweddingpackages.com\/sv\/","name":"Wedding Packages in Cuba","description":"Best Wedding Packages","potentialAction":[{"@type":"SearchAction","target":{"@type":"EntryPoint","urlTemplate":"https:\/\/cubaweddingpackages.com\/sv\/?s={search_term_string}"},"query-input":{"@type":"PropertyValueSpecification","valueRequired":true,"valueName":"search_term_string"}}],"inLanguage":"sv-SE"}]}},"_links":{"self":[{"href":"https:\/\/cubaweddingpackages.com\/sv\/wp-json\/wp\/v2\/pages\/8608","targetHints":{"allow":["GET"]}}],"collection":[{"href":"https:\/\/cubaweddingpackages.com\/sv\/wp-json\/wp\/v2\/pages"}],"about":[{"href":"https:\/\/cubaweddingpackages.com\/sv\/wp-json\/wp\/v2\/types\/page"}],"author":[{"embeddable":true,"href":"https:\/\/cubaweddingpackages.com\/sv\/wp-json\/wp\/v2\/users\/5"}],"replies":[{"embeddable":true,"href":"https:\/\/cubaweddingpackages.com\/sv\/wp-json\/wp\/v2\/comments?post=8608"}],"version-history":[{"count":2,"href":"https:\/\/cubaweddingpackages.com\/sv\/wp-json\/wp\/v2\/pages\/8608\/revisions"}],"predecessor-version":[{"id":8624,"href":"https:\/\/cubaweddingpackages.com\/sv\/wp-json\/wp\/v2\/pages\/8608\/revisions\/8624"}],"wp:featuredmedia":[{"embeddable":true,"href":"https:\/\/cubaweddingpackages.com\/sv\/wp-json\/wp\/v2\/media\/5325"}],"wp:attachment":[{"href":"https:\/\/cubaweddingpackages.com\/sv\/wp-json\/wp\/v2\/media?parent=8608"}],"curies":[{"name":"wp","href":"https:\/\/api.w.org\/{rel}","templated":true}]}}